{"id":8840,"date":"2024-05-09T18:24:39","date_gmt":"2024-05-09T11:24:39","guid":{"rendered":"https:\/\/tanphulinhphukien.vn\/?post_type=product&#038;p=8840"},"modified":"2024-07-16T15:08:57","modified_gmt":"2024-07-16T08:08:57","slug":"man-hinh-14-pro-max-zin-may","status":"publish","type":"product","link":"https:\/\/tanphulinhphukien.vn\/?product=man-hinh-14-pro-max-zin-may","title":{"rendered":"M\u00c0N H\u00ccNH 14 PRO MAX ZIN M\u00c1Y"},"content":{"rendered":"","protected":false},"excerpt":{"rendered":"","protected":false},"featured_media":0,"comment_status":"closed","ping_status":"closed","template":"","meta":[],"product_brand":[],"product_cat":[56],"product_tag":[],"class_list":{"0":"post-8840","1":"product","2":"type-product","3":"status-publish","5":"product_cat-man-hinh-iphone","7":"first","8":"instock","9":"shipping-taxable","10":"purchasable","11":"product-type-simple"},"_links":{"self":[{"href":"https:\/\/tanphulinhphukien.vn\/index.php?rest_route=\/wp\/v2\/product\/8840","targetHints":{"allow":["GET"]}}],"collection":[{"href":"https:\/\/tanphulinhphukien.vn\/index.php?rest_route=\/wp\/v2\/product"}],"about":[{"href":"https:\/\/tanphulinhphukien.vn\/index.php?rest_route=\/wp\/v2\/types\/product"}],"replies":[{"embeddable":true,"href":"https:\/\/tanphulinhphukien.vn\/index.php?rest_route=%2Fwp%2Fv2%2Fcomments&post=8840"}],"wp:attachment":[{"href":"https:\/\/tanphulinhphukien.vn\/index.php?rest_route=%2Fwp%2Fv2%2Fmedia&parent=8840"}],"wp:term":[{"taxonomy":"product_brand","embeddable":true,"href":"https:\/\/tanphulinhphukien.vn\/index.php?rest_route=%2Fwp%2Fv2%2Fproduct_brand&post=8840"},{"taxonomy":"product_cat","embeddable":true,"href":"https:\/\/tanphulinhphukien.vn\/index.php?rest_route=%2Fwp%2Fv2%2Fproduct_cat&post=8840"},{"taxonomy":"product_tag","embeddable":true,"href":"https:\/\/tanphulinhphukien.vn\/index.php?rest_route=%2Fwp%2Fv2%2Fproduct_tag&post=8840"}],"curies":[{"name":"wp","href":"https:\/\/api.w.org\/{rel}","templated":true}]}}