{"id":8737,"date":"2024-01-18T13:43:28","date_gmt":"2024-01-18T06:43:28","guid":{"rendered":"https:\/\/tanphulinhphukien.vn\/?post_type=product&#038;p=8737"},"modified":"2024-01-18T15:15:29","modified_gmt":"2024-01-18T08:15:29","slug":"8737","status":"publish","type":"product","link":"https:\/\/tanphulinhphukien.vn\/?product=8737","title":{"rendered":"Apple Silicon Case Rep 1:1 15ProMax"},"content":{"rendered":"<div id=\":r1ev:\" class=\"x1n2onr6\">\n<div class=\"x1n2onr6\">\n<div class=\"x1d52u69 xktsk01 x1sy10c2 xieb3on\">\n<div class=\"xdj266r x11i5rnm xat24cr x1mh8g0r x1vvkbs x126k92a\">\u1ed0p l\u01b0ng Apple Silicon rep 1:1<span class=\"x3nfvp2 x1j61x8r x1fcty0u xdj266r xhhsvwb xat24cr xgzva0m xxymvpz xlup9mm x1kky2od\"><img loading=\"lazy\" decoding=\"async\" class=\"xz74otr\" src=\"https:\/\/static.xx.fbcdn.net\/images\/emoji.php\/v9\/tf4\/1\/16\/2728.png\" alt=\"\u2728\" width=\"16\" height=\"16\" \/><\/span><br \/>\niPhone 15 \u2022 15Plus \u2022 15Pro \u2022 15ProMax<br \/>\nC\u00f3 Magsafe<span class=\"x3nfvp2 x1j61x8r x1fcty0u xdj266r xhhsvwb xat24cr xgzva0m xxymvpz xlup9mm x1kky2od\"><img loading=\"lazy\" decoding=\"async\" class=\"xz74otr\" src=\"https:\/\/static.xx.fbcdn.net\/images\/emoji.php\/v9\/t39\/1\/16\/2b55.png\" alt=\"\u2b55\ufe0f\" width=\"16\" height=\"16\" \/><\/span>&amp; Kh\u00f4ng c\u00f3 Magsafe<\/div>\n<\/div>\n<div class=\"xqtp20y x1n2onr6 xh8yej3\">\n<div class=\"x1qjc9v5 x1q0q8m5 x1qhh985 xu3j5b3 xcfux6l x26u7qi xm0m39n x13fuv20 x972fbf x1ey2m1c x9f619 x78zum5 xds687c xdt5ytf x1iyjqo2 xs83m0k x1qughib xat24cr x11i5rnm x1mh8g0r xdj266r x2lwn1j xeuugli x18d9i69 x4uap5 xkhd6sd xexx8yu x10l6tqk x17qophe x13vifvy x1ja2u2z\">\n<div class=\"x1qjc9v5 x1q0q8m5 x1qhh985 xu3j5b3 xcfux6l x26u7qi xm0m39n x13fuv20 x972fbf x9f619 x78zum5 xdt5ytf x1iyjqo2 xs83m0k x1qughib xaxtfi1 xdj266r x2lwn1j xeuugli x18d9i69 x4uap5 xkhd6sd xexx8yu x1n2onr6 x1ja2u2z x1m4ilj0 x1dpdcq\">\n<div class=\"x9f619 x1n2onr6 x1ja2u2z x78zum5 x1r8uery x1iyjqo2 xs83m0k xeuugli x1qughib x1qjc9v5 xozqiw3 x1q0g3np xexx8yu\">\n<div class=\"x9f619 x1n2onr6 x1ja2u2z x78zum5 xdt5ytf x193iq5w xeuugli x1r8uery x1iyjqo2 xs83m0k xmbzmkx\">\n<div class=\"x1iyjqo2 x5yr21d x6ikm8r x10wlt62 x1n2onr6\">\n<div class=\"x6ikm8r x10wlt62\">\n<div class=\"x10l6tqk x13vifvy\"><img loading=\"lazy\" decoding=\"async\" class=\"alignnone size-medium wp-image-8738\" src=\"https:\/\/tanphulinhphukien.vn\/wp-content\/uploads\/2024\/01\/420165159_3652536844988234_5789088195638098966_n-300x225.jpeg\" alt=\"\" width=\"300\" height=\"225\" srcset=\"https:\/\/tanphulinhphukien.vn\/wp-content\/uploads\/2024\/01\/420165159_3652536844988234_5789088195638098966_n-300x225.jpeg 300w, https:\/\/tanphulinhphukien.vn\/wp-content\/uploads\/2024\/01\/420165159_3652536844988234_5789088195638098966_n-1024x767.jpeg 1024w, https:\/\/tanphulinhphukien.vn\/wp-content\/uploads\/2024\/01\/420165159_3652536844988234_5789088195638098966_n-768x575.jpeg 768w, https:\/\/tanphulinhphukien.vn\/wp-content\/uploads\/2024\/01\/420165159_3652536844988234_5789088195638098966_n-24x18.jpeg 24w, https:\/\/tanphulinhphukien.vn\/wp-content\/uploads\/2024\/01\/420165159_3652536844988234_5789088195638098966_n-36x27.jpeg 36w, https:\/\/tanphulinhphukien.vn\/wp-content\/uploads\/2024\/01\/420165159_3652536844988234_5789088195638098966_n-48x36.jpeg 48w, https:\/\/tanphulinhphukien.vn\/wp-content\/uploads\/2024\/01\/420165159_3652536844988234_5789088195638098966_n-600x450.jpeg 600w, https:\/\/tanphulinhphukien.vn\/wp-content\/uploads\/2024\/01\/420165159_3652536844988234_5789088195638098966_n.jpeg 1276w\" sizes=\"auto, (max-width: 300px) 100vw, 300px\" \/><\/div>\n<div><img loading=\"lazy\" decoding=\"async\" class=\"alignnone size-medium wp-image-8739\" src=\"https:\/\/tanphulinhphukien.vn\/wp-content\/uploads\/2024\/01\/420150731_3652536821654903_9196755569075781726_n-225x300.jpeg\" alt=\"\" width=\"225\" height=\"300\" srcset=\"https:\/\/tanphulinhphukien.vn\/wp-content\/uploads\/2024\/01\/420150731_3652536821654903_9196755569075781726_n-225x300.jpeg 225w, https:\/\/tanphulinhphukien.vn\/wp-content\/uploads\/2024\/01\/420150731_3652536821654903_9196755569075781726_n-767x1024.jpeg 767w, https:\/\/tanphulinhphukien.vn\/wp-content\/uploads\/2024\/01\/420150731_3652536821654903_9196755569075781726_n-768x1025.jpeg 768w, https:\/\/tanphulinhphukien.vn\/wp-content\/uploads\/2024\/01\/420150731_3652536821654903_9196755569075781726_n-18x24.jpeg 18w, https:\/\/tanphulinhphukien.vn\/wp-content\/uploads\/2024\/01\/420150731_3652536821654903_9196755569075781726_n-27x36.jpeg 27w, https:\/\/tanphulinhphukien.vn\/wp-content\/uploads\/2024\/01\/420150731_3652536821654903_9196755569075781726_n-36x48.jpeg 36w, https:\/\/tanphulinhphukien.vn\/wp-content\/uploads\/2024\/01\/420150731_3652536821654903_9196755569075781726_n-600x801.jpeg 600w, https:\/\/tanphulinhphukien.vn\/wp-content\/uploads\/2024\/01\/420150731_3652536821654903_9196755569075781726_n.jpeg 956w\" sizes=\"auto, (max-width: 225px) 100vw, 225px\" \/><\/div>\n<div><img loading=\"lazy\" decoding=\"async\" class=\"alignnone size-medium wp-image-8740\" src=\"https:\/\/tanphulinhphukien.vn\/wp-content\/uploads\/2024\/01\/420134127_3652536828321569_2020666904080237421_n-225x300.jpeg\" alt=\"\" width=\"225\" height=\"300\" srcset=\"https:\/\/tanphulinhphukien.vn\/wp-content\/uploads\/2024\/01\/420134127_3652536828321569_2020666904080237421_n-225x300.jpeg 225w, https:\/\/tanphulinhphukien.vn\/wp-content\/uploads\/2024\/01\/420134127_3652536828321569_2020666904080237421_n-767x1024.jpeg 767w, https:\/\/tanphulinhphukien.vn\/wp-content\/uploads\/2024\/01\/420134127_3652536828321569_2020666904080237421_n-768x1025.jpeg 768w, https:\/\/tanphulinhphukien.vn\/wp-content\/uploads\/2024\/01\/420134127_3652536828321569_2020666904080237421_n-18x24.jpeg 18w, https:\/\/tanphulinhphukien.vn\/wp-content\/uploads\/2024\/01\/420134127_3652536828321569_2020666904080237421_n-27x36.jpeg 27w, https:\/\/tanphulinhphukien.vn\/wp-content\/uploads\/2024\/01\/420134127_3652536828321569_2020666904080237421_n-36x48.jpeg 36w, https:\/\/tanphulinhphukien.vn\/wp-content\/uploads\/2024\/01\/420134127_3652536828321569_2020666904080237421_n-600x801.jpeg 600w, https:\/\/tanphulinhphukien.vn\/wp-content\/uploads\/2024\/01\/420134127_3652536828321569_2020666904080237421_n.jpeg 956w\" sizes=\"auto, (max-width: 225px) 100vw, 225px\" \/><\/div>\n<div><img loading=\"lazy\" decoding=\"async\" class=\"alignnone size-medium wp-image-8741\" src=\"https:\/\/tanphulinhphukien.vn\/wp-content\/uploads\/2024\/01\/apple_iphone_15_pro_silicon_ca_1697867512_479ae86c_progressive-225x300.jpeg\" alt=\"\" width=\"225\" height=\"300\" srcset=\"https:\/\/tanphulinhphukien.vn\/wp-content\/uploads\/2024\/01\/apple_iphone_15_pro_silicon_ca_1697867512_479ae86c_progressive-225x300.jpeg 225w, https:\/\/tanphulinhphukien.vn\/wp-content\/uploads\/2024\/01\/apple_iphone_15_pro_silicon_ca_1697867512_479ae86c_progressive-18x24.jpeg 18w, https:\/\/tanphulinhphukien.vn\/wp-content\/uploads\/2024\/01\/apple_iphone_15_pro_silicon_ca_1697867512_479ae86c_progressive-27x36.jpeg 27w, https:\/\/tanphulinhphukien.vn\/wp-content\/uploads\/2024\/01\/apple_iphone_15_pro_silicon_ca_1697867512_479ae86c_progressive-36x48.jpeg 36w, https:\/\/tanphulinhphukien.vn\/wp-content\/uploads\/2024\/01\/apple_iphone_15_pro_silicon_ca_1697867512_479ae86c_progressive-600x800.jpeg 600w, https:\/\/tanphulinhphukien.vn\/wp-content\/uploads\/2024\/01\/apple_iphone_15_pro_silicon_ca_1697867512_479ae86c_progressive.jpeg 756w\" sizes=\"auto, (max-width: 225px) 100vw, 225px\" \/><\/div>\n<div><img loading=\"lazy\" decoding=\"async\" class=\"alignnone size-medium wp-image-8742\" src=\"https:\/\/tanphulinhphukien.vn\/wp-content\/uploads\/2024\/01\/b43e7925759a473cac75e579ea20efb7_7b694b18f7dc4ce1847eed8dbc4daf9c-225x300.jpeg\" alt=\"\" width=\"225\" height=\"300\" srcset=\"https:\/\/tanphulinhphukien.vn\/wp-content\/uploads\/2024\/01\/b43e7925759a473cac75e579ea20efb7_7b694b18f7dc4ce1847eed8dbc4daf9c-225x300.jpeg 225w, https:\/\/tanphulinhphukien.vn\/wp-content\/uploads\/2024\/01\/b43e7925759a473cac75e579ea20efb7_7b694b18f7dc4ce1847eed8dbc4daf9c-768x1024.jpeg 768w, https:\/\/tanphulinhphukien.vn\/wp-content\/uploads\/2024\/01\/b43e7925759a473cac75e579ea20efb7_7b694b18f7dc4ce1847eed8dbc4daf9c-18x24.jpeg 18w, https:\/\/tanphulinhphukien.vn\/wp-content\/uploads\/2024\/01\/b43e7925759a473cac75e579ea20efb7_7b694b18f7dc4ce1847eed8dbc4daf9c-27x36.jpeg 27w, https:\/\/tanphulinhphukien.vn\/wp-content\/uploads\/2024\/01\/b43e7925759a473cac75e579ea20efb7_7b694b18f7dc4ce1847eed8dbc4daf9c-36x48.jpeg 36w, https:\/\/tanphulinhphukien.vn\/wp-content\/uploads\/2024\/01\/b43e7925759a473cac75e579ea20efb7_7b694b18f7dc4ce1847eed8dbc4daf9c-600x800.jpeg 600w, https:\/\/tanphulinhphukien.vn\/wp-content\/uploads\/2024\/01\/b43e7925759a473cac75e579ea20efb7_7b694b18f7dc4ce1847eed8dbc4daf9c.jpeg 1080w\" sizes=\"auto, (max-width: 225px) 100vw, 225px\" \/><\/div>\n<div><img loading=\"lazy\" decoding=\"async\" class=\"alignnone size-medium wp-image-8743\" src=\"https:\/\/tanphulinhphukien.vn\/wp-content\/uploads\/2024\/01\/F60Lp2kXgAA0Z3d-300x300.jpeg\" alt=\"\" width=\"300\" height=\"300\" srcset=\"https:\/\/tanphulinhphukien.vn\/wp-content\/uploads\/2024\/01\/F60Lp2kXgAA0Z3d-300x300.jpeg 300w, https:\/\/tanphulinhphukien.vn\/wp-content\/uploads\/2024\/01\/F60Lp2kXgAA0Z3d-1024x1024.jpeg 1024w, https:\/\/tanphulinhphukien.vn\/wp-content\/uploads\/2024\/01\/F60Lp2kXgAA0Z3d-150x150.jpeg 150w, https:\/\/tanphulinhphukien.vn\/wp-content\/uploads\/2024\/01\/F60Lp2kXgAA0Z3d-768x768.jpeg 768w, https:\/\/tanphulinhphukien.vn\/wp-content\/uploads\/2024\/01\/F60Lp2kXgAA0Z3d-1536x1536.jpeg 1536w, https:\/\/tanphulinhphukien.vn\/wp-content\/uploads\/2024\/01\/F60Lp2kXgAA0Z3d-24x24.jpeg 24w, https:\/\/tanphulinhphukien.vn\/wp-content\/uploads\/2024\/01\/F60Lp2kXgAA0Z3d-36x36.jpeg 36w, https:\/\/tanphulinhphukien.vn\/wp-content\/uploads\/2024\/01\/F60Lp2kXgAA0Z3d-48x48.jpeg 48w, https:\/\/tanphulinhphukien.vn\/wp-content\/uploads\/2024\/01\/F60Lp2kXgAA0Z3d-600x600.jpeg 600w, https:\/\/tanphulinhphukien.vn\/wp-content\/uploads\/2024\/01\/F60Lp2kXgAA0Z3d.jpeg 2048w\" sizes=\"auto, (max-width: 300px) 100vw, 300px\" \/><\/div>\n<div class=\"x1nb4dca x1q0q8m5 xso031l x1exxf4d x13fuv20 x178xt8z x1ey2m1c x9f619 xds687c x47corl x10l6tqk x17qophe x13vifvy\"><\/div>\n<\/div>\n<div class=\"x1o1ewxj x3x9cwd x1e5q0jg x13rtm0m x1ey2m1c xds687c xg01cxk x47corl x10l6tqk x17qophe x13vifvy x1ebt8du x19991ni x1dhq9h\" role=\"none\" data-visualcompletion=\"ignore\"><\/div>\n<\/div>\n<\/div>\n<div class=\"x9f619 x1n2onr6 x1ja2u2z x78zum5 xdt5ytf x193iq5w xeuugli x1r8uery x1iyjqo2 xs83m0k\">\n<div class=\"x1iyjqo2 x5yr21d x6ikm8r x10wlt62 x1n2onr6\">\n<div class=\"x6ikm8r x10wlt62\">\n<div class=\"x1nb4dca x1q0q8m5 xso031l x1exxf4d x13fuv20 x178xt8z x1ey2m1c x9f619 xds687c x47corl x10l6tqk x17qophe x13vifvy\"><\/div>\n<\/div>\n<div class=\"x1o1ewxj x3x9cwd x1e5q0jg x13rtm0m x1ey2m1c xds687c xg01cxk x47corl x10l6tqk x17qophe x13vifvy x1ebt8du x19991ni x1dhq9h xobhos8\" role=\"none\" data-visualcompletion=\"ignore\"><img loading=\"lazy\" decoding=\"async\" class=\"alignnone size-medium wp-image-8744\" src=\"https:\/\/tanphulinhphukien.vn\/wp-content\/uploads\/2024\/01\/hq720-300x169.jpeg\" alt=\"\" width=\"300\" height=\"169\" srcset=\"https:\/\/tanphulinhphukien.vn\/wp-content\/uploads\/2024\/01\/hq720-300x169.jpeg 300w, https:\/\/tanphulinhphukien.vn\/wp-content\/uploads\/2024\/01\/hq720-24x14.jpeg 24w, https:\/\/tanphulinhphukien.vn\/wp-content\/uploads\/2024\/01\/hq720-36x20.jpeg 36w, https:\/\/tanphulinhphukien.vn\/wp-content\/uploads\/2024\/01\/hq720-48x27.jpeg 48w, https:\/\/tanphulinhphukien.vn\/wp-content\/uploads\/2024\/01\/hq720-600x338.jpeg 600w, https:\/\/tanphulinhphukien.vn\/wp-content\/uploads\/2024\/01\/hq720.jpeg 686w\" sizes=\"auto, (max-width: 300px) 100vw, 300px\" \/><\/div>\n<\/div>\n<\/div>\n<\/div>\n<\/div>\n<\/div>\n<\/div>\n<\/div>\n<div class=\"x6ikm8r x10wlt62\"><\/div>\n<\/div>\n","protected":false},"excerpt":{"rendered":"<p>\u1ed0p l\u01b0ng Apple Silicon rep 1:1 iPhone 15 \u2022 15Plus \u2022 15Pro \u2022 15ProMax C\u00f3 Magsafe&amp; Kh\u00f4ng c\u00f3 Magsafe<\/p>\n","protected":false},"featured_media":8738,"comment_status":"closed","ping_status":"closed","template":"","meta":[],"product_brand":[],"product_cat":[50,19],"product_tag":[],"class_list":{"0":"post-8737","1":"product","2":"type-product","3":"status-publish","4":"has-post-thumbnail","6":"product_cat-op-lung-iphone","7":"product_cat-phu-kien","9":"first","10":"instock","11":"shipping-taxable","12":"purchasable","13":"product-type-simple"},"_links":{"self":[{"href":"https:\/\/tanphulinhphukien.vn\/index.php?rest_route=\/wp\/v2\/product\/8737","targetHints":{"allow":["GET"]}}],"collection":[{"href":"https:\/\/tanphulinhphukien.vn\/index.php?rest_route=\/wp\/v2\/product"}],"about":[{"href":"https:\/\/tanphulinhphukien.vn\/index.php?rest_route=\/wp\/v2\/types\/product"}],"replies":[{"embeddable":true,"href":"https:\/\/tanphulinhphukien.vn\/index.php?rest_route=%2Fwp%2Fv2%2Fcomments&post=8737"}],"wp:featuredmedia":[{"embeddable":true,"href":"https:\/\/tanphulinhphukien.vn\/index.php?rest_route=\/wp\/v2\/media\/8738"}],"wp:attachment":[{"href":"https:\/\/tanphulinhphukien.vn\/index.php?rest_route=%2Fwp%2Fv2%2Fmedia&parent=8737"}],"wp:term":[{"taxonomy":"product_brand","embeddable":true,"href":"https:\/\/tanphulinhphukien.vn\/index.php?rest_route=%2Fwp%2Fv2%2Fproduct_brand&post=8737"},{"taxonomy":"product_cat","embeddable":true,"href":"https:\/\/tanphulinhphukien.vn\/index.php?rest_route=%2Fwp%2Fv2%2Fproduct_cat&post=8737"},{"taxonomy":"product_tag","embeddable":true,"href":"https:\/\/tanphulinhphukien.vn\/index.php?rest_route=%2Fwp%2Fv2%2Fproduct_tag&post=8737"}],"curies":[{"name":"wp","href":"https:\/\/api.w.org\/{rel}","templated":true}]}}