{"id":8715,"date":"2024-01-15T16:24:25","date_gmt":"2024-01-15T09:24:25","guid":{"rendered":"https:\/\/tanphulinhphukien.vn\/?post_type=product&#038;p=8715"},"modified":"2024-01-15T16:26:41","modified_gmt":"2024-01-15T09:26:41","slug":"8715","status":"publish","type":"product","link":"https:\/\/tanphulinhphukien.vn\/?product=8715","title":{"rendered":"G\u00eda \u0111\u1ee1 Laptop \/ M\u00e1y t\u00ednh b\u1ea3ng  \ud835\udc0f\ud835\udc28\ud835\udc1c\ud835\udc24\ud835\udc1e\ud835\udc2d \ud835\udc12\ud835\udc26\ud835\udc1a\ud835\udc2b\ud835\udc2d \ud835\udc12\ud835\udc2d\ud835\udc1a\ud835\udc27\ud835\udc1d &#8211; ch\u00ednh h\u00e3ng COTEetCI"},"content":{"rendered":"<div class=\"xdj266r x11i5rnm xat24cr x1mh8g0r x1vvkbs x126k92a\">\n<div dir=\"auto\">G\u00eda \u0111\u1ee1 Laptop \/ M\u00e1y t\u00ednh b\u1ea3ng <span class=\"x3nfvp2 x1j61x8r x1fcty0u xdj266r xhhsvwb xat24cr xgzva0m xxymvpz xlup9mm x1kky2od\"><img loading=\"lazy\" decoding=\"async\" class=\"xz74otr\" src=\"https:\/\/static.xx.fbcdn.net\/images\/emoji.php\/v9\/t8c\/1\/16\/1f4bb.png\" alt=\"\ud83d\udcbb\" width=\"16\" height=\"16\" \/><\/span><\/div>\n<div dir=\"auto\">\ud835\udc0f\ud835\udc28\ud835\udc1c\ud835\udc24\ud835\udc1e\ud835\udc2d \ud835\udc12\ud835\udc26\ud835\udc1a\ud835\udc2b\ud835\udc2d \ud835\udc12\ud835\udc2d\ud835\udc1a\ud835\udc27\ud835\udc1d &#8211; ch\u00ednh h\u00e3ng <a class=\"x1i10hfl xjbqb8w x6umtig x1b1mbwd xaqea5y xav7gou x9f619 x1ypdohk xt0psk2 xe8uvvx xdj266r x11i5rnm xat24cr x1mh8g0r xexx8yu x4uap5 x18d9i69 xkhd6sd x16tdsg8 x1hl2dhg xggy1nq x1a2a7pz xt0b8zv x1fey0fg xo1l8bm\" tabindex=\"0\" role=\"link\" href=\"https:\/\/www.facebook.com\/hashtag\/coteetci?__eep__=6&amp;__cft__[0]=AZXKuA0M5Om3prpzz65cFZgLS8B1FrKaZgn7ZMzG7quy2LDuQ5CsrczMIBN4CItSaKzZ-m5VyiQSEzZYx40A35VRcCuLiKBa3_mR30wcalBcEDKgnRQ6EQjeu3mcmxDN5ss&amp;__tn__=*NK-R\">#COTEetCI<\/a><\/div>\n<\/div>\n<div class=\"x11i5rnm xat24cr x1mh8g0r x1vvkbs xtlvy1s x126k92a\">\n<div dir=\"auto\"><span class=\"x3nfvp2 x1j61x8r x1fcty0u xdj266r xhhsvwb xat24cr xgzva0m xxymvpz xlup9mm x1kky2od\"><img loading=\"lazy\" decoding=\"async\" class=\"xz74otr\" src=\"https:\/\/static.xx.fbcdn.net\/images\/emoji.php\/v9\/t6a\/1\/16\/1f530.png\" alt=\"\ud83d\udd30\" width=\"16\" height=\"16\" \/><\/span> Thi\u1ebft k\u1ebf nh\u1ecf g\u1ecdn , c\u01a1 ch\u1ebf s\u1eed d\u1ee5ng g\u1eadp g\u1ecdn g\u00e0ng c\u00f3 th\u1ec3 mang theo \u1edf b\u1ea5t c\u1ee9 \u0111\u00e2u (ch\u1ec9 n\u1eb7ng \ud835\udfee\ud835\udfec\ud835\udfec\ud835\uddf4\ud835\uddff\ud835\uddee\ud835\uddfa)<\/div>\n<div dir=\"auto\"><span class=\"x3nfvp2 x1j61x8r x1fcty0u xdj266r xhhsvwb xat24cr xgzva0m xxymvpz xlup9mm x1kky2od\"><img loading=\"lazy\" decoding=\"async\" class=\"xz74otr\" src=\"https:\/\/static.xx.fbcdn.net\/images\/emoji.php\/v9\/t6a\/1\/16\/1f530.png\" alt=\"\ud83d\udd30\" width=\"16\" height=\"16\" \/><\/span> Ch\u1ea5t li\u1ec7u \ud835\udde1\ud835\udddb\ud835\udde2\u0302\ud835\udde0 nguy\u00ean kh\u1ed1i \u0111\u01b0\u1ee3c c\u1eaft \ud835\uddd6\ud835\udde1\ud835\uddd6 tinh t\u1ebf v\u00e0 li\u1ec1n m\u1ea1ch<\/div>\n<\/div>\n<div class=\"x11i5rnm xat24cr x1mh8g0r x1vvkbs xtlvy1s x126k92a\">\n<div dir=\"auto\"><span class=\"x3nfvp2 x1j61x8r x1fcty0u xdj266r xhhsvwb xat24cr xgzva0m xxymvpz xlup9mm x1kky2od\"><img loading=\"lazy\" decoding=\"async\" class=\"xz74otr\" src=\"https:\/\/static.xx.fbcdn.net\/images\/emoji.php\/v9\/t51\/1\/16\/1f449.png\" alt=\"\ud83d\udc49\" width=\"16\" height=\"16\" \/><\/span> Ph\u00f9 h\u1ee3p cho c\u00e1c b\u1ea1n hay s\u1eed d\u1ee5ng M\u00e1y t\u00ednh b\u1ea3ng &amp; Laptop<\/div>\n<div dir=\"auto\">* \ud835\udc0b\ud835\udc1a\ud835\udc29\ud835\udc2d\ud835\udc28\ud835\udc29 \/ \ud835\udc0c\ud835\udc1a\ud835\udc1c\ud835\udc1b\ud835\udc28\ud835\udc28\ud835\udc24 : t\u1eeb \ud835\udfcf\ud835\udfce\u201d \u0111\u1ebfn \ud835\udfcf\ud835\udfd3\u201d<\/div>\n<div dir=\"auto\">* \ud835\udc0c\ud835\udc1a\u0301\ud835\udc32 \ud835\udc2d\ud835\udc22\u0301\ud835\udc27\ud835\udc21 \ud835\udc1b\ud835\udc1a\u0309\ud835\udc27\ud835\udc20 : t\u1eeb \ud835\udfd7\u201d \u0111\u1ebfn \ud835\udfcf\ud835\udfd3\u201d<\/div>\n<\/div>\n<div class=\"x11i5rnm xat24cr x1mh8g0r x1vvkbs xtlvy1s x126k92a\">\n<div dir=\"auto\"><span class=\"x3nfvp2 x1j61x8r x1fcty0u xdj266r xhhsvwb xat24cr xgzva0m xxymvpz xlup9mm x1kky2od\"><img loading=\"lazy\" decoding=\"async\" class=\"xz74otr\" src=\"https:\/\/static.xx.fbcdn.net\/images\/emoji.php\/v9\/tac\/1\/16\/1f4cc.png\" alt=\"\ud83d\udccc\" width=\"16\" height=\"16\" \/><\/span> Ch\u00e2n gi\u00e1 \u0111\u1ee1 c\u00f3 th\u1ec3 tu\u1ef3 ch\u1ec9nh \u0111\u01b0\u1ee3c nhi\u1ec1u g\u00f3c kh\u00e1c nhau \u0111\u1ec3 ngang t\u1ea7m nh\u00ecn gi\u00fap b\u1ea1n \u0111\u1ee1 m\u1ecfi c\u1ed5 khi s\u1eed d\u1ee5ng<\/div>\n<div dir=\"auto\"><span class=\"x3nfvp2 x1j61x8r x1fcty0u xdj266r xhhsvwb xat24cr xgzva0m xxymvpz xlup9mm x1kky2od\"><img loading=\"lazy\" decoding=\"async\" class=\"xz74otr\" src=\"https:\/\/static.xx.fbcdn.net\/images\/emoji.php\/v9\/tac\/1\/16\/1f4cc.png\" alt=\"\ud83d\udccc\" width=\"16\" height=\"16\" \/><\/span> H\u1ea1n ch\u1ebf t\u00ecnh tr\u1ea1ng n\u00f3ng laptop khi \u0111\u1eb7t m\u00e1y nghi\u00eang t\u1ea1o ra kho\u1ea3ng t\u1ea3n nhi\u1ec7t l\u00e0m m\u00e1t m\u00e1y b\u00ean d\u01b0\u1edbi<\/div>\n<\/div>\n<div class=\"x11i5rnm xat24cr x1mh8g0r x1vvkbs xtlvy1s x126k92a\">\n<div dir=\"auto\">&#8211; C\u00f3 \ud835\udfef \ud835\uddfa\ud835\uddee\u0300\ud835\ude02 : B\u1ea0C \u2022 X\u00c1M \u2022 H\u1ed2NG<\/div>\n<div dir=\"auto\">&#8211; T\u1eb7ng k\u00e8m t\u00fai nhung \u0111\u1ef1ng ti\u1ec7n l\u1ee3i<\/div>\n<\/div>\n<div dir=\"auto\"><img loading=\"lazy\" decoding=\"async\" class=\"alignnone size-medium wp-image-8716\" src=\"https:\/\/tanphulinhphukien.vn\/wp-content\/uploads\/2024\/01\/414981036_3643025505939368_7546857455817897439_n-300x300.jpeg\" alt=\"\" width=\"300\" height=\"300\" srcset=\"https:\/\/tanphulinhphukien.vn\/wp-content\/uploads\/2024\/01\/414981036_3643025505939368_7546857455817897439_n-300x300.jpeg 300w, https:\/\/tanphulinhphukien.vn\/wp-content\/uploads\/2024\/01\/414981036_3643025505939368_7546857455817897439_n-1024x1024.jpeg 1024w, https:\/\/tanphulinhphukien.vn\/wp-content\/uploads\/2024\/01\/414981036_3643025505939368_7546857455817897439_n-150x150.jpeg 150w, https:\/\/tanphulinhphukien.vn\/wp-content\/uploads\/2024\/01\/414981036_3643025505939368_7546857455817897439_n-768x768.jpeg 768w, https:\/\/tanphulinhphukien.vn\/wp-content\/uploads\/2024\/01\/414981036_3643025505939368_7546857455817897439_n-24x24.jpeg 24w, https:\/\/tanphulinhphukien.vn\/wp-content\/uploads\/2024\/01\/414981036_3643025505939368_7546857455817897439_n-36x36.jpeg 36w, https:\/\/tanphulinhphukien.vn\/wp-content\/uploads\/2024\/01\/414981036_3643025505939368_7546857455817897439_n-48x48.jpeg 48w, https:\/\/tanphulinhphukien.vn\/wp-content\/uploads\/2024\/01\/414981036_3643025505939368_7546857455817897439_n-600x600.jpeg 600w, https:\/\/tanphulinhphukien.vn\/wp-content\/uploads\/2024\/01\/414981036_3643025505939368_7546857455817897439_n.jpeg 1280w\" sizes=\"auto, (max-width: 300px) 100vw, 300px\" \/><\/div>\n<div dir=\"auto\"><img loading=\"lazy\" decoding=\"async\" class=\"alignnone size-medium wp-image-8717\" src=\"https:\/\/tanphulinhphukien.vn\/wp-content\/uploads\/2024\/01\/414985931_3643025512606034_6376989451142460499_n-300x300.jpeg\" alt=\"\" width=\"300\" height=\"300\" srcset=\"https:\/\/tanphulinhphukien.vn\/wp-content\/uploads\/2024\/01\/414985931_3643025512606034_6376989451142460499_n-300x300.jpeg 300w, https:\/\/tanphulinhphukien.vn\/wp-content\/uploads\/2024\/01\/414985931_3643025512606034_6376989451142460499_n-1024x1024.jpeg 1024w, https:\/\/tanphulinhphukien.vn\/wp-content\/uploads\/2024\/01\/414985931_3643025512606034_6376989451142460499_n-150x150.jpeg 150w, https:\/\/tanphulinhphukien.vn\/wp-content\/uploads\/2024\/01\/414985931_3643025512606034_6376989451142460499_n-768x768.jpeg 768w, https:\/\/tanphulinhphukien.vn\/wp-content\/uploads\/2024\/01\/414985931_3643025512606034_6376989451142460499_n-1536x1536.jpeg 1536w, https:\/\/tanphulinhphukien.vn\/wp-content\/uploads\/2024\/01\/414985931_3643025512606034_6376989451142460499_n-24x24.jpeg 24w, https:\/\/tanphulinhphukien.vn\/wp-content\/uploads\/2024\/01\/414985931_3643025512606034_6376989451142460499_n-36x36.jpeg 36w, https:\/\/tanphulinhphukien.vn\/wp-content\/uploads\/2024\/01\/414985931_3643025512606034_6376989451142460499_n-48x48.jpeg 48w, https:\/\/tanphulinhphukien.vn\/wp-content\/uploads\/2024\/01\/414985931_3643025512606034_6376989451142460499_n-600x600.jpeg 600w, https:\/\/tanphulinhphukien.vn\/wp-content\/uploads\/2024\/01\/414985931_3643025512606034_6376989451142460499_n.jpeg 2048w\" sizes=\"auto, (max-width: 300px) 100vw, 300px\" \/><\/div>\n<div dir=\"auto\"><img loading=\"lazy\" decoding=\"async\" class=\"alignnone size-medium wp-image-8718\" src=\"https:\/\/tanphulinhphukien.vn\/wp-content\/uploads\/2024\/01\/415008837_3643025439272708_7259295330633996400_n-300x300.jpeg\" alt=\"\" width=\"300\" height=\"300\" srcset=\"https:\/\/tanphulinhphukien.vn\/wp-content\/uploads\/2024\/01\/415008837_3643025439272708_7259295330633996400_n-300x300.jpeg 300w, https:\/\/tanphulinhphukien.vn\/wp-content\/uploads\/2024\/01\/415008837_3643025439272708_7259295330633996400_n-1024x1024.jpeg 1024w, https:\/\/tanphulinhphukien.vn\/wp-content\/uploads\/2024\/01\/415008837_3643025439272708_7259295330633996400_n-150x150.jpeg 150w, https:\/\/tanphulinhphukien.vn\/wp-content\/uploads\/2024\/01\/415008837_3643025439272708_7259295330633996400_n-768x768.jpeg 768w, https:\/\/tanphulinhphukien.vn\/wp-content\/uploads\/2024\/01\/415008837_3643025439272708_7259295330633996400_n-24x24.jpeg 24w, https:\/\/tanphulinhphukien.vn\/wp-content\/uploads\/2024\/01\/415008837_3643025439272708_7259295330633996400_n-36x36.jpeg 36w, https:\/\/tanphulinhphukien.vn\/wp-content\/uploads\/2024\/01\/415008837_3643025439272708_7259295330633996400_n-48x48.jpeg 48w, https:\/\/tanphulinhphukien.vn\/wp-content\/uploads\/2024\/01\/415008837_3643025439272708_7259295330633996400_n-600x600.jpeg 600w, https:\/\/tanphulinhphukien.vn\/wp-content\/uploads\/2024\/01\/415008837_3643025439272708_7259295330633996400_n.jpeg 1280w\" sizes=\"auto, (max-width: 300px) 100vw, 300px\" \/><\/div>\n<div dir=\"auto\"><img loading=\"lazy\" decoding=\"async\" class=\"alignnone size-medium wp-image-8719\" src=\"https:\/\/tanphulinhphukien.vn\/wp-content\/uploads\/2024\/01\/416522074_3643025445939374_7459987976304997707_n-300x300.jpeg\" alt=\"\" width=\"300\" height=\"300\" srcset=\"https:\/\/tanphulinhphukien.vn\/wp-content\/uploads\/2024\/01\/416522074_3643025445939374_7459987976304997707_n-300x300.jpeg 300w, https:\/\/tanphulinhphukien.vn\/wp-content\/uploads\/2024\/01\/416522074_3643025445939374_7459987976304997707_n-1024x1024.jpeg 1024w, https:\/\/tanphulinhphukien.vn\/wp-content\/uploads\/2024\/01\/416522074_3643025445939374_7459987976304997707_n-150x150.jpeg 150w, https:\/\/tanphulinhphukien.vn\/wp-content\/uploads\/2024\/01\/416522074_3643025445939374_7459987976304997707_n-768x768.jpeg 768w, https:\/\/tanphulinhphukien.vn\/wp-content\/uploads\/2024\/01\/416522074_3643025445939374_7459987976304997707_n-1536x1536.jpeg 1536w, https:\/\/tanphulinhphukien.vn\/wp-content\/uploads\/2024\/01\/416522074_3643025445939374_7459987976304997707_n-24x24.jpeg 24w, https:\/\/tanphulinhphukien.vn\/wp-content\/uploads\/2024\/01\/416522074_3643025445939374_7459987976304997707_n-36x36.jpeg 36w, https:\/\/tanphulinhphukien.vn\/wp-content\/uploads\/2024\/01\/416522074_3643025445939374_7459987976304997707_n-48x48.jpeg 48w, https:\/\/tanphulinhphukien.vn\/wp-content\/uploads\/2024\/01\/416522074_3643025445939374_7459987976304997707_n-600x600.jpeg 600w, https:\/\/tanphulinhphukien.vn\/wp-content\/uploads\/2024\/01\/416522074_3643025445939374_7459987976304997707_n.jpeg 2048w\" sizes=\"auto, (max-width: 300px) 100vw, 300px\" \/><\/div>\n","protected":false},"excerpt":{"rendered":"<p>G\u00eda \u0111\u1ee1 Laptop \/ M\u00e1y t\u00ednh b\u1ea3ng \ud835\udc0f\ud835\udc28\ud835\udc1c\ud835\udc24\ud835\udc1e\ud835\udc2d \ud835\udc12\ud835\udc26\ud835\udc1a\ud835\udc2b\ud835\udc2d \ud835\udc12\ud835\udc2d\ud835\udc1a\ud835\udc27\ud835\udc1d &#8211; ch\u00ednh h\u00e3ng #COTEetCI Thi\u1ebft k\u1ebf nh\u1ecf g\u1ecdn , c\u01a1 ch\u1ebf s\u1eed d\u1ee5ng g\u1eadp g\u1ecdn g\u00e0ng c\u00f3 th\u1ec3 mang theo \u1edf b\u1ea5t c\u1ee9 \u0111\u00e2u (ch\u1ec9 n\u1eb7ng \ud835\udfee\ud835\udfec\ud835\udfec\ud835\uddf4\ud835\uddff\ud835\uddee\ud835\uddfa) Ch\u1ea5t li\u1ec7u \ud835\udde1\ud835\udddb\ud835\udde2\u0302\ud835\udde0 nguy\u00ean kh\u1ed1i \u0111\u01b0\u1ee3c c\u1eaft \ud835\uddd6\ud835\udde1\ud835\uddd6 tinh t\u1ebf v\u00e0 li\u1ec1n m\u1ea1ch Ph\u00f9 h\u1ee3p cho c\u00e1c b\u1ea1n &#8230; <a title=\"G\u00eda \u0111\u1ee1 Laptop \/ M\u00e1y t\u00ednh b\u1ea3ng  \ud835\udc0f\ud835\udc28\ud835\udc1c\ud835\udc24\ud835\udc1e\ud835\udc2d \ud835\udc12\ud835\udc26\ud835\udc1a\ud835\udc2b\ud835\udc2d \ud835\udc12\ud835\udc2d\ud835\udc1a\ud835\udc27\ud835\udc1d &#8211; ch\u00ednh h\u00e3ng COTEetCI\" class=\"read-more\" href=\"https:\/\/tanphulinhphukien.vn\/?product=8715\" aria-label=\"More on G\u00eda \u0111\u1ee1 Laptop \/ M\u00e1y t\u00ednh b\u1ea3ng  \ud835\udc0f\ud835\udc28\ud835\udc1c\ud835\udc24\ud835\udc1e\ud835\udc2d \ud835\udc12\ud835\udc26\ud835\udc1a\ud835\udc2b\ud835\udc2d \ud835\udc12\ud835\udc2d\ud835\udc1a\ud835\udc27\ud835\udc1d &#8211; ch\u00ednh h\u00e3ng COTEetCI\">\u0110\u1ecdc ti\u1ebfp<\/a><\/p>\n","protected":false},"featured_media":8719,"comment_status":"closed","ping_status":"closed","template":"","meta":[],"product_brand":[],"product_cat":[19,538],"product_tag":[],"class_list":{"0":"post-8715","1":"product","2":"type-product","3":"status-publish","4":"has-post-thumbnail","6":"product_cat-phu-kien","7":"product_cat-phu-kien-macbook","9":"first","10":"instock","11":"shipping-taxable","12":"purchasable","13":"product-type-simple"},"_links":{"self":[{"href":"https:\/\/tanphulinhphukien.vn\/index.php?rest_route=\/wp\/v2\/product\/8715","targetHints":{"allow":["GET"]}}],"collection":[{"href":"https:\/\/tanphulinhphukien.vn\/index.php?rest_route=\/wp\/v2\/product"}],"about":[{"href":"https:\/\/tanphulinhphukien.vn\/index.php?rest_route=\/wp\/v2\/types\/product"}],"replies":[{"embeddable":true,"href":"https:\/\/tanphulinhphukien.vn\/index.php?rest_route=%2Fwp%2Fv2%2Fcomments&post=8715"}],"wp:featuredmedia":[{"embeddable":true,"href":"https:\/\/tanphulinhphukien.vn\/index.php?rest_route=\/wp\/v2\/media\/8719"}],"wp:attachment":[{"href":"https:\/\/tanphulinhphukien.vn\/index.php?rest_route=%2Fwp%2Fv2%2Fmedia&parent=8715"}],"wp:term":[{"taxonomy":"product_brand","embeddable":true,"href":"https:\/\/tanphulinhphukien.vn\/index.php?rest_route=%2Fwp%2Fv2%2Fproduct_brand&post=8715"},{"taxonomy":"product_cat","embeddable":true,"href":"https:\/\/tanphulinhphukien.vn\/index.php?rest_route=%2Fwp%2Fv2%2Fproduct_cat&post=8715"},{"taxonomy":"product_tag","embeddable":true,"href":"https:\/\/tanphulinhphukien.vn\/index.php?rest_route=%2Fwp%2Fv2%2Fproduct_tag&post=8715"}],"curies":[{"name":"wp","href":"https:\/\/api.w.org\/{rel}","templated":true}]}}