{"id":8657,"date":"2024-01-13T12:00:03","date_gmt":"2024-01-13T05:00:03","guid":{"rendered":"https:\/\/tanphulinhphukien.vn\/?post_type=product&#038;p=8657"},"modified":"2024-01-13T12:00:03","modified_gmt":"2024-01-13T05:00:03","slug":"feiyu-vimble-3-gimbal-chong-rung","status":"publish","type":"product","link":"https:\/\/tanphulinhphukien.vn\/?product=feiyu-vimble-3-gimbal-chong-rung","title":{"rendered":"Feiyu Vimble 3 Gimbal ch\u1ed1ng rung"},"content":{"rendered":"<div class=\"xdj266r x11i5rnm xat24cr x1mh8g0r x1vvkbs x126k92a\">\n<div dir=\"auto\">Gimbal ch\u1ed1ng rung \u0111\u1ebfn t\u1eeb h\u00e3ng Feiyu Vimble 3 &#8211; tay c\u1ea7m mobile th\u1ebf h\u1ec7 m\u1edbi ch\u1ed3ng rung 3 tr\u1ee5c <span class=\"x3nfvp2 x1j61x8r x1fcty0u xdj266r xhhsvwb xat24cr xgzva0m xxymvpz xlup9mm x1kky2od\"><img loading=\"lazy\" decoding=\"async\" class=\"xz74otr\" src=\"https:\/\/static.xx.fbcdn.net\/images\/emoji.php\/v9\/tde\/1\/16\/1f4f8.png\" alt=\"\ud83d\udcf8\" width=\"16\" height=\"16\" \/><\/span><\/div>\n<\/div>\n<div class=\"x11i5rnm xat24cr x1mh8g0r x1vvkbs xtlvy1s x126k92a\">\n<div dir=\"auto\">Th\u00f4ng s\u1ed1 k\u1ef9 thu\u1eadt:<\/div>\n<div dir=\"auto\">&#8211; Gimbal ch\u1ed1ng rung 3 tr\u1ee5c<\/div>\n<div dir=\"auto\">&#8211; T\u1ea3i tr\u1ecdng: 256gr (c\u00e2n \u0111\u01b0\u1ee3c t\u1ea5t c\u1ea3 c\u00e1c d\u00f2ng \u0110T)<\/div>\n<div dir=\"auto\">&#8211; Th\u1eddi gian s\u1eed d\u1ee5ng: 8 &#8211; 10 ti\u1ebfng<\/div>\n<div dir=\"auto\">&#8211; App s\u1eed d\u1ee5ng: Feiyu On (\u0111\u1ea7y \u0111\u1ee7 c\u00e1c t\u00ednh n\u0103ng nh\u01b0: AI Tracking, Dolly Zoom, Time Lapse,&#8230;)<\/div>\n<div dir=\"auto\">&#8211; Ngo\u00e0i ra c\u00f3 c\u00e1c n\u00fat Trigger v\u00e0 Joysick \u0111\u01b0\u1ee3c t\u00edch h\u1ee3p ngay tr\u00ean gimbal \u0111\u1ec3 c\u00e1c b\u1ea1n c\u00f3 th\u1ec3 thu\u1eadn ti\u00ean thay \u0111\u1ed5i c\u00e1c ch\u1ebf \u0111\u1ed9 mode, zoom in \/ zoom out&#8230;<\/div>\n<\/div>\n<div dir=\"auto\">\u00a0<img loading=\"lazy\" decoding=\"async\" class=\"alignnone size-medium wp-image-8658\" src=\"https:\/\/tanphulinhphukien.vn\/wp-content\/uploads\/2024\/01\/418457040_3649263548648897_7953493209532534242_n-300x197.jpeg\" alt=\"\" width=\"300\" height=\"197\" srcset=\"https:\/\/tanphulinhphukien.vn\/wp-content\/uploads\/2024\/01\/418457040_3649263548648897_7953493209532534242_n-300x197.jpeg 300w, https:\/\/tanphulinhphukien.vn\/wp-content\/uploads\/2024\/01\/418457040_3649263548648897_7953493209532534242_n-768x505.jpeg 768w, https:\/\/tanphulinhphukien.vn\/wp-content\/uploads\/2024\/01\/418457040_3649263548648897_7953493209532534242_n-24x16.jpeg 24w, https:\/\/tanphulinhphukien.vn\/wp-content\/uploads\/2024\/01\/418457040_3649263548648897_7953493209532534242_n-36x24.jpeg 36w, https:\/\/tanphulinhphukien.vn\/wp-content\/uploads\/2024\/01\/418457040_3649263548648897_7953493209532534242_n-48x32.jpeg 48w, https:\/\/tanphulinhphukien.vn\/wp-content\/uploads\/2024\/01\/418457040_3649263548648897_7953493209532534242_n-600x395.jpeg 600w, https:\/\/tanphulinhphukien.vn\/wp-content\/uploads\/2024\/01\/418457040_3649263548648897_7953493209532534242_n.jpeg 1015w\" sizes=\"auto, (max-width: 300px) 100vw, 300px\" \/><\/div>\n<div dir=\"auto\"><img loading=\"lazy\" decoding=\"async\" class=\"alignnone size-medium wp-image-8659\" src=\"https:\/\/tanphulinhphukien.vn\/wp-content\/uploads\/2024\/01\/418457246_3649263535315565_7667844646384049967_n-300x206.jpeg\" alt=\"\" width=\"300\" height=\"206\" srcset=\"https:\/\/tanphulinhphukien.vn\/wp-content\/uploads\/2024\/01\/418457246_3649263535315565_7667844646384049967_n-300x206.jpeg 300w, https:\/\/tanphulinhphukien.vn\/wp-content\/uploads\/2024\/01\/418457246_3649263535315565_7667844646384049967_n-1024x704.jpeg 1024w, https:\/\/tanphulinhphukien.vn\/wp-content\/uploads\/2024\/01\/418457246_3649263535315565_7667844646384049967_n-768x528.jpeg 768w, https:\/\/tanphulinhphukien.vn\/wp-content\/uploads\/2024\/01\/418457246_3649263535315565_7667844646384049967_n-24x17.jpeg 24w, https:\/\/tanphulinhphukien.vn\/wp-content\/uploads\/2024\/01\/418457246_3649263535315565_7667844646384049967_n-36x25.jpeg 36w, https:\/\/tanphulinhphukien.vn\/wp-content\/uploads\/2024\/01\/418457246_3649263535315565_7667844646384049967_n-48x33.jpeg 48w, https:\/\/tanphulinhphukien.vn\/wp-content\/uploads\/2024\/01\/418457246_3649263535315565_7667844646384049967_n-600x413.jpeg 600w, https:\/\/tanphulinhphukien.vn\/wp-content\/uploads\/2024\/01\/418457246_3649263535315565_7667844646384049967_n.jpeg 1280w\" sizes=\"auto, (max-width: 300px) 100vw, 300px\" \/><\/div>\n<div dir=\"auto\">\u00a0<img loading=\"lazy\" decoding=\"async\" class=\"alignnone size-medium wp-image-8661\" src=\"https:\/\/tanphulinhphukien.vn\/wp-content\/uploads\/2024\/01\/418474271_3649263471982238_7345989970026229445_n-300x160.jpeg\" alt=\"\" width=\"300\" height=\"160\" srcset=\"https:\/\/tanphulinhphukien.vn\/wp-content\/uploads\/2024\/01\/418474271_3649263471982238_7345989970026229445_n-300x160.jpeg 300w, https:\/\/tanphulinhphukien.vn\/wp-content\/uploads\/2024\/01\/418474271_3649263471982238_7345989970026229445_n-768x410.jpeg 768w, https:\/\/tanphulinhphukien.vn\/wp-content\/uploads\/2024\/01\/418474271_3649263471982238_7345989970026229445_n-24x13.jpeg 24w, https:\/\/tanphulinhphukien.vn\/wp-content\/uploads\/2024\/01\/418474271_3649263471982238_7345989970026229445_n-36x19.jpeg 36w, https:\/\/tanphulinhphukien.vn\/wp-content\/uploads\/2024\/01\/418474271_3649263471982238_7345989970026229445_n-48x26.jpeg 48w, https:\/\/tanphulinhphukien.vn\/wp-content\/uploads\/2024\/01\/418474271_3649263471982238_7345989970026229445_n-600x320.jpeg 600w, https:\/\/tanphulinhphukien.vn\/wp-content\/uploads\/2024\/01\/418474271_3649263471982238_7345989970026229445_n.jpeg 1024w\" sizes=\"auto, (max-width: 300px) 100vw, 300px\" \/><\/div>\n<div dir=\"auto\"><img loading=\"lazy\" decoding=\"async\" class=\"alignnone size-medium wp-image-8662\" src=\"https:\/\/tanphulinhphukien.vn\/wp-content\/uploads\/2024\/01\/418535868_3649262941982291_8250397073582532886_n-1-300x200.jpeg\" alt=\"\" width=\"300\" height=\"200\" srcset=\"https:\/\/tanphulinhphukien.vn\/wp-content\/uploads\/2024\/01\/418535868_3649262941982291_8250397073582532886_n-1-300x200.jpeg 300w, https:\/\/tanphulinhphukien.vn\/wp-content\/uploads\/2024\/01\/418535868_3649262941982291_8250397073582532886_n-1-24x16.jpeg 24w, https:\/\/tanphulinhphukien.vn\/wp-content\/uploads\/2024\/01\/418535868_3649262941982291_8250397073582532886_n-1-36x24.jpeg 36w, https:\/\/tanphulinhphukien.vn\/wp-content\/uploads\/2024\/01\/418535868_3649262941982291_8250397073582532886_n-1-48x32.jpeg 48w, https:\/\/tanphulinhphukien.vn\/wp-content\/uploads\/2024\/01\/418535868_3649262941982291_8250397073582532886_n-1-600x400.jpeg 600w, https:\/\/tanphulinhphukien.vn\/wp-content\/uploads\/2024\/01\/418535868_3649262941982291_8250397073582532886_n-1.jpeg 750w\" sizes=\"auto, (max-width: 300px) 100vw, 300px\" \/><\/div>\n<div dir=\"auto\"><img loading=\"lazy\" decoding=\"async\" class=\"alignnone size-medium wp-image-8663\" src=\"https:\/\/tanphulinhphukien.vn\/wp-content\/uploads\/2024\/01\/418536194_3649262998648952_4931841734037401603_n-300x249.jpeg\" alt=\"\" width=\"300\" height=\"249\" srcset=\"https:\/\/tanphulinhphukien.vn\/wp-content\/uploads\/2024\/01\/418536194_3649262998648952_4931841734037401603_n-300x249.jpeg 300w, https:\/\/tanphulinhphukien.vn\/wp-content\/uploads\/2024\/01\/418536194_3649262998648952_4931841734037401603_n-768x638.jpeg 768w, https:\/\/tanphulinhphukien.vn\/wp-content\/uploads\/2024\/01\/418536194_3649262998648952_4931841734037401603_n-24x20.jpeg 24w, https:\/\/tanphulinhphukien.vn\/wp-content\/uploads\/2024\/01\/418536194_3649262998648952_4931841734037401603_n-36x30.jpeg 36w, https:\/\/tanphulinhphukien.vn\/wp-content\/uploads\/2024\/01\/418536194_3649262998648952_4931841734037401603_n-48x40.jpeg 48w, https:\/\/tanphulinhphukien.vn\/wp-content\/uploads\/2024\/01\/418536194_3649262998648952_4931841734037401603_n-600x498.jpeg 600w, https:\/\/tanphulinhphukien.vn\/wp-content\/uploads\/2024\/01\/418536194_3649262998648952_4931841734037401603_n.jpeg 833w\" sizes=\"auto, (max-width: 300px) 100vw, 300px\" \/><\/div>\n<div dir=\"auto\"><\/div>\n<div dir=\"auto\"><img loading=\"lazy\" decoding=\"async\" class=\"alignnone size-medium wp-image-8664\" src=\"https:\/\/tanphulinhphukien.vn\/wp-content\/uploads\/2024\/01\/418539652_3649263051982280_5403940105696720010_n-300x229.jpeg\" alt=\"\" width=\"300\" height=\"229\" srcset=\"https:\/\/tanphulinhphukien.vn\/wp-content\/uploads\/2024\/01\/418539652_3649263051982280_5403940105696720010_n-300x229.jpeg 300w, https:\/\/tanphulinhphukien.vn\/wp-content\/uploads\/2024\/01\/418539652_3649263051982280_5403940105696720010_n-768x585.jpeg 768w, https:\/\/tanphulinhphukien.vn\/wp-content\/uploads\/2024\/01\/418539652_3649263051982280_5403940105696720010_n-24x18.jpeg 24w, https:\/\/tanphulinhphukien.vn\/wp-content\/uploads\/2024\/01\/418539652_3649263051982280_5403940105696720010_n-36x27.jpeg 36w, https:\/\/tanphulinhphukien.vn\/wp-content\/uploads\/2024\/01\/418539652_3649263051982280_5403940105696720010_n-48x37.jpeg 48w, https:\/\/tanphulinhphukien.vn\/wp-content\/uploads\/2024\/01\/418539652_3649263051982280_5403940105696720010_n-600x457.jpeg 600w, https:\/\/tanphulinhphukien.vn\/wp-content\/uploads\/2024\/01\/418539652_3649263051982280_5403940105696720010_n.jpeg 892w\" sizes=\"auto, (max-width: 300px) 100vw, 300px\" \/><\/div>\n<div dir=\"auto\"><img loading=\"lazy\" decoding=\"async\" class=\"alignnone size-medium wp-image-8665\" src=\"https:\/\/tanphulinhphukien.vn\/wp-content\/uploads\/2024\/01\/419123540_3649263108648941_5799055187032684108_n-267x300.jpeg\" alt=\"\" width=\"267\" height=\"300\" srcset=\"https:\/\/tanphulinhphukien.vn\/wp-content\/uploads\/2024\/01\/419123540_3649263108648941_5799055187032684108_n-267x300.jpeg 267w, https:\/\/tanphulinhphukien.vn\/wp-content\/uploads\/2024\/01\/419123540_3649263108648941_5799055187032684108_n-21x24.jpeg 21w, https:\/\/tanphulinhphukien.vn\/wp-content\/uploads\/2024\/01\/419123540_3649263108648941_5799055187032684108_n-32x36.jpeg 32w, https:\/\/tanphulinhphukien.vn\/wp-content\/uploads\/2024\/01\/419123540_3649263108648941_5799055187032684108_n-43x48.jpeg 43w, https:\/\/tanphulinhphukien.vn\/wp-content\/uploads\/2024\/01\/419123540_3649263108648941_5799055187032684108_n-600x674.jpeg 600w, https:\/\/tanphulinhphukien.vn\/wp-content\/uploads\/2024\/01\/419123540_3649263108648941_5799055187032684108_n.jpeg 684w\" sizes=\"auto, (max-width: 267px) 100vw, 267px\" \/><\/div>\n<div dir=\"auto\"><img loading=\"lazy\" decoding=\"async\" class=\"alignnone size-medium wp-image-8666\" src=\"https:\/\/tanphulinhphukien.vn\/wp-content\/uploads\/2024\/01\/419147245_3649263191982266_1268615343501120636_n-300x177.jpeg\" alt=\"\" width=\"300\" height=\"177\" srcset=\"https:\/\/tanphulinhphukien.vn\/wp-content\/uploads\/2024\/01\/419147245_3649263191982266_1268615343501120636_n-300x177.jpeg 300w, https:\/\/tanphulinhphukien.vn\/wp-content\/uploads\/2024\/01\/419147245_3649263191982266_1268615343501120636_n-24x14.jpeg 24w, https:\/\/tanphulinhphukien.vn\/wp-content\/uploads\/2024\/01\/419147245_3649263191982266_1268615343501120636_n-36x21.jpeg 36w, https:\/\/tanphulinhphukien.vn\/wp-content\/uploads\/2024\/01\/419147245_3649263191982266_1268615343501120636_n-48x28.jpeg 48w, https:\/\/tanphulinhphukien.vn\/wp-content\/uploads\/2024\/01\/419147245_3649263191982266_1268615343501120636_n-600x353.jpeg 600w, https:\/\/tanphulinhphukien.vn\/wp-content\/uploads\/2024\/01\/419147245_3649263191982266_1268615343501120636_n.jpeg 749w\" sizes=\"auto, (max-width: 300px) 100vw, 300px\" \/><\/div>\n<div dir=\"auto\"><img loading=\"lazy\" decoding=\"async\" class=\"alignnone size-medium wp-image-8667\" src=\"https:\/\/tanphulinhphukien.vn\/wp-content\/uploads\/2024\/01\/419709415_3649263508648901_8381252682125584279_n-300x204.jpeg\" alt=\"\" width=\"300\" height=\"204\" srcset=\"https:\/\/tanphulinhphukien.vn\/wp-content\/uploads\/2024\/01\/419709415_3649263508648901_8381252682125584279_n-300x204.jpeg 300w, https:\/\/tanphulinhphukien.vn\/wp-content\/uploads\/2024\/01\/419709415_3649263508648901_8381252682125584279_n-768x522.jpeg 768w, https:\/\/tanphulinhphukien.vn\/wp-content\/uploads\/2024\/01\/419709415_3649263508648901_8381252682125584279_n-24x16.jpeg 24w, https:\/\/tanphulinhphukien.vn\/wp-content\/uploads\/2024\/01\/419709415_3649263508648901_8381252682125584279_n-36x24.jpeg 36w, https:\/\/tanphulinhphukien.vn\/wp-content\/uploads\/2024\/01\/419709415_3649263508648901_8381252682125584279_n-48x33.jpeg 48w, https:\/\/tanphulinhphukien.vn\/wp-content\/uploads\/2024\/01\/419709415_3649263508648901_8381252682125584279_n-600x408.jpeg 600w, https:\/\/tanphulinhphukien.vn\/wp-content\/uploads\/2024\/01\/419709415_3649263508648901_8381252682125584279_n.jpeg 1021w\" sizes=\"auto, (max-width: 300px) 100vw, 300px\" \/><\/div>\n","protected":false},"excerpt":{"rendered":"<p>Gimbal ch\u1ed1ng rung \u0111\u1ebfn t\u1eeb h\u00e3ng Feiyu Vimble 3 &#8211; tay c\u1ea7m mobile th\u1ebf h\u1ec7 m\u1edbi ch\u1ed3ng rung 3 tr\u1ee5c Th\u00f4ng s\u1ed1 k\u1ef9 thu\u1eadt: &#8211; Gimbal ch\u1ed1ng rung 3 tr\u1ee5c &#8211; T\u1ea3i tr\u1ecdng: 256gr (c\u00e2n \u0111\u01b0\u1ee3c t\u1ea5t c\u1ea3 c\u00e1c d\u00f2ng \u0110T) &#8211; Th\u1eddi gian s\u1eed d\u1ee5ng: 8 &#8211; 10 ti\u1ebfng &#8211; App s\u1eed d\u1ee5ng: Feiyu &#8230; <a title=\"Feiyu Vimble 3 Gimbal ch\u1ed1ng rung\" class=\"read-more\" href=\"https:\/\/tanphulinhphukien.vn\/?product=feiyu-vimble-3-gimbal-chong-rung\" aria-label=\"More on Feiyu Vimble 3 Gimbal ch\u1ed1ng rung\">\u0110\u1ecdc ti\u1ebfp<\/a><\/p>\n","protected":false},"featured_media":8662,"comment_status":"closed","ping_status":"closed","template":"","meta":[],"product_brand":[],"product_cat":[557,19],"product_tag":[],"class_list":{"0":"post-8657","1":"product","2":"type-product","3":"status-publish","4":"has-post-thumbnail","6":"product_cat-gay-chup-hinh","7":"product_cat-phu-kien","9":"first","10":"instock","11":"shipping-taxable","12":"purchasable","13":"product-type-simple"},"_links":{"self":[{"href":"https:\/\/tanphulinhphukien.vn\/index.php?rest_route=\/wp\/v2\/product\/8657","targetHints":{"allow":["GET"]}}],"collection":[{"href":"https:\/\/tanphulinhphukien.vn\/index.php?rest_route=\/wp\/v2\/product"}],"about":[{"href":"https:\/\/tanphulinhphukien.vn\/index.php?rest_route=\/wp\/v2\/types\/product"}],"replies":[{"embeddable":true,"href":"https:\/\/tanphulinhphukien.vn\/index.php?rest_route=%2Fwp%2Fv2%2Fcomments&post=8657"}],"wp:featuredmedia":[{"embeddable":true,"href":"https:\/\/tanphulinhphukien.vn\/index.php?rest_route=\/wp\/v2\/media\/8662"}],"wp:attachment":[{"href":"https:\/\/tanphulinhphukien.vn\/index.php?rest_route=%2Fwp%2Fv2%2Fmedia&parent=8657"}],"wp:term":[{"taxonomy":"product_brand","embeddable":true,"href":"https:\/\/tanphulinhphukien.vn\/index.php?rest_route=%2Fwp%2Fv2%2Fproduct_brand&post=8657"},{"taxonomy":"product_cat","embeddable":true,"href":"https:\/\/tanphulinhphukien.vn\/index.php?rest_route=%2Fwp%2Fv2%2Fproduct_cat&post=8657"},{"taxonomy":"product_tag","embeddable":true,"href":"https:\/\/tanphulinhphukien.vn\/index.php?rest_route=%2Fwp%2Fv2%2Fproduct_tag&post=8657"}],"curies":[{"name":"wp","href":"https:\/\/api.w.org\/{rel}","templated":true}]}}