{"id":8500,"date":"2024-01-10T14:57:10","date_gmt":"2024-01-10T07:57:10","guid":{"rendered":"https:\/\/tanphulinhphukien.vn\/?post_type=product&#038;p=8500"},"modified":"2024-01-13T13:00:19","modified_gmt":"2024-01-13T06:00:19","slug":"op-j-case-chong-soc-co-tich-hop-sac-magnetic","status":"publish","type":"product","link":"https:\/\/tanphulinhphukien.vn\/?product=op-j-case-chong-soc-co-tich-hop-sac-magnetic","title":{"rendered":"\u1ed0p J-Case ch\u1ed1ng s\u1ed1c c\u00f3 t\u00edch h\u1ee3p s\u1ea1c Magnetic"},"content":{"rendered":"<div dir=\"auto\">\u1ed0p J-Case ch\u1ed1ng s\u1ed1c t\u1ed1t<\/div>\n<div dir=\"auto\">L\u01b0ng trong kh\u00f4ng \u1ed1 v\u00e0ng .<\/div>\n<div dir=\"auto\">C\u00f3 t\u00edch h\u1ee3p s\u1ea1c magnetic <span class=\"x3nfvp2 x1j61x8r x1fcty0u xdj266r xhhsvwb xat24cr xgzva0m xxymvpz xlup9mm x1kky2od\"><img loading=\"lazy\" decoding=\"async\" class=\"xz74otr\" src=\"https:\/\/static.xx.fbcdn.net\/images\/emoji.php\/v9\/t39\/1\/16\/2b55.png\" alt=\"\u2b55\ufe0f\" width=\"16\" height=\"16\" \/><\/span><\/div>\n<div dir=\"auto\">\u2022 iPhone 15ProMax<\/div>\n<div dir=\"auto\"><\/div>\n<div dir=\"auto\"><img loading=\"lazy\" decoding=\"async\" class=\"alignnone size-medium wp-image-8501\" src=\"https:\/\/tanphulinhphukien.vn\/wp-content\/uploads\/2024\/01\/402107780_3616607118581207_4705177645644107822_n-225x300.jpeg\" alt=\"\" width=\"225\" height=\"300\" \/> <img loading=\"lazy\" decoding=\"async\" class=\"alignnone size-medium wp-image-8502\" src=\"https:\/\/tanphulinhphukien.vn\/wp-content\/uploads\/2024\/01\/403633353_3616604215248164_4848090587583823986_n-274x300.jpeg\" alt=\"\" width=\"274\" height=\"300\" \/> <img loading=\"lazy\" decoding=\"async\" class=\"alignnone size-medium wp-image-8503\" src=\"https:\/\/tanphulinhphukien.vn\/wp-content\/uploads\/2024\/01\/403679932_3616604298581489_2346434035574063782_n-225x300.jpeg\" alt=\"\" width=\"225\" height=\"300\" \/> <img loading=\"lazy\" decoding=\"async\" class=\"alignnone size-medium wp-image-8504\" src=\"https:\/\/tanphulinhphukien.vn\/wp-content\/uploads\/2024\/01\/403702766_3616604288581490_2393595508491121778_n-225x300.jpeg\" alt=\"\" width=\"225\" height=\"300\" \/> <img loading=\"lazy\" decoding=\"async\" class=\"alignnone size-medium wp-image-8505\" src=\"https:\/\/tanphulinhphukien.vn\/wp-content\/uploads\/2024\/01\/404336276_3616604315248154_36068820434344521_n-225x300.jpeg\" alt=\"\" width=\"225\" height=\"300\" \/> <img loading=\"lazy\" decoding=\"async\" class=\"alignnone size-medium wp-image-8506\" src=\"https:\/\/tanphulinhphukien.vn\/wp-content\/uploads\/2024\/01\/404346019_3616606691914583_116033840409360603_n-225x300.jpeg\" alt=\"\" width=\"225\" height=\"300\" \/> <img loading=\"lazy\" decoding=\"async\" class=\"alignnone size-medium wp-image-8507\" src=\"https:\/\/tanphulinhphukien.vn\/wp-content\/uploads\/2024\/01\/404393696_3616604268581492_1604358716418917738_n-225x300.jpeg\" alt=\"\" width=\"225\" height=\"300\" \/> <img loading=\"lazy\" decoding=\"async\" class=\"alignnone size-medium wp-image-8508\" src=\"https:\/\/tanphulinhphukien.vn\/wp-content\/uploads\/2024\/01\/404399799_3616604255248160_4368855433997506471_n-225x300.jpeg\" alt=\"\" width=\"225\" height=\"300\" \/> <img loading=\"lazy\" decoding=\"async\" class=\"alignnone size-medium wp-image-8509\" src=\"https:\/\/tanphulinhphukien.vn\/wp-content\/uploads\/2024\/01\/404420353_3616607108581208_1713529428806658103_n-225x300.jpeg\" alt=\"\" width=\"225\" height=\"300\" \/><\/div>\n","protected":false},"excerpt":{"rendered":"<p>\u1ed0p J-Case ch\u1ed1ng s\u1ed1c t\u1ed1t L\u01b0ng trong kh\u00f4ng \u1ed1 v\u00e0ng . C\u00f3 t\u00edch h\u1ee3p s\u1ea1c magnetic \u2022 iPhone 15ProMax<\/p>\n","protected":false},"featured_media":8690,"comment_status":"closed","ping_status":"closed","template":"","meta":[],"product_brand":[],"product_cat":[50,19],"product_tag":[],"class_list":{"0":"post-8500","1":"product","2":"type-product","3":"status-publish","4":"has-post-thumbnail","6":"product_cat-op-lung-iphone","7":"product_cat-phu-kien","9":"first","10":"instock","11":"shipping-taxable","12":"purchasable","13":"product-type-simple"},"_links":{"self":[{"href":"https:\/\/tanphulinhphukien.vn\/index.php?rest_route=\/wp\/v2\/product\/8500","targetHints":{"allow":["GET"]}}],"collection":[{"href":"https:\/\/tanphulinhphukien.vn\/index.php?rest_route=\/wp\/v2\/product"}],"about":[{"href":"https:\/\/tanphulinhphukien.vn\/index.php?rest_route=\/wp\/v2\/types\/product"}],"replies":[{"embeddable":true,"href":"https:\/\/tanphulinhphukien.vn\/index.php?rest_route=%2Fwp%2Fv2%2Fcomments&post=8500"}],"wp:featuredmedia":[{"embeddable":true,"href":"https:\/\/tanphulinhphukien.vn\/index.php?rest_route=\/wp\/v2\/media\/8690"}],"wp:attachment":[{"href":"https:\/\/tanphulinhphukien.vn\/index.php?rest_route=%2Fwp%2Fv2%2Fmedia&parent=8500"}],"wp:term":[{"taxonomy":"product_brand","embeddable":true,"href":"https:\/\/tanphulinhphukien.vn\/index.php?rest_route=%2Fwp%2Fv2%2Fproduct_brand&post=8500"},{"taxonomy":"product_cat","embeddable":true,"href":"https:\/\/tanphulinhphukien.vn\/index.php?rest_route=%2Fwp%2Fv2%2Fproduct_cat&post=8500"},{"taxonomy":"product_tag","embeddable":true,"href":"https:\/\/tanphulinhphukien.vn\/index.php?rest_route=%2Fwp%2Fv2%2Fproduct_tag&post=8500"}],"curies":[{"name":"wp","href":"https:\/\/api.w.org\/{rel}","templated":true}]}}