{"id":8482,"date":"2024-01-10T12:40:57","date_gmt":"2024-01-10T05:40:57","guid":{"rendered":"https:\/\/tanphulinhphukien.vn\/?post_type=product&#038;p=8482"},"modified":"2024-01-13T13:08:53","modified_gmt":"2024-01-13T06:08:53","slug":"baseus-magnetic-wireless-charging-power-bank-10-000mah-20w","status":"publish","type":"product","link":"https:\/\/tanphulinhphukien.vn\/?product=baseus-magnetic-wireless-charging-power-bank-10-000mah-20w","title":{"rendered":"Baseus Magnetic Wireless Charging Power Bank 10.000mAh 20W"},"content":{"rendered":"<p>Si\u00eau ph\u1ea9m s\u1ea1c d\u1ef1 ph\u00f2ng kh\u00f4ng d\u00e2y h\u00edt nam ch\u00e2m t\u00edch h\u1ee3p v\u00f2ng tr\u00f2n \uf8ffMagsafe<br \/>\n#Baseus Magnetic Wireless Charging Power Bank<br \/>\n10.000mAh 20W<br \/>\n\ud83d\udfea\ud83d\udfe6\u2b1c\ufe0f\u2b1b\ufe0f Thi\u1ebft k\u1ebf nh\u1ecf g\u1ecdn , t\u00ednh t\u1ebf , sang tr\u1ecdng . Ch\u1ea5t li\u1ec7u v\u1ecf PC cao c\u1ea5p , b\u1ec1n b\u1ec9<br \/>\n\ud83d\udc49\ud83c\udffb 4 m\u00e0u : Xanh d\u01b0\u01a1ng \/ H\u1ed3ng \/ Tr\u1eafng \/ \u0110en<br \/>\n\ud83d\udc49\ud83c\udffb C\u00f4ng ngh\u1ec7 s\u1ea1c nhanh kh\u00f4ng d\u00e2y chu\u1ea9n Qi c\u00f4ng su\u1ea5t #15W_MAX t\u00edch h\u1ee3p #chip_Apple \uf8ff hi\u1ec3n th\u1ecb v\u00f2ng tr\u00f2n Magsafe ch\u00ednh h\u00e3ng<br \/>\n\ud83d\udd18 #Magsafe_Charge : H\u00edt nam ch\u00e2m v\u00e0o m\u1eb7t l\u01b0ng c\u00e1c d\u00f2ng #iPhone t\u1eeb 12mini \u0111\u1ebfn 15ProMax<br \/>\n\u26a1\ufe0f C\u1ed5ng s\u1ea1c usb #TYPE_C (out \/ in) h\u1ed7 tr\u1ee3 s\u1ea1c nhanh 2 chi\u1ec1u #20W khi s\u1eed d\u1ee5ng c\u00e1p s\u1ea1c tr\u1ef1c ti\u1ebfp<br \/>\n\u26a1\ufe0f C\u00f3 th\u1ec3 s\u1ea1c c\u00f9ng 1 l\u00fac 2 thi\u1ebft b\u1ecb ti\u1ec7n l\u1ee3i , nhanh ch\u00f3ng \ud83d\udcf2\ud83d\udcf2<br \/>\n\ud83d\udd0b Dung l\u01b0\u1ee3ng #10.000mAh l\u00f5i PIN lithium cao c\u1ea5p . Chip s\u1ea1c Baseus th\u1ebf h\u1ec7 m\u1edbi b\u1ea3o v\u1ec7 thi\u1ebft b\u1ecb khi s\u1ea1c ch\u1ed1ng qu\u00e1 \u00e1p , qu\u00e1 d\u00f2ng , qu\u00e1 t\u1ea3i , ch\u1ed1ng ch\u00e1y n\u1ed5 . T\u1ef1 \u0111\u1ed9ng \u0111i\u1ec1u ch\u1ec9nh d\u00f2ng \u0111i\u1ec7n ph\u00f9 h\u1ee3p v\u1edbi thi\u1ebft b\u1ecb cho c\u00f4ng su\u1ea5t s\u1ea1c nhanh nh\u1ea5t<\/p>\n<p>&nbsp;<\/p>\n<p><img loading=\"lazy\" decoding=\"async\" class=\"alignnone size-medium wp-image-8484\" src=\"https:\/\/tanphulinhphukien.vn\/wp-content\/uploads\/2024\/01\/375993149_3575029086072344_4394412704898968761_n-300x137.jpeg\" alt=\"\" width=\"300\" height=\"137\" \/> <img loading=\"lazy\" decoding=\"async\" class=\"alignnone size-medium wp-image-8486\" src=\"https:\/\/tanphulinhphukien.vn\/wp-content\/uploads\/2024\/01\/376039309_3575029329405653_5664014768362442208_n-300x300.jpeg\" alt=\"\" width=\"300\" height=\"300\" \/> <img loading=\"lazy\" decoding=\"async\" class=\"alignnone size-medium wp-image-8487\" src=\"https:\/\/tanphulinhphukien.vn\/wp-content\/uploads\/2024\/01\/376196544_3575029149405671_7683422906567831247_n-300x300.jpeg\" alt=\"\" width=\"300\" height=\"300\" \/> <img loading=\"lazy\" decoding=\"async\" class=\"alignnone size-medium wp-image-8488\" src=\"https:\/\/tanphulinhphukien.vn\/wp-content\/uploads\/2024\/01\/376251916_3575029139405672_5430445106484388339_n-300x300.jpeg\" alt=\"\" width=\"300\" height=\"300\" \/> <img loading=\"lazy\" decoding=\"async\" class=\"alignnone size-medium wp-image-8489\" src=\"https:\/\/tanphulinhphukien.vn\/wp-content\/uploads\/2024\/01\/376270502_3575029339405652_5347789375402813498_n-300x218.jpeg\" alt=\"\" width=\"300\" height=\"218\" \/> <img loading=\"lazy\" decoding=\"async\" class=\"alignnone size-medium wp-image-8490\" src=\"https:\/\/tanphulinhphukien.vn\/wp-content\/uploads\/2024\/01\/376406480_3575029346072318_68126005202369738_n-300x300.jpeg\" alt=\"\" width=\"300\" height=\"300\" \/><\/p>\n","protected":false},"excerpt":{"rendered":"<p>Si\u00eau ph\u1ea9m s\u1ea1c d\u1ef1 ph\u00f2ng kh\u00f4ng d\u00e2y h\u00edt nam ch\u00e2m t\u00edch h\u1ee3p v\u00f2ng tr\u00f2n \uf8ffMagsafe #Baseus Magnetic Wireless Charging Power Bank 10.000mAh 20W \ud83d\udfea\ud83d\udfe6\u2b1c\ufe0f\u2b1b\ufe0f Thi\u1ebft k\u1ebf nh\u1ecf g\u1ecdn , t\u00ednh t\u1ebf , sang tr\u1ecdng . Ch\u1ea5t li\u1ec7u v\u1ecf PC cao c\u1ea5p , b\u1ec1n b\u1ec9 \ud83d\udc49\ud83c\udffb 4 m\u00e0u : Xanh d\u01b0\u01a1ng \/ H\u1ed3ng \/ Tr\u1eafng \/ &#8230; <a title=\"Baseus Magnetic Wireless Charging Power Bank 10.000mAh 20W\" class=\"read-more\" href=\"https:\/\/tanphulinhphukien.vn\/?product=baseus-magnetic-wireless-charging-power-bank-10-000mah-20w\" aria-label=\"More on Baseus Magnetic Wireless Charging Power Bank 10.000mAh 20W\">\u0110\u1ecdc ti\u1ebfp<\/a><\/p>\n","protected":false},"featured_media":8692,"comment_status":"closed","ping_status":"closed","template":"","meta":[],"product_brand":[],"product_cat":[19,523],"product_tag":[],"class_list":{"0":"post-8482","1":"product","2":"type-product","3":"status-publish","4":"has-post-thumbnail","6":"product_cat-phu-kien","7":"product_cat-sac-du-phong","9":"first","10":"instock","11":"shipping-taxable","12":"purchasable","13":"product-type-simple"},"_links":{"self":[{"href":"https:\/\/tanphulinhphukien.vn\/index.php?rest_route=\/wp\/v2\/product\/8482","targetHints":{"allow":["GET"]}}],"collection":[{"href":"https:\/\/tanphulinhphukien.vn\/index.php?rest_route=\/wp\/v2\/product"}],"about":[{"href":"https:\/\/tanphulinhphukien.vn\/index.php?rest_route=\/wp\/v2\/types\/product"}],"replies":[{"embeddable":true,"href":"https:\/\/tanphulinhphukien.vn\/index.php?rest_route=%2Fwp%2Fv2%2Fcomments&post=8482"}],"wp:featuredmedia":[{"embeddable":true,"href":"https:\/\/tanphulinhphukien.vn\/index.php?rest_route=\/wp\/v2\/media\/8692"}],"wp:attachment":[{"href":"https:\/\/tanphulinhphukien.vn\/index.php?rest_route=%2Fwp%2Fv2%2Fmedia&parent=8482"}],"wp:term":[{"taxonomy":"product_brand","embeddable":true,"href":"https:\/\/tanphulinhphukien.vn\/index.php?rest_route=%2Fwp%2Fv2%2Fproduct_brand&post=8482"},{"taxonomy":"product_cat","embeddable":true,"href":"https:\/\/tanphulinhphukien.vn\/index.php?rest_route=%2Fwp%2Fv2%2Fproduct_cat&post=8482"},{"taxonomy":"product_tag","embeddable":true,"href":"https:\/\/tanphulinhphukien.vn\/index.php?rest_route=%2Fwp%2Fv2%2Fproduct_tag&post=8482"}],"curies":[{"name":"wp","href":"https:\/\/api.w.org\/{rel}","templated":true}]}}