{"id":8468,"date":"2024-01-10T12:10:02","date_gmt":"2024-01-10T05:10:02","guid":{"rendered":"https:\/\/tanphulinhphukien.vn\/?post_type=product&#038;p=8468"},"modified":"2024-01-13T13:21:13","modified_gmt":"2024-01-13T06:21:13","slug":"den-%f0%9d%90%8b%f0%9d%90%a2%f0%9d%90%af%f0%9d%90%9e%f0%9d%90%ac%f0%9d%90%ad%f0%9d%90%ab%f0%9d%90%9e%f0%9d%90%9a%f0%9d%90%a6-%f0%9d%90%92%f0%9d%90%9e%f0%9d%90%a5%f0%9d%90%9f%f0%9d%90%a2%f0%9d%90%9e-rl","status":"publish","type":"product","link":"https:\/\/tanphulinhphukien.vn\/?product=den-%f0%9d%90%8b%f0%9d%90%a2%f0%9d%90%af%f0%9d%90%9e%f0%9d%90%ac%f0%9d%90%ad%f0%9d%90%ab%f0%9d%90%9e%f0%9d%90%9a%f0%9d%90%a6-%f0%9d%90%92%f0%9d%90%9e%f0%9d%90%a5%f0%9d%90%9f%f0%9d%90%a2%f0%9d%90%9e-rl","title":{"rendered":"\u0110\u00e8n \ud835\udc0b\ud835\udc22\ud835\udc2f\ud835\udc1e\ud835\udc2c\ud835\udc2d\ud835\udc2b\ud835\udc1e\ud835\udc1a\ud835\udc26 \ud835\udc12\ud835\udc1e\ud835\udc25\ud835\udc1f\ud835\udc22\ud835\udc1e RL-18&#8243;"},"content":{"rendered":"<div class=\"xdj266r x11i5rnm xat24cr x1mh8g0r x1vvkbs x126k92a\">\n<div dir=\"auto\"><span class=\"x3nfvp2 x1j61x8r x1fcty0u xdj266r xhhsvwb xat24cr xgzva0m xxymvpz xlup9mm x1kky2od\"><img loading=\"lazy\" decoding=\"async\" class=\"xz74otr\" src=\"https:\/\/static.xx.fbcdn.net\/images\/emoji.php\/v9\/t3c\/1\/16\/1f4a1.png\" alt=\"\ud83d\udca1\" width=\"16\" height=\"16\" \/><\/span> \u0110\u00e8n \ud835\udc0b\ud835\udc22\ud835\udc2f\ud835\udc1e\ud835\udc2c\ud835\udc2d\ud835\udc2b\ud835\udc1e\ud835\udc1a\ud835\udc26 \ud835\udc12\ud835\udc1e\ud835\udc25\ud835\udc1f\ud835\udc22\ud835\udc1e RL-18&#8243;<\/div>\n<div dir=\"auto\">\u2022 LED Soft Ring Light<\/div>\n<\/div>\n<div class=\"x11i5rnm xat24cr x1mh8g0r x1vvkbs xtlvy1s x126k92a\">\n<div dir=\"auto\"><span class=\"x3nfvp2 x1j61x8r x1fcty0u xdj266r xhhsvwb xat24cr xgzva0m xxymvpz xlup9mm x1kky2od\"><img loading=\"lazy\" decoding=\"async\" class=\"xz74otr\" src=\"https:\/\/static.xx.fbcdn.net\/images\/emoji.php\/v9\/t51\/1\/16\/2714.png\" alt=\"\u2714\" width=\"16\" height=\"16\" \/><\/span> B\u1ed9 s\u1ea3n ph\u1ea9m bao g\u1ed3m 1 \u0110\u00e8n Livetream + 3 K\u1eb9p \u0111i\u1ec7n tho\u1ea1i + Remote ch\u1ec9nh \u0111\u00e8n .<\/div>\n<\/div>\n<div class=\"x11i5rnm xat24cr x1mh8g0r x1vvkbs xtlvy1s x126k92a\">\n<div dir=\"auto\"><span class=\"x3nfvp2 x1j61x8r x1fcty0u xdj266r xhhsvwb xat24cr xgzva0m xxymvpz xlup9mm x1kky2od\"><img loading=\"lazy\" decoding=\"async\" class=\"xz74otr\" src=\"https:\/\/static.xx.fbcdn.net\/images\/emoji.php\/v9\/t51\/1\/16\/2714.png\" alt=\"\u2714\" width=\"16\" height=\"16\" \/><\/span> S\u1ea3n ph\u1ea9m c\u00f3 c\u00e1c chi ti\u1ebft kh\u1edbp v\u1edbi nhau b\u1ec1n b\u1ec9, ch\u1eafc ch\u1eafn cho kh\u1ea3 n\u0103ng h\u1ed5 tr\u1ee3 \u00e1nh s\u00e1ng khi livetream , ch\u1ee5p h\u00ecnh , c\u00f3 th\u1ec3 b\u1ecf g\u1ecdn v\u00e0o gi\u1ecf x\u00e1ch mang \u0111i .<\/div>\n<\/div>\n<div class=\"x11i5rnm xat24cr x1mh8g0r x1vvkbs xtlvy1s x126k92a\">\n<div dir=\"auto\">T\u00edch h\u1ee3p v\u00f2ng tr\u00f2n \u0111\u00e8n LED <span class=\"x3nfvp2 x1j61x8r x1fcty0u xdj266r xhhsvwb xat24cr xgzva0m xxymvpz xlup9mm x1kky2od\"><img loading=\"lazy\" decoding=\"async\" class=\"xz74otr\" src=\"https:\/\/static.xx.fbcdn.net\/images\/emoji.php\/v9\/t34\/1\/16\/1f518.png\" alt=\"\ud83d\udd18\" width=\"16\" height=\"16\" \/><\/span> c\u00f3 \u0111\u01b0\u1eddng k\u00edch <a class=\"x1i10hfl xjbqb8w x6umtig x1b1mbwd xaqea5y xav7gou x9f619 x1ypdohk xt0psk2 xe8uvvx xdj266r x11i5rnm xat24cr x1mh8g0r xexx8yu x4uap5 x18d9i69 xkhd6sd x16tdsg8 x1hl2dhg xggy1nq x1a2a7pz xt0b8zv x1qq9wsj xo1l8bm\" tabindex=\"0\" role=\"link\" href=\"https:\/\/www.facebook.com\/hashtag\/45cm?__eep__=6&amp;__cft__[0]=AZWEt0KuUrx9gAPgpvWf2sDEeQvH6BR8PsesvC2C4mDae7gLHVqTbwKFZIsVbkJB1mJFil27TlcQ-dKfb_MyAniEsWku6Bc4K_2eaScSM9O1Z-h0NevX3Kj4O1h1fjcs5lkbamPYSXUrFfn0B6aXmk2tgYbc7Ydbj_rtJBVhjrF9YXUSQ0kD53GQb9Ikb1cbY0w&amp;__tn__=*NK-R\">#45cm<\/a> . V\u1edbi 3 ch\u1ebf \u0111\u1ed9 m\u00e0u kh\u00e1c nhau : Tr\u1eafng \/ V\u00e0ng \/ Tr\u1eafng V\u00e0ng.<\/div>\n<\/div>\n<div class=\"x11i5rnm xat24cr x1mh8g0r x1vvkbs xtlvy1s x126k92a\">\n<div dir=\"auto\">\u0110\u00e8n c\u00f3 2 c\u1ed5ng USB h\u1ed5 tr\u1ee3 s\u1ea1c cho \u0111i\u1ec7n tho\u1ea1i trong l\u00fac livetream &amp; Ch\u1ee5p h\u00ecnh<\/div>\n<\/div>\n<div class=\"x11i5rnm xat24cr x1mh8g0r x1vvkbs xtlvy1s x126k92a\">\n<div dir=\"auto\">\u2022 C\u00f3 Remote \u0111i\u1ec1u khi\u1ec3n t\u1eeb xa d\u1ec5 d\u00e0ng<\/div>\n<\/div>\n<div class=\"x11i5rnm xat24cr x1mh8g0r x1vvkbs xtlvy1s x126k92a\">\n<div dir=\"auto\">V\u1edbi \u0111\u00e8n \ud835\udc8d\ud835\udc8a\ud835\udc97\ud835\udc86_\ud835\udc94\ud835\udc95\ud835\udc93\ud835\udc86\ud835\udc82\ud835\udc8e n\u00e0y b\u1ea1n kh\u00f4ng c\u00f2n lo l\u1eafng t\u00ecnh tr\u1ea1ng \u0111ang quay video ho\u1eb7c ph\u00e1t tr\u1ef1c ti\u1ebfp b\u1ecb thi\u1ebfu s\u00e1ng, h\u00ecnh \u1ea3nh kh\u00f4ng \u0111\u01b0\u1ee3c r\u00f5 n\u00e9t.<\/div>\n<\/div>\n<div dir=\"auto\"><\/div>\n<div dir=\"auto\"><img loading=\"lazy\" decoding=\"async\" class=\"alignnone size-medium wp-image-8469\" src=\"https:\/\/tanphulinhphukien.vn\/wp-content\/uploads\/2024\/01\/410301161_3634402360135016_6690742094538121660_n-225x300.jpeg\" alt=\"\" width=\"225\" height=\"300\" \/> <img loading=\"lazy\" decoding=\"async\" class=\"alignnone size-medium wp-image-8470\" src=\"https:\/\/tanphulinhphukien.vn\/wp-content\/uploads\/2024\/01\/410769023_3634402373468348_79863915331256675_n-300x225.jpeg\" alt=\"\" width=\"300\" height=\"225\" \/> <img loading=\"lazy\" decoding=\"async\" class=\"alignnone size-medium wp-image-8471\" src=\"https:\/\/tanphulinhphukien.vn\/wp-content\/uploads\/2024\/01\/410798215_3634402000135052_5147268510958559769_n-225x300.jpeg\" alt=\"\" width=\"225\" height=\"300\" \/> <img loading=\"lazy\" decoding=\"async\" class=\"alignnone size-medium wp-image-8472\" src=\"https:\/\/tanphulinhphukien.vn\/wp-content\/uploads\/2024\/01\/410812139_3634402333468352_9025616826410478036_n-225x300.jpeg\" alt=\"\" width=\"225\" height=\"300\" \/> <img loading=\"lazy\" decoding=\"async\" class=\"alignnone size-medium wp-image-8473\" src=\"https:\/\/tanphulinhphukien.vn\/wp-content\/uploads\/2024\/01\/410846069_3634402343468351_2582425705826653337_n-225x300.jpeg\" alt=\"\" width=\"225\" height=\"300\" \/> <img loading=\"lazy\" decoding=\"async\" class=\"alignnone size-medium wp-image-8474\" src=\"https:\/\/tanphulinhphukien.vn\/wp-content\/uploads\/2024\/01\/410855328_3634401686801750_6111112227049493202_n-259x300.jpeg\" alt=\"\" width=\"259\" height=\"300\" \/> <img loading=\"lazy\" decoding=\"async\" class=\"alignnone size-medium wp-image-8475\" src=\"https:\/\/tanphulinhphukien.vn\/wp-content\/uploads\/2024\/01\/410886487_3634401700135082_4822576516951671948_n-225x300.jpeg\" alt=\"\" width=\"225\" height=\"300\" \/> <img loading=\"lazy\" decoding=\"async\" class=\"alignnone size-medium wp-image-8476\" src=\"https:\/\/tanphulinhphukien.vn\/wp-content\/uploads\/2024\/01\/411822666_3634402016801717_6428568603574320260_n-225x300.jpeg\" alt=\"\" width=\"225\" height=\"300\" \/><\/div>\n","protected":false},"excerpt":{"rendered":"<p>\u0110\u00e8n \ud835\udc0b\ud835\udc22\ud835\udc2f\ud835\udc1e\ud835\udc2c\ud835\udc2d\ud835\udc2b\ud835\udc1e\ud835\udc1a\ud835\udc26 \ud835\udc12\ud835\udc1e\ud835\udc25\ud835\udc1f\ud835\udc22\ud835\udc1e RL-18&#8243; \u2022 LED Soft Ring Light B\u1ed9 s\u1ea3n ph\u1ea9m bao g\u1ed3m 1 \u0110\u00e8n Livetream + 3 K\u1eb9p \u0111i\u1ec7n tho\u1ea1i + Remote ch\u1ec9nh \u0111\u00e8n . S\u1ea3n ph\u1ea9m c\u00f3 c\u00e1c chi ti\u1ebft kh\u1edbp v\u1edbi nhau b\u1ec1n b\u1ec9, ch\u1eafc ch\u1eafn cho kh\u1ea3 n\u0103ng h\u1ed5 tr\u1ee3 \u00e1nh s\u00e1ng khi livetream , ch\u1ee5p h\u00ecnh , c\u00f3 th\u1ec3 &#8230; <a title=\"\u0110\u00e8n \ud835\udc0b\ud835\udc22\ud835\udc2f\ud835\udc1e\ud835\udc2c\ud835\udc2d\ud835\udc2b\ud835\udc1e\ud835\udc1a\ud835\udc26 \ud835\udc12\ud835\udc1e\ud835\udc25\ud835\udc1f\ud835\udc22\ud835\udc1e RL-18&#8243;\" class=\"read-more\" href=\"https:\/\/tanphulinhphukien.vn\/?product=den-%f0%9d%90%8b%f0%9d%90%a2%f0%9d%90%af%f0%9d%90%9e%f0%9d%90%ac%f0%9d%90%ad%f0%9d%90%ab%f0%9d%90%9e%f0%9d%90%9a%f0%9d%90%a6-%f0%9d%90%92%f0%9d%90%9e%f0%9d%90%a5%f0%9d%90%9f%f0%9d%90%a2%f0%9d%90%9e-rl\" aria-label=\"More on \u0110\u00e8n \ud835\udc0b\ud835\udc22\ud835\udc2f\ud835\udc1e\ud835\udc2c\ud835\udc2d\ud835\udc2b\ud835\udc1e\ud835\udc1a\ud835\udc26 \ud835\udc12\ud835\udc1e\ud835\udc25\ud835\udc1f\ud835\udc22\ud835\udc1e RL-18&#8243;\">\u0110\u1ecdc ti\u1ebfp<\/a><\/p>\n","protected":false},"featured_media":8694,"comment_status":"closed","ping_status":"closed","template":"","meta":[],"product_brand":[],"product_cat":[557,19],"product_tag":[],"class_list":{"0":"post-8468","1":"product","2":"type-product","3":"status-publish","4":"has-post-thumbnail","6":"product_cat-gay-chup-hinh","7":"product_cat-phu-kien","9":"first","10":"instock","11":"shipping-taxable","12":"purchasable","13":"product-type-simple"},"_links":{"self":[{"href":"https:\/\/tanphulinhphukien.vn\/index.php?rest_route=\/wp\/v2\/product\/8468","targetHints":{"allow":["GET"]}}],"collection":[{"href":"https:\/\/tanphulinhphukien.vn\/index.php?rest_route=\/wp\/v2\/product"}],"about":[{"href":"https:\/\/tanphulinhphukien.vn\/index.php?rest_route=\/wp\/v2\/types\/product"}],"replies":[{"embeddable":true,"href":"https:\/\/tanphulinhphukien.vn\/index.php?rest_route=%2Fwp%2Fv2%2Fcomments&post=8468"}],"wp:featuredmedia":[{"embeddable":true,"href":"https:\/\/tanphulinhphukien.vn\/index.php?rest_route=\/wp\/v2\/media\/8694"}],"wp:attachment":[{"href":"https:\/\/tanphulinhphukien.vn\/index.php?rest_route=%2Fwp%2Fv2%2Fmedia&parent=8468"}],"wp:term":[{"taxonomy":"product_brand","embeddable":true,"href":"https:\/\/tanphulinhphukien.vn\/index.php?rest_route=%2Fwp%2Fv2%2Fproduct_brand&post=8468"},{"taxonomy":"product_cat","embeddable":true,"href":"https:\/\/tanphulinhphukien.vn\/index.php?rest_route=%2Fwp%2Fv2%2Fproduct_cat&post=8468"},{"taxonomy":"product_tag","embeddable":true,"href":"https:\/\/tanphulinhphukien.vn\/index.php?rest_route=%2Fwp%2Fv2%2Fproduct_tag&post=8468"}],"curies":[{"name":"wp","href":"https:\/\/api.w.org\/{rel}","templated":true}]}}