{"id":8464,"date":"2024-01-10T12:01:29","date_gmt":"2024-01-10T05:01:29","guid":{"rendered":"https:\/\/tanphulinhphukien.vn\/?post_type=product&#038;p=8464"},"modified":"2024-01-13T13:26:36","modified_gmt":"2024-01-13T06:26:36","slug":"kep-giu-dien-thoai-co-den-led","status":"publish","type":"product","link":"https:\/\/tanphulinhphukien.vn\/?product=kep-giu-dien-thoai-co-den-led","title":{"rendered":"K\u1eb9p gi\u1eef \u0111i\u1ec7n tho\u1ea1i , c\u00f3 \u0111\u00e8n led"},"content":{"rendered":"<div class=\"xdj266r x11i5rnm xat24cr x1mh8g0r x1vvkbs x126k92a\">\n<div dir=\"auto\"><span class=\"x3nfvp2 x1j61x8r x1fcty0u xdj266r xhhsvwb xat24cr xgzva0m xxymvpz xlup9mm x1kky2od\">K\u1eb9p gi\u1eef \u0111i\u1ec7n tho\u1ea1i , c\u00f3 <\/span>\u0111\u00e8n led<img loading=\"lazy\" decoding=\"async\" class=\"xz74otr\" src=\"https:\/\/static.xx.fbcdn.net\/images\/emoji.php\/v9\/t3c\/1\/16\/1f4a1.png\" alt=\"\ud83d\udca1\" width=\"16\" height=\"16\" \/><\/div>\n<\/div>\n<div class=\"x11i5rnm xat24cr x1mh8g0r x1vvkbs xtlvy1s x126k92a\">\n<div dir=\"auto\">\u201c Thi\u1ebft k\u1ebf tinh t\u1ebf , \u0111\u01a1n gi\u1ea3n . Ti\u1ec7n l\u1ee3i \u201c<\/div>\n<\/div>\n<div class=\"x11i5rnm xat24cr x1mh8g0r x1vvkbs xtlvy1s x126k92a\">\n<div dir=\"auto\">\n<p>\u2713 \u0110\u01b0\u1ee3c t\u00edch h\u1ee3p k\u1eb9p v\u00e0o c\u00e1c c\u1ea1nh b\u00e0n , c\u00f3 th\u1ec3 tu\u1ef3 ch\u1ec9nh k\u1eb9p nhi\u1ec1u k\u00edch th\u01b0\u1edbc kh\u00e1c nhau\u2026<\/p>\n<div class=\"x1i10hfl xjbqb8w x6umtig x1b1mbwd xaqea5y xav7gou x9f619 x1ypdohk xt0psk2 xe8uvvx xdj266r x11i5rnm xat24cr x1mh8g0r xexx8yu x4uap5 x18d9i69 xkhd6sd x16tdsg8 x1hl2dhg xggy1nq x1a2a7pz xt0b8zv xzsf02u x1s688f\" tabindex=\"0\" role=\"button\">See more<\/div>\n<\/div>\n<\/div>\n<p>&nbsp;<\/p>\n<p>&nbsp;<\/p>\n<p><img loading=\"lazy\" decoding=\"async\" class=\"alignnone size-medium wp-image-8465\" src=\"https:\/\/tanphulinhphukien.vn\/wp-content\/uploads\/2024\/01\/416380310_3647338172174768_7785089188997223014_n-300x300.jpeg\" alt=\"\" width=\"300\" height=\"300\" \/> <img loading=\"lazy\" decoding=\"async\" class=\"alignnone size-medium wp-image-8466\" src=\"https:\/\/tanphulinhphukien.vn\/wp-content\/uploads\/2024\/01\/418466693_3647338232174762_1637291949450587983_n-300x300.jpeg\" alt=\"\" width=\"300\" height=\"300\" \/> <img loading=\"lazy\" decoding=\"async\" class=\"alignnone size-medium wp-image-8467\" src=\"https:\/\/tanphulinhphukien.vn\/wp-content\/uploads\/2024\/01\/418439825_3647338182174767_4861248989210887837_n-300x300.jpeg\" alt=\"\" width=\"300\" height=\"300\" \/><\/p>\n","protected":false},"excerpt":{"rendered":"<p>K\u1eb9p gi\u1eef \u0111i\u1ec7n tho\u1ea1i , c\u00f3 \u0111\u00e8n led \u201c Thi\u1ebft k\u1ebf tinh t\u1ebf , \u0111\u01a1n gi\u1ea3n . Ti\u1ec7n l\u1ee3i \u201c \u2713 \u0110\u01b0\u1ee3c t\u00edch h\u1ee3p k\u1eb9p v\u00e0o c\u00e1c c\u1ea1nh b\u00e0n , c\u00f3 th\u1ec3 tu\u1ef3 ch\u1ec9nh k\u1eb9p nhi\u1ec1u k\u00edch th\u01b0\u1edbc kh\u00e1c nhau\u2026 See more &nbsp; &nbsp;<\/p>\n","protected":false},"featured_media":8695,"comment_status":"closed","ping_status":"closed","template":"","meta":[],"product_brand":[],"product_cat":[557,19],"product_tag":[],"class_list":{"0":"post-8464","1":"product","2":"type-product","3":"status-publish","4":"has-post-thumbnail","6":"product_cat-gay-chup-hinh","7":"product_cat-phu-kien","9":"first","10":"instock","11":"shipping-taxable","12":"purchasable","13":"product-type-simple"},"_links":{"self":[{"href":"https:\/\/tanphulinhphukien.vn\/index.php?rest_route=\/wp\/v2\/product\/8464","targetHints":{"allow":["GET"]}}],"collection":[{"href":"https:\/\/tanphulinhphukien.vn\/index.php?rest_route=\/wp\/v2\/product"}],"about":[{"href":"https:\/\/tanphulinhphukien.vn\/index.php?rest_route=\/wp\/v2\/types\/product"}],"replies":[{"embeddable":true,"href":"https:\/\/tanphulinhphukien.vn\/index.php?rest_route=%2Fwp%2Fv2%2Fcomments&post=8464"}],"wp:featuredmedia":[{"embeddable":true,"href":"https:\/\/tanphulinhphukien.vn\/index.php?rest_route=\/wp\/v2\/media\/8695"}],"wp:attachment":[{"href":"https:\/\/tanphulinhphukien.vn\/index.php?rest_route=%2Fwp%2Fv2%2Fmedia&parent=8464"}],"wp:term":[{"taxonomy":"product_brand","embeddable":true,"href":"https:\/\/tanphulinhphukien.vn\/index.php?rest_route=%2Fwp%2Fv2%2Fproduct_brand&post=8464"},{"taxonomy":"product_cat","embeddable":true,"href":"https:\/\/tanphulinhphukien.vn\/index.php?rest_route=%2Fwp%2Fv2%2Fproduct_cat&post=8464"},{"taxonomy":"product_tag","embeddable":true,"href":"https:\/\/tanphulinhphukien.vn\/index.php?rest_route=%2Fwp%2Fv2%2Fproduct_tag&post=8464"}],"curies":[{"name":"wp","href":"https:\/\/api.w.org\/{rel}","templated":true}]}}