{"id":8446,"date":"2024-01-09T18:51:18","date_gmt":"2024-01-09T11:51:18","guid":{"rendered":"https:\/\/tanphulinhphukien.vn\/?post_type=product&#038;p=8446"},"modified":"2024-01-09T18:53:44","modified_gmt":"2024-01-09T11:53:44","slug":"gay-selfie-stick-p185","status":"publish","type":"product","link":"https:\/\/tanphulinhphukien.vn\/?product=gay-selfie-stick-p185","title":{"rendered":"G\u1eady Selfie Stick P185"},"content":{"rendered":"<p>G\u1eady Selfie Stick P185<\/p>\n<p>\u2796 H\u1ed7 tr\u1ee3 ch\u1ee5p \u1ea3nh t\u1ef1 s\u01b0\u1edbng , ho\u1eb7c l\u00e0m ch\u00e2n \u0111\u1ee9ng tripod \u0111\u1ec3 livetream , ho\u1eb7c t\u1ef1 ch\u1ee5p h\u00ecnh t\u1eeb xa<br \/>\n\u2022 Nh\u1ecf g\u1ecdn , ti\u1ec7n l\u1ee3i &#8211; c\u00f3 th\u1ec3 k\u00e9o d\u00e0i \u0111\u1ebfn 1.8M<br \/>\n\u2022 Thi\u1ebft k\u1ebf Remote Bluetooth t\u1eeb xa , s\u1eed d\u1ee5ng PIN 55mAh , Th\u1eddi giam s\u1ea1c \u0111\u1ea7y 30-60ph\u00fat .<\/p>\n<p>\u2022 Ph\u1ea7n \u0111\u1ea7u k\u1eb9p gi\u1eef SmartPhone c\u00f3 k\u00edch th\u01b0\u1edbc t\u1eeb 4.7inhc &#8211; 6.7inch \ud83d\udcf1 \u0111a n\u0103ng c\u00f3 th\u1ec3 xoay thi\u1ebft b\u1ecb d\u1ecdc ho\u1eb7c ngang 360 \u0111\u1ed9<br \/>\n\u2022 4 ch\u00e2n \u0111\u1ee9ng Tripod thi\u1ebft k\u1ebf g\u1eadp g\u1ecdn , \u0111\u1ee9ng v\u1eefng ch\u1eafc tr\u00ean m\u1eb7t ph\u1eb3ng<\/p>\n<p><img loading=\"lazy\" decoding=\"async\" class=\"alignnone size-medium wp-image-8447\" src=\"https:\/\/tanphulinhphukien.vn\/wp-content\/uploads\/2024\/01\/IMG_1929-300x300.jpeg\" alt=\"\" width=\"300\" height=\"300\" srcset=\"https:\/\/tanphulinhphukien.vn\/wp-content\/uploads\/2024\/01\/IMG_1929-300x300.jpeg 300w, https:\/\/tanphulinhphukien.vn\/wp-content\/uploads\/2024\/01\/IMG_1929-1024x1024.jpeg 1024w, https:\/\/tanphulinhphukien.vn\/wp-content\/uploads\/2024\/01\/IMG_1929-150x150.jpeg 150w, https:\/\/tanphulinhphukien.vn\/wp-content\/uploads\/2024\/01\/IMG_1929-768x768.jpeg 768w, https:\/\/tanphulinhphukien.vn\/wp-content\/uploads\/2024\/01\/IMG_1929-24x24.jpeg 24w, https:\/\/tanphulinhphukien.vn\/wp-content\/uploads\/2024\/01\/IMG_1929-36x36.jpeg 36w, https:\/\/tanphulinhphukien.vn\/wp-content\/uploads\/2024\/01\/IMG_1929-48x48.jpeg 48w, https:\/\/tanphulinhphukien.vn\/wp-content\/uploads\/2024\/01\/IMG_1929-600x600.jpeg 600w, https:\/\/tanphulinhphukien.vn\/wp-content\/uploads\/2024\/01\/IMG_1929.jpeg 1280w\" sizes=\"auto, (max-width: 300px) 100vw, 300px\" \/> <img loading=\"lazy\" decoding=\"async\" class=\"alignnone size-medium wp-image-8448\" src=\"https:\/\/tanphulinhphukien.vn\/wp-content\/uploads\/2024\/01\/IMG_1930-300x300.jpeg\" alt=\"\" width=\"300\" height=\"300\" srcset=\"https:\/\/tanphulinhphukien.vn\/wp-content\/uploads\/2024\/01\/IMG_1930-300x300.jpeg 300w, https:\/\/tanphulinhphukien.vn\/wp-content\/uploads\/2024\/01\/IMG_1930-1024x1024.jpeg 1024w, https:\/\/tanphulinhphukien.vn\/wp-content\/uploads\/2024\/01\/IMG_1930-150x150.jpeg 150w, https:\/\/tanphulinhphukien.vn\/wp-content\/uploads\/2024\/01\/IMG_1930-768x768.jpeg 768w, https:\/\/tanphulinhphukien.vn\/wp-content\/uploads\/2024\/01\/IMG_1930-24x24.jpeg 24w, https:\/\/tanphulinhphukien.vn\/wp-content\/uploads\/2024\/01\/IMG_1930-36x36.jpeg 36w, https:\/\/tanphulinhphukien.vn\/wp-content\/uploads\/2024\/01\/IMG_1930-48x48.jpeg 48w, https:\/\/tanphulinhphukien.vn\/wp-content\/uploads\/2024\/01\/IMG_1930-600x600.jpeg 600w, https:\/\/tanphulinhphukien.vn\/wp-content\/uploads\/2024\/01\/IMG_1930.jpeg 1280w\" sizes=\"auto, (max-width: 300px) 100vw, 300px\" \/> <img loading=\"lazy\" decoding=\"async\" class=\"alignnone size-medium wp-image-8449\" src=\"https:\/\/tanphulinhphukien.vn\/wp-content\/uploads\/2024\/01\/IMG_1931-300x300.jpeg\" alt=\"\" width=\"300\" height=\"300\" srcset=\"https:\/\/tanphulinhphukien.vn\/wp-content\/uploads\/2024\/01\/IMG_1931-300x300.jpeg 300w, https:\/\/tanphulinhphukien.vn\/wp-content\/uploads\/2024\/01\/IMG_1931-150x150.jpeg 150w, https:\/\/tanphulinhphukien.vn\/wp-content\/uploads\/2024\/01\/IMG_1931-768x768.jpeg 768w, https:\/\/tanphulinhphukien.vn\/wp-content\/uploads\/2024\/01\/IMG_1931-24x24.jpeg 24w, https:\/\/tanphulinhphukien.vn\/wp-content\/uploads\/2024\/01\/IMG_1931-36x36.jpeg 36w, https:\/\/tanphulinhphukien.vn\/wp-content\/uploads\/2024\/01\/IMG_1931-48x48.jpeg 48w, https:\/\/tanphulinhphukien.vn\/wp-content\/uploads\/2024\/01\/IMG_1931-600x600.jpeg 600w, https:\/\/tanphulinhphukien.vn\/wp-content\/uploads\/2024\/01\/IMG_1931.jpeg 800w\" sizes=\"auto, (max-width: 300px) 100vw, 300px\" \/> <img loading=\"lazy\" decoding=\"async\" class=\"alignnone size-medium wp-image-8450\" src=\"https:\/\/tanphulinhphukien.vn\/wp-content\/uploads\/2024\/01\/IMG_1932-300x300.jpeg\" alt=\"\" width=\"300\" height=\"300\" srcset=\"https:\/\/tanphulinhphukien.vn\/wp-content\/uploads\/2024\/01\/IMG_1932-300x300.jpeg 300w, https:\/\/tanphulinhphukien.vn\/wp-content\/uploads\/2024\/01\/IMG_1932-150x150.jpeg 150w, https:\/\/tanphulinhphukien.vn\/wp-content\/uploads\/2024\/01\/IMG_1932-768x768.jpeg 768w, https:\/\/tanphulinhphukien.vn\/wp-content\/uploads\/2024\/01\/IMG_1932-24x24.jpeg 24w, https:\/\/tanphulinhphukien.vn\/wp-content\/uploads\/2024\/01\/IMG_1932-36x36.jpeg 36w, https:\/\/tanphulinhphukien.vn\/wp-content\/uploads\/2024\/01\/IMG_1932-48x48.jpeg 48w, https:\/\/tanphulinhphukien.vn\/wp-content\/uploads\/2024\/01\/IMG_1932-600x600.jpeg 600w, https:\/\/tanphulinhphukien.vn\/wp-content\/uploads\/2024\/01\/IMG_1932.jpeg 800w\" sizes=\"auto, (max-width: 300px) 100vw, 300px\" \/> <img loading=\"lazy\" decoding=\"async\" class=\"alignnone size-medium wp-image-8451\" src=\"https:\/\/tanphulinhphukien.vn\/wp-content\/uploads\/2024\/01\/IMG_1933-300x300.jpeg\" alt=\"\" width=\"300\" height=\"300\" srcset=\"https:\/\/tanphulinhphukien.vn\/wp-content\/uploads\/2024\/01\/IMG_1933-300x300.jpeg 300w, https:\/\/tanphulinhphukien.vn\/wp-content\/uploads\/2024\/01\/IMG_1933-150x150.jpeg 150w, https:\/\/tanphulinhphukien.vn\/wp-content\/uploads\/2024\/01\/IMG_1933-768x768.jpeg 768w, https:\/\/tanphulinhphukien.vn\/wp-content\/uploads\/2024\/01\/IMG_1933-24x24.jpeg 24w, https:\/\/tanphulinhphukien.vn\/wp-content\/uploads\/2024\/01\/IMG_1933-36x36.jpeg 36w, https:\/\/tanphulinhphukien.vn\/wp-content\/uploads\/2024\/01\/IMG_1933-48x48.jpeg 48w, https:\/\/tanphulinhphukien.vn\/wp-content\/uploads\/2024\/01\/IMG_1933-600x600.jpeg 600w, https:\/\/tanphulinhphukien.vn\/wp-content\/uploads\/2024\/01\/IMG_1933.jpeg 800w\" sizes=\"auto, (max-width: 300px) 100vw, 300px\" \/> <img loading=\"lazy\" decoding=\"async\" class=\"alignnone size-medium wp-image-8452\" src=\"https:\/\/tanphulinhphukien.vn\/wp-content\/uploads\/2024\/01\/IMG_1934-300x300.jpeg\" alt=\"\" width=\"300\" height=\"300\" srcset=\"https:\/\/tanphulinhphukien.vn\/wp-content\/uploads\/2024\/01\/IMG_1934-300x300.jpeg 300w, https:\/\/tanphulinhphukien.vn\/wp-content\/uploads\/2024\/01\/IMG_1934-150x150.jpeg 150w, https:\/\/tanphulinhphukien.vn\/wp-content\/uploads\/2024\/01\/IMG_1934-768x768.jpeg 768w, https:\/\/tanphulinhphukien.vn\/wp-content\/uploads\/2024\/01\/IMG_1934-24x24.jpeg 24w, https:\/\/tanphulinhphukien.vn\/wp-content\/uploads\/2024\/01\/IMG_1934-36x36.jpeg 36w, https:\/\/tanphulinhphukien.vn\/wp-content\/uploads\/2024\/01\/IMG_1934-48x48.jpeg 48w, https:\/\/tanphulinhphukien.vn\/wp-content\/uploads\/2024\/01\/IMG_1934-600x600.jpeg 600w, https:\/\/tanphulinhphukien.vn\/wp-content\/uploads\/2024\/01\/IMG_1934.jpeg 800w\" sizes=\"auto, (max-width: 300px) 100vw, 300px\" \/> <img loading=\"lazy\" decoding=\"async\" class=\"alignnone size-medium wp-image-8453\" src=\"https:\/\/tanphulinhphukien.vn\/wp-content\/uploads\/2024\/01\/IMG_1935-300x300.jpeg\" alt=\"\" width=\"300\" height=\"300\" srcset=\"https:\/\/tanphulinhphukien.vn\/wp-content\/uploads\/2024\/01\/IMG_1935-300x300.jpeg 300w, https:\/\/tanphulinhphukien.vn\/wp-content\/uploads\/2024\/01\/IMG_1935-150x150.jpeg 150w, https:\/\/tanphulinhphukien.vn\/wp-content\/uploads\/2024\/01\/IMG_1935-768x768.jpeg 768w, https:\/\/tanphulinhphukien.vn\/wp-content\/uploads\/2024\/01\/IMG_1935-24x24.jpeg 24w, https:\/\/tanphulinhphukien.vn\/wp-content\/uploads\/2024\/01\/IMG_1935-36x36.jpeg 36w, https:\/\/tanphulinhphukien.vn\/wp-content\/uploads\/2024\/01\/IMG_1935-48x48.jpeg 48w, https:\/\/tanphulinhphukien.vn\/wp-content\/uploads\/2024\/01\/IMG_1935-600x600.jpeg 600w, https:\/\/tanphulinhphukien.vn\/wp-content\/uploads\/2024\/01\/IMG_1935.jpeg 800w\" sizes=\"auto, (max-width: 300px) 100vw, 300px\" \/> <img loading=\"lazy\" decoding=\"async\" class=\"alignnone size-medium wp-image-8454\" src=\"https:\/\/tanphulinhphukien.vn\/wp-content\/uploads\/2024\/01\/IMG_1936-300x300.jpeg\" alt=\"\" width=\"300\" height=\"300\" \/> <img loading=\"lazy\" decoding=\"async\" class=\"alignnone size-medium wp-image-8455\" src=\"https:\/\/tanphulinhphukien.vn\/wp-content\/uploads\/2024\/01\/IMG_1937-300x300.jpeg\" alt=\"\" width=\"300\" height=\"300\" \/><\/p>\n","protected":false},"excerpt":{"rendered":"<p>G\u1eady Selfie Stick P185 \u2796 H\u1ed7 tr\u1ee3 ch\u1ee5p \u1ea3nh t\u1ef1 s\u01b0\u1edbng , ho\u1eb7c l\u00e0m ch\u00e2n \u0111\u1ee9ng tripod \u0111\u1ec3 livetream , ho\u1eb7c t\u1ef1 ch\u1ee5p h\u00ecnh t\u1eeb xa \u2022 Nh\u1ecf g\u1ecdn , ti\u1ec7n l\u1ee3i &#8211; c\u00f3 th\u1ec3 k\u00e9o d\u00e0i \u0111\u1ebfn 1.8M \u2022 Thi\u1ebft k\u1ebf Remote Bluetooth t\u1eeb xa , s\u1eed d\u1ee5ng PIN 55mAh , Th\u1eddi giam s\u1ea1c &#8230; <a title=\"G\u1eady Selfie Stick P185\" class=\"read-more\" href=\"https:\/\/tanphulinhphukien.vn\/?product=gay-selfie-stick-p185\" aria-label=\"More on G\u1eady Selfie Stick P185\">\u0110\u1ecdc ti\u1ebfp<\/a><\/p>\n","protected":false},"featured_media":8448,"comment_status":"closed","ping_status":"closed","template":"","meta":[],"product_brand":[],"product_cat":[557,19],"product_tag":[],"class_list":{"0":"post-8446","1":"product","2":"type-product","3":"status-publish","4":"has-post-thumbnail","6":"product_cat-gay-chup-hinh","7":"product_cat-phu-kien","9":"first","10":"instock","11":"shipping-taxable","12":"purchasable","13":"product-type-simple"},"_links":{"self":[{"href":"https:\/\/tanphulinhphukien.vn\/index.php?rest_route=\/wp\/v2\/product\/8446","targetHints":{"allow":["GET"]}}],"collection":[{"href":"https:\/\/tanphulinhphukien.vn\/index.php?rest_route=\/wp\/v2\/product"}],"about":[{"href":"https:\/\/tanphulinhphukien.vn\/index.php?rest_route=\/wp\/v2\/types\/product"}],"replies":[{"embeddable":true,"href":"https:\/\/tanphulinhphukien.vn\/index.php?rest_route=%2Fwp%2Fv2%2Fcomments&post=8446"}],"wp:featuredmedia":[{"embeddable":true,"href":"https:\/\/tanphulinhphukien.vn\/index.php?rest_route=\/wp\/v2\/media\/8448"}],"wp:attachment":[{"href":"https:\/\/tanphulinhphukien.vn\/index.php?rest_route=%2Fwp%2Fv2%2Fmedia&parent=8446"}],"wp:term":[{"taxonomy":"product_brand","embeddable":true,"href":"https:\/\/tanphulinhphukien.vn\/index.php?rest_route=%2Fwp%2Fv2%2Fproduct_brand&post=8446"},{"taxonomy":"product_cat","embeddable":true,"href":"https:\/\/tanphulinhphukien.vn\/index.php?rest_route=%2Fwp%2Fv2%2Fproduct_cat&post=8446"},{"taxonomy":"product_tag","embeddable":true,"href":"https:\/\/tanphulinhphukien.vn\/index.php?rest_route=%2Fwp%2Fv2%2Fproduct_tag&post=8446"}],"curies":[{"name":"wp","href":"https:\/\/api.w.org\/{rel}","templated":true}]}}