{"id":8439,"date":"2024-01-09T18:01:04","date_gmt":"2024-01-09T11:01:04","guid":{"rendered":"https:\/\/tanphulinhphukien.vn\/?post_type=product&#038;p=8439"},"modified":"2024-01-09T18:01:04","modified_gmt":"2024-01-09T11:01:04","slug":"pin-du-phong-recci-rpb_p40-10000mah-pd-22-5w","status":"publish","type":"product","link":"https:\/\/tanphulinhphukien.vn\/?product=pin-du-phong-recci-rpb_p40-10000mah-pd-22-5w","title":{"rendered":"Pin D\u1ef1 Ph\u00f2ng #RECCI RPB_P40 10000mAh PD 22.5W"},"content":{"rendered":"<p>Pin D\u1ef1 Ph\u00f2ng #RECCI RPB_P40 10000mAh PD 22.5W<br \/>\n( t\u00edch h\u1ee3p s\u1eb5n c\u00e1p s\u1ea1c Type C v\u00e0 Lightning)<\/p>\n<p>C\u00f3 s\u1eb5n 2 m\u00e0u : V\u00e0ng &amp; \u0110en<\/p>\n<p>\ud83d\udc4d \u0110\u01b0\u1ee3c trang b\u1ecb s\u1eb5n 2 d\u00e2y s\u1ea1c chu\u1ea9n Type C v\u00e0 Lighting c\u00f3 chi\u1ec1u d\u00e0i #19cm . D\u00e2y s\u1ea1c n\u00e0y l\u00e0m b\u1eb1ng ch\u1ea5t li\u1ec7u #TPE m\u1ec1m d\u1ebdo v\u00e0 linh ho\u1ea1t, c\u00f3 thi\u1ebft k\u1ebf th\u00f4ng minh, ti\u1ec7n d\u1ee5ng, c\u00f3 th\u1ec3 gi\u1ea5u g\u1ecdn v\u00e0o trong khi kh\u00f4ng s\u1eed d\u1ee5ng<\/p>\n<p>1\ufe0f\u20e3 C\u1ed5ng #Lightning \uf8ff s\u1ea1c nhanh 20W<br \/>\n2\ufe0f\u20e3 C\u1ed5ng #Type_C s\u1ea1c nhanh 22.5W<\/p>\n<p>\ud83d\udc49\ud83c\udffb C\u1ed5ng Type C (support in\/ out) . H\u1ed7 tr\u1ee3 s\u1ea1c nhanh , c\u00f3 th\u1ec3 d\u00f9ng s\u1ea1c pin cho c\u1ea3 3 thi\u1ebft b\u1ecb c\u00f9ng l\u00fac \ud83d\udcf2\ud83d\udcf2\ud83d\udcf2<\/p>\n<p><img loading=\"lazy\" decoding=\"async\" class=\"alignnone size-medium wp-image-8440\" src=\"https:\/\/tanphulinhphukien.vn\/wp-content\/uploads\/2024\/01\/IMG_1922-225x300.jpeg\" alt=\"\" width=\"225\" height=\"300\" srcset=\"https:\/\/tanphulinhphukien.vn\/wp-content\/uploads\/2024\/01\/IMG_1922-225x300.jpeg 225w, https:\/\/tanphulinhphukien.vn\/wp-content\/uploads\/2024\/01\/IMG_1922-768x1024.jpeg 768w, https:\/\/tanphulinhphukien.vn\/wp-content\/uploads\/2024\/01\/IMG_1922-18x24.jpeg 18w, https:\/\/tanphulinhphukien.vn\/wp-content\/uploads\/2024\/01\/IMG_1922-27x36.jpeg 27w, https:\/\/tanphulinhphukien.vn\/wp-content\/uploads\/2024\/01\/IMG_1922-36x48.jpeg 36w, https:\/\/tanphulinhphukien.vn\/wp-content\/uploads\/2024\/01\/IMG_1922-600x800.jpeg 600w, https:\/\/tanphulinhphukien.vn\/wp-content\/uploads\/2024\/01\/IMG_1922.jpeg 960w\" sizes=\"auto, (max-width: 225px) 100vw, 225px\" \/> <img loading=\"lazy\" decoding=\"async\" class=\"alignnone size-medium wp-image-8441\" src=\"https:\/\/tanphulinhphukien.vn\/wp-content\/uploads\/2024\/01\/IMG_1923-225x300.jpeg\" alt=\"\" width=\"225\" height=\"300\" srcset=\"https:\/\/tanphulinhphukien.vn\/wp-content\/uploads\/2024\/01\/IMG_1923-225x300.jpeg 225w, https:\/\/tanphulinhphukien.vn\/wp-content\/uploads\/2024\/01\/IMG_1923-768x1024.jpeg 768w, https:\/\/tanphulinhphukien.vn\/wp-content\/uploads\/2024\/01\/IMG_1923-18x24.jpeg 18w, https:\/\/tanphulinhphukien.vn\/wp-content\/uploads\/2024\/01\/IMG_1923-27x36.jpeg 27w, https:\/\/tanphulinhphukien.vn\/wp-content\/uploads\/2024\/01\/IMG_1923-36x48.jpeg 36w, https:\/\/tanphulinhphukien.vn\/wp-content\/uploads\/2024\/01\/IMG_1923-600x800.jpeg 600w, https:\/\/tanphulinhphukien.vn\/wp-content\/uploads\/2024\/01\/IMG_1923.jpeg 960w\" sizes=\"auto, (max-width: 225px) 100vw, 225px\" \/> <img loading=\"lazy\" decoding=\"async\" class=\"alignnone size-medium wp-image-8442\" src=\"https:\/\/tanphulinhphukien.vn\/wp-content\/uploads\/2024\/01\/IMG_1924-225x300.jpeg\" alt=\"\" width=\"225\" height=\"300\" srcset=\"https:\/\/tanphulinhphukien.vn\/wp-content\/uploads\/2024\/01\/IMG_1924-225x300.jpeg 225w, https:\/\/tanphulinhphukien.vn\/wp-content\/uploads\/2024\/01\/IMG_1924-767x1024.jpeg 767w, https:\/\/tanphulinhphukien.vn\/wp-content\/uploads\/2024\/01\/IMG_1924-768x1025.jpeg 768w, https:\/\/tanphulinhphukien.vn\/wp-content\/uploads\/2024\/01\/IMG_1924-18x24.jpeg 18w, https:\/\/tanphulinhphukien.vn\/wp-content\/uploads\/2024\/01\/IMG_1924-27x36.jpeg 27w, https:\/\/tanphulinhphukien.vn\/wp-content\/uploads\/2024\/01\/IMG_1924-36x48.jpeg 36w, https:\/\/tanphulinhphukien.vn\/wp-content\/uploads\/2024\/01\/IMG_1924-600x801.jpeg 600w, https:\/\/tanphulinhphukien.vn\/wp-content\/uploads\/2024\/01\/IMG_1924.jpeg 956w\" sizes=\"auto, (max-width: 225px) 100vw, 225px\" \/> <img loading=\"lazy\" decoding=\"async\" class=\"alignnone size-medium wp-image-8443\" src=\"https:\/\/tanphulinhphukien.vn\/wp-content\/uploads\/2024\/01\/IMG_1925-225x300.jpeg\" alt=\"\" width=\"225\" height=\"300\" srcset=\"https:\/\/tanphulinhphukien.vn\/wp-content\/uploads\/2024\/01\/IMG_1925-225x300.jpeg 225w, https:\/\/tanphulinhphukien.vn\/wp-content\/uploads\/2024\/01\/IMG_1925-767x1024.jpeg 767w, https:\/\/tanphulinhphukien.vn\/wp-content\/uploads\/2024\/01\/IMG_1925-768x1025.jpeg 768w, https:\/\/tanphulinhphukien.vn\/wp-content\/uploads\/2024\/01\/IMG_1925-18x24.jpeg 18w, https:\/\/tanphulinhphukien.vn\/wp-content\/uploads\/2024\/01\/IMG_1925-27x36.jpeg 27w, https:\/\/tanphulinhphukien.vn\/wp-content\/uploads\/2024\/01\/IMG_1925-36x48.jpeg 36w, https:\/\/tanphulinhphukien.vn\/wp-content\/uploads\/2024\/01\/IMG_1925-600x801.jpeg 600w, https:\/\/tanphulinhphukien.vn\/wp-content\/uploads\/2024\/01\/IMG_1925.jpeg 956w\" sizes=\"auto, (max-width: 225px) 100vw, 225px\" \/> <img loading=\"lazy\" decoding=\"async\" class=\"alignnone size-medium wp-image-8444\" src=\"https:\/\/tanphulinhphukien.vn\/wp-content\/uploads\/2024\/01\/IMG_1926-225x300.jpeg\" alt=\"\" width=\"225\" height=\"300\" srcset=\"https:\/\/tanphulinhphukien.vn\/wp-content\/uploads\/2024\/01\/IMG_1926-225x300.jpeg 225w, https:\/\/tanphulinhphukien.vn\/wp-content\/uploads\/2024\/01\/IMG_1926-767x1024.jpeg 767w, https:\/\/tanphulinhphukien.vn\/wp-content\/uploads\/2024\/01\/IMG_1926-768x1025.jpeg 768w, https:\/\/tanphulinhphukien.vn\/wp-content\/uploads\/2024\/01\/IMG_1926-18x24.jpeg 18w, https:\/\/tanphulinhphukien.vn\/wp-content\/uploads\/2024\/01\/IMG_1926-27x36.jpeg 27w, https:\/\/tanphulinhphukien.vn\/wp-content\/uploads\/2024\/01\/IMG_1926-36x48.jpeg 36w, https:\/\/tanphulinhphukien.vn\/wp-content\/uploads\/2024\/01\/IMG_1926-600x801.jpeg 600w, https:\/\/tanphulinhphukien.vn\/wp-content\/uploads\/2024\/01\/IMG_1926.jpeg 956w\" sizes=\"auto, (max-width: 225px) 100vw, 225px\" \/> <img loading=\"lazy\" decoding=\"async\" class=\"alignnone size-medium wp-image-8445\" src=\"https:\/\/tanphulinhphukien.vn\/wp-content\/uploads\/2024\/01\/IMG_1927-225x300.jpeg\" alt=\"\" width=\"225\" height=\"300\" srcset=\"https:\/\/tanphulinhphukien.vn\/wp-content\/uploads\/2024\/01\/IMG_1927-225x300.jpeg 225w, https:\/\/tanphulinhphukien.vn\/wp-content\/uploads\/2024\/01\/IMG_1927-767x1024.jpeg 767w, https:\/\/tanphulinhphukien.vn\/wp-content\/uploads\/2024\/01\/IMG_1927-768x1025.jpeg 768w, https:\/\/tanphulinhphukien.vn\/wp-content\/uploads\/2024\/01\/IMG_1927-18x24.jpeg 18w, https:\/\/tanphulinhphukien.vn\/wp-content\/uploads\/2024\/01\/IMG_1927-27x36.jpeg 27w, https:\/\/tanphulinhphukien.vn\/wp-content\/uploads\/2024\/01\/IMG_1927-36x48.jpeg 36w, https:\/\/tanphulinhphukien.vn\/wp-content\/uploads\/2024\/01\/IMG_1927-600x801.jpeg 600w, https:\/\/tanphulinhphukien.vn\/wp-content\/uploads\/2024\/01\/IMG_1927.jpeg 956w\" sizes=\"auto, (max-width: 225px) 100vw, 225px\" \/><\/p>\n","protected":false},"excerpt":{"rendered":"<p>Pin D\u1ef1 Ph\u00f2ng #RECCI RPB_P40 10000mAh PD 22.5W ( t\u00edch h\u1ee3p s\u1eb5n c\u00e1p s\u1ea1c Type C v\u00e0 Lightning) C\u00f3 s\u1eb5n 2 m\u00e0u : V\u00e0ng &amp; \u0110en \ud83d\udc4d \u0110\u01b0\u1ee3c trang b\u1ecb s\u1eb5n 2 d\u00e2y s\u1ea1c chu\u1ea9n Type C v\u00e0 Lighting c\u00f3 chi\u1ec1u d\u00e0i #19cm . D\u00e2y s\u1ea1c n\u00e0y l\u00e0m b\u1eb1ng ch\u1ea5t li\u1ec7u #TPE m\u1ec1m d\u1ebdo v\u00e0 &#8230; <a title=\"Pin D\u1ef1 Ph\u00f2ng #RECCI RPB_P40 10000mAh PD 22.5W\" class=\"read-more\" href=\"https:\/\/tanphulinhphukien.vn\/?product=pin-du-phong-recci-rpb_p40-10000mah-pd-22-5w\" aria-label=\"More on Pin D\u1ef1 Ph\u00f2ng #RECCI RPB_P40 10000mAh PD 22.5W\">\u0110\u1ecdc ti\u1ebfp<\/a><\/p>\n","protected":false},"featured_media":8440,"comment_status":"closed","ping_status":"closed","template":"","meta":[],"product_brand":[],"product_cat":[19,526],"product_tag":[],"class_list":{"0":"post-8439","1":"product","2":"type-product","3":"status-publish","4":"has-post-thumbnail","6":"product_cat-phu-kien","7":"product_cat-sac-du-phong-phu-kien","9":"first","10":"instock","11":"shipping-taxable","12":"purchasable","13":"product-type-simple"},"_links":{"self":[{"href":"https:\/\/tanphulinhphukien.vn\/index.php?rest_route=\/wp\/v2\/product\/8439","targetHints":{"allow":["GET"]}}],"collection":[{"href":"https:\/\/tanphulinhphukien.vn\/index.php?rest_route=\/wp\/v2\/product"}],"about":[{"href":"https:\/\/tanphulinhphukien.vn\/index.php?rest_route=\/wp\/v2\/types\/product"}],"replies":[{"embeddable":true,"href":"https:\/\/tanphulinhphukien.vn\/index.php?rest_route=%2Fwp%2Fv2%2Fcomments&post=8439"}],"wp:featuredmedia":[{"embeddable":true,"href":"https:\/\/tanphulinhphukien.vn\/index.php?rest_route=\/wp\/v2\/media\/8440"}],"wp:attachment":[{"href":"https:\/\/tanphulinhphukien.vn\/index.php?rest_route=%2Fwp%2Fv2%2Fmedia&parent=8439"}],"wp:term":[{"taxonomy":"product_brand","embeddable":true,"href":"https:\/\/tanphulinhphukien.vn\/index.php?rest_route=%2Fwp%2Fv2%2Fproduct_brand&post=8439"},{"taxonomy":"product_cat","embeddable":true,"href":"https:\/\/tanphulinhphukien.vn\/index.php?rest_route=%2Fwp%2Fv2%2Fproduct_cat&post=8439"},{"taxonomy":"product_tag","embeddable":true,"href":"https:\/\/tanphulinhphukien.vn\/index.php?rest_route=%2Fwp%2Fv2%2Fproduct_tag&post=8439"}],"curies":[{"name":"wp","href":"https:\/\/api.w.org\/{rel}","templated":true}]}}