{"id":8431,"date":"2024-01-09T17:55:24","date_gmt":"2024-01-09T10:55:24","guid":{"rendered":"https:\/\/tanphulinhphukien.vn\/?post_type=product&#038;p=8431"},"modified":"2024-01-15T18:22:38","modified_gmt":"2024-01-15T11:22:38","slug":"sac-du-phong-trong-suot-chinh-hang-recci-mars-series","status":"publish","type":"product","link":"https:\/\/tanphulinhphukien.vn\/?product=sac-du-phong-trong-suot-chinh-hang-recci-mars-series","title":{"rendered":"S\u1ea1c d\u1ef1 ph\u00f2ng trong su\u1ed1t ch\u00ednh h\u00e3ng #Recci Mars Series"},"content":{"rendered":"<p><!--more--><br \/>\n\ud83d\udd0b Dung l\u01b0\u1ee3ng 10.000mAh , s\u1ea1c nhanh 22.5W<br \/>\n&#8211; Thi\u1ebft k\u1ebf trong su\u1ed1t t\u01b0\u01a1ng lai<br \/>\n&#8211; C\u00f3 \u0111\u00e8n led hi\u1ec7n th\u1ecb pin .<\/p>\n<p><img loading=\"lazy\" decoding=\"async\" class=\"alignnone size-medium wp-image-8432\" src=\"https:\/\/tanphulinhphukien.vn\/wp-content\/uploads\/2024\/01\/IMG_1915-225x300.jpeg\" alt=\"\" width=\"225\" height=\"300\" srcset=\"https:\/\/tanphulinhphukien.vn\/wp-content\/uploads\/2024\/01\/IMG_1915-225x300.jpeg 225w, https:\/\/tanphulinhphukien.vn\/wp-content\/uploads\/2024\/01\/IMG_1915-767x1024.jpeg 767w, https:\/\/tanphulinhphukien.vn\/wp-content\/uploads\/2024\/01\/IMG_1915-768x1025.jpeg 768w, https:\/\/tanphulinhphukien.vn\/wp-content\/uploads\/2024\/01\/IMG_1915-18x24.jpeg 18w, https:\/\/tanphulinhphukien.vn\/wp-content\/uploads\/2024\/01\/IMG_1915-27x36.jpeg 27w, https:\/\/tanphulinhphukien.vn\/wp-content\/uploads\/2024\/01\/IMG_1915-36x48.jpeg 36w, https:\/\/tanphulinhphukien.vn\/wp-content\/uploads\/2024\/01\/IMG_1915-600x801.jpeg 600w, https:\/\/tanphulinhphukien.vn\/wp-content\/uploads\/2024\/01\/IMG_1915.jpeg 956w\" sizes=\"auto, (max-width: 225px) 100vw, 225px\" \/> <img loading=\"lazy\" decoding=\"async\" class=\"alignnone size-medium wp-image-8433\" src=\"https:\/\/tanphulinhphukien.vn\/wp-content\/uploads\/2024\/01\/IMG_1916-225x300.jpeg\" alt=\"\" width=\"225\" height=\"300\" srcset=\"https:\/\/tanphulinhphukien.vn\/wp-content\/uploads\/2024\/01\/IMG_1916-225x300.jpeg 225w, https:\/\/tanphulinhphukien.vn\/wp-content\/uploads\/2024\/01\/IMG_1916-767x1024.jpeg 767w, https:\/\/tanphulinhphukien.vn\/wp-content\/uploads\/2024\/01\/IMG_1916-768x1025.jpeg 768w, https:\/\/tanphulinhphukien.vn\/wp-content\/uploads\/2024\/01\/IMG_1916-18x24.jpeg 18w, https:\/\/tanphulinhphukien.vn\/wp-content\/uploads\/2024\/01\/IMG_1916-27x36.jpeg 27w, https:\/\/tanphulinhphukien.vn\/wp-content\/uploads\/2024\/01\/IMG_1916-36x48.jpeg 36w, https:\/\/tanphulinhphukien.vn\/wp-content\/uploads\/2024\/01\/IMG_1916-600x801.jpeg 600w, https:\/\/tanphulinhphukien.vn\/wp-content\/uploads\/2024\/01\/IMG_1916.jpeg 956w\" sizes=\"auto, (max-width: 225px) 100vw, 225px\" \/> <img loading=\"lazy\" decoding=\"async\" class=\"alignnone size-medium wp-image-8434\" src=\"https:\/\/tanphulinhphukien.vn\/wp-content\/uploads\/2024\/01\/IMG_1917-225x300.jpeg\" alt=\"\" width=\"225\" height=\"300\" \/> <img loading=\"lazy\" decoding=\"async\" class=\"alignnone size-medium wp-image-8435\" src=\"https:\/\/tanphulinhphukien.vn\/wp-content\/uploads\/2024\/01\/IMG_1918-225x300.jpeg\" alt=\"\" width=\"225\" height=\"300\" \/> <img loading=\"lazy\" decoding=\"async\" class=\"alignnone size-medium wp-image-8436\" src=\"https:\/\/tanphulinhphukien.vn\/wp-content\/uploads\/2024\/01\/IMG_1919-225x300.jpeg\" alt=\"\" width=\"225\" height=\"300\" srcset=\"https:\/\/tanphulinhphukien.vn\/wp-content\/uploads\/2024\/01\/IMG_1919-225x300.jpeg 225w, https:\/\/tanphulinhphukien.vn\/wp-content\/uploads\/2024\/01\/IMG_1919-768x1024.jpeg 768w, https:\/\/tanphulinhphukien.vn\/wp-content\/uploads\/2024\/01\/IMG_1919-18x24.jpeg 18w, https:\/\/tanphulinhphukien.vn\/wp-content\/uploads\/2024\/01\/IMG_1919-27x36.jpeg 27w, https:\/\/tanphulinhphukien.vn\/wp-content\/uploads\/2024\/01\/IMG_1919-36x48.jpeg 36w, https:\/\/tanphulinhphukien.vn\/wp-content\/uploads\/2024\/01\/IMG_1919-600x800.jpeg 600w, https:\/\/tanphulinhphukien.vn\/wp-content\/uploads\/2024\/01\/IMG_1919.jpeg 960w\" sizes=\"auto, (max-width: 225px) 100vw, 225px\" \/> <img loading=\"lazy\" decoding=\"async\" class=\"alignnone size-medium wp-image-8437\" src=\"https:\/\/tanphulinhphukien.vn\/wp-content\/uploads\/2024\/01\/IMG_1920-225x300.jpeg\" alt=\"\" width=\"225\" height=\"300\" srcset=\"https:\/\/tanphulinhphukien.vn\/wp-content\/uploads\/2024\/01\/IMG_1920-225x300.jpeg 225w, https:\/\/tanphulinhphukien.vn\/wp-content\/uploads\/2024\/01\/IMG_1920-768x1024.jpeg 768w, https:\/\/tanphulinhphukien.vn\/wp-content\/uploads\/2024\/01\/IMG_1920-18x24.jpeg 18w, https:\/\/tanphulinhphukien.vn\/wp-content\/uploads\/2024\/01\/IMG_1920-27x36.jpeg 27w, https:\/\/tanphulinhphukien.vn\/wp-content\/uploads\/2024\/01\/IMG_1920-36x48.jpeg 36w, https:\/\/tanphulinhphukien.vn\/wp-content\/uploads\/2024\/01\/IMG_1920-600x800.jpeg 600w, https:\/\/tanphulinhphukien.vn\/wp-content\/uploads\/2024\/01\/IMG_1920.jpeg 960w\" sizes=\"auto, (max-width: 225px) 100vw, 225px\" \/> <img loading=\"lazy\" decoding=\"async\" class=\"alignnone size-medium wp-image-8438\" src=\"https:\/\/tanphulinhphukien.vn\/wp-content\/uploads\/2024\/01\/IMG_1921-225x300.jpeg\" alt=\"\" width=\"225\" height=\"300\" srcset=\"https:\/\/tanphulinhphukien.vn\/wp-content\/uploads\/2024\/01\/IMG_1921-225x300.jpeg 225w, https:\/\/tanphulinhphukien.vn\/wp-content\/uploads\/2024\/01\/IMG_1921-768x1024.jpeg 768w, https:\/\/tanphulinhphukien.vn\/wp-content\/uploads\/2024\/01\/IMG_1921-18x24.jpeg 18w, https:\/\/tanphulinhphukien.vn\/wp-content\/uploads\/2024\/01\/IMG_1921-27x36.jpeg 27w, https:\/\/tanphulinhphukien.vn\/wp-content\/uploads\/2024\/01\/IMG_1921-36x48.jpeg 36w, https:\/\/tanphulinhphukien.vn\/wp-content\/uploads\/2024\/01\/IMG_1921-600x800.jpeg 600w, https:\/\/tanphulinhphukien.vn\/wp-content\/uploads\/2024\/01\/IMG_1921.jpeg 960w\" sizes=\"auto, (max-width: 225px) 100vw, 225px\" \/><\/p>\n","protected":false},"excerpt":{"rendered":"","protected":false},"featured_media":8432,"comment_status":"closed","ping_status":"closed","template":"","meta":[],"product_brand":[],"product_cat":[19,526],"product_tag":[],"class_list":{"0":"post-8431","1":"product","2":"type-product","3":"status-publish","4":"has-post-thumbnail","6":"product_cat-phu-kien","7":"product_cat-sac-du-phong-phu-kien","9":"first","10":"instock","11":"shipping-taxable","12":"purchasable","13":"product-type-simple"},"_links":{"self":[{"href":"https:\/\/tanphulinhphukien.vn\/index.php?rest_route=\/wp\/v2\/product\/8431","targetHints":{"allow":["GET"]}}],"collection":[{"href":"https:\/\/tanphulinhphukien.vn\/index.php?rest_route=\/wp\/v2\/product"}],"about":[{"href":"https:\/\/tanphulinhphukien.vn\/index.php?rest_route=\/wp\/v2\/types\/product"}],"replies":[{"embeddable":true,"href":"https:\/\/tanphulinhphukien.vn\/index.php?rest_route=%2Fwp%2Fv2%2Fcomments&post=8431"}],"wp:featuredmedia":[{"embeddable":true,"href":"https:\/\/tanphulinhphukien.vn\/index.php?rest_route=\/wp\/v2\/media\/8432"}],"wp:attachment":[{"href":"https:\/\/tanphulinhphukien.vn\/index.php?rest_route=%2Fwp%2Fv2%2Fmedia&parent=8431"}],"wp:term":[{"taxonomy":"product_brand","embeddable":true,"href":"https:\/\/tanphulinhphukien.vn\/index.php?rest_route=%2Fwp%2Fv2%2Fproduct_brand&post=8431"},{"taxonomy":"product_cat","embeddable":true,"href":"https:\/\/tanphulinhphukien.vn\/index.php?rest_route=%2Fwp%2Fv2%2Fproduct_cat&post=8431"},{"taxonomy":"product_tag","embeddable":true,"href":"https:\/\/tanphulinhphukien.vn\/index.php?rest_route=%2Fwp%2Fv2%2Fproduct_tag&post=8431"}],"curies":[{"name":"wp","href":"https:\/\/api.w.org\/{rel}","templated":true}]}}