{"id":8429,"date":"2024-01-09T17:48:50","date_gmt":"2024-01-09T10:48:50","guid":{"rendered":"https:\/\/tanphulinhphukien.vn\/?post_type=product&#038;p=8429"},"modified":"2024-01-09T17:48:50","modified_gmt":"2024-01-09T10:48:50","slug":"op-trong-magsafe-rock-15promax","status":"publish","type":"product","link":"https:\/\/tanphulinhphukien.vn\/?product=op-trong-magsafe-rock-15promax","title":{"rendered":"\u1ed0p Trong Magsafe Rock 15ProMax"},"content":{"rendered":"<p>\u2022 \u1ed0P L\u01afNG IPHONE 15ProMax &amp; 15Pro<br \/>\nROCK MAGSAFE L\u01afNG C\u1ee8NG TRONG VI\u1ec0N D\u1ebaO CH\u00cdNH H\u00c3NG<br \/>\n\ud83d\udcccC\u1ee9ng c\u00e1p v\u00e0 trong su\u1ed1t kh\u00f4ng b\u1ecb ng\u1ea3 m\u00e0u khi s\u1eed d\u1ee5ng.<br \/>\n\ud83d\udcccKh\u1ecfi tr\u00e0y x\u01b0\u1edbc, ch\u1ecbu va \u0111\u1eadp t\u1ed1t, thi\u1ebft k\u1ebf n\u00fat b\u1ea5m, loa, ch\u00e2n s\u1ea1c ch\u00ednh x\u00e1c t\u1ec9 m\u1ec9 d\u1ec5 d\u00e0ng s\u1eed d\u1ee5ng.<br \/>\n\ud83d\udcccTrang b\u1ecb h\u1ed7 tr\u1ee3 s\u1ea1c Magsafe &#8211; c\u00f4ng ngh\u1ec7 s\u1ea1c hi\u1ec7n \u0111\u1ea1i \u0111\u01b0\u1ee3c trang b\u1ecb tr\u00ean c\u00e1c d\u00f2ng iPhone m\u1edbi hi\u1ec7n nay.<\/p>\n<blockquote>\n<ul>\n<li><img loading=\"lazy\" decoding=\"async\" class=\"alignnone size-medium wp-image-8430\" src=\"https:\/\/tanphulinhphukien.vn\/wp-content\/uploads\/2024\/01\/IMG_1914-247x300.jpeg\" alt=\"\" width=\"247\" height=\"300\" srcset=\"https:\/\/tanphulinhphukien.vn\/wp-content\/uploads\/2024\/01\/IMG_1914-247x300.jpeg 247w, https:\/\/tanphulinhphukien.vn\/wp-content\/uploads\/2024\/01\/IMG_1914-842x1024.jpeg 842w, https:\/\/tanphulinhphukien.vn\/wp-content\/uploads\/2024\/01\/IMG_1914-768x934.jpeg 768w, https:\/\/tanphulinhphukien.vn\/wp-content\/uploads\/2024\/01\/IMG_1914-20x24.jpeg 20w, https:\/\/tanphulinhphukien.vn\/wp-content\/uploads\/2024\/01\/IMG_1914-30x36.jpeg 30w, https:\/\/tanphulinhphukien.vn\/wp-content\/uploads\/2024\/01\/IMG_1914-39x48.jpeg 39w, https:\/\/tanphulinhphukien.vn\/wp-content\/uploads\/2024\/01\/IMG_1914-600x730.jpeg 600w, https:\/\/tanphulinhphukien.vn\/wp-content\/uploads\/2024\/01\/IMG_1914.jpeg 1052w\" sizes=\"auto, (max-width: 247px) 100vw, 247px\" \/><\/li>\n<\/ul>\n<\/blockquote>\n","protected":false},"excerpt":{"rendered":"<p>\u2022 \u1ed0P L\u01afNG IPHONE 15ProMax &amp; 15Pro ROCK MAGSAFE L\u01afNG C\u1ee8NG TRONG VI\u1ec0N D\u1ebaO CH\u00cdNH H\u00c3NG \ud83d\udcccC\u1ee9ng c\u00e1p v\u00e0 trong su\u1ed1t kh\u00f4ng b\u1ecb ng\u1ea3 m\u00e0u khi s\u1eed d\u1ee5ng. \ud83d\udcccKh\u1ecfi tr\u00e0y x\u01b0\u1edbc, ch\u1ecbu va \u0111\u1eadp t\u1ed1t, thi\u1ebft k\u1ebf n\u00fat b\u1ea5m, loa, ch\u00e2n s\u1ea1c ch\u00ednh x\u00e1c t\u1ec9 m\u1ec9 d\u1ec5 d\u00e0ng s\u1eed d\u1ee5ng. \ud83d\udcccTrang b\u1ecb h\u1ed7 tr\u1ee3 s\u1ea1c &#8230; <a title=\"\u1ed0p Trong Magsafe Rock 15ProMax\" class=\"read-more\" href=\"https:\/\/tanphulinhphukien.vn\/?product=op-trong-magsafe-rock-15promax\" aria-label=\"More on \u1ed0p Trong Magsafe Rock 15ProMax\">\u0110\u1ecdc ti\u1ebfp<\/a><\/p>\n","protected":false},"featured_media":8430,"comment_status":"closed","ping_status":"closed","template":"","meta":[],"product_brand":[],"product_cat":[50,19],"product_tag":[],"class_list":{"0":"post-8429","1":"product","2":"type-product","3":"status-publish","4":"has-post-thumbnail","6":"product_cat-op-lung-iphone","7":"product_cat-phu-kien","9":"first","10":"instock","11":"shipping-taxable","12":"purchasable","13":"product-type-simple"},"_links":{"self":[{"href":"https:\/\/tanphulinhphukien.vn\/index.php?rest_route=\/wp\/v2\/product\/8429","targetHints":{"allow":["GET"]}}],"collection":[{"href":"https:\/\/tanphulinhphukien.vn\/index.php?rest_route=\/wp\/v2\/product"}],"about":[{"href":"https:\/\/tanphulinhphukien.vn\/index.php?rest_route=\/wp\/v2\/types\/product"}],"replies":[{"embeddable":true,"href":"https:\/\/tanphulinhphukien.vn\/index.php?rest_route=%2Fwp%2Fv2%2Fcomments&post=8429"}],"wp:featuredmedia":[{"embeddable":true,"href":"https:\/\/tanphulinhphukien.vn\/index.php?rest_route=\/wp\/v2\/media\/8430"}],"wp:attachment":[{"href":"https:\/\/tanphulinhphukien.vn\/index.php?rest_route=%2Fwp%2Fv2%2Fmedia&parent=8429"}],"wp:term":[{"taxonomy":"product_brand","embeddable":true,"href":"https:\/\/tanphulinhphukien.vn\/index.php?rest_route=%2Fwp%2Fv2%2Fproduct_brand&post=8429"},{"taxonomy":"product_cat","embeddable":true,"href":"https:\/\/tanphulinhphukien.vn\/index.php?rest_route=%2Fwp%2Fv2%2Fproduct_cat&post=8429"},{"taxonomy":"product_tag","embeddable":true,"href":"https:\/\/tanphulinhphukien.vn\/index.php?rest_route=%2Fwp%2Fv2%2Fproduct_tag&post=8429"}],"curies":[{"name":"wp","href":"https:\/\/api.w.org\/{rel}","templated":true}]}}