{"id":8411,"date":"2024-01-09T17:35:55","date_gmt":"2024-01-09T10:35:55","guid":{"rendered":"https:\/\/tanphulinhphukien.vn\/?post_type=product&#038;p=8411"},"modified":"2024-01-13T15:24:20","modified_gmt":"2024-01-13T08:24:20","slug":"tam-phu-ban-phim-%f0%9d%97%a0%f0%9d%97%ae%f0%9d%97%b0%f0%9d%97%af%f0%9d%97%bc%f0%9d%97%bc%f0%9d%97%b8-%e2%8c%a8%ef%b8%8f-%f0%9d%97%9e%f0%9d%97%b2%f0%9d%98%86%f0%9d%97%af%f0%9d%97%bc%f0%9d%97%ae","status":"publish","type":"product","link":"https:\/\/tanphulinhphukien.vn\/?product=tam-phu-ban-phim-%f0%9d%97%a0%f0%9d%97%ae%f0%9d%97%b0%f0%9d%97%af%f0%9d%97%bc%f0%9d%97%bc%f0%9d%97%b8-%e2%8c%a8%ef%b8%8f-%f0%9d%97%9e%f0%9d%97%b2%f0%9d%98%86%f0%9d%97%af%f0%9d%97%bc%f0%9d%97%ae","title":{"rendered":"T\u1ea5m ph\u1ee7 b\u00e0n ph\u00edm \ud835\udde0\ud835\uddee\ud835\uddf0\ud835\uddef\ud835\uddfc\ud835\uddfc\ud835\uddf8 \u2328\ufe0f \ud835\uddde\ud835\uddf2\ud835\ude06\ud835\uddef\ud835\uddfc\ud835\uddee\ud835\uddff\ud835\uddf1 \ud835\udde6\ud835\uddf8\ud835\uddf6\ud835\uddfb &#8211; ch\u00ednh h\u00e3ng #COTEetCi"},"content":{"rendered":"<p>T\u1ea5m ph\u1ee7 b\u00e0n ph\u00edm \ud835\udde0\ud835\uddee\ud835\uddf0\ud835\uddef\ud835\uddfc\ud835\uddfc\ud835\uddf8 \u2328\ufe0f<br \/>\n\ud835\uddde\ud835\uddf2\ud835\ude06\ud835\uddef\ud835\uddfc\ud835\uddee\ud835\uddff\ud835\uddf1 \ud835\udde6\ud835\uddf8\ud835\uddf6\ud835\uddfb &#8211; ch\u00ednh h\u00e3ng #COTEetCi<\/p>\n<p>\u2713 \u0110\u01b0\u1ee3c l\u00e0m t\u1eeb nh\u1ef1a \ud835\ude00\ud835\uddf6\ud835\uddf9\ud835\uddf6\ud835\uddf0\ud835\uddfc\ud835\uddfb\ud835\uddf2 \ud835\udde7\ud835\udde3\ud835\udde8 si\u00eau b\u1ec1n c\u00f3 t\u00ednh ng\u0103n d\u1ea7u , m\u1ed3 h\u00f4i tay , ch\u1ed1ng th\u1ea5m n\u01b0\u1edbc , ch\u1ed1ng b\u00e1m b\u1ee5i v\u00e0o ph\u00edm v\u00e0 d\u1ec5 d\u00e0ng v\u1ec7 sinh<br \/>\n\u2713 Mi\u1ebfng l\u00f3t ch\u1ec9 m\u1ecfng \ud835\udfce,\ud835\udfd1 \ud835\udc25\ud835\udc22 si\u00eau m\u1ecfng \u00f4m s\u00e1t ph\u00edm m\u00e1y #Macbook cho c\u1ea3m gi\u00e1c b\u1ea5m n\u00fat c\u00e1c ph\u00edm \u00eam h\u01a1n<\/p>\n<p>\uf8ff D\u00e0nh cho d\u00f2ng \ud835\udde0\ud835\uddee\ud835\uddf0\ud835\uddef\ud835\uddfc\ud835\uddfc\ud835\uddf8 :<\/p>\n<p>\ud83d\udcbb \ud835\udde0\ud835\uddee\ud835\uddf0\ud835\uddef\ud835\uddfc\ud835\uddfc\ud835\uddf8 Air New 13\u201d (A1932)<br \/>\n\ud83d\udcbb \ud835\udde0\ud835\uddee\ud835\uddf0\ud835\uddef\ud835\uddfc\ud835\uddfc\ud835\uddf8 New 14\u201d &amp; 16\u201d (2021)<\/p>\n<p><img loading=\"lazy\" decoding=\"async\" class=\"alignnone size-medium wp-image-8412\" src=\"https:\/\/tanphulinhphukien.vn\/wp-content\/uploads\/2024\/01\/IMG_1899-225x300.jpeg\" alt=\"\" width=\"225\" height=\"300\" \/><\/p>\n","protected":false},"excerpt":{"rendered":"<p>T\u1ea5m ph\u1ee7 b\u00e0n ph\u00edm \ud835\udde0\ud835\uddee\ud835\uddf0\ud835\uddef\ud835\uddfc\ud835\uddfc\ud835\uddf8 \u2328\ufe0f \ud835\uddde\ud835\uddf2\ud835\ude06\ud835\uddef\ud835\uddfc\ud835\uddee\ud835\uddff\ud835\uddf1 \ud835\udde6\ud835\uddf8\ud835\uddf6\ud835\uddfb &#8211; ch\u00ednh h\u00e3ng #COTEetCi \u2713 \u0110\u01b0\u1ee3c l\u00e0m t\u1eeb nh\u1ef1a \ud835\ude00\ud835\uddf6\ud835\uddf9\ud835\uddf6\ud835\uddf0\ud835\uddfc\ud835\uddfb\ud835\uddf2 \ud835\udde7\ud835\udde3\ud835\udde8 si\u00eau b\u1ec1n c\u00f3 t\u00ednh ng\u0103n d\u1ea7u , m\u1ed3 h\u00f4i tay , ch\u1ed1ng th\u1ea5m n\u01b0\u1edbc , ch\u1ed1ng b\u00e1m b\u1ee5i v\u00e0o ph\u00edm v\u00e0 d\u1ec5 d\u00e0ng v\u1ec7 sinh \u2713 Mi\u1ebfng l\u00f3t ch\u1ec9 m\u1ecfng \ud835\udfce,\ud835\udfd1 \ud835\udc25\ud835\udc22 si\u00eau m\u1ecfng \u00f4m s\u00e1t &#8230; <a title=\"T\u1ea5m ph\u1ee7 b\u00e0n ph\u00edm \ud835\udde0\ud835\uddee\ud835\uddf0\ud835\uddef\ud835\uddfc\ud835\uddfc\ud835\uddf8 \u2328\ufe0f \ud835\uddde\ud835\uddf2\ud835\ude06\ud835\uddef\ud835\uddfc\ud835\uddee\ud835\uddff\ud835\uddf1 \ud835\udde6\ud835\uddf8\ud835\uddf6\ud835\uddfb &#8211; ch\u00ednh h\u00e3ng #COTEetCi\" class=\"read-more\" href=\"https:\/\/tanphulinhphukien.vn\/?product=tam-phu-ban-phim-%f0%9d%97%a0%f0%9d%97%ae%f0%9d%97%b0%f0%9d%97%af%f0%9d%97%bc%f0%9d%97%bc%f0%9d%97%b8-%e2%8c%a8%ef%b8%8f-%f0%9d%97%9e%f0%9d%97%b2%f0%9d%98%86%f0%9d%97%af%f0%9d%97%bc%f0%9d%97%ae\" aria-label=\"More on T\u1ea5m ph\u1ee7 b\u00e0n ph\u00edm \ud835\udde0\ud835\uddee\ud835\uddf0\ud835\uddef\ud835\uddfc\ud835\uddfc\ud835\uddf8 \u2328\ufe0f \ud835\uddde\ud835\uddf2\ud835\ude06\ud835\uddef\ud835\uddfc\ud835\uddee\ud835\uddff\ud835\uddf1 \ud835\udde6\ud835\uddf8\ud835\uddf6\ud835\uddfb &#8211; ch\u00ednh h\u00e3ng #COTEetCi\">\u0110\u1ecdc ti\u1ebfp<\/a><\/p>\n","protected":false},"featured_media":8701,"comment_status":"closed","ping_status":"closed","template":"","meta":[],"product_brand":[],"product_cat":[19,538],"product_tag":[],"class_list":{"0":"post-8411","1":"product","2":"type-product","3":"status-publish","4":"has-post-thumbnail","6":"product_cat-phu-kien","7":"product_cat-phu-kien-macbook","9":"first","10":"instock","11":"shipping-taxable","12":"purchasable","13":"product-type-simple"},"_links":{"self":[{"href":"https:\/\/tanphulinhphukien.vn\/index.php?rest_route=\/wp\/v2\/product\/8411","targetHints":{"allow":["GET"]}}],"collection":[{"href":"https:\/\/tanphulinhphukien.vn\/index.php?rest_route=\/wp\/v2\/product"}],"about":[{"href":"https:\/\/tanphulinhphukien.vn\/index.php?rest_route=\/wp\/v2\/types\/product"}],"replies":[{"embeddable":true,"href":"https:\/\/tanphulinhphukien.vn\/index.php?rest_route=%2Fwp%2Fv2%2Fcomments&post=8411"}],"wp:featuredmedia":[{"embeddable":true,"href":"https:\/\/tanphulinhphukien.vn\/index.php?rest_route=\/wp\/v2\/media\/8701"}],"wp:attachment":[{"href":"https:\/\/tanphulinhphukien.vn\/index.php?rest_route=%2Fwp%2Fv2%2Fmedia&parent=8411"}],"wp:term":[{"taxonomy":"product_brand","embeddable":true,"href":"https:\/\/tanphulinhphukien.vn\/index.php?rest_route=%2Fwp%2Fv2%2Fproduct_brand&post=8411"},{"taxonomy":"product_cat","embeddable":true,"href":"https:\/\/tanphulinhphukien.vn\/index.php?rest_route=%2Fwp%2Fv2%2Fproduct_cat&post=8411"},{"taxonomy":"product_tag","embeddable":true,"href":"https:\/\/tanphulinhphukien.vn\/index.php?rest_route=%2Fwp%2Fv2%2Fproduct_tag&post=8411"}],"curies":[{"name":"wp","href":"https:\/\/api.w.org\/{rel}","templated":true}]}}