{"id":8405,"date":"2024-01-09T17:11:00","date_gmt":"2024-01-09T10:11:00","guid":{"rendered":"https:\/\/tanphulinhphukien.vn\/?post_type=product&#038;p=8405"},"modified":"2024-01-13T15:26:26","modified_gmt":"2024-01-13T08:26:26","slug":"op-van-da-chinh-hang-jmgokit-iphone-15promax","status":"publish","type":"product","link":"https:\/\/tanphulinhphukien.vn\/?product=op-van-da-chinh-hang-jmgokit-iphone-15promax","title":{"rendered":"\u1ed0p v\u00e2n \u0111\u00e1 ch\u00ednh h\u00e3ng JMGOKIT IPhone 15ProMax"},"content":{"rendered":"<p>\u1ed0p v\u00e2n \u0111\u00e1 ch\u00ednh h\u00e3ng JMGOKIT<br \/>\nSang tr\u1ecdng \u2728 Qu\u00fd Ph\u00e1i<\/p>\n<p>\ud83e\udd0d\ud83e\ude75\ud83d\udda4 3 m\u00e0u ho\u1ea1 ti\u1ebft c\u1ef1c xinh cho ch\u1ecb em l\u1ef1a ch\u1ecdn<\/p>\n<p>\uf8ff #iPhone15ProMax<\/p>\n<p><img loading=\"lazy\" decoding=\"async\" class=\"alignnone size-medium wp-image-8406\" src=\"https:\/\/tanphulinhphukien.vn\/wp-content\/uploads\/2024\/01\/IMG_1887-251x300.jpeg\" alt=\"\" width=\"251\" height=\"300\" \/> <img loading=\"lazy\" decoding=\"async\" class=\"alignnone size-medium wp-image-8407\" src=\"https:\/\/tanphulinhphukien.vn\/wp-content\/uploads\/2024\/01\/IMG_1889-225x300.jpeg\" alt=\"\" width=\"225\" height=\"300\" \/> <img loading=\"lazy\" decoding=\"async\" class=\"alignnone size-medium wp-image-8408\" src=\"https:\/\/tanphulinhphukien.vn\/wp-content\/uploads\/2024\/01\/IMG_1890-234x300.jpeg\" alt=\"\" width=\"234\" height=\"300\" \/> <img loading=\"lazy\" decoding=\"async\" class=\"alignnone size-medium wp-image-8409\" src=\"https:\/\/tanphulinhphukien.vn\/wp-content\/uploads\/2024\/01\/IMG_1888-274x300.jpeg\" alt=\"\" width=\"274\" height=\"300\" \/><\/p>\n","protected":false},"excerpt":{"rendered":"<p>\u1ed0p v\u00e2n \u0111\u00e1 ch\u00ednh h\u00e3ng JMGOKIT Sang tr\u1ecdng \u2728 Qu\u00fd Ph\u00e1i \ud83e\udd0d\ud83e\ude75\ud83d\udda4 3 m\u00e0u ho\u1ea1 ti\u1ebft c\u1ef1c xinh cho ch\u1ecb em l\u1ef1a ch\u1ecdn \uf8ff #iPhone15ProMax<\/p>\n","protected":false},"featured_media":8702,"comment_status":"closed","ping_status":"closed","template":"","meta":[],"product_brand":[],"product_cat":[50,19],"product_tag":[],"class_list":{"0":"post-8405","1":"product","2":"type-product","3":"status-publish","4":"has-post-thumbnail","6":"product_cat-op-lung-iphone","7":"product_cat-phu-kien","9":"first","10":"instock","11":"shipping-taxable","12":"purchasable","13":"product-type-simple"},"_links":{"self":[{"href":"https:\/\/tanphulinhphukien.vn\/index.php?rest_route=\/wp\/v2\/product\/8405","targetHints":{"allow":["GET"]}}],"collection":[{"href":"https:\/\/tanphulinhphukien.vn\/index.php?rest_route=\/wp\/v2\/product"}],"about":[{"href":"https:\/\/tanphulinhphukien.vn\/index.php?rest_route=\/wp\/v2\/types\/product"}],"replies":[{"embeddable":true,"href":"https:\/\/tanphulinhphukien.vn\/index.php?rest_route=%2Fwp%2Fv2%2Fcomments&post=8405"}],"wp:featuredmedia":[{"embeddable":true,"href":"https:\/\/tanphulinhphukien.vn\/index.php?rest_route=\/wp\/v2\/media\/8702"}],"wp:attachment":[{"href":"https:\/\/tanphulinhphukien.vn\/index.php?rest_route=%2Fwp%2Fv2%2Fmedia&parent=8405"}],"wp:term":[{"taxonomy":"product_brand","embeddable":true,"href":"https:\/\/tanphulinhphukien.vn\/index.php?rest_route=%2Fwp%2Fv2%2Fproduct_brand&post=8405"},{"taxonomy":"product_cat","embeddable":true,"href":"https:\/\/tanphulinhphukien.vn\/index.php?rest_route=%2Fwp%2Fv2%2Fproduct_cat&post=8405"},{"taxonomy":"product_tag","embeddable":true,"href":"https:\/\/tanphulinhphukien.vn\/index.php?rest_route=%2Fwp%2Fv2%2Fproduct_tag&post=8405"}],"curies":[{"name":"wp","href":"https:\/\/api.w.org\/{rel}","templated":true}]}}