{"id":8388,"date":"2024-01-09T16:55:29","date_gmt":"2024-01-09T09:55:29","guid":{"rendered":"https:\/\/tanphulinhphukien.vn\/?post_type=product&#038;p=8388"},"modified":"2024-01-13T15:33:25","modified_gmt":"2024-01-13T08:33:25","slug":"op-iphone-15promax-chinh-hang-likgus-magnetic","status":"publish","type":"product","link":"https:\/\/tanphulinhphukien.vn\/?product=op-iphone-15promax-chinh-hang-likgus-magnetic","title":{"rendered":"\u1ed0p iPhone 15ProMax ch\u00ednh h\u00e3ng Likgus Magnetic"},"content":{"rendered":"<p>\u1ed0p iPhone 15ProMax ch\u00ednh h\u00e3ng Likgus Magnetic<br \/>\n\u2022 M\u1eb7t trong c\u1ee9ng kh\u00f4ng \u1ed1 v\u00e0ng \ud83d\udcaf<br \/>\n\u2022 Vi\u1ec1n nh\u1ef1a d\u1ebbo , d\u1ec5 d\u00e0ng th\u00e1o l\u1eafp .<\/p>\n<p>C\u00f3 3 M\u00e0u : \u0110en &amp; Xanh \u2022 X\u00e1m<\/p>\n<p><img loading=\"lazy\" decoding=\"async\" class=\"alignnone size-medium wp-image-8389\" src=\"https:\/\/tanphulinhphukien.vn\/wp-content\/uploads\/2024\/01\/IMG_1871-266x300.jpeg\" alt=\"\" width=\"266\" height=\"300\" \/> <img loading=\"lazy\" decoding=\"async\" class=\"alignnone size-medium wp-image-8390\" src=\"https:\/\/tanphulinhphukien.vn\/wp-content\/uploads\/2024\/01\/IMG_1872-225x300.jpeg\" alt=\"\" width=\"225\" height=\"300\" \/> <img loading=\"lazy\" decoding=\"async\" class=\"alignnone size-medium wp-image-8391\" src=\"https:\/\/tanphulinhphukien.vn\/wp-content\/uploads\/2024\/01\/IMG_1873-225x300.jpeg\" alt=\"\" width=\"225\" height=\"300\" \/> <img loading=\"lazy\" decoding=\"async\" class=\"alignnone size-medium wp-image-8392\" src=\"https:\/\/tanphulinhphukien.vn\/wp-content\/uploads\/2024\/01\/IMG_1874-225x300.jpeg\" alt=\"\" width=\"225\" height=\"300\" \/> <img loading=\"lazy\" decoding=\"async\" class=\"alignnone size-medium wp-image-8393\" src=\"https:\/\/tanphulinhphukien.vn\/wp-content\/uploads\/2024\/01\/IMG_1875-225x300.jpeg\" alt=\"\" width=\"225\" height=\"300\" \/> <img loading=\"lazy\" decoding=\"async\" class=\"alignnone size-medium wp-image-8394\" src=\"https:\/\/tanphulinhphukien.vn\/wp-content\/uploads\/2024\/01\/IMG_1876-225x300.jpeg\" alt=\"\" width=\"225\" height=\"300\" \/><\/p>\n","protected":false},"excerpt":{"rendered":"<p>\u1ed0p iPhone 15ProMax ch\u00ednh h\u00e3ng Likgus Magnetic \u2022 M\u1eb7t trong c\u1ee9ng kh\u00f4ng \u1ed1 v\u00e0ng \ud83d\udcaf \u2022 Vi\u1ec1n nh\u1ef1a d\u1ebbo , d\u1ec5 d\u00e0ng th\u00e1o l\u1eafp . C\u00f3 3 M\u00e0u : \u0110en &amp; Xanh \u2022 X\u00e1m<\/p>\n","protected":false},"featured_media":8703,"comment_status":"closed","ping_status":"closed","template":"","meta":[],"product_brand":[],"product_cat":[50,19],"product_tag":[],"class_list":{"0":"post-8388","1":"product","2":"type-product","3":"status-publish","4":"has-post-thumbnail","6":"product_cat-op-lung-iphone","7":"product_cat-phu-kien","9":"first","10":"instock","11":"shipping-taxable","12":"purchasable","13":"product-type-simple"},"_links":{"self":[{"href":"https:\/\/tanphulinhphukien.vn\/index.php?rest_route=\/wp\/v2\/product\/8388","targetHints":{"allow":["GET"]}}],"collection":[{"href":"https:\/\/tanphulinhphukien.vn\/index.php?rest_route=\/wp\/v2\/product"}],"about":[{"href":"https:\/\/tanphulinhphukien.vn\/index.php?rest_route=\/wp\/v2\/types\/product"}],"replies":[{"embeddable":true,"href":"https:\/\/tanphulinhphukien.vn\/index.php?rest_route=%2Fwp%2Fv2%2Fcomments&post=8388"}],"wp:featuredmedia":[{"embeddable":true,"href":"https:\/\/tanphulinhphukien.vn\/index.php?rest_route=\/wp\/v2\/media\/8703"}],"wp:attachment":[{"href":"https:\/\/tanphulinhphukien.vn\/index.php?rest_route=%2Fwp%2Fv2%2Fmedia&parent=8388"}],"wp:term":[{"taxonomy":"product_brand","embeddable":true,"href":"https:\/\/tanphulinhphukien.vn\/index.php?rest_route=%2Fwp%2Fv2%2Fproduct_brand&post=8388"},{"taxonomy":"product_cat","embeddable":true,"href":"https:\/\/tanphulinhphukien.vn\/index.php?rest_route=%2Fwp%2Fv2%2Fproduct_cat&post=8388"},{"taxonomy":"product_tag","embeddable":true,"href":"https:\/\/tanphulinhphukien.vn\/index.php?rest_route=%2Fwp%2Fv2%2Fproduct_tag&post=8388"}],"curies":[{"name":"wp","href":"https:\/\/api.w.org\/{rel}","templated":true}]}}