{"id":8332,"date":"2024-01-09T15:30:52","date_gmt":"2024-01-09T08:30:52","guid":{"rendered":"https:\/\/tanphulinhphukien.vn\/?post_type=product&#038;p=8332"},"modified":"2024-01-09T15:30:53","modified_gmt":"2024-01-09T08:30:53","slug":"op-iphone-15promax-x-level-pithy-stone-magnet-case","status":"publish","type":"product","link":"https:\/\/tanphulinhphukien.vn\/?product=op-iphone-15promax-x-level-pithy-stone-magnet-case","title":{"rendered":"\u1ed0p iPhone 15ProMax X-Level Pithy Stone Magnet Case"},"content":{"rendered":"<p>\u1ed0p l\u01b0ng nh\u00e1m k\u00e8m k\u1ec7 cho IPhone 15 Pro Max, Ch\u00ednh h\u00e3ng X-Level Pithy Stone Magnet Case<\/p>\n<p>\u2022 Ch\u1ea5t li\u1ec7u : PC + Metal<br \/>\n\u2022 T\u00ednh n\u0103ng : T\u00edch h\u1ee3p ch\u00e2n \u0111\u1ebf, ch\u1ed1ng v\u00e2n tay, h\u1ed7 tr\u1ee3 s\u1ea1c kh\u00f4ng d\u00e2y<br \/>\n\u2022 M\u1eb7t l\u01b0ng \u0111\u01b0\u1ee3c l\u00e0m t\u1eeb nh\u1ef1a nh\u00e1m PC c\u1ee9ng. t\u1ea1o c\u1ea3m gi\u00e1c ch\u1eafc ch\u1eafn, c\u1ea7m n\u1eafm m\u1ecbn m\u00e0ng, ch\u1ed1ng v\u00e2n tay, ch\u1ed1ng tr\u01a1n tr\u01b0\u1ee3t<\/p>\n<blockquote><p><img loading=\"lazy\" decoding=\"async\" class=\"alignnone size-medium wp-image-8333\" src=\"https:\/\/tanphulinhphukien.vn\/wp-content\/uploads\/2024\/01\/IMG_1822-251x300.jpeg\" alt=\"\" width=\"251\" height=\"300\" srcset=\"https:\/\/tanphulinhphukien.vn\/wp-content\/uploads\/2024\/01\/IMG_1822-251x300.jpeg 251w, https:\/\/tanphulinhphukien.vn\/wp-content\/uploads\/2024\/01\/IMG_1822-858x1024.jpeg 858w, https:\/\/tanphulinhphukien.vn\/wp-content\/uploads\/2024\/01\/IMG_1822-768x916.jpeg 768w, https:\/\/tanphulinhphukien.vn\/wp-content\/uploads\/2024\/01\/IMG_1822-20x24.jpeg 20w, https:\/\/tanphulinhphukien.vn\/wp-content\/uploads\/2024\/01\/IMG_1822-30x36.jpeg 30w, https:\/\/tanphulinhphukien.vn\/wp-content\/uploads\/2024\/01\/IMG_1822-40x48.jpeg 40w, https:\/\/tanphulinhphukien.vn\/wp-content\/uploads\/2024\/01\/IMG_1822-600x716.jpeg 600w, https:\/\/tanphulinhphukien.vn\/wp-content\/uploads\/2024\/01\/IMG_1822.jpeg 1073w\" sizes=\"auto, (max-width: 251px) 100vw, 251px\" \/> <img loading=\"lazy\" decoding=\"async\" class=\"alignnone size-medium wp-image-8334\" src=\"https:\/\/tanphulinhphukien.vn\/wp-content\/uploads\/2024\/01\/IMG_1820-255x300.jpeg\" alt=\"\" width=\"255\" height=\"300\" srcset=\"https:\/\/tanphulinhphukien.vn\/wp-content\/uploads\/2024\/01\/IMG_1820-255x300.jpeg 255w, https:\/\/tanphulinhphukien.vn\/wp-content\/uploads\/2024\/01\/IMG_1820-869x1024.jpeg 869w, https:\/\/tanphulinhphukien.vn\/wp-content\/uploads\/2024\/01\/IMG_1820-768x905.jpeg 768w, https:\/\/tanphulinhphukien.vn\/wp-content\/uploads\/2024\/01\/IMG_1820-20x24.jpeg 20w, https:\/\/tanphulinhphukien.vn\/wp-content\/uploads\/2024\/01\/IMG_1820-31x36.jpeg 31w, https:\/\/tanphulinhphukien.vn\/wp-content\/uploads\/2024\/01\/IMG_1820-41x48.jpeg 41w, https:\/\/tanphulinhphukien.vn\/wp-content\/uploads\/2024\/01\/IMG_1820-600x707.jpeg 600w, https:\/\/tanphulinhphukien.vn\/wp-content\/uploads\/2024\/01\/IMG_1820.jpeg 1086w\" sizes=\"auto, (max-width: 255px) 100vw, 255px\" \/> <img loading=\"lazy\" decoding=\"async\" class=\"alignnone size-medium wp-image-8335\" src=\"https:\/\/tanphulinhphukien.vn\/wp-content\/uploads\/2024\/01\/IMG_1821-260x300.jpeg\" alt=\"\" width=\"260\" height=\"300\" srcset=\"https:\/\/tanphulinhphukien.vn\/wp-content\/uploads\/2024\/01\/IMG_1821-260x300.jpeg 260w, https:\/\/tanphulinhphukien.vn\/wp-content\/uploads\/2024\/01\/IMG_1821-888x1024.jpeg 888w, https:\/\/tanphulinhphukien.vn\/wp-content\/uploads\/2024\/01\/IMG_1821-768x886.jpeg 768w, https:\/\/tanphulinhphukien.vn\/wp-content\/uploads\/2024\/01\/IMG_1821-21x24.jpeg 21w, https:\/\/tanphulinhphukien.vn\/wp-content\/uploads\/2024\/01\/IMG_1821-31x36.jpeg 31w, https:\/\/tanphulinhphukien.vn\/wp-content\/uploads\/2024\/01\/IMG_1821-42x48.jpeg 42w, https:\/\/tanphulinhphukien.vn\/wp-content\/uploads\/2024\/01\/IMG_1821-600x692.jpeg 600w, https:\/\/tanphulinhphukien.vn\/wp-content\/uploads\/2024\/01\/IMG_1821.jpeg 1110w\" sizes=\"auto, (max-width: 260px) 100vw, 260px\" \/><\/p><\/blockquote>\n","protected":false},"excerpt":{"rendered":"<p>\u1ed0p l\u01b0ng nh\u00e1m k\u00e8m k\u1ec7 cho IPhone 15 Pro Max, Ch\u00ednh h\u00e3ng X-Level Pithy Stone Magnet Case \u2022 Ch\u1ea5t li\u1ec7u : PC + Metal \u2022 T\u00ednh n\u0103ng : T\u00edch h\u1ee3p ch\u00e2n \u0111\u1ebf, ch\u1ed1ng v\u00e2n tay, h\u1ed7 tr\u1ee3 s\u1ea1c kh\u00f4ng d\u00e2y \u2022 M\u1eb7t l\u01b0ng \u0111\u01b0\u1ee3c l\u00e0m t\u1eeb nh\u1ef1a nh\u00e1m PC c\u1ee9ng. t\u1ea1o c\u1ea3m gi\u00e1c ch\u1eafc ch\u1eafn, &#8230; <a title=\"\u1ed0p iPhone 15ProMax X-Level Pithy Stone Magnet Case\" class=\"read-more\" href=\"https:\/\/tanphulinhphukien.vn\/?product=op-iphone-15promax-x-level-pithy-stone-magnet-case\" aria-label=\"More on \u1ed0p iPhone 15ProMax X-Level Pithy Stone Magnet Case\">\u0110\u1ecdc ti\u1ebfp<\/a><\/p>\n","protected":false},"featured_media":8333,"comment_status":"closed","ping_status":"closed","template":"","meta":[],"product_brand":[],"product_cat":[50,19],"product_tag":[],"class_list":{"0":"post-8332","1":"product","2":"type-product","3":"status-publish","4":"has-post-thumbnail","6":"product_cat-op-lung-iphone","7":"product_cat-phu-kien","9":"first","10":"instock","11":"shipping-taxable","12":"purchasable","13":"product-type-simple"},"_links":{"self":[{"href":"https:\/\/tanphulinhphukien.vn\/index.php?rest_route=\/wp\/v2\/product\/8332","targetHints":{"allow":["GET"]}}],"collection":[{"href":"https:\/\/tanphulinhphukien.vn\/index.php?rest_route=\/wp\/v2\/product"}],"about":[{"href":"https:\/\/tanphulinhphukien.vn\/index.php?rest_route=\/wp\/v2\/types\/product"}],"replies":[{"embeddable":true,"href":"https:\/\/tanphulinhphukien.vn\/index.php?rest_route=%2Fwp%2Fv2%2Fcomments&post=8332"}],"wp:featuredmedia":[{"embeddable":true,"href":"https:\/\/tanphulinhphukien.vn\/index.php?rest_route=\/wp\/v2\/media\/8333"}],"wp:attachment":[{"href":"https:\/\/tanphulinhphukien.vn\/index.php?rest_route=%2Fwp%2Fv2%2Fmedia&parent=8332"}],"wp:term":[{"taxonomy":"product_brand","embeddable":true,"href":"https:\/\/tanphulinhphukien.vn\/index.php?rest_route=%2Fwp%2Fv2%2Fproduct_brand&post=8332"},{"taxonomy":"product_cat","embeddable":true,"href":"https:\/\/tanphulinhphukien.vn\/index.php?rest_route=%2Fwp%2Fv2%2Fproduct_cat&post=8332"},{"taxonomy":"product_tag","embeddable":true,"href":"https:\/\/tanphulinhphukien.vn\/index.php?rest_route=%2Fwp%2Fv2%2Fproduct_tag&post=8332"}],"curies":[{"name":"wp","href":"https:\/\/api.w.org\/{rel}","templated":true}]}}