{"id":8323,"date":"2024-01-09T15:25:09","date_gmt":"2024-01-09T08:25:09","guid":{"rendered":"https:\/\/tanphulinhphukien.vn\/?post_type=product&#038;p=8323"},"modified":"2024-01-09T15:25:09","modified_gmt":"2024-01-09T08:25:09","slug":"cuong-luc-camera-chinh-hang-halosure-geordi-lens-protector","status":"publish","type":"product","link":"https:\/\/tanphulinhphukien.vn\/?product=cuong-luc-camera-chinh-hang-halosure-geordi-lens-protector","title":{"rendered":"C\u01b0\u1eddng l\u1ef1c camera ch\u00ednh h\u00e3ng #HaloSure GEORDI Lens Protector"},"content":{"rendered":"<p>B\u1ed9 k\u00ednh c\u01b0\u1eddng l\u1ef1c + vi\u1ec1n nh\u00f4m b\u1ea3o v\u1ec7 m\u1eaft camera sau<br \/>\n\uf8ff #iPhone15Pro &amp; #15ProMax<\/p>\n<ul>\n<li>ch\u00ednh h\u00e3ng #HaloSure GEORDI Lens Protector<\/li>\n<\/ul>\n<p>C\u00f3 5 M\u00e0u \ud83d\udc47\ud83c\udffb<br \/>\nTitan \u2022 Siliver \u2022 Black \u2022 Blue \u2022 Grey<\/p>\n<p><img loading=\"lazy\" decoding=\"async\" class=\"alignnone size-medium wp-image-8325\" src=\"https:\/\/tanphulinhphukien.vn\/wp-content\/uploads\/2024\/01\/IMG_1611-300x200.jpeg\" alt=\"\" width=\"300\" height=\"200\" srcset=\"https:\/\/tanphulinhphukien.vn\/wp-content\/uploads\/2024\/01\/IMG_1611-300x200.jpeg 300w, https:\/\/tanphulinhphukien.vn\/wp-content\/uploads\/2024\/01\/IMG_1611-1024x682.jpeg 1024w, https:\/\/tanphulinhphukien.vn\/wp-content\/uploads\/2024\/01\/IMG_1611-768x512.jpeg 768w, https:\/\/tanphulinhphukien.vn\/wp-content\/uploads\/2024\/01\/IMG_1611-24x16.jpeg 24w, https:\/\/tanphulinhphukien.vn\/wp-content\/uploads\/2024\/01\/IMG_1611-36x24.jpeg 36w, https:\/\/tanphulinhphukien.vn\/wp-content\/uploads\/2024\/01\/IMG_1611-48x32.jpeg 48w, https:\/\/tanphulinhphukien.vn\/wp-content\/uploads\/2024\/01\/IMG_1611-600x400.jpeg 600w, https:\/\/tanphulinhphukien.vn\/wp-content\/uploads\/2024\/01\/IMG_1611.jpeg 1280w\" sizes=\"auto, (max-width: 300px) 100vw, 300px\" \/><img loading=\"lazy\" decoding=\"async\" class=\"alignnone size-medium wp-image-8326\" src=\"https:\/\/tanphulinhphukien.vn\/wp-content\/uploads\/2024\/01\/IMG_1612-300x200.jpeg\" alt=\"\" width=\"300\" height=\"200\" srcset=\"https:\/\/tanphulinhphukien.vn\/wp-content\/uploads\/2024\/01\/IMG_1612-300x200.jpeg 300w, https:\/\/tanphulinhphukien.vn\/wp-content\/uploads\/2024\/01\/IMG_1612-1024x682.jpeg 1024w, https:\/\/tanphulinhphukien.vn\/wp-content\/uploads\/2024\/01\/IMG_1612-768x512.jpeg 768w, https:\/\/tanphulinhphukien.vn\/wp-content\/uploads\/2024\/01\/IMG_1612-24x16.jpeg 24w, https:\/\/tanphulinhphukien.vn\/wp-content\/uploads\/2024\/01\/IMG_1612-36x24.jpeg 36w, https:\/\/tanphulinhphukien.vn\/wp-content\/uploads\/2024\/01\/IMG_1612-48x32.jpeg 48w, https:\/\/tanphulinhphukien.vn\/wp-content\/uploads\/2024\/01\/IMG_1612-600x400.jpeg 600w, https:\/\/tanphulinhphukien.vn\/wp-content\/uploads\/2024\/01\/IMG_1612.jpeg 1280w\" sizes=\"auto, (max-width: 300px) 100vw, 300px\" \/><img loading=\"lazy\" decoding=\"async\" class=\"alignnone size-medium wp-image-8331\" src=\"https:\/\/tanphulinhphukien.vn\/wp-content\/uploads\/2024\/01\/IMG_1617-300x300.jpeg\" alt=\"\" width=\"300\" height=\"300\" srcset=\"https:\/\/tanphulinhphukien.vn\/wp-content\/uploads\/2024\/01\/IMG_1617-300x300.jpeg 300w, https:\/\/tanphulinhphukien.vn\/wp-content\/uploads\/2024\/01\/IMG_1617-1024x1024.jpeg 1024w, https:\/\/tanphulinhphukien.vn\/wp-content\/uploads\/2024\/01\/IMG_1617-150x150.jpeg 150w, https:\/\/tanphulinhphukien.vn\/wp-content\/uploads\/2024\/01\/IMG_1617-768x768.jpeg 768w, https:\/\/tanphulinhphukien.vn\/wp-content\/uploads\/2024\/01\/IMG_1617-24x24.jpeg 24w, https:\/\/tanphulinhphukien.vn\/wp-content\/uploads\/2024\/01\/IMG_1617-36x36.jpeg 36w, https:\/\/tanphulinhphukien.vn\/wp-content\/uploads\/2024\/01\/IMG_1617-48x48.jpeg 48w, https:\/\/tanphulinhphukien.vn\/wp-content\/uploads\/2024\/01\/IMG_1617-600x600.jpeg 600w, https:\/\/tanphulinhphukien.vn\/wp-content\/uploads\/2024\/01\/IMG_1617.jpeg 1280w\" sizes=\"auto, (max-width: 300px) 100vw, 300px\" \/><img loading=\"lazy\" decoding=\"async\" class=\"alignnone size-medium wp-image-8329\" src=\"https:\/\/tanphulinhphukien.vn\/wp-content\/uploads\/2024\/01\/IMG_1615-300x200.jpeg\" alt=\"\" width=\"300\" height=\"200\" srcset=\"https:\/\/tanphulinhphukien.vn\/wp-content\/uploads\/2024\/01\/IMG_1615-300x200.jpeg 300w, https:\/\/tanphulinhphukien.vn\/wp-content\/uploads\/2024\/01\/IMG_1615-1024x682.jpeg 1024w, https:\/\/tanphulinhphukien.vn\/wp-content\/uploads\/2024\/01\/IMG_1615-768x512.jpeg 768w, https:\/\/tanphulinhphukien.vn\/wp-content\/uploads\/2024\/01\/IMG_1615-24x16.jpeg 24w, https:\/\/tanphulinhphukien.vn\/wp-content\/uploads\/2024\/01\/IMG_1615-36x24.jpeg 36w, https:\/\/tanphulinhphukien.vn\/wp-content\/uploads\/2024\/01\/IMG_1615-48x32.jpeg 48w, https:\/\/tanphulinhphukien.vn\/wp-content\/uploads\/2024\/01\/IMG_1615-600x400.jpeg 600w, https:\/\/tanphulinhphukien.vn\/wp-content\/uploads\/2024\/01\/IMG_1615.jpeg 1280w\" sizes=\"auto, (max-width: 300px) 100vw, 300px\" \/><img loading=\"lazy\" decoding=\"async\" class=\"alignnone size-medium wp-image-8328\" src=\"https:\/\/tanphulinhphukien.vn\/wp-content\/uploads\/2024\/01\/IMG_1614-300x300.jpeg\" alt=\"\" width=\"300\" height=\"300\" srcset=\"https:\/\/tanphulinhphukien.vn\/wp-content\/uploads\/2024\/01\/IMG_1614-300x300.jpeg 300w, https:\/\/tanphulinhphukien.vn\/wp-content\/uploads\/2024\/01\/IMG_1614-1024x1024.jpeg 1024w, https:\/\/tanphulinhphukien.vn\/wp-content\/uploads\/2024\/01\/IMG_1614-150x150.jpeg 150w, https:\/\/tanphulinhphukien.vn\/wp-content\/uploads\/2024\/01\/IMG_1614-768x768.jpeg 768w, https:\/\/tanphulinhphukien.vn\/wp-content\/uploads\/2024\/01\/IMG_1614-24x24.jpeg 24w, https:\/\/tanphulinhphukien.vn\/wp-content\/uploads\/2024\/01\/IMG_1614-36x36.jpeg 36w, https:\/\/tanphulinhphukien.vn\/wp-content\/uploads\/2024\/01\/IMG_1614-48x48.jpeg 48w, https:\/\/tanphulinhphukien.vn\/wp-content\/uploads\/2024\/01\/IMG_1614-600x600.jpeg 600w, https:\/\/tanphulinhphukien.vn\/wp-content\/uploads\/2024\/01\/IMG_1614.jpeg 1280w\" sizes=\"auto, (max-width: 300px) 100vw, 300px\" \/><img loading=\"lazy\" decoding=\"async\" class=\"alignnone size-medium wp-image-8328\" src=\"https:\/\/tanphulinhphukien.vn\/wp-content\/uploads\/2024\/01\/IMG_1614-300x300.jpeg\" alt=\"\" width=\"300\" height=\"300\" srcset=\"https:\/\/tanphulinhphukien.vn\/wp-content\/uploads\/2024\/01\/IMG_1614-300x300.jpeg 300w, https:\/\/tanphulinhphukien.vn\/wp-content\/uploads\/2024\/01\/IMG_1614-1024x1024.jpeg 1024w, https:\/\/tanphulinhphukien.vn\/wp-content\/uploads\/2024\/01\/IMG_1614-150x150.jpeg 150w, https:\/\/tanphulinhphukien.vn\/wp-content\/uploads\/2024\/01\/IMG_1614-768x768.jpeg 768w, https:\/\/tanphulinhphukien.vn\/wp-content\/uploads\/2024\/01\/IMG_1614-24x24.jpeg 24w, https:\/\/tanphulinhphukien.vn\/wp-content\/uploads\/2024\/01\/IMG_1614-36x36.jpeg 36w, https:\/\/tanphulinhphukien.vn\/wp-content\/uploads\/2024\/01\/IMG_1614-48x48.jpeg 48w, https:\/\/tanphulinhphukien.vn\/wp-content\/uploads\/2024\/01\/IMG_1614-600x600.jpeg 600w, https:\/\/tanphulinhphukien.vn\/wp-content\/uploads\/2024\/01\/IMG_1614.jpeg 1280w\" sizes=\"auto, (max-width: 300px) 100vw, 300px\" \/><\/p>\n<p>&nbsp;<\/p>\n","protected":false},"excerpt":{"rendered":"<p>B\u1ed9 k\u00ednh c\u01b0\u1eddng l\u1ef1c + vi\u1ec1n nh\u00f4m b\u1ea3o v\u1ec7 m\u1eaft camera sau \uf8ff #iPhone15Pro &amp; #15ProMax ch\u00ednh h\u00e3ng #HaloSure GEORDI Lens Protector C\u00f3 5 M\u00e0u \ud83d\udc47\ud83c\udffb Titan \u2022 Siliver \u2022 Black \u2022 Blue \u2022 Grey &nbsp;<\/p>\n","protected":false},"featured_media":8325,"comment_status":"closed","ping_status":"closed","template":"","meta":[],"product_brand":[],"product_cat":[554,19,54],"product_tag":[],"class_list":{"0":"post-8323","1":"product","2":"type-product","3":"status-publish","4":"has-post-thumbnail","6":"product_cat-cuong-luc","7":"product_cat-phu-kien","8":"product_cat-phu-kien-iphone","10":"first","11":"instock","12":"shipping-taxable","13":"purchasable","14":"product-type-simple"},"_links":{"self":[{"href":"https:\/\/tanphulinhphukien.vn\/index.php?rest_route=\/wp\/v2\/product\/8323","targetHints":{"allow":["GET"]}}],"collection":[{"href":"https:\/\/tanphulinhphukien.vn\/index.php?rest_route=\/wp\/v2\/product"}],"about":[{"href":"https:\/\/tanphulinhphukien.vn\/index.php?rest_route=\/wp\/v2\/types\/product"}],"replies":[{"embeddable":true,"href":"https:\/\/tanphulinhphukien.vn\/index.php?rest_route=%2Fwp%2Fv2%2Fcomments&post=8323"}],"wp:featuredmedia":[{"embeddable":true,"href":"https:\/\/tanphulinhphukien.vn\/index.php?rest_route=\/wp\/v2\/media\/8325"}],"wp:attachment":[{"href":"https:\/\/tanphulinhphukien.vn\/index.php?rest_route=%2Fwp%2Fv2%2Fmedia&parent=8323"}],"wp:term":[{"taxonomy":"product_brand","embeddable":true,"href":"https:\/\/tanphulinhphukien.vn\/index.php?rest_route=%2Fwp%2Fv2%2Fproduct_brand&post=8323"},{"taxonomy":"product_cat","embeddable":true,"href":"https:\/\/tanphulinhphukien.vn\/index.php?rest_route=%2Fwp%2Fv2%2Fproduct_cat&post=8323"},{"taxonomy":"product_tag","embeddable":true,"href":"https:\/\/tanphulinhphukien.vn\/index.php?rest_route=%2Fwp%2Fv2%2Fproduct_tag&post=8323"}],"curies":[{"name":"wp","href":"https:\/\/api.w.org\/{rel}","templated":true}]}}