{"id":8284,"date":"2024-01-08T14:44:59","date_gmt":"2024-01-08T07:44:59","guid":{"rendered":"https:\/\/tanphulinhphukien.vn\/?post_type=product&#038;p=8284"},"modified":"2024-01-08T14:44:59","modified_gmt":"2024-01-08T07:44:59","slug":"%f0%9d%97%95%f0%9d%97%ae%f0%9d%97%bc-%f0%9d%97%b1%f0%9d%97%ae-%f0%9d%97%b6%f0%9d%97%a3%f0%9d%97%ae%f0%9d%97%b1-chinh-hang-%f0%9d%97%b9%f0%9d%97%bc%f0%9d%97%b4%f0%9d%97%b3%f0%9d%97%b2%f0%9d%97%bf","status":"publish","type":"product","link":"https:\/\/tanphulinhphukien.vn\/?product=%f0%9d%97%95%f0%9d%97%ae%f0%9d%97%bc-%f0%9d%97%b1%f0%9d%97%ae-%f0%9d%97%b6%f0%9d%97%a3%f0%9d%97%ae%f0%9d%97%b1-chinh-hang-%f0%9d%97%b9%f0%9d%97%bc%f0%9d%97%b4%f0%9d%97%b3%f0%9d%97%b2%f0%9d%97%bf","title":{"rendered":"\ud835\uddd5\ud835\uddee\ud835\uddfc \ud835\uddf1\ud835\uddee \ud835\uddf6\ud835\udde3\ud835\uddee\ud835\uddf1 ch\u00ednh h\u00e3ng \ud835\uddf9\ud835\uddfc\ud835\uddf4\ud835\uddf3\ud835\uddf2\ud835\uddff"},"content":{"rendered":"<p>\u2728 \ud835\uddd5\ud835\uddee\ud835\uddfc \ud835\uddf1\ud835\uddee \ud835\uddf6\ud835\udde3\ud835\uddee\ud835\uddf1 ch\u00ednh h\u00e3ng \ud835\uddf9\ud835\uddfc\ud835\uddf4\ud835\uddf3\ud835\uddf2\ud835\uddff<\/p>\n<p>&#8211; iPad Air4\/5 \/ 11inch<br \/>\n&#8211; iPad Pro 12.9inch (2020\/2021\/2022)<\/p>\n<p>\ud83d\udc49 M\u1eb7t l\u01b0ng sau \ud835\udc2c\ud835\udc22\ud835\udc25\ud835\udc22\ud835\udc1c\ud835\udc28\ud835\udc27\ud835\udc1e . M\u1eb7t tr\u01b0\u1edbc l\u00e0 \ud835\udc1d\ud835\udc1a \ud835\udc2d\ud835\udc28\u0302\u0309\ud835\udc27\ud835\udc20 \ud835\udc21\ud835\udc28\u031b\u0323\ud835\udc29 cao c\u1ea5p, thi\u1ebft k\u1ebf \ud835\udc20\ud835\udc1a\u0323\u0302\ud835\udc29 \ud835\udc1c\ud835\udc21\ud835\udc2e\u031b\u0303 \ud835\udc18 , tam gi\u00e1c \u0111a n\u0103ng\ud83d\udd3b<br \/>\n\ud83d\udc49 \ud835\udde6\ud835\udde0\ud835\uddd4\ud835\udde5\ud835\udde7 \ud835\uddd6\ud835\udde2\ud835\udde9\ud835\uddd8\ud835\udde5 t\u1ef1 t\u1eaft, b\u1eadt m\u00e0n h\u00ecnh khi \u0111\u00f3ng, m\u1edf n\u1eafp \u0111\u1eady<\/p>\n<p>\u2022M\u1eb7t sau l\u00e0 ch\u1ea5t li\u1ec7u \ud835\udc2c\ud835\udc22\ud835\udc25\ud835\udc22\ud835\udc1c\ud835\udc28\ud835\udc27\ud835\udc1e cao c\u1ea5p b\u1ea3o v\u1ec7 l\u01b0ng v\u00e0 vi\u1ec1n m\u00e1y #iPad 360\u00b0 : ch\u1ed1ng tr\u1ea7y x\u01b0\u1edbc , ch\u1ed1ng va \u0111\u1eadp , h\u1ea1n ch\u1ebf b\u00e1m b\u1ee5i<br \/>\n\u2022 Thi\u1ebft k\u1ebf th\u00eam ng\u0103n \u0111\u1ef1ng b\u00fat Apple Pencil ti\u1ec7n l\u1ee3i<br \/>\n\u2022 C\u00f3 nhi\u1ec1u m\u00e0u s\u1eafc cho b\u1ea1n l\u1ef1a ch\u1ecdn<\/p>\n<p><img loading=\"lazy\" decoding=\"async\" class=\"alignnone size-medium wp-image-8285\" src=\"https:\/\/tanphulinhphukien.vn\/wp-content\/uploads\/2024\/01\/IMG_1763-300x225.jpeg\" alt=\"\" width=\"300\" height=\"225\" srcset=\"https:\/\/tanphulinhphukien.vn\/wp-content\/uploads\/2024\/01\/IMG_1763-300x225.jpeg 300w, https:\/\/tanphulinhphukien.vn\/wp-content\/uploads\/2024\/01\/IMG_1763-1024x768.jpeg 1024w, https:\/\/tanphulinhphukien.vn\/wp-content\/uploads\/2024\/01\/IMG_1763-768x576.jpeg 768w, https:\/\/tanphulinhphukien.vn\/wp-content\/uploads\/2024\/01\/IMG_1763-24x18.jpeg 24w, https:\/\/tanphulinhphukien.vn\/wp-content\/uploads\/2024\/01\/IMG_1763-36x27.jpeg 36w, https:\/\/tanphulinhphukien.vn\/wp-content\/uploads\/2024\/01\/IMG_1763-48x36.jpeg 48w, https:\/\/tanphulinhphukien.vn\/wp-content\/uploads\/2024\/01\/IMG_1763-600x450.jpeg 600w, https:\/\/tanphulinhphukien.vn\/wp-content\/uploads\/2024\/01\/IMG_1763.jpeg 1280w\" sizes=\"auto, (max-width: 300px) 100vw, 300px\" \/><img loading=\"lazy\" decoding=\"async\" class=\"alignnone size-medium wp-image-8287\" src=\"https:\/\/tanphulinhphukien.vn\/wp-content\/uploads\/2024\/01\/IMG_1765-225x300.jpeg\" alt=\"\" width=\"225\" height=\"300\" srcset=\"https:\/\/tanphulinhphukien.vn\/wp-content\/uploads\/2024\/01\/IMG_1765-225x300.jpeg 225w, https:\/\/tanphulinhphukien.vn\/wp-content\/uploads\/2024\/01\/IMG_1765-768x1024.jpeg 768w, https:\/\/tanphulinhphukien.vn\/wp-content\/uploads\/2024\/01\/IMG_1765-18x24.jpeg 18w, https:\/\/tanphulinhphukien.vn\/wp-content\/uploads\/2024\/01\/IMG_1765-27x36.jpeg 27w, https:\/\/tanphulinhphukien.vn\/wp-content\/uploads\/2024\/01\/IMG_1765-36x48.jpeg 36w, https:\/\/tanphulinhphukien.vn\/wp-content\/uploads\/2024\/01\/IMG_1765-600x800.jpeg 600w, https:\/\/tanphulinhphukien.vn\/wp-content\/uploads\/2024\/01\/IMG_1765.jpeg 960w\" sizes=\"auto, (max-width: 225px) 100vw, 225px\" \/><img loading=\"lazy\" decoding=\"async\" class=\"alignnone size-medium wp-image-8286\" src=\"https:\/\/tanphulinhphukien.vn\/wp-content\/uploads\/2024\/01\/IMG_1764-225x300.jpeg\" alt=\"\" width=\"225\" height=\"300\" srcset=\"https:\/\/tanphulinhphukien.vn\/wp-content\/uploads\/2024\/01\/IMG_1764-225x300.jpeg 225w, https:\/\/tanphulinhphukien.vn\/wp-content\/uploads\/2024\/01\/IMG_1764-768x1024.jpeg 768w, https:\/\/tanphulinhphukien.vn\/wp-content\/uploads\/2024\/01\/IMG_1764-18x24.jpeg 18w, https:\/\/tanphulinhphukien.vn\/wp-content\/uploads\/2024\/01\/IMG_1764-27x36.jpeg 27w, https:\/\/tanphulinhphukien.vn\/wp-content\/uploads\/2024\/01\/IMG_1764-36x48.jpeg 36w, https:\/\/tanphulinhphukien.vn\/wp-content\/uploads\/2024\/01\/IMG_1764-600x800.jpeg 600w, https:\/\/tanphulinhphukien.vn\/wp-content\/uploads\/2024\/01\/IMG_1764.jpeg 960w\" sizes=\"auto, (max-width: 225px) 100vw, 225px\" \/><\/p>\n","protected":false},"excerpt":{"rendered":"<p>\u2728 \ud835\uddd5\ud835\uddee\ud835\uddfc \ud835\uddf1\ud835\uddee \ud835\uddf6\ud835\udde3\ud835\uddee\ud835\uddf1 ch\u00ednh h\u00e3ng \ud835\uddf9\ud835\uddfc\ud835\uddf4\ud835\uddf3\ud835\uddf2\ud835\uddff &#8211; iPad Air4\/5 \/ 11inch &#8211; iPad Pro 12.9inch (2020\/2021\/2022) \ud83d\udc49 M\u1eb7t l\u01b0ng sau \ud835\udc2c\ud835\udc22\ud835\udc25\ud835\udc22\ud835\udc1c\ud835\udc28\ud835\udc27\ud835\udc1e . M\u1eb7t tr\u01b0\u1edbc l\u00e0 \ud835\udc1d\ud835\udc1a \ud835\udc2d\ud835\udc28\u0302\u0309\ud835\udc27\ud835\udc20 \ud835\udc21\ud835\udc28\u031b\u0323\ud835\udc29 cao c\u1ea5p, thi\u1ebft k\u1ebf \ud835\udc20\ud835\udc1a\u0323\u0302\ud835\udc29 \ud835\udc1c\ud835\udc21\ud835\udc2e\u031b\u0303 \ud835\udc18 , tam gi\u00e1c \u0111a n\u0103ng\ud83d\udd3b \ud83d\udc49 \ud835\udde6\ud835\udde0\ud835\uddd4\ud835\udde5\ud835\udde7 \ud835\uddd6\ud835\udde2\ud835\udde9\ud835\uddd8\ud835\udde5 t\u1ef1 t\u1eaft, b\u1eadt m\u00e0n h\u00ecnh khi \u0111\u00f3ng, m\u1edf n\u1eafp \u0111\u1eady \u2022M\u1eb7t &#8230; <a title=\"\ud835\uddd5\ud835\uddee\ud835\uddfc \ud835\uddf1\ud835\uddee \ud835\uddf6\ud835\udde3\ud835\uddee\ud835\uddf1 ch\u00ednh h\u00e3ng \ud835\uddf9\ud835\uddfc\ud835\uddf4\ud835\uddf3\ud835\uddf2\ud835\uddff\" class=\"read-more\" href=\"https:\/\/tanphulinhphukien.vn\/?product=%f0%9d%97%95%f0%9d%97%ae%f0%9d%97%bc-%f0%9d%97%b1%f0%9d%97%ae-%f0%9d%97%b6%f0%9d%97%a3%f0%9d%97%ae%f0%9d%97%b1-chinh-hang-%f0%9d%97%b9%f0%9d%97%bc%f0%9d%97%b4%f0%9d%97%b3%f0%9d%97%b2%f0%9d%97%bf\" aria-label=\"More on \ud835\uddd5\ud835\uddee\ud835\uddfc \ud835\uddf1\ud835\uddee \ud835\uddf6\ud835\udde3\ud835\uddee\ud835\uddf1 ch\u00ednh h\u00e3ng \ud835\uddf9\ud835\uddfc\ud835\uddf4\ud835\uddf3\ud835\uddf2\ud835\uddff\">\u0110\u1ecdc ti\u1ebfp<\/a><\/p>\n","protected":false},"featured_media":8285,"comment_status":"closed","ping_status":"closed","template":"","meta":[],"product_brand":[],"product_cat":[48],"product_tag":[],"class_list":{"0":"post-8284","1":"product","2":"type-product","3":"status-publish","4":"has-post-thumbnail","6":"product_cat-phu-kien-ipad","8":"first","9":"instock","10":"shipping-taxable","11":"purchasable","12":"product-type-simple"},"_links":{"self":[{"href":"https:\/\/tanphulinhphukien.vn\/index.php?rest_route=\/wp\/v2\/product\/8284","targetHints":{"allow":["GET"]}}],"collection":[{"href":"https:\/\/tanphulinhphukien.vn\/index.php?rest_route=\/wp\/v2\/product"}],"about":[{"href":"https:\/\/tanphulinhphukien.vn\/index.php?rest_route=\/wp\/v2\/types\/product"}],"replies":[{"embeddable":true,"href":"https:\/\/tanphulinhphukien.vn\/index.php?rest_route=%2Fwp%2Fv2%2Fcomments&post=8284"}],"wp:featuredmedia":[{"embeddable":true,"href":"https:\/\/tanphulinhphukien.vn\/index.php?rest_route=\/wp\/v2\/media\/8285"}],"wp:attachment":[{"href":"https:\/\/tanphulinhphukien.vn\/index.php?rest_route=%2Fwp%2Fv2%2Fmedia&parent=8284"}],"wp:term":[{"taxonomy":"product_brand","embeddable":true,"href":"https:\/\/tanphulinhphukien.vn\/index.php?rest_route=%2Fwp%2Fv2%2Fproduct_brand&post=8284"},{"taxonomy":"product_cat","embeddable":true,"href":"https:\/\/tanphulinhphukien.vn\/index.php?rest_route=%2Fwp%2Fv2%2Fproduct_cat&post=8284"},{"taxonomy":"product_tag","embeddable":true,"href":"https:\/\/tanphulinhphukien.vn\/index.php?rest_route=%2Fwp%2Fv2%2Fproduct_tag&post=8284"}],"curies":[{"name":"wp","href":"https:\/\/api.w.org\/{rel}","templated":true}]}}