{"id":8272,"date":"2024-01-08T14:33:39","date_gmt":"2024-01-08T07:33:39","guid":{"rendered":"https:\/\/tanphulinhphukien.vn\/?post_type=product&#038;p=8272"},"modified":"2024-01-13T15:39:07","modified_gmt":"2024-01-13T08:39:07","slug":"rock-magsafe-trong-cung-khong-o-vang-15promax","status":"publish","type":"product","link":"https:\/\/tanphulinhphukien.vn\/?product=rock-magsafe-trong-cung-khong-o-vang-15promax","title":{"rendered":"Rock Magsafe Trong C\u1ee9ng Kh\u00f4ng \u1ed0 V\u00e0ng 15ProMax"},"content":{"rendered":"<p>\u2022 \u1ed0P L\u01afNG IPHONE 15ProMax &amp; 15Pro<br \/>\nRock Magsafe Trong C\u1ee9ng Kh\u00f4ng \u1ed0 V\u00e0ng<br \/>\n\ud83d\udcccC\u1ee9ng c\u00e1p v\u00e0 trong su\u1ed1t kh\u00f4ng b\u1ecb ng\u1ea3 m\u00e0u khi s\u1eed d\u1ee5ng.<br \/>\n\ud83d\udcccKh\u1ecfi tr\u00e0y x\u01b0\u1edbc, ch\u1ecbu va \u0111\u1eadp t\u1ed1t, thi\u1ebft k\u1ebf n\u00fat b\u1ea5m, loa, ch\u00e2n s\u1ea1c ch\u00ednh x\u00e1c t\u1ec9 m\u1ec9 d\u1ec5 d\u00e0ng s\u1eed d\u1ee5ng.<br \/>\n\ud83d\udcccTrang b\u1ecb h\u1ed7 tr\u1ee3 s\u1ea1c Magsafe &#8211; c\u00f4ng ngh\u1ec7 s\u1ea1c hi\u1ec7n \u0111\u1ea1i \u0111\u01b0\u1ee3c trang b\u1ecb tr\u00ean c\u00e1c d\u00f2ng iPhone m\u1edbi hi\u1ec7n nay.<\/p>\n<p><img loading=\"lazy\" decoding=\"async\" class=\"alignnone size-medium wp-image-8273\" src=\"https:\/\/tanphulinhphukien.vn\/wp-content\/uploads\/2024\/01\/IMG_1753-273x300.jpeg\" alt=\"\" width=\"273\" height=\"300\" srcset=\"https:\/\/tanphulinhphukien.vn\/wp-content\/uploads\/2024\/01\/IMG_1753-273x300.jpeg 273w, https:\/\/tanphulinhphukien.vn\/wp-content\/uploads\/2024\/01\/IMG_1753-931x1024.jpeg 931w, https:\/\/tanphulinhphukien.vn\/wp-content\/uploads\/2024\/01\/IMG_1753-768x844.jpeg 768w, https:\/\/tanphulinhphukien.vn\/wp-content\/uploads\/2024\/01\/IMG_1753-22x24.jpeg 22w, https:\/\/tanphulinhphukien.vn\/wp-content\/uploads\/2024\/01\/IMG_1753-33x36.jpeg 33w, https:\/\/tanphulinhphukien.vn\/wp-content\/uploads\/2024\/01\/IMG_1753-44x48.jpeg 44w, https:\/\/tanphulinhphukien.vn\/wp-content\/uploads\/2024\/01\/IMG_1753-600x660.jpeg 600w, https:\/\/tanphulinhphukien.vn\/wp-content\/uploads\/2024\/01\/IMG_1753.jpeg 1165w\" sizes=\"auto, (max-width: 273px) 100vw, 273px\" \/> <img loading=\"lazy\" decoding=\"async\" class=\"alignnone size-medium wp-image-8274\" src=\"https:\/\/tanphulinhphukien.vn\/wp-content\/uploads\/2024\/01\/IMG_1754-258x300.jpeg\" alt=\"\" width=\"258\" height=\"300\" srcset=\"https:\/\/tanphulinhphukien.vn\/wp-content\/uploads\/2024\/01\/IMG_1754-258x300.jpeg 258w, https:\/\/tanphulinhphukien.vn\/wp-content\/uploads\/2024\/01\/IMG_1754-881x1024.jpeg 881w, https:\/\/tanphulinhphukien.vn\/wp-content\/uploads\/2024\/01\/IMG_1754-768x893.jpeg 768w, https:\/\/tanphulinhphukien.vn\/wp-content\/uploads\/2024\/01\/IMG_1754-21x24.jpeg 21w, https:\/\/tanphulinhphukien.vn\/wp-content\/uploads\/2024\/01\/IMG_1754-31x36.jpeg 31w, https:\/\/tanphulinhphukien.vn\/wp-content\/uploads\/2024\/01\/IMG_1754-41x48.jpeg 41w, https:\/\/tanphulinhphukien.vn\/wp-content\/uploads\/2024\/01\/IMG_1754-600x697.jpeg 600w, https:\/\/tanphulinhphukien.vn\/wp-content\/uploads\/2024\/01\/IMG_1754.jpeg 1098w\" sizes=\"auto, (max-width: 258px) 100vw, 258px\" \/> <img loading=\"lazy\" decoding=\"async\" class=\"alignnone size-medium wp-image-8275\" src=\"https:\/\/tanphulinhphukien.vn\/wp-content\/uploads\/2024\/01\/IMG_1755-273x300.jpeg\" alt=\"\" width=\"273\" height=\"300\" srcset=\"https:\/\/tanphulinhphukien.vn\/wp-content\/uploads\/2024\/01\/IMG_1755-273x300.jpeg 273w, https:\/\/tanphulinhphukien.vn\/wp-content\/uploads\/2024\/01\/IMG_1755-933x1024.jpeg 933w, https:\/\/tanphulinhphukien.vn\/wp-content\/uploads\/2024\/01\/IMG_1755-768x843.jpeg 768w, https:\/\/tanphulinhphukien.vn\/wp-content\/uploads\/2024\/01\/IMG_1755-22x24.jpeg 22w, https:\/\/tanphulinhphukien.vn\/wp-content\/uploads\/2024\/01\/IMG_1755-33x36.jpeg 33w, https:\/\/tanphulinhphukien.vn\/wp-content\/uploads\/2024\/01\/IMG_1755-44x48.jpeg 44w, https:\/\/tanphulinhphukien.vn\/wp-content\/uploads\/2024\/01\/IMG_1755-600x659.jpeg 600w, https:\/\/tanphulinhphukien.vn\/wp-content\/uploads\/2024\/01\/IMG_1755.jpeg 1166w\" sizes=\"auto, (max-width: 273px) 100vw, 273px\" \/> <img loading=\"lazy\" decoding=\"async\" class=\"alignnone size-medium wp-image-8276\" src=\"https:\/\/tanphulinhphukien.vn\/wp-content\/uploads\/2024\/01\/IMG_1756-225x300.jpeg\" alt=\"\" width=\"225\" height=\"300\" srcset=\"https:\/\/tanphulinhphukien.vn\/wp-content\/uploads\/2024\/01\/IMG_1756-225x300.jpeg 225w, https:\/\/tanphulinhphukien.vn\/wp-content\/uploads\/2024\/01\/IMG_1756-768x1024.jpeg 768w, https:\/\/tanphulinhphukien.vn\/wp-content\/uploads\/2024\/01\/IMG_1756-18x24.jpeg 18w, https:\/\/tanphulinhphukien.vn\/wp-content\/uploads\/2024\/01\/IMG_1756-27x36.jpeg 27w, https:\/\/tanphulinhphukien.vn\/wp-content\/uploads\/2024\/01\/IMG_1756-36x48.jpeg 36w, https:\/\/tanphulinhphukien.vn\/wp-content\/uploads\/2024\/01\/IMG_1756-600x800.jpeg 600w, https:\/\/tanphulinhphukien.vn\/wp-content\/uploads\/2024\/01\/IMG_1756.jpeg 960w\" sizes=\"auto, (max-width: 225px) 100vw, 225px\" \/><\/p>\n","protected":false},"excerpt":{"rendered":"<p>\u2022 \u1ed0P L\u01afNG IPHONE 15ProMax &amp; 15Pro Rock Magsafe Trong C\u1ee9ng Kh\u00f4ng \u1ed0 V\u00e0ng \ud83d\udcccC\u1ee9ng c\u00e1p v\u00e0 trong su\u1ed1t kh\u00f4ng b\u1ecb ng\u1ea3 m\u00e0u khi s\u1eed d\u1ee5ng. \ud83d\udcccKh\u1ecfi tr\u00e0y x\u01b0\u1edbc, ch\u1ecbu va \u0111\u1eadp t\u1ed1t, thi\u1ebft k\u1ebf n\u00fat b\u1ea5m, loa, ch\u00e2n s\u1ea1c ch\u00ednh x\u00e1c t\u1ec9 m\u1ec9 d\u1ec5 d\u00e0ng s\u1eed d\u1ee5ng. \ud83d\udcccTrang b\u1ecb h\u1ed7 tr\u1ee3 s\u1ea1c Magsafe &#8211; &#8230; <a title=\"Rock Magsafe Trong C\u1ee9ng Kh\u00f4ng \u1ed0 V\u00e0ng 15ProMax\" class=\"read-more\" href=\"https:\/\/tanphulinhphukien.vn\/?product=rock-magsafe-trong-cung-khong-o-vang-15promax\" aria-label=\"More on Rock Magsafe Trong C\u1ee9ng Kh\u00f4ng \u1ed0 V\u00e0ng 15ProMax\">\u0110\u1ecdc ti\u1ebfp<\/a><\/p>\n","protected":false},"featured_media":8705,"comment_status":"closed","ping_status":"closed","template":"","meta":[],"product_brand":[],"product_cat":[19,54],"product_tag":[],"class_list":{"0":"post-8272","1":"product","2":"type-product","3":"status-publish","4":"has-post-thumbnail","6":"product_cat-phu-kien","7":"product_cat-phu-kien-iphone","9":"first","10":"instock","11":"shipping-taxable","12":"purchasable","13":"product-type-simple"},"_links":{"self":[{"href":"https:\/\/tanphulinhphukien.vn\/index.php?rest_route=\/wp\/v2\/product\/8272","targetHints":{"allow":["GET"]}}],"collection":[{"href":"https:\/\/tanphulinhphukien.vn\/index.php?rest_route=\/wp\/v2\/product"}],"about":[{"href":"https:\/\/tanphulinhphukien.vn\/index.php?rest_route=\/wp\/v2\/types\/product"}],"replies":[{"embeddable":true,"href":"https:\/\/tanphulinhphukien.vn\/index.php?rest_route=%2Fwp%2Fv2%2Fcomments&post=8272"}],"wp:featuredmedia":[{"embeddable":true,"href":"https:\/\/tanphulinhphukien.vn\/index.php?rest_route=\/wp\/v2\/media\/8705"}],"wp:attachment":[{"href":"https:\/\/tanphulinhphukien.vn\/index.php?rest_route=%2Fwp%2Fv2%2Fmedia&parent=8272"}],"wp:term":[{"taxonomy":"product_brand","embeddable":true,"href":"https:\/\/tanphulinhphukien.vn\/index.php?rest_route=%2Fwp%2Fv2%2Fproduct_brand&post=8272"},{"taxonomy":"product_cat","embeddable":true,"href":"https:\/\/tanphulinhphukien.vn\/index.php?rest_route=%2Fwp%2Fv2%2Fproduct_cat&post=8272"},{"taxonomy":"product_tag","embeddable":true,"href":"https:\/\/tanphulinhphukien.vn\/index.php?rest_route=%2Fwp%2Fv2%2Fproduct_tag&post=8272"}],"curies":[{"name":"wp","href":"https:\/\/api.w.org\/{rel}","templated":true}]}}