{"id":8262,"date":"2024-01-08T14:24:42","date_gmt":"2024-01-08T07:24:42","guid":{"rendered":"https:\/\/tanphulinhphukien.vn\/?post_type=product&#038;p=8262"},"modified":"2024-01-08T14:24:42","modified_gmt":"2024-01-08T07:24:42","slug":"op-milan_snap-%f0%9f%94%98-chinh-hang-zagg","status":"publish","type":"product","link":"https:\/\/tanphulinhphukien.vn\/?product=op-milan_snap-%f0%9f%94%98-chinh-hang-zagg","title":{"rendered":"\u1ed0p MILAN_SNAP \ud83d\udd18 ch\u00ednh h\u00e3ng #ZAGG"},"content":{"rendered":"<p>\u1ed0p trong \u0111en kh\u00f3i c\u00f3 t\u00edch h\u1ee3p Magsafe \uf8ff<br \/>\n#MILAN_SNAP \ud83d\udd18 ch\u00ednh h\u00e3ng #ZAGG<\/p>\n<p>\u2714\ufe0f Thi\u1ebft k\u1ebf tinh t\u1ebf , \u0111\u01a1n gi\u00e3n . Ch\u1ea5t li\u1ec7u TPU + PC cao c\u1ea5p ch\u1ed1ng \u1ed1<br \/>\n\u2714\ufe0f T\u00edch h\u1ee3p v\u00f2ng \ud83d\udd18 Magsage h\u1ed7 tr\u1ee3 c\u00e1c ph\u1ee5 ki\u1ec7n v\u00ed Magsafe , s\u1ea1c kh\u00f4ng d\u00e2y Magsafe<\/p>\n<p>\uf8ff #iPhone 15ProMax<\/p>\n<p><img loading=\"lazy\" decoding=\"async\" class=\"alignnone size-medium wp-image-8265\" src=\"https:\/\/tanphulinhphukien.vn\/wp-content\/uploads\/2024\/01\/IMG_1746-300x200.jpeg\" alt=\"\" width=\"300\" height=\"200\" srcset=\"https:\/\/tanphulinhphukien.vn\/wp-content\/uploads\/2024\/01\/IMG_1746-300x200.jpeg 300w, https:\/\/tanphulinhphukien.vn\/wp-content\/uploads\/2024\/01\/IMG_1746-1024x683.jpeg 1024w, https:\/\/tanphulinhphukien.vn\/wp-content\/uploads\/2024\/01\/IMG_1746-768x512.jpeg 768w, https:\/\/tanphulinhphukien.vn\/wp-content\/uploads\/2024\/01\/IMG_1746-24x16.jpeg 24w, https:\/\/tanphulinhphukien.vn\/wp-content\/uploads\/2024\/01\/IMG_1746-36x24.jpeg 36w, https:\/\/tanphulinhphukien.vn\/wp-content\/uploads\/2024\/01\/IMG_1746-48x32.jpeg 48w, https:\/\/tanphulinhphukien.vn\/wp-content\/uploads\/2024\/01\/IMG_1746-600x400.jpeg 600w, https:\/\/tanphulinhphukien.vn\/wp-content\/uploads\/2024\/01\/IMG_1746.jpeg 1280w\" sizes=\"auto, (max-width: 300px) 100vw, 300px\" \/> <img loading=\"lazy\" decoding=\"async\" class=\"alignnone size-medium wp-image-8266\" src=\"https:\/\/tanphulinhphukien.vn\/wp-content\/uploads\/2024\/01\/IMG_1747-300x200.jpeg\" alt=\"\" width=\"300\" height=\"200\" srcset=\"https:\/\/tanphulinhphukien.vn\/wp-content\/uploads\/2024\/01\/IMG_1747-300x200.jpeg 300w, https:\/\/tanphulinhphukien.vn\/wp-content\/uploads\/2024\/01\/IMG_1747-1024x683.jpeg 1024w, https:\/\/tanphulinhphukien.vn\/wp-content\/uploads\/2024\/01\/IMG_1747-768x512.jpeg 768w, https:\/\/tanphulinhphukien.vn\/wp-content\/uploads\/2024\/01\/IMG_1747-24x16.jpeg 24w, https:\/\/tanphulinhphukien.vn\/wp-content\/uploads\/2024\/01\/IMG_1747-36x24.jpeg 36w, https:\/\/tanphulinhphukien.vn\/wp-content\/uploads\/2024\/01\/IMG_1747-48x32.jpeg 48w, https:\/\/tanphulinhphukien.vn\/wp-content\/uploads\/2024\/01\/IMG_1747-600x400.jpeg 600w, https:\/\/tanphulinhphukien.vn\/wp-content\/uploads\/2024\/01\/IMG_1747.jpeg 1280w\" sizes=\"auto, (max-width: 300px) 100vw, 300px\" \/> <img loading=\"lazy\" decoding=\"async\" class=\"alignnone size-medium wp-image-8267\" src=\"https:\/\/tanphulinhphukien.vn\/wp-content\/uploads\/2024\/01\/IMG_1748-300x200.jpeg\" alt=\"\" width=\"300\" height=\"200\" srcset=\"https:\/\/tanphulinhphukien.vn\/wp-content\/uploads\/2024\/01\/IMG_1748-300x200.jpeg 300w, https:\/\/tanphulinhphukien.vn\/wp-content\/uploads\/2024\/01\/IMG_1748-1024x683.jpeg 1024w, https:\/\/tanphulinhphukien.vn\/wp-content\/uploads\/2024\/01\/IMG_1748-768x512.jpeg 768w, https:\/\/tanphulinhphukien.vn\/wp-content\/uploads\/2024\/01\/IMG_1748-24x16.jpeg 24w, https:\/\/tanphulinhphukien.vn\/wp-content\/uploads\/2024\/01\/IMG_1748-36x24.jpeg 36w, https:\/\/tanphulinhphukien.vn\/wp-content\/uploads\/2024\/01\/IMG_1748-48x32.jpeg 48w, https:\/\/tanphulinhphukien.vn\/wp-content\/uploads\/2024\/01\/IMG_1748-600x400.jpeg 600w, https:\/\/tanphulinhphukien.vn\/wp-content\/uploads\/2024\/01\/IMG_1748.jpeg 1280w\" sizes=\"auto, (max-width: 300px) 100vw, 300px\" \/> <img loading=\"lazy\" decoding=\"async\" class=\"alignnone size-medium wp-image-8268\" src=\"https:\/\/tanphulinhphukien.vn\/wp-content\/uploads\/2024\/01\/IMG_1749-300x200.jpeg\" alt=\"\" width=\"300\" height=\"200\" srcset=\"https:\/\/tanphulinhphukien.vn\/wp-content\/uploads\/2024\/01\/IMG_1749-300x200.jpeg 300w, https:\/\/tanphulinhphukien.vn\/wp-content\/uploads\/2024\/01\/IMG_1749-1024x683.jpeg 1024w, https:\/\/tanphulinhphukien.vn\/wp-content\/uploads\/2024\/01\/IMG_1749-768x512.jpeg 768w, https:\/\/tanphulinhphukien.vn\/wp-content\/uploads\/2024\/01\/IMG_1749-24x16.jpeg 24w, https:\/\/tanphulinhphukien.vn\/wp-content\/uploads\/2024\/01\/IMG_1749-36x24.jpeg 36w, https:\/\/tanphulinhphukien.vn\/wp-content\/uploads\/2024\/01\/IMG_1749-48x32.jpeg 48w, https:\/\/tanphulinhphukien.vn\/wp-content\/uploads\/2024\/01\/IMG_1749-600x400.jpeg 600w, https:\/\/tanphulinhphukien.vn\/wp-content\/uploads\/2024\/01\/IMG_1749.jpeg 1280w\" sizes=\"auto, (max-width: 300px) 100vw, 300px\" \/> <img loading=\"lazy\" decoding=\"async\" class=\"alignnone size-medium wp-image-8269\" src=\"https:\/\/tanphulinhphukien.vn\/wp-content\/uploads\/2024\/01\/IMG_1750-300x200.jpeg\" alt=\"\" width=\"300\" height=\"200\" srcset=\"https:\/\/tanphulinhphukien.vn\/wp-content\/uploads\/2024\/01\/IMG_1750-300x200.jpeg 300w, https:\/\/tanphulinhphukien.vn\/wp-content\/uploads\/2024\/01\/IMG_1750-1024x683.jpeg 1024w, https:\/\/tanphulinhphukien.vn\/wp-content\/uploads\/2024\/01\/IMG_1750-768x512.jpeg 768w, https:\/\/tanphulinhphukien.vn\/wp-content\/uploads\/2024\/01\/IMG_1750-24x16.jpeg 24w, https:\/\/tanphulinhphukien.vn\/wp-content\/uploads\/2024\/01\/IMG_1750-36x24.jpeg 36w, https:\/\/tanphulinhphukien.vn\/wp-content\/uploads\/2024\/01\/IMG_1750-48x32.jpeg 48w, https:\/\/tanphulinhphukien.vn\/wp-content\/uploads\/2024\/01\/IMG_1750-600x400.jpeg 600w, https:\/\/tanphulinhphukien.vn\/wp-content\/uploads\/2024\/01\/IMG_1750.jpeg 1280w\" sizes=\"auto, (max-width: 300px) 100vw, 300px\" \/> <img loading=\"lazy\" decoding=\"async\" class=\"alignnone size-medium wp-image-8270\" src=\"https:\/\/tanphulinhphukien.vn\/wp-content\/uploads\/2024\/01\/IMG_1751-300x200.jpeg\" alt=\"\" width=\"300\" height=\"200\" srcset=\"https:\/\/tanphulinhphukien.vn\/wp-content\/uploads\/2024\/01\/IMG_1751-300x200.jpeg 300w, https:\/\/tanphulinhphukien.vn\/wp-content\/uploads\/2024\/01\/IMG_1751-1024x683.jpeg 1024w, https:\/\/tanphulinhphukien.vn\/wp-content\/uploads\/2024\/01\/IMG_1751-768x512.jpeg 768w, https:\/\/tanphulinhphukien.vn\/wp-content\/uploads\/2024\/01\/IMG_1751-24x16.jpeg 24w, https:\/\/tanphulinhphukien.vn\/wp-content\/uploads\/2024\/01\/IMG_1751-36x24.jpeg 36w, https:\/\/tanphulinhphukien.vn\/wp-content\/uploads\/2024\/01\/IMG_1751-48x32.jpeg 48w, https:\/\/tanphulinhphukien.vn\/wp-content\/uploads\/2024\/01\/IMG_1751-600x400.jpeg 600w, https:\/\/tanphulinhphukien.vn\/wp-content\/uploads\/2024\/01\/IMG_1751.jpeg 1280w\" sizes=\"auto, (max-width: 300px) 100vw, 300px\" \/> <img loading=\"lazy\" decoding=\"async\" class=\"alignnone size-medium wp-image-8271\" src=\"https:\/\/tanphulinhphukien.vn\/wp-content\/uploads\/2024\/01\/IMG_1752-300x200.jpeg\" alt=\"\" width=\"300\" height=\"200\" srcset=\"https:\/\/tanphulinhphukien.vn\/wp-content\/uploads\/2024\/01\/IMG_1752-300x200.jpeg 300w, https:\/\/tanphulinhphukien.vn\/wp-content\/uploads\/2024\/01\/IMG_1752-1024x683.jpeg 1024w, https:\/\/tanphulinhphukien.vn\/wp-content\/uploads\/2024\/01\/IMG_1752-768x512.jpeg 768w, https:\/\/tanphulinhphukien.vn\/wp-content\/uploads\/2024\/01\/IMG_1752-24x16.jpeg 24w, https:\/\/tanphulinhphukien.vn\/wp-content\/uploads\/2024\/01\/IMG_1752-36x24.jpeg 36w, https:\/\/tanphulinhphukien.vn\/wp-content\/uploads\/2024\/01\/IMG_1752-48x32.jpeg 48w, https:\/\/tanphulinhphukien.vn\/wp-content\/uploads\/2024\/01\/IMG_1752-600x400.jpeg 600w, https:\/\/tanphulinhphukien.vn\/wp-content\/uploads\/2024\/01\/IMG_1752.jpeg 1280w\" sizes=\"auto, (max-width: 300px) 100vw, 300px\" \/><\/p>\n","protected":false},"excerpt":{"rendered":"<p>\u1ed0p trong \u0111en kh\u00f3i c\u00f3 t\u00edch h\u1ee3p Magsafe \uf8ff #MILAN_SNAP \ud83d\udd18 ch\u00ednh h\u00e3ng #ZAGG \u2714\ufe0f Thi\u1ebft k\u1ebf tinh t\u1ebf , \u0111\u01a1n gi\u00e3n . Ch\u1ea5t li\u1ec7u TPU + PC cao c\u1ea5p ch\u1ed1ng \u1ed1 \u2714\ufe0f T\u00edch h\u1ee3p v\u00f2ng \ud83d\udd18 Magsage h\u1ed7 tr\u1ee3 c\u00e1c ph\u1ee5 ki\u1ec7n v\u00ed Magsafe , s\u1ea1c kh\u00f4ng d\u00e2y Magsafe \uf8ff #iPhone 15ProMax<\/p>\n","protected":false},"featured_media":8263,"comment_status":"closed","ping_status":"closed","template":"","meta":[],"product_brand":[],"product_cat":[50,19],"product_tag":[],"class_list":{"0":"post-8262","1":"product","2":"type-product","3":"status-publish","4":"has-post-thumbnail","6":"product_cat-op-lung-iphone","7":"product_cat-phu-kien","9":"first","10":"instock","11":"shipping-taxable","12":"purchasable","13":"product-type-simple"},"_links":{"self":[{"href":"https:\/\/tanphulinhphukien.vn\/index.php?rest_route=\/wp\/v2\/product\/8262","targetHints":{"allow":["GET"]}}],"collection":[{"href":"https:\/\/tanphulinhphukien.vn\/index.php?rest_route=\/wp\/v2\/product"}],"about":[{"href":"https:\/\/tanphulinhphukien.vn\/index.php?rest_route=\/wp\/v2\/types\/product"}],"replies":[{"embeddable":true,"href":"https:\/\/tanphulinhphukien.vn\/index.php?rest_route=%2Fwp%2Fv2%2Fcomments&post=8262"}],"wp:featuredmedia":[{"embeddable":true,"href":"https:\/\/tanphulinhphukien.vn\/index.php?rest_route=\/wp\/v2\/media\/8263"}],"wp:attachment":[{"href":"https:\/\/tanphulinhphukien.vn\/index.php?rest_route=%2Fwp%2Fv2%2Fmedia&parent=8262"}],"wp:term":[{"taxonomy":"product_brand","embeddable":true,"href":"https:\/\/tanphulinhphukien.vn\/index.php?rest_route=%2Fwp%2Fv2%2Fproduct_brand&post=8262"},{"taxonomy":"product_cat","embeddable":true,"href":"https:\/\/tanphulinhphukien.vn\/index.php?rest_route=%2Fwp%2Fv2%2Fproduct_cat&post=8262"},{"taxonomy":"product_tag","embeddable":true,"href":"https:\/\/tanphulinhphukien.vn\/index.php?rest_route=%2Fwp%2Fv2%2Fproduct_tag&post=8262"}],"curies":[{"name":"wp","href":"https:\/\/api.w.org\/{rel}","templated":true}]}}