{"id":8001,"date":"2023-10-17T19:52:06","date_gmt":"2023-10-17T12:52:06","guid":{"rendered":"https:\/\/tanphulinhphukien.vn\/?post_type=product&#038;p=8001"},"modified":"2023-10-18T09:32:41","modified_gmt":"2023-10-18T02:32:41","slug":"day-hit-chi","status":"publish","type":"product","link":"https:\/\/tanphulinhphukien.vn\/?product=day-hit-chi","title":{"rendered":"D\u00c2Y H\u00cdT CH\u00cc"},"content":{"rendered":"","protected":false},"excerpt":{"rendered":"","protected":false},"featured_media":8004,"comment_status":"closed","ping_status":"closed","template":"","meta":[],"product_brand":[],"product_cat":[517],"product_tag":[],"class_list":{"0":"post-8001","1":"product","2":"type-product","3":"status-publish","4":"has-post-thumbnail","6":"product_cat-dung-cu-sua-chua","8":"first","9":"instock","10":"shipping-taxable","11":"purchasable","12":"product-type-simple"},"_links":{"self":[{"href":"https:\/\/tanphulinhphukien.vn\/index.php?rest_route=\/wp\/v2\/product\/8001","targetHints":{"allow":["GET"]}}],"collection":[{"href":"https:\/\/tanphulinhphukien.vn\/index.php?rest_route=\/wp\/v2\/product"}],"about":[{"href":"https:\/\/tanphulinhphukien.vn\/index.php?rest_route=\/wp\/v2\/types\/product"}],"replies":[{"embeddable":true,"href":"https:\/\/tanphulinhphukien.vn\/index.php?rest_route=%2Fwp%2Fv2%2Fcomments&post=8001"}],"wp:featuredmedia":[{"embeddable":true,"href":"https:\/\/tanphulinhphukien.vn\/index.php?rest_route=\/wp\/v2\/media\/8004"}],"wp:attachment":[{"href":"https:\/\/tanphulinhphukien.vn\/index.php?rest_route=%2Fwp%2Fv2%2Fmedia&parent=8001"}],"wp:term":[{"taxonomy":"product_brand","embeddable":true,"href":"https:\/\/tanphulinhphukien.vn\/index.php?rest_route=%2Fwp%2Fv2%2Fproduct_brand&post=8001"},{"taxonomy":"product_cat","embeddable":true,"href":"https:\/\/tanphulinhphukien.vn\/index.php?rest_route=%2Fwp%2Fv2%2Fproduct_cat&post=8001"},{"taxonomy":"product_tag","embeddable":true,"href":"https:\/\/tanphulinhphukien.vn\/index.php?rest_route=%2Fwp%2Fv2%2Fproduct_tag&post=8001"}],"curies":[{"name":"wp","href":"https:\/\/api.w.org\/{rel}","templated":true}]}}