{"id":7406,"date":"2023-07-08T10:23:55","date_gmt":"2023-07-08T03:23:55","guid":{"rendered":"https:\/\/tanphulinhphukien.vn\/?post_type=product&#038;p=7406"},"modified":"2023-07-08T10:23:55","modified_gmt":"2023-07-08T03:23:55","slug":"op-magsafe-14promax-trong-suot-memumi","status":"publish","type":"product","link":"https:\/\/tanphulinhphukien.vn\/?product=op-magsafe-14promax-trong-suot-memumi","title":{"rendered":"\u1ed0p Magsafe 14ProMax trong su\u1ed1t Memumi"},"content":{"rendered":"<p>\u1ed0p trong su\u1ed1t PC kh\u00f4ng \u1ed1 , c\u00f3 t\u00edch h\u1ee3p Magsafe si\u00eau m\u1ecfng 0.3mm , phi\u00ean b\u1ea3n m\u1edbi thi\u1ebft k\u1ebf b\u1ea3o v\u1ec7 nguy\u00ean c\u1ee5m camera sau<\/p>\n<p>\ud83d\udca0 Ch\u00ednh h\u00e3ng #MEMUMI<\/p>\n<p>D\u00e0nh cho #iPhone 14Pro &amp; 14ProMax<\/p>\n","protected":false},"excerpt":{"rendered":"<p>\u1ed0p trong su\u1ed1t PC kh\u00f4ng \u1ed1 , c\u00f3 t\u00edch h\u1ee3p Magsafe si\u00eau m\u1ecfng 0.3mm , phi\u00ean b\u1ea3n m\u1edbi thi\u1ebft k\u1ebf b\u1ea3o v\u1ec7 nguy\u00ean c\u1ee5m camera sau \ud83d\udca0 Ch\u00ednh h\u00e3ng #MEMUMI D\u00e0nh cho #iPhone 14Pro &amp; 14ProMax<\/p>\n","protected":false},"featured_media":7407,"comment_status":"closed","ping_status":"closed","template":"","meta":[],"product_brand":[],"product_cat":[50,19],"product_tag":[548],"class_list":{"0":"post-7406","1":"product","2":"type-product","3":"status-publish","4":"has-post-thumbnail","6":"product_cat-op-lung-iphone","7":"product_cat-phu-kien","8":"product_tag-op-memumi-magsafe","10":"first","11":"instock","12":"shipping-taxable","13":"purchasable","14":"product-type-simple"},"_links":{"self":[{"href":"https:\/\/tanphulinhphukien.vn\/index.php?rest_route=\/wp\/v2\/product\/7406","targetHints":{"allow":["GET"]}}],"collection":[{"href":"https:\/\/tanphulinhphukien.vn\/index.php?rest_route=\/wp\/v2\/product"}],"about":[{"href":"https:\/\/tanphulinhphukien.vn\/index.php?rest_route=\/wp\/v2\/types\/product"}],"replies":[{"embeddable":true,"href":"https:\/\/tanphulinhphukien.vn\/index.php?rest_route=%2Fwp%2Fv2%2Fcomments&post=7406"}],"wp:featuredmedia":[{"embeddable":true,"href":"https:\/\/tanphulinhphukien.vn\/index.php?rest_route=\/wp\/v2\/media\/7407"}],"wp:attachment":[{"href":"https:\/\/tanphulinhphukien.vn\/index.php?rest_route=%2Fwp%2Fv2%2Fmedia&parent=7406"}],"wp:term":[{"taxonomy":"product_brand","embeddable":true,"href":"https:\/\/tanphulinhphukien.vn\/index.php?rest_route=%2Fwp%2Fv2%2Fproduct_brand&post=7406"},{"taxonomy":"product_cat","embeddable":true,"href":"https:\/\/tanphulinhphukien.vn\/index.php?rest_route=%2Fwp%2Fv2%2Fproduct_cat&post=7406"},{"taxonomy":"product_tag","embeddable":true,"href":"https:\/\/tanphulinhphukien.vn\/index.php?rest_route=%2Fwp%2Fv2%2Fproduct_tag&post=7406"}],"curies":[{"name":"wp","href":"https:\/\/api.w.org\/{rel}","templated":true}]}}