{"id":7399,"date":"2023-07-07T17:26:45","date_gmt":"2023-07-07T10:26:45","guid":{"rendered":"https:\/\/tanphulinhphukien.vn\/?post_type=product&#038;p=7399"},"modified":"2023-07-07T17:26:46","modified_gmt":"2023-07-07T10:26:46","slug":"bao-kiem-op-ipad-duxducis-magi-series","status":"publish","type":"product","link":"https:\/\/tanphulinhphukien.vn\/?product=bao-kiem-op-ipad-duxducis-magi-series","title":{"rendered":"Bao ki\u00eam \u1ed1p iPad DUXDUCIS MAGI series"},"content":{"rendered":"<p>&nbsp;<\/p>\n<p>D\u00e0nh cho iPad :<br \/>\n&#8211; Pro 12.9 (2018\/20\/21)<br \/>\n&#8211; Pro 11 (2018\/20\/21)<br \/>\n&#8211; Pro 10.2 \/ Gen 7,8,9<br \/>\n&#8211; Air 4\/5 (10.9)<\/p>\n<p>\ud83d\udc49\ud83c\udffb Thi\u1ebft k\u1ebf \u0111a n\u0103ng , ti\u1ec7n d\u1ee5ng , 2-in-1 v\u1eeba l\u00e0m bao iPad c\u00f3 th\u1ec3 th\u00e1o l\u1eafp n\u1eafp \u0111\u1eady \u0111\u1ec3 l\u00e0m case<br \/>\n\ud83d\udc49\ud83c\udffb \u0110\u01a1n gi\u1ea3n , tinh t\u1ebf . 3 m\u00e0u : H\u1ed2NG \/ X\u00c1M \/ \u0110EN<\/p>\n<p>&#8211; Vi\u1ec1n l\u01b0ng \u1ed1p \u0111\u01b0\u1ee3c l\u00e0m t\u1eeb ch\u1ea5t li\u1ec7u TPU d\u1ebbo cao c\u1ea5p ch\u1ed1ng s\u1ed1c , ch\u1ed1ng va \u0111\u1eadp , ch\u1ed1ng tr\u1ea7y x\u01b0\u1edbc<br \/>\n&#8211; L\u01b0ng \u1ed1p PC c\u1ee9ng , trong su\u1ed1t gi\u1eef nguy\u00ean v\u1ebb \u0111\u1eb9p c\u1ee7a m\u00e1y iPad<br \/>\n&#8211; N\u1eafp \u0111\u1eady ch\u1ea5t di\u1ec7u da PU cao c\u1ea5p x\u1ecbn x\u00f2 , b\u00ean trong \u0111\u01b0\u1ee3c ph\u1ee7 1 l\u1edbp da l\u1ed9n fiber si\u00eau m\u1ecbn , ch\u1ed1ng tr\u1ea7y x\u01b0\u1edbc m\u00e0n h\u00ecnh , ch\u1ed1ng b\u00e1m b\u1ee5i<\/p>\n<p>\u2796 N\u1eafp \u0111\u1eady thi\u1ebft k\u1ebf th\u00f4ng minh : g\u1ea5p ch\u1eef Y \/ g\u1ea5p tam gi\u00e1c 3 kh\u00fac , c\u00f3 th\u1ec3 l\u00e0m gi\u00e1 d\u1ee1 \u0111\u01b0\u1ee3c 6 t\u01b0 th\u1ebf ti\u1ec7n l\u1ee3i , \u0111a n\u0103ng \ud83d\udc4d<br \/>\n\u2796 Bao MAGI c\u00f3 thi\u1ebft k\u1ebf th\u00eam ng\u0103n \u0111\u1ef1ng b\u00fat \uf8ffPencil<\/p>\n<p>SMART CASE : t\u1ef1 \u0111\u1ed9ng T\u1eaft\/M\u1edf m\u00e0n h\u00ecnh khi \u0110\u00f3ng\/M\u1edf n\u1eafp \u0111\u1eady bao iPad<\/p>\n","protected":false},"excerpt":{"rendered":"<p>&nbsp; D\u00e0nh cho iPad : &#8211; Pro 12.9 (2018\/20\/21) &#8211; Pro 11 (2018\/20\/21) &#8211; Pro 10.2 \/ Gen 7,8,9 &#8211; Air 4\/5 (10.9) \ud83d\udc49\ud83c\udffb Thi\u1ebft k\u1ebf \u0111a n\u0103ng , ti\u1ec7n d\u1ee5ng , 2-in-1 v\u1eeba l\u00e0m bao iPad c\u00f3 th\u1ec3 th\u00e1o l\u1eafp n\u1eafp \u0111\u1eady \u0111\u1ec3 l\u00e0m case \ud83d\udc49\ud83c\udffb \u0110\u01a1n gi\u1ea3n , tinh t\u1ebf . 3 m\u00e0u &#8230; <a title=\"Bao ki\u00eam \u1ed1p iPad DUXDUCIS MAGI series\" class=\"read-more\" href=\"https:\/\/tanphulinhphukien.vn\/?product=bao-kiem-op-ipad-duxducis-magi-series\" aria-label=\"More on Bao ki\u00eam \u1ed1p iPad DUXDUCIS MAGI series\">\u0110\u1ecdc ti\u1ebfp<\/a><\/p>\n","protected":false},"featured_media":7400,"comment_status":"closed","ping_status":"closed","template":"","meta":[],"product_brand":[],"product_cat":[19,48],"product_tag":[],"class_list":{"0":"post-7399","1":"product","2":"type-product","3":"status-publish","4":"has-post-thumbnail","6":"product_cat-phu-kien","7":"product_cat-phu-kien-ipad","9":"first","10":"instock","11":"shipping-taxable","12":"purchasable","13":"product-type-simple"},"_links":{"self":[{"href":"https:\/\/tanphulinhphukien.vn\/index.php?rest_route=\/wp\/v2\/product\/7399","targetHints":{"allow":["GET"]}}],"collection":[{"href":"https:\/\/tanphulinhphukien.vn\/index.php?rest_route=\/wp\/v2\/product"}],"about":[{"href":"https:\/\/tanphulinhphukien.vn\/index.php?rest_route=\/wp\/v2\/types\/product"}],"replies":[{"embeddable":true,"href":"https:\/\/tanphulinhphukien.vn\/index.php?rest_route=%2Fwp%2Fv2%2Fcomments&post=7399"}],"wp:featuredmedia":[{"embeddable":true,"href":"https:\/\/tanphulinhphukien.vn\/index.php?rest_route=\/wp\/v2\/media\/7400"}],"wp:attachment":[{"href":"https:\/\/tanphulinhphukien.vn\/index.php?rest_route=%2Fwp%2Fv2%2Fmedia&parent=7399"}],"wp:term":[{"taxonomy":"product_brand","embeddable":true,"href":"https:\/\/tanphulinhphukien.vn\/index.php?rest_route=%2Fwp%2Fv2%2Fproduct_brand&post=7399"},{"taxonomy":"product_cat","embeddable":true,"href":"https:\/\/tanphulinhphukien.vn\/index.php?rest_route=%2Fwp%2Fv2%2Fproduct_cat&post=7399"},{"taxonomy":"product_tag","embeddable":true,"href":"https:\/\/tanphulinhphukien.vn\/index.php?rest_route=%2Fwp%2Fv2%2Fproduct_tag&post=7399"}],"curies":[{"name":"wp","href":"https:\/\/api.w.org\/{rel}","templated":true}]}}