{"id":7381,"date":"2023-07-06T12:34:45","date_gmt":"2023-07-06T05:34:45","guid":{"rendered":"https:\/\/tanphulinhphukien.vn\/?post_type=product&#038;p=7381"},"modified":"2024-01-08T09:37:39","modified_gmt":"2024-01-08T02:37:39","slug":"sac-du-phong-magsafe-anker-magnetic-5000mah-a9518","status":"publish","type":"product","link":"https:\/\/tanphulinhphukien.vn\/?product=sac-du-phong-magsafe-anker-magnetic-5000mah-a9518","title":{"rendered":"S\u1ea1c d\u1ef1 ph\u00f2ng magsafe Anker Magnetic 5000mAh A9518"},"content":{"rendered":"<p>S\u1ea1c d\u1ef1 ph\u00f2ng magsafe<br \/>\n#Anker Magnetic 5K<\/p>\n<p>L\u00e0 vi\u00ean pin d\u1ef1 ph\u00f2ng #5000mAh , c\u00f3 t\u00edch h\u1ee3p s\u1ea1c kh\u00f4ng d\u00e2y magsafe v\u00e0 c\u1ed5ng s\u1ea1c USB-C d\u00e0nh cho c\u00e1c th\u1ebf h\u1ec7 iPhone 13 series, 12 series,\u2026<\/p>\n<p>\u25fc\ufe0f M\u1ea1nh v\u00e0 nhanh: nam ch\u00e2m c\u00f3 t\u1eeb t\u00ednh m\u1ea1nh, gi\u00fap s\u1ea1c t\u1ef1 h\u00edt v\u00e0o \u0111\u00fang v\u1ecb tr\u00ed magsafe tr\u00ean iPhone c\u1ee7a b\u1ea1n, thao t\u00e1c nhanh v\u00e0 ch\u00ednh x\u00e1c.<\/p>\n<p>\u25fc\ufe0f M\u1ecfng v\u00e0 nh\u1ecf g\u1ecdn: thi\u1ebft k\u1ebf \u0111\u1eb9p v\u00e0 r\u1ea5t m\u1ecfng v\u1edbi ch\u1ec9 12mm, c\u00f3 th\u1ec3 d\u1ec5 d\u00e0ng v\u1eeba s\u1ea1c v\u1eeba s\u1eed d\u1ee5ng m\u00e0 kh\u00f4ng g\u00e2y b\u1ea5t ti\u1ec7n.<\/p>\n<p>\u25fc\ufe0f\u0110\u00e3 l\u1ea1i c\u00e0ng nh\u1ecf h\u01a1n: v\u1edbi c\u00f4ng ngh\u1ec7 Mini Cell m\u1edbi c\u1ee7a Anker, gi\u00fap gi\u1ea3m k\u00edch th\u01b0\u1edbc t\u1ed5ng th\u1ec3 c\u1ee7a pin m\u00e0 kh\u00f4ng \u1ea3nh h\u01b0\u1edfng \u0111\u1ebfn hi\u1ec7u n\u0103ng s\u1ea1c.<\/p>\n<p>\u25fc\ufe0f T\u01b0\u01a1ng th\u00edch s\u1ea1c magsafe: iPhone 13 \/ iPhone 13 Pro \/ iPhone 13 Pro Max, iPhone 12 \/ iPhone 12 Pro \/ iPhone 12 Pro Max \/ iPhone 12 mini.<\/p>\n<p>Trong h\u1ed9p bao g\u1ed3m: Anker Magnetic 5K , c\u00e1p USB-C to C 60cm, h\u01b0\u1edbng d\u1eabn s\u1eed d\u1ee5ng.<\/p>\n<p>M\u00e0u c\u00f3 s\u1eb5n: \u0110\u1ece ho\u00e0ng h\u00f4n \ud83d\udfe5<\/p>\n","protected":false},"excerpt":{"rendered":"<p>S\u1ea1c d\u1ef1 ph\u00f2ng magsafe #Anker Magnetic 5K L\u00e0 vi\u00ean pin d\u1ef1 ph\u00f2ng #5000mAh , c\u00f3 t\u00edch h\u1ee3p s\u1ea1c kh\u00f4ng d\u00e2y magsafe v\u00e0 c\u1ed5ng s\u1ea1c USB-C d\u00e0nh cho c\u00e1c th\u1ebf h\u1ec7 iPhone 13 series, 12 series,\u2026 \u25fc\ufe0f M\u1ea1nh v\u00e0 nhanh: nam ch\u00e2m c\u00f3 t\u1eeb t\u00ednh m\u1ea1nh, gi\u00fap s\u1ea1c t\u1ef1 h\u00edt v\u00e0o \u0111\u00fang v\u1ecb tr\u00ed magsafe tr\u00ean &#8230; <a title=\"S\u1ea1c d\u1ef1 ph\u00f2ng magsafe Anker Magnetic 5000mAh A9518\" class=\"read-more\" href=\"https:\/\/tanphulinhphukien.vn\/?product=sac-du-phong-magsafe-anker-magnetic-5000mah-a9518\" aria-label=\"More on S\u1ea1c d\u1ef1 ph\u00f2ng magsafe Anker Magnetic 5000mAh A9518\">\u0110\u1ecdc ti\u1ebfp<\/a><\/p>\n","protected":false},"featured_media":7382,"comment_status":"closed","ping_status":"closed","template":"","meta":[],"product_brand":[],"product_cat":[530,19,526],"product_tag":[],"class_list":{"0":"post-7381","1":"product","2":"type-product","3":"status-publish","4":"has-post-thumbnail","6":"product_cat-anker","7":"product_cat-phu-kien","8":"product_cat-sac-du-phong-phu-kien","10":"first","11":"instock","12":"shipping-taxable","13":"purchasable","14":"product-type-simple"},"_links":{"self":[{"href":"https:\/\/tanphulinhphukien.vn\/index.php?rest_route=\/wp\/v2\/product\/7381","targetHints":{"allow":["GET"]}}],"collection":[{"href":"https:\/\/tanphulinhphukien.vn\/index.php?rest_route=\/wp\/v2\/product"}],"about":[{"href":"https:\/\/tanphulinhphukien.vn\/index.php?rest_route=\/wp\/v2\/types\/product"}],"replies":[{"embeddable":true,"href":"https:\/\/tanphulinhphukien.vn\/index.php?rest_route=%2Fwp%2Fv2%2Fcomments&post=7381"}],"wp:featuredmedia":[{"embeddable":true,"href":"https:\/\/tanphulinhphukien.vn\/index.php?rest_route=\/wp\/v2\/media\/7382"}],"wp:attachment":[{"href":"https:\/\/tanphulinhphukien.vn\/index.php?rest_route=%2Fwp%2Fv2%2Fmedia&parent=7381"}],"wp:term":[{"taxonomy":"product_brand","embeddable":true,"href":"https:\/\/tanphulinhphukien.vn\/index.php?rest_route=%2Fwp%2Fv2%2Fproduct_brand&post=7381"},{"taxonomy":"product_cat","embeddable":true,"href":"https:\/\/tanphulinhphukien.vn\/index.php?rest_route=%2Fwp%2Fv2%2Fproduct_cat&post=7381"},{"taxonomy":"product_tag","embeddable":true,"href":"https:\/\/tanphulinhphukien.vn\/index.php?rest_route=%2Fwp%2Fv2%2Fproduct_tag&post=7381"}],"curies":[{"name":"wp","href":"https:\/\/api.w.org\/{rel}","templated":true}]}}