{"id":7151,"date":"2023-06-28T10:22:41","date_gmt":"2023-06-28T03:22:41","guid":{"rendered":"https:\/\/tanphulinhphukien.vn\/?post_type=product&#038;p=7151"},"modified":"2023-06-28T10:22:41","modified_gmt":"2023-06-28T03:22:41","slug":"bao-da-iphone-13-denior-cao-cap","status":"publish","type":"product","link":"https:\/\/tanphulinhphukien.vn\/?product=bao-da-iphone-13-denior-cao-cap","title":{"rendered":"Bao da iPhone 13 Denior Cao C\u1ea5p"},"content":{"rendered":"<p>Bao da DENIOR cao c\u1ea5p<br \/>\n\ud83d\udd34\ud83d\udd35\ud83d\udfe0\ud83d\udfe2\u26ab\ufe0f<\/p>\n<p>\ud83d\udc49\ud83c\udffb Thi\u1ebft k\u1ebf \u0111\u01a1n gi\u1ea3n , tinh t\u1ebf , may th\u1ee7 c\u00f4ng<br \/>\n\ud83d\udc49\ud83c\udffb 4 ng\u0103n \u0111\u1ef1ng : ti\u1ec1n , th\u1ebb , card \u2026. ti\u1ec7n l\u1ee3i<br \/>\n\ud83d\udc49\ud83c\udffb Smart Case : N\u1eafp \u0111\u1eady c\u00f3 th\u1ec7 g\u1eadp l\u00e0m ch\u00e2n \u0111\u1ee9ng \u0111\u1ec3 xem phim , quay video , r\u1ea3nh tay<br \/>\n\uf8ff iPhone 13<\/p>\n","protected":false},"excerpt":{"rendered":"<p>Bao da DENIOR cao c\u1ea5p \ud83d\udd34\ud83d\udd35\ud83d\udfe0\ud83d\udfe2\u26ab\ufe0f \ud83d\udc49\ud83c\udffb Thi\u1ebft k\u1ebf \u0111\u01a1n gi\u1ea3n , tinh t\u1ebf , may th\u1ee7 c\u00f4ng \ud83d\udc49\ud83c\udffb 4 ng\u0103n \u0111\u1ef1ng : ti\u1ec1n , th\u1ebb , card \u2026. ti\u1ec7n l\u1ee3i \ud83d\udc49\ud83c\udffb Smart Case : N\u1eafp \u0111\u1eady c\u00f3 th\u1ec7 g\u1eadp l\u00e0m ch\u00e2n \u0111\u1ee9ng \u0111\u1ec3 xem phim , quay video , r\u1ea3nh tay \uf8ff iPhone 13<\/p>\n","protected":false},"featured_media":7152,"comment_status":"closed","ping_status":"closed","template":"","meta":[],"product_brand":[],"product_cat":[50,19],"product_tag":[],"class_list":{"0":"post-7151","1":"product","2":"type-product","3":"status-publish","4":"has-post-thumbnail","6":"product_cat-op-lung-iphone","7":"product_cat-phu-kien","9":"first","10":"instock","11":"shipping-taxable","12":"purchasable","13":"product-type-simple"},"_links":{"self":[{"href":"https:\/\/tanphulinhphukien.vn\/index.php?rest_route=\/wp\/v2\/product\/7151","targetHints":{"allow":["GET"]}}],"collection":[{"href":"https:\/\/tanphulinhphukien.vn\/index.php?rest_route=\/wp\/v2\/product"}],"about":[{"href":"https:\/\/tanphulinhphukien.vn\/index.php?rest_route=\/wp\/v2\/types\/product"}],"replies":[{"embeddable":true,"href":"https:\/\/tanphulinhphukien.vn\/index.php?rest_route=%2Fwp%2Fv2%2Fcomments&post=7151"}],"wp:featuredmedia":[{"embeddable":true,"href":"https:\/\/tanphulinhphukien.vn\/index.php?rest_route=\/wp\/v2\/media\/7152"}],"wp:attachment":[{"href":"https:\/\/tanphulinhphukien.vn\/index.php?rest_route=%2Fwp%2Fv2%2Fmedia&parent=7151"}],"wp:term":[{"taxonomy":"product_brand","embeddable":true,"href":"https:\/\/tanphulinhphukien.vn\/index.php?rest_route=%2Fwp%2Fv2%2Fproduct_brand&post=7151"},{"taxonomy":"product_cat","embeddable":true,"href":"https:\/\/tanphulinhphukien.vn\/index.php?rest_route=%2Fwp%2Fv2%2Fproduct_cat&post=7151"},{"taxonomy":"product_tag","embeddable":true,"href":"https:\/\/tanphulinhphukien.vn\/index.php?rest_route=%2Fwp%2Fv2%2Fproduct_tag&post=7151"}],"curies":[{"name":"wp","href":"https:\/\/api.w.org\/{rel}","templated":true}]}}