{"id":7061,"date":"2023-06-27T12:49:47","date_gmt":"2023-06-27T05:49:47","guid":{"rendered":"https:\/\/tanphulinhphukien.vn\/?post_type=product&#038;p=7061"},"modified":"2023-06-27T12:49:47","modified_gmt":"2023-06-27T05:49:47","slug":"tai-nghe-zg%f0%9d%97%94%f0%9d%97%b6%f0%9d%97%bf%f0%9d%97%a3%f0%9d%97%bc%f0%9d%97%b1%f0%9d%98%80%f0%9d%9f%af-chinh-hang-zga","status":"publish","type":"product","link":"https:\/\/tanphulinhphukien.vn\/?product=tai-nghe-zg%f0%9d%97%94%f0%9d%97%b6%f0%9d%97%bf%f0%9d%97%a3%f0%9d%97%bc%f0%9d%97%b1%f0%9d%98%80%f0%9d%9f%af-chinh-hang-zga","title":{"rendered":"Tai nghe ZG\ud835\uddd4\ud835\uddf6\ud835\uddff\ud835\udde3\ud835\uddfc\ud835\uddf1\ud835\ude00\ud835\udfef  ch\u00ednh h\u00e3ng ZGA"},"content":{"rendered":"<div>\n<div id=\":r1as:\" class=\"x1n2onr6\">\n<div class=\"x1n2onr6\">\n<div class=\"x9f619 x1lliihq x4uap5 xkhd6sd\">\n<div class=\"x11jkl0l x182zwpg x1n2xptk xkbpzyx xdppsyt x1rr5fae x1lq5wgf xgqcy7u x30kzoy x9jhf4c x6ikm8r x10wlt62\">\n<div class=\"\">\n<div>\n<div class=\"\" dir=\"auto\">\n<div class=\"\" dir=\"auto\">\n<div class=\"x1iorvi4 x1pi30zi x1l90r2v x1swvt13\" data-ad-comet-preview=\"message\" data-ad-preview=\"message\">\n<div class=\"x78zum5 xdt5ytf xz62fqu x16ldp7u\">\n<div class=\"xu06os2 x1ok221b\">\n<div class=\"xdj266r x11i5rnm xat24cr x1mh8g0r x1vvkbs x126k92a\">\n<div dir=\"auto\"><span class=\"x3nfvp2 x1j61x8r x1fcty0u xdj266r xhhsvwb xat24cr xgzva0m xxymvpz xlup9mm x1kky2od\"><img loading=\"lazy\" decoding=\"async\" src=\"https:\/\/static.xx.fbcdn.net\/images\/emoji.php\/v9\/tc\/1\/16\/1f449_1f3fb.png\" alt=\"\ud83d\udc49\ud83c\udffb\" width=\"16\" height=\"16\" \/><\/span> H\u00e0ng hot best seller b\u00ean s\u1ed1p em v\u1eeba v\u1ec1 \u0111\u1ec3 ch\u0103m h\u00e0ng cho ace \u0111\u00e2y <span class=\"x3nfvp2 x1j61x8r x1fcty0u xdj266r xhhsvwb xat24cr xgzva0m xxymvpz xlup9mm x1kky2od\"><img loading=\"lazy\" decoding=\"async\" src=\"https:\/\/static.xx.fbcdn.net\/images\/emoji.php\/v9\/tba\/1\/16\/1f4e3.png\" alt=\"\ud83d\udce3\" width=\"16\" height=\"16\" \/><\/span><span class=\"x3nfvp2 x1j61x8r x1fcty0u xdj266r xhhsvwb xat24cr xgzva0m xxymvpz xlup9mm x1kky2od\"><img loading=\"lazy\" decoding=\"async\" src=\"https:\/\/static.xx.fbcdn.net\/images\/emoji.php\/v9\/tba\/1\/16\/1f4e3.png\" alt=\"\ud83d\udce3\" width=\"16\" height=\"16\" \/><\/span><span class=\"x3nfvp2 x1j61x8r x1fcty0u xdj266r xhhsvwb xat24cr xgzva0m xxymvpz xlup9mm x1kky2od\"><img loading=\"lazy\" decoding=\"async\" src=\"https:\/\/static.xx.fbcdn.net\/images\/emoji.php\/v9\/tba\/1\/16\/1f4e3.png\" alt=\"\ud83d\udce3\" width=\"16\" height=\"16\" \/><\/span><\/div>\n<\/div>\n<div class=\"x11i5rnm xat24cr x1mh8g0r x1vvkbs xtlvy1s x126k92a\">\n<div dir=\"auto\">Tai nghe ZG\ud835\uddd4\ud835\uddf6\ud835\uddff\ud835\udde3\ud835\uddfc\ud835\uddf1\ud835\ude00\ud835\udfef<\/div>\n<div dir=\"auto\">ch\u00ednh h\u00e3ng ZGA<\/div>\n<\/div>\n<div class=\"x11i5rnm xat24cr x1mh8g0r x1vvkbs xtlvy1s x126k92a\">\n<div dir=\"auto\">\uf8ff Thi\u1ebft k\u1ebf 1:1 nh\u01b0 tai AirPods 3 , chip zin , k\u1ebft n\u1ed1i nh\u01b0 h\u00e0ng x\u1ecbn<\/div>\n<\/div>\n<div class=\"x11i5rnm xat24cr x1mh8g0r x1vvkbs xtlvy1s x126k92a\">\n<div dir=\"auto\">\uf8ff C\u00e0i \u0111\u1eb7t &#8211; Bluetooth tu\u1ef3 ch\u1ec9nh , \u0111\u1ea7y \u0111\u1ee7 th\u00f4ng tin <span class=\"x3nfvp2 x1j61x8r x1fcty0u xdj266r xhhsvwb xat24cr xgzva0m xxymvpz xlup9mm x1kky2od\"><img loading=\"lazy\" decoding=\"async\" src=\"https:\/\/static.xx.fbcdn.net\/images\/emoji.php\/v9\/tfc\/1\/16\/1f44d.png\" alt=\"\ud83d\udc4d\" width=\"16\" height=\"16\" \/><\/span><\/div>\n<\/div>\n<div class=\"x11i5rnm xat24cr x1mh8g0r x1vvkbs xtlvy1s x126k92a\">\n<div dir=\"auto\"><span class=\"x3nfvp2 x1j61x8r x1fcty0u xdj266r xhhsvwb xat24cr xgzva0m xxymvpz xlup9mm x1kky2od\"><img loading=\"lazy\" decoding=\"async\" src=\"https:\/\/static.xx.fbcdn.net\/images\/emoji.php\/v9\/tc\/1\/16\/1f449_1f3fb.png\" alt=\"\ud83d\udc49\ud83c\udffb\" width=\"16\" height=\"16\" \/><\/span> Ch\u1ea5t l\u01b0\u1ee3ng \u00e2m thanh 8\/10 , d\u00f9ng c\u1ea3m bi\u1ebfn l\u1ef1c b\u1ea5m nh\u01b0 AirPods 3 &amp; Pro<\/div>\n<\/div>\n<\/div>\n<\/div>\n<\/div>\n<\/div>\n<\/div>\n<\/div>\n<div>\n<div class=\"x1n2onr6\">\n<div class=\"x1n2onr6\">\n<div class=\"x6ikm8r x10wlt62 x10l6tqk\">\n<div class=\"x1o1ewxj x3x9cwd x1e5q0jg x13rtm0m x1ey2m1c xds687c xg01cxk x47corl x10l6tqk x17qophe x13vifvy x1ebt8du x19991ni x1dhq9h\" data-visualcompletion=\"ignore\"><\/div>\n<\/div>\n<\/div>\n<\/div>\n<\/div>\n<\/div>\n<\/div>\n<\/div>\n<\/div>\n<div class=\"x6ikm8r x10wlt62\"><\/div>\n<\/div>\n<\/div>\n<div>\n<div class=\"x168nmei x13lgxp2 x30kzoy x9jhf4c x6ikm8r x10wlt62\" data-visualcompletion=\"ignore-dynamic\">\n<div class=\"x1n2onr6\">\n<div class=\"x6s0dn4 xi81zsa x78zum5 x6prxxf x13a6bvl xvq8zen xdj266r xktsk01 xat24cr x1d52u69 x889kno x4uap5 x1a8lsjc xkhd6sd xdppsyt\">\n<div class=\"x6s0dn4 x78zum5 x1iyjqo2 x6ikm8r x10wlt62\">\n<div class=\"x1i10hfl x1qjc9v5 xjbqb8w xjqpnuy xa49m3k xqeqjp1 x2hbi6w x13fuv20 xu3j5b3 x1q0q8m5 x26u7qi x972fbf xcfux6l x1qhh985 xm0m39n x9f619 x1ypdohk xdl72j9 x2lah0s xe8uvvx xdj266r x11i5rnm xat24cr x1mh8g0r x2lwn1j xeuugli xexx8yu x4uap5 x18d9i69 xkhd6sd x1n2onr6 x16tdsg8 x1hl2dhg xggy1nq x1ja2u2z x1t137rt x1o1ewxj x3x9cwd x1e5q0jg x13rtm0m x3nfvp2 x1q0g3np x87ps6o x1lku1pv x1a2a7pz\" tabindex=\"0\" role=\"button\" aria-label=\"Th\u00edch: 4 ng\u01b0\u1eddi\"><\/div>\n<\/div>\n<div class=\"x9f619 x1n2onr6 x1ja2u2z x78zum5 x2lah0s x1qughib x1qjc9v5 xozqiw3 x1q0g3np xykv574 xbmpl8g x4cne27 xifccgj\"><\/div>\n<\/div>\n<\/div>\n<\/div>\n<\/div>\n","protected":false},"excerpt":{"rendered":"<p>H\u00e0ng hot best seller b\u00ean s\u1ed1p em v\u1eeba v\u1ec1 \u0111\u1ec3 ch\u0103m h\u00e0ng cho ace \u0111\u00e2y Tai nghe ZG\ud835\uddd4\ud835\uddf6\ud835\uddff\ud835\udde3\ud835\uddfc\ud835\uddf1\ud835\ude00\ud835\udfef ch\u00ednh h\u00e3ng ZGA \uf8ff Thi\u1ebft k\u1ebf 1:1 nh\u01b0 tai AirPods 3 , chip zin , k\u1ebft n\u1ed1i nh\u01b0 h\u00e0ng x\u1ecbn \uf8ff C\u00e0i \u0111\u1eb7t &#8211; Bluetooth tu\u1ef3 ch\u1ec9nh , \u0111\u1ea7y \u0111\u1ee7 th\u00f4ng tin Ch\u1ea5t l\u01b0\u1ee3ng \u00e2m thanh 8\/10 &#8230; <a title=\"Tai nghe ZG\ud835\uddd4\ud835\uddf6\ud835\uddff\ud835\udde3\ud835\uddfc\ud835\uddf1\ud835\ude00\ud835\udfef  ch\u00ednh h\u00e3ng ZGA\" class=\"read-more\" href=\"https:\/\/tanphulinhphukien.vn\/?product=tai-nghe-zg%f0%9d%97%94%f0%9d%97%b6%f0%9d%97%bf%f0%9d%97%a3%f0%9d%97%bc%f0%9d%97%b1%f0%9d%98%80%f0%9d%9f%af-chinh-hang-zga\" aria-label=\"More on Tai nghe ZG\ud835\uddd4\ud835\uddf6\ud835\uddff\ud835\udde3\ud835\uddfc\ud835\uddf1\ud835\ude00\ud835\udfef  ch\u00ednh h\u00e3ng ZGA\">\u0110\u1ecdc ti\u1ebfp<\/a><\/p>\n","protected":false},"featured_media":7066,"comment_status":"closed","ping_status":"closed","template":"","meta":[],"product_brand":[],"product_cat":[36],"product_tag":[],"class_list":{"0":"post-7061","1":"product","2":"type-product","3":"status-publish","4":"has-post-thumbnail","6":"product_cat-san-pham-hot","8":"first","9":"instock","10":"shipping-taxable","11":"purchasable","12":"product-type-simple"},"_links":{"self":[{"href":"https:\/\/tanphulinhphukien.vn\/index.php?rest_route=\/wp\/v2\/product\/7061","targetHints":{"allow":["GET"]}}],"collection":[{"href":"https:\/\/tanphulinhphukien.vn\/index.php?rest_route=\/wp\/v2\/product"}],"about":[{"href":"https:\/\/tanphulinhphukien.vn\/index.php?rest_route=\/wp\/v2\/types\/product"}],"replies":[{"embeddable":true,"href":"https:\/\/tanphulinhphukien.vn\/index.php?rest_route=%2Fwp%2Fv2%2Fcomments&post=7061"}],"wp:featuredmedia":[{"embeddable":true,"href":"https:\/\/tanphulinhphukien.vn\/index.php?rest_route=\/wp\/v2\/media\/7066"}],"wp:attachment":[{"href":"https:\/\/tanphulinhphukien.vn\/index.php?rest_route=%2Fwp%2Fv2%2Fmedia&parent=7061"}],"wp:term":[{"taxonomy":"product_brand","embeddable":true,"href":"https:\/\/tanphulinhphukien.vn\/index.php?rest_route=%2Fwp%2Fv2%2Fproduct_brand&post=7061"},{"taxonomy":"product_cat","embeddable":true,"href":"https:\/\/tanphulinhphukien.vn\/index.php?rest_route=%2Fwp%2Fv2%2Fproduct_cat&post=7061"},{"taxonomy":"product_tag","embeddable":true,"href":"https:\/\/tanphulinhphukien.vn\/index.php?rest_route=%2Fwp%2Fv2%2Fproduct_tag&post=7061"}],"curies":[{"name":"wp","href":"https:\/\/api.w.org\/{rel}","templated":true}]}}