{"id":7006,"date":"2023-06-26T17:24:30","date_gmt":"2023-06-26T10:24:30","guid":{"rendered":"https:\/\/tanphulinhphukien.vn\/?post_type=product&#038;p=7006"},"modified":"2023-06-26T17:24:30","modified_gmt":"2023-06-26T10:24:30","slug":"bao-%f0%9d%97%b6%f0%9d%97%a3%f0%9d%97%ae%f0%9d%97%b1-mini-6-toby-series-chinh-dux-ducis","status":"publish","type":"product","link":"https:\/\/tanphulinhphukien.vn\/?product=bao-%f0%9d%97%b6%f0%9d%97%a3%f0%9d%97%ae%f0%9d%97%b1-mini-6-toby-series-chinh-dux-ducis","title":{"rendered":"Bao \ud835\uddf6\ud835\udde3\ud835\uddee\ud835\uddf1 Mini 6 TOBY series ch\u00ednh Dux Ducis"},"content":{"rendered":"<p>Bao \ud835\uddf6\ud835\udde3\ud835\uddee\ud835\uddf1 Pro 9.7 (Air 1 \/ Air 2) \uf8ff Mini 6 TOBY series<br \/>\nch\u00ednh h\u00e3ng #DUXDUCIS<\/p>\n<p>\ud83d\udccc Thi\u1ebft k\u1ebf tinh t\u1ebf , thanh l\u1ecbch .<br \/>\n\ud83d\udccc \u0110\u01b0\u1ee3c gia c\u00f4ng t\u1eeb #V\u1ea3i_Canvas ch\u1ea5t l\u01b0\u1ee3ng cao + M\u1eb7t l\u01b0ng \u1ed1p #PC trong su\u1ed1t , m\u1ecbn ch\u1ed1ng b\u00e1m v\u00e2n tay + khung vi\u1ec1n #TPU_d\u1ebbo ch\u1ed1ng shock<\/p>\n<p>\ud83d\udca5 B\u1ea3o v\u1ec7 #iPad ho\u00e0n h\u1ea3o 360\u00b0 : ch\u1ed1ng tr\u1ea7y x\u01b0\u1edbc , ch\u1ed1ng va \u0111\u1eadp \ud83d\udca5<\/p>\n<p>\ud83d\udccc M\u1eb7t l\u01b0ng iPad #si\u00eau_m\u1ecfng ch\u1ec9 0.01cm cho c\u1ea3m gi\u00e1c c\u1ea7m m\u00e1y ho\u1ea3n h\u1ea3o nh\u01b0 kh\u00f4ng s\u00e0i \u1ed1p<\/p>\n<p>\ud83d\udd30 #Smart_Case : N\u1eafp \u0111\u1eady bao iPad th\u00f4ng minh t\u1ef1 \u0111\u1ed9ng T\u1eaft\/M\u1edf m\u00e0n h\u00ecnh khi \u0110\u00f3ng\/M\u1edf n\u1eafp \u0111\u1eady gi\u00fap ti\u1ebft ki\u1ec7m PIN<br \/>\n\ud83d\udd30 C\u00e1c n\u1ebfp g\u1ea5p ph\u1ea7n n\u1eafp \u0111\u1eady c\u00f3 th\u1ec3 x\u1ebfp l\u1ea1i l\u00e0m ch\u00e2n \u0111\u1ee9ng \/ nghi\u00eang m\u00e1y iPad 65\u00b0 &amp; 35\u00b0 xem phim , r\u1ea3nh tay , &#8230;<\/p>\n<p>\ud83d\udc49 Thi\u1ebft k\u1ebf r\u00e3nh \u0111\u1ec3 b\u00fat #Apple_Pencil t\u01b0\u01a1ng th\u00edch s\u1ea1c b\u00ean h\u00f4ng m\u00e1y iPad Pro<br \/>\n\ud83d\udc49 C\u00f3 4 m\u00e0u : Xanh D\u01b0\u01a1ng \/ \u0110en \/ H\u1ed3ng \/ Xanh L\u00e1<\/p>\n","protected":false},"excerpt":{"rendered":"<p>Bao \ud835\uddf6\ud835\udde3\ud835\uddee\ud835\uddf1 Pro 9.7 (Air 1 \/ Air 2) \uf8ff Mini 6 TOBY series ch\u00ednh h\u00e3ng #DUXDUCIS \ud83d\udccc Thi\u1ebft k\u1ebf tinh t\u1ebf , thanh l\u1ecbch . \ud83d\udccc \u0110\u01b0\u1ee3c gia c\u00f4ng t\u1eeb #V\u1ea3i_Canvas ch\u1ea5t l\u01b0\u1ee3ng cao + M\u1eb7t l\u01b0ng \u1ed1p #PC trong su\u1ed1t , m\u1ecbn ch\u1ed1ng b\u00e1m v\u00e2n tay + khung vi\u1ec1n #TPU_d\u1ebbo ch\u1ed1ng shock \ud83d\udca5 &#8230; <a title=\"Bao \ud835\uddf6\ud835\udde3\ud835\uddee\ud835\uddf1 Mini 6 TOBY series ch\u00ednh Dux Ducis\" class=\"read-more\" href=\"https:\/\/tanphulinhphukien.vn\/?product=bao-%f0%9d%97%b6%f0%9d%97%a3%f0%9d%97%ae%f0%9d%97%b1-mini-6-toby-series-chinh-dux-ducis\" aria-label=\"More on Bao \ud835\uddf6\ud835\udde3\ud835\uddee\ud835\uddf1 Mini 6 TOBY series ch\u00ednh Dux Ducis\">\u0110\u1ecdc ti\u1ebfp<\/a><\/p>\n","protected":false},"featured_media":7007,"comment_status":"closed","ping_status":"closed","template":"","meta":[],"product_brand":[],"product_cat":[19,48],"product_tag":[542],"class_list":{"0":"post-7006","1":"product","2":"type-product","3":"status-publish","4":"has-post-thumbnail","6":"product_cat-phu-kien","7":"product_cat-phu-kien-ipad","8":"product_tag-bao-da-ipad-dux-duics-toby-series","10":"first","11":"instock","12":"shipping-taxable","13":"purchasable","14":"product-type-simple"},"_links":{"self":[{"href":"https:\/\/tanphulinhphukien.vn\/index.php?rest_route=\/wp\/v2\/product\/7006","targetHints":{"allow":["GET"]}}],"collection":[{"href":"https:\/\/tanphulinhphukien.vn\/index.php?rest_route=\/wp\/v2\/product"}],"about":[{"href":"https:\/\/tanphulinhphukien.vn\/index.php?rest_route=\/wp\/v2\/types\/product"}],"replies":[{"embeddable":true,"href":"https:\/\/tanphulinhphukien.vn\/index.php?rest_route=%2Fwp%2Fv2%2Fcomments&post=7006"}],"wp:featuredmedia":[{"embeddable":true,"href":"https:\/\/tanphulinhphukien.vn\/index.php?rest_route=\/wp\/v2\/media\/7007"}],"wp:attachment":[{"href":"https:\/\/tanphulinhphukien.vn\/index.php?rest_route=%2Fwp%2Fv2%2Fmedia&parent=7006"}],"wp:term":[{"taxonomy":"product_brand","embeddable":true,"href":"https:\/\/tanphulinhphukien.vn\/index.php?rest_route=%2Fwp%2Fv2%2Fproduct_brand&post=7006"},{"taxonomy":"product_cat","embeddable":true,"href":"https:\/\/tanphulinhphukien.vn\/index.php?rest_route=%2Fwp%2Fv2%2Fproduct_cat&post=7006"},{"taxonomy":"product_tag","embeddable":true,"href":"https:\/\/tanphulinhphukien.vn\/index.php?rest_route=%2Fwp%2Fv2%2Fproduct_tag&post=7006"}],"curies":[{"name":"wp","href":"https:\/\/api.w.org\/{rel}","templated":true}]}}