{"id":6972,"date":"2023-06-26T16:35:49","date_gmt":"2023-06-26T09:35:49","guid":{"rendered":"https:\/\/tanphulinhphukien.vn\/?post_type=product&#038;p=6972"},"modified":"2023-06-26T16:35:49","modified_gmt":"2023-06-26T09:35:49","slug":"op-trong-suot-tich-hop-vong-magsafe-14promax","status":"publish","type":"product","link":"https:\/\/tanphulinhphukien.vn\/?product=op-trong-suot-tich-hop-vong-magsafe-14promax","title":{"rendered":"\u1ed0p trong su\u1ed1t t\u00edch h\u1ee3p v\u00f2ng Magsafe 14ProMax"},"content":{"rendered":"<p>\u1ed0p trong su\u1ed1t t\u00edch h\u1ee3p v\u00f2ng Magsafe<br \/>\n#LiKGUS Glass Magsafe series<br \/>\nD\u00e0nh cho \uf8ff iPhone 13Pro , 13Pro Max<\/p>\n<p>\ud83d\udd18 Phi\u00ean b\u1ea3n n\u00e2ng c\u1ea5p , t\u00edch h\u1ee3p v\u00f2ng nh\u00f4m Magsafe 3 m\u00e0u n\u1ed5i b\u1eadt : #Serria_Blue \/ #Gold \/ #Green \ud83d\udfe1\ud83d\udfe2\ud83d\udd35<\/p>\n","protected":false},"excerpt":{"rendered":"<p>\u1ed0p trong su\u1ed1t t\u00edch h\u1ee3p v\u00f2ng Magsafe #LiKGUS Glass Magsafe series D\u00e0nh cho \uf8ff iPhone 13Pro , 13Pro Max \ud83d\udd18 Phi\u00ean b\u1ea3n n\u00e2ng c\u1ea5p , t\u00edch h\u1ee3p v\u00f2ng nh\u00f4m Magsafe 3 m\u00e0u n\u1ed5i b\u1eadt : #Serria_Blue \/ #Gold \/ #Green \ud83d\udfe1\ud83d\udfe2\ud83d\udd35<\/p>\n","protected":false},"featured_media":6992,"comment_status":"closed","ping_status":"closed","template":"","meta":[],"product_brand":[],"product_cat":[50,19],"product_tag":[],"class_list":{"0":"post-6972","1":"product","2":"type-product","3":"status-publish","4":"has-post-thumbnail","6":"product_cat-op-lung-iphone","7":"product_cat-phu-kien","9":"first","10":"instock","11":"shipping-taxable","12":"purchasable","13":"product-type-simple"},"_links":{"self":[{"href":"https:\/\/tanphulinhphukien.vn\/index.php?rest_route=\/wp\/v2\/product\/6972","targetHints":{"allow":["GET"]}}],"collection":[{"href":"https:\/\/tanphulinhphukien.vn\/index.php?rest_route=\/wp\/v2\/product"}],"about":[{"href":"https:\/\/tanphulinhphukien.vn\/index.php?rest_route=\/wp\/v2\/types\/product"}],"replies":[{"embeddable":true,"href":"https:\/\/tanphulinhphukien.vn\/index.php?rest_route=%2Fwp%2Fv2%2Fcomments&post=6972"}],"wp:featuredmedia":[{"embeddable":true,"href":"https:\/\/tanphulinhphukien.vn\/index.php?rest_route=\/wp\/v2\/media\/6992"}],"wp:attachment":[{"href":"https:\/\/tanphulinhphukien.vn\/index.php?rest_route=%2Fwp%2Fv2%2Fmedia&parent=6972"}],"wp:term":[{"taxonomy":"product_brand","embeddable":true,"href":"https:\/\/tanphulinhphukien.vn\/index.php?rest_route=%2Fwp%2Fv2%2Fproduct_brand&post=6972"},{"taxonomy":"product_cat","embeddable":true,"href":"https:\/\/tanphulinhphukien.vn\/index.php?rest_route=%2Fwp%2Fv2%2Fproduct_cat&post=6972"},{"taxonomy":"product_tag","embeddable":true,"href":"https:\/\/tanphulinhphukien.vn\/index.php?rest_route=%2Fwp%2Fv2%2Fproduct_tag&post=6972"}],"curies":[{"name":"wp","href":"https:\/\/api.w.org\/{rel}","templated":true}]}}