{"id":6946,"date":"2023-06-25T16:04:07","date_gmt":"2023-06-25T09:04:07","guid":{"rendered":"https:\/\/tanphulinhphukien.vn\/?post_type=product&#038;p=6946"},"modified":"2023-06-25T16:04:07","modified_gmt":"2023-06-25T09:04:07","slug":"op-da-mentor-14promax","status":"publish","type":"product","link":"https:\/\/tanphulinhphukien.vn\/?product=op-da-mentor-14promax","title":{"rendered":"\u1ed0p Da Mentor 14ProMax"},"content":{"rendered":"<p>\u1ed0p Da \ud835\udc0c\ud835\udc04\ud835\udc0d\ud835\udc13\ud835\udc0e\ud835\udc11 \ud835\udc15\ud835\udc08\ud835\udc08 s\u1ecdc \ud835\udc69 . \ud835\udc7c . \ud835\udc79 . \ud835\udc69 . \ud835\udc6c . \ud835\udc79 . \ud835\udc79 . \ud835\udc80<br \/>\nth\u1eddi th\u01b0\u1ee3ng \u2728 \u0111\u1eb3ng c\u1ea5p<\/p>\n<p>\ud83d\udc49\ud83c\udffb C\u00f3 t\u00edch h\u1ee3p s\u1ea1c Magsafe<br \/>\n\ud83d\udc49\ud83c\udffb 4 M\u00e0u : N\u00e2u &#8211; \u0110\u1ecf &#8211; \u0110en &amp; T\u00edm<\/p>\n<p>\uf8ff iPhone 14ProMax<\/p>\n","protected":false},"excerpt":{"rendered":"<p>\u1ed0p Da \ud835\udc0c\ud835\udc04\ud835\udc0d\ud835\udc13\ud835\udc0e\ud835\udc11 \ud835\udc15\ud835\udc08\ud835\udc08 s\u1ecdc \ud835\udc69 . \ud835\udc7c . \ud835\udc79 . \ud835\udc69 . \ud835\udc6c . \ud835\udc79 . \ud835\udc79 . \ud835\udc80 th\u1eddi th\u01b0\u1ee3ng \u2728 \u0111\u1eb3ng c\u1ea5p \ud83d\udc49\ud83c\udffb C\u00f3 t\u00edch h\u1ee3p s\u1ea1c Magsafe \ud83d\udc49\ud83c\udffb 4 M\u00e0u : N\u00e2u &#8211; \u0110\u1ecf &#8211; \u0110en &amp; T\u00edm \uf8ff iPhone 14ProMax<\/p>\n","protected":false},"featured_media":6947,"comment_status":"closed","ping_status":"closed","template":"","meta":[],"product_brand":[],"product_cat":[50,19],"product_tag":[],"class_list":{"0":"post-6946","1":"product","2":"type-product","3":"status-publish","4":"has-post-thumbnail","6":"product_cat-op-lung-iphone","7":"product_cat-phu-kien","9":"first","10":"instock","11":"shipping-taxable","12":"purchasable","13":"product-type-simple"},"_links":{"self":[{"href":"https:\/\/tanphulinhphukien.vn\/index.php?rest_route=\/wp\/v2\/product\/6946","targetHints":{"allow":["GET"]}}],"collection":[{"href":"https:\/\/tanphulinhphukien.vn\/index.php?rest_route=\/wp\/v2\/product"}],"about":[{"href":"https:\/\/tanphulinhphukien.vn\/index.php?rest_route=\/wp\/v2\/types\/product"}],"replies":[{"embeddable":true,"href":"https:\/\/tanphulinhphukien.vn\/index.php?rest_route=%2Fwp%2Fv2%2Fcomments&post=6946"}],"wp:featuredmedia":[{"embeddable":true,"href":"https:\/\/tanphulinhphukien.vn\/index.php?rest_route=\/wp\/v2\/media\/6947"}],"wp:attachment":[{"href":"https:\/\/tanphulinhphukien.vn\/index.php?rest_route=%2Fwp%2Fv2%2Fmedia&parent=6946"}],"wp:term":[{"taxonomy":"product_brand","embeddable":true,"href":"https:\/\/tanphulinhphukien.vn\/index.php?rest_route=%2Fwp%2Fv2%2Fproduct_brand&post=6946"},{"taxonomy":"product_cat","embeddable":true,"href":"https:\/\/tanphulinhphukien.vn\/index.php?rest_route=%2Fwp%2Fv2%2Fproduct_cat&post=6946"},{"taxonomy":"product_tag","embeddable":true,"href":"https:\/\/tanphulinhphukien.vn\/index.php?rest_route=%2Fwp%2Fv2%2Fproduct_tag&post=6946"}],"curies":[{"name":"wp","href":"https:\/\/api.w.org\/{rel}","templated":true}]}}