{"id":6936,"date":"2023-06-25T15:30:23","date_gmt":"2023-06-25T08:30:23","guid":{"rendered":"https:\/\/tanphulinhphukien.vn\/?post_type=product&#038;p=6936"},"modified":"2023-06-25T15:30:23","modified_gmt":"2023-06-25T08:30:23","slug":"tau-sac-xe-o-to-chinh-hang-totu","status":"publish","type":"product","link":"https:\/\/tanphulinhphukien.vn\/?product=tau-sac-xe-o-to-chinh-hang-totu","title":{"rendered":"T\u1ea9u s\u1ea1c xe \u00f4 t\u00f4 ch\u00ednh h\u00e3ng TOTU"},"content":{"rendered":"<p>T\u1ea9u s\u1ea1c xe \u00f4 t\u00f4 ch\u00ednh h\u00e3ng #TOTU \u26a1\ufe0f<br \/>\n\ud835\udc13\ud835\udc0e\ud835\udc13\ud835\udc14 : \ud835\udc03\ud835\udc02\ud835\udc02\ud835\udc0f\ud835\udc03-\ud835\udfcf\ud835\udfcf<\/p>\n<p>\ud83d\udc49 Thi\u1ebft k\u1ebf nh\u1ecf g\u1ecdn , ch\u1ea5t li\u1ec7u v\u1ecf b\u1ecdc h\u1ee3p kim nh\u00f4m nguy\u00ean kh\u1ed1i cao c\u1ea5p PC + ABD + V1 Ch\u1ed1ng ch\u00e1y .<\/p>\n<p>\ud83d\udc49 T\u01b0\u01a1ng th\u00edch v\u1edbi c\u00e1c \u1ed5 s\u1ea1c tr\u00ean c\u00e1c xe h\u1ee3i , oto hi\u1ec7n nay<\/p>\n<p>\u26a1\ufe0f H\u1ed7 tr\u1ee3 s\u1ea1c nhanh 33W , s\u1ea1c c\u00f9ng 1 l\u00fac 2 thi\u1ebft b\u1ecb<\/p>\n<p>\ud835\udc13\ud835\udc0e\ud835\udc13\ud835\udc14 : \ud835\udc03\ud835\udc02\ud835\udc02\ud835\udc0f\ud835\udc03-\ud835\udfcf\ud835\udfcf \u26a1\ufe0f<br \/>\nC: 5V-3A,9V-3A,12V-2.5A,15V-2A, 20V-1.5A (T\u1ed1i \u0111a 30W)<br \/>\nC: 5V-3A,9V-3A,12V-2.5A,15V-2A, 20V-1.5A(T\u1ed1i \u0111a 30W)<\/p>\n","protected":false},"excerpt":{"rendered":"<p>T\u1ea9u s\u1ea1c xe \u00f4 t\u00f4 ch\u00ednh h\u00e3ng #TOTU \u26a1\ufe0f \ud835\udc13\ud835\udc0e\ud835\udc13\ud835\udc14 : \ud835\udc03\ud835\udc02\ud835\udc02\ud835\udc0f\ud835\udc03-\ud835\udfcf\ud835\udfcf \ud83d\udc49 Thi\u1ebft k\u1ebf nh\u1ecf g\u1ecdn , ch\u1ea5t li\u1ec7u v\u1ecf b\u1ecdc h\u1ee3p kim nh\u00f4m nguy\u00ean kh\u1ed1i cao c\u1ea5p PC + ABD + V1 Ch\u1ed1ng ch\u00e1y . \ud83d\udc49 T\u01b0\u01a1ng th\u00edch v\u1edbi c\u00e1c \u1ed5 s\u1ea1c tr\u00ean c\u00e1c xe h\u1ee3i , oto hi\u1ec7n nay \u26a1\ufe0f H\u1ed7 tr\u1ee3 &#8230; <a title=\"T\u1ea9u s\u1ea1c xe \u00f4 t\u00f4 ch\u00ednh h\u00e3ng TOTU\" class=\"read-more\" href=\"https:\/\/tanphulinhphukien.vn\/?product=tau-sac-xe-o-to-chinh-hang-totu\" aria-label=\"More on T\u1ea9u s\u1ea1c xe \u00f4 t\u00f4 ch\u00ednh h\u00e3ng TOTU\">\u0110\u1ecdc ti\u1ebfp<\/a><\/p>\n","protected":false},"featured_media":6937,"comment_status":"closed","ping_status":"closed","template":"","meta":[],"product_brand":[],"product_cat":[19,535],"product_tag":[],"class_list":{"0":"post-6936","1":"product","2":"type-product","3":"status-publish","4":"has-post-thumbnail","6":"product_cat-phu-kien","7":"product_cat-phu-kien-oto","9":"first","10":"instock","11":"shipping-taxable","12":"purchasable","13":"product-type-simple"},"_links":{"self":[{"href":"https:\/\/tanphulinhphukien.vn\/index.php?rest_route=\/wp\/v2\/product\/6936","targetHints":{"allow":["GET"]}}],"collection":[{"href":"https:\/\/tanphulinhphukien.vn\/index.php?rest_route=\/wp\/v2\/product"}],"about":[{"href":"https:\/\/tanphulinhphukien.vn\/index.php?rest_route=\/wp\/v2\/types\/product"}],"replies":[{"embeddable":true,"href":"https:\/\/tanphulinhphukien.vn\/index.php?rest_route=%2Fwp%2Fv2%2Fcomments&post=6936"}],"wp:featuredmedia":[{"embeddable":true,"href":"https:\/\/tanphulinhphukien.vn\/index.php?rest_route=\/wp\/v2\/media\/6937"}],"wp:attachment":[{"href":"https:\/\/tanphulinhphukien.vn\/index.php?rest_route=%2Fwp%2Fv2%2Fmedia&parent=6936"}],"wp:term":[{"taxonomy":"product_brand","embeddable":true,"href":"https:\/\/tanphulinhphukien.vn\/index.php?rest_route=%2Fwp%2Fv2%2Fproduct_brand&post=6936"},{"taxonomy":"product_cat","embeddable":true,"href":"https:\/\/tanphulinhphukien.vn\/index.php?rest_route=%2Fwp%2Fv2%2Fproduct_cat&post=6936"},{"taxonomy":"product_tag","embeddable":true,"href":"https:\/\/tanphulinhphukien.vn\/index.php?rest_route=%2Fwp%2Fv2%2Fproduct_tag&post=6936"}],"curies":[{"name":"wp","href":"https:\/\/api.w.org\/{rel}","templated":true}]}}