{"id":6849,"date":"2023-06-25T12:48:01","date_gmt":"2023-06-25T05:48:01","guid":{"rendered":"https:\/\/tanphulinhphukien.vn\/?post_type=product&#038;p=6849"},"modified":"2023-06-25T12:48:01","modified_gmt":"2023-06-25T05:48:01","slug":"sac-xe-hoi-khong-day-xiaomi-20w","status":"publish","type":"product","link":"https:\/\/tanphulinhphukien.vn\/?product=sac-xe-hoi-khong-day-xiaomi-20w","title":{"rendered":"S\u1ea1c xe h\u01a1i kh\u00f4ng d\u00e2y Xiaomi 20W"},"content":{"rendered":"<p>S\u1ea1c xe h\u01a1i kh\u00f4ng d\u00e2y Xiaomi 20W h\u1ed7 tr\u1ee3 bi\u1ebfn d\u1ea1ng \u0111i\u1ec7n v\u00e0 s\u1ea1c kh\u00f4ng d\u00e2y.<\/p>\n<p>S\u1ea3n ph\u1ea9m Th\u00f4ng s\u1ed1 k\u1ef9 thu\u1eadt:<br \/>\n\u26ab Giao di\u1ec7n s\u1ea1c: Micro-USB<br \/>\n\u26ab \u0110\u1ea7u v\u00e0o 5V\/2A, 9V\/1.6A,12V- 16V\/1.7A<br \/>\n\u26ab \u0110\u1ea7u ra: 20W Max<br \/>\n\u26ab Kho\u1ea3ng c\u00e1ch nh\u1eadn t\u00edn hi\u1ec7u s\u1ea1c: 4mm<br \/>\n\u26ab K\u00edch th\u01b0\u1edbc s\u1ea3n ph\u1ea9m: 122&#215;91.6&#215;87.2mm<br \/>\n\u26ab Tr\u1ecdng l\u01b0\u1ee3ng: 200g<\/p>\n<p>\u0110\u1eb7c t\u00ednh s\u1ea3n ph\u1ea9m:<br \/>\n\u2714 L\u00e0 k\u1eb9p \u0111i\u1ec7n tho\u1ea1i ki\u00eam k\u1eb9p kh\u00f4ng d\u00e2y t\u1eeb h\u00e3ng Xiaomi<br \/>\n\u2714 H\u1ed7 tr\u1ee3 s\u1ea1c nhanh chu\u1ea9n Qi si\u00eau nhanh l\u00ean \u0111\u1ebfn 20W<br \/>\n\u2714 \u0110\u01a1n gi\u1ea3n, thu\u1eadn ti\u1ec7n, sang tr\u1ecdng, tinh t\u1ebf<br \/>\n\u2714 C\u00f3 c\u1ea3m bi\u1ebfn, t\u1ef1 \u0111\u1ed9ng m\u1edf k\u1eb9p khi \u0111\u01b0a \u0111i\u1ec7n tho\u1ea1i \u0111\u1ebfn<br \/>\n\u2714 T\u1ef1 \u0111\u1ed9ng k\u1eb9p, t\u1ef1 \u0111\u1ed9ng nh\u1ea3 \u0111i\u1ec7n tho\u1ea1i<br \/>\n\u2714 T\u01b0\u01a1ng th\u00edch v\u1edbi c\u00e1c lo\u1ea1i \u0111i\u1ec7n tho\u1ea1i smartphone c\u00f3 h\u1ed7 tr\u1ee3 s\u1ea1c kh\u00f4ng d\u00e2y<br \/>\n\u2714 Thi\u1ebft k\u1ebf sang tr\u1ecdng b\u1eb1ng v\u1eadt li\u1ec7u k\u00ednh cong 2.5D<br \/>\n\u2714 T\u1ea3n nhi\u1ec7t hi\u1ec7u qu\u1ea3 v\u1edbi \u0111\u1ebf t\u1ea3n nhi\u1ec7t cao c\u1ea5p<br \/>\n\u2714 C\u1eafm \u0111i\u1ec7n l\u00e0 ch\u1ea1y, l\u1eafp \u0111\u1eb7t \u0111\u01a1n gi\u1ea3n kh\u00f4ng ph\u1ee9c t\u1ea1p<\/p>\n","protected":false},"excerpt":{"rendered":"<p>S\u1ea1c xe h\u01a1i kh\u00f4ng d\u00e2y Xiaomi 20W h\u1ed7 tr\u1ee3 bi\u1ebfn d\u1ea1ng \u0111i\u1ec7n v\u00e0 s\u1ea1c kh\u00f4ng d\u00e2y. S\u1ea3n ph\u1ea9m Th\u00f4ng s\u1ed1 k\u1ef9 thu\u1eadt: \u26ab Giao di\u1ec7n s\u1ea1c: Micro-USB \u26ab \u0110\u1ea7u v\u00e0o 5V\/2A, 9V\/1.6A,12V- 16V\/1.7A \u26ab \u0110\u1ea7u ra: 20W Max \u26ab Kho\u1ea3ng c\u00e1ch nh\u1eadn t\u00edn hi\u1ec7u s\u1ea1c: 4mm \u26ab K\u00edch th\u01b0\u1edbc s\u1ea3n ph\u1ea9m: 122&#215;91.6&#215;87.2mm \u26ab Tr\u1ecdng l\u01b0\u1ee3ng: &#8230; <a title=\"S\u1ea1c xe h\u01a1i kh\u00f4ng d\u00e2y Xiaomi 20W\" class=\"read-more\" href=\"https:\/\/tanphulinhphukien.vn\/?product=sac-xe-hoi-khong-day-xiaomi-20w\" aria-label=\"More on S\u1ea1c xe h\u01a1i kh\u00f4ng d\u00e2y Xiaomi 20W\">\u0110\u1ecdc ti\u1ebfp<\/a><\/p>\n","protected":false},"featured_media":6850,"comment_status":"closed","ping_status":"closed","template":"","meta":[],"product_brand":[],"product_cat":[19,535],"product_tag":[],"class_list":{"0":"post-6849","1":"product","2":"type-product","3":"status-publish","4":"has-post-thumbnail","6":"product_cat-phu-kien","7":"product_cat-phu-kien-oto","9":"first","10":"instock","11":"shipping-taxable","12":"purchasable","13":"product-type-simple"},"_links":{"self":[{"href":"https:\/\/tanphulinhphukien.vn\/index.php?rest_route=\/wp\/v2\/product\/6849","targetHints":{"allow":["GET"]}}],"collection":[{"href":"https:\/\/tanphulinhphukien.vn\/index.php?rest_route=\/wp\/v2\/product"}],"about":[{"href":"https:\/\/tanphulinhphukien.vn\/index.php?rest_route=\/wp\/v2\/types\/product"}],"replies":[{"embeddable":true,"href":"https:\/\/tanphulinhphukien.vn\/index.php?rest_route=%2Fwp%2Fv2%2Fcomments&post=6849"}],"wp:featuredmedia":[{"embeddable":true,"href":"https:\/\/tanphulinhphukien.vn\/index.php?rest_route=\/wp\/v2\/media\/6850"}],"wp:attachment":[{"href":"https:\/\/tanphulinhphukien.vn\/index.php?rest_route=%2Fwp%2Fv2%2Fmedia&parent=6849"}],"wp:term":[{"taxonomy":"product_brand","embeddable":true,"href":"https:\/\/tanphulinhphukien.vn\/index.php?rest_route=%2Fwp%2Fv2%2Fproduct_brand&post=6849"},{"taxonomy":"product_cat","embeddable":true,"href":"https:\/\/tanphulinhphukien.vn\/index.php?rest_route=%2Fwp%2Fv2%2Fproduct_cat&post=6849"},{"taxonomy":"product_tag","embeddable":true,"href":"https:\/\/tanphulinhphukien.vn\/index.php?rest_route=%2Fwp%2Fv2%2Fproduct_tag&post=6849"}],"curies":[{"name":"wp","href":"https:\/\/api.w.org\/{rel}","templated":true}]}}