{"id":6837,"date":"2023-06-25T12:37:49","date_gmt":"2023-06-25T05:37:49","guid":{"rendered":"https:\/\/tanphulinhphukien.vn\/?post_type=product&#038;p=6837"},"modified":"2023-06-25T12:37:49","modified_gmt":"2023-06-25T05:37:49","slug":"op-airpods-carbon-coteetci","status":"publish","type":"product","link":"https:\/\/tanphulinhphukien.vn\/?product=op-airpods-carbon-coteetci","title":{"rendered":"\u1ed0p Airpods Carbon Coteetci"},"content":{"rendered":"<p>\ud835\udc02\ud835\udc0e\ud835\udc13\ud835\udc04\ud835\udc02\ud835\udc22 \ud835\udc02\ud835\udc1a\ud835\udc2c\ud835\udc1e \ud835\udc00\ud835\udc22\ud835\udc2b\ud835\udc29\ud835\udc28\ud835\udc1d\ud835\udc2c \ud835\udfd1<\/p>\n<p>&#8211; Thi\u1ebft k\u1ebf c\u00f3 n\u00fat g\u00e0i n\u1eafp ch\u1ed1ng r\u01a1i c\u00e0 b\u1ea3o v\u1ec7 tai nghe \ud83d\udc4d\ud83c\udffb<br \/>\n&#8211; Thi\u1ebft k\u1ebf v\u00e2n Carbon .<br \/>\n&#8211; \u1ed0p v\u1ecf nh\u1ef1a ch\u1ed1ng tr\u00e0y x\u01b0\u1edbc va \u0111\u1eadp Airpods<br \/>\n&#8211; k\u00e8m d\u00e2y treo \u1ed1p Airpod \ud83d\udcaf<\/p>\n","protected":false},"excerpt":{"rendered":"<p>\ud835\udc02\ud835\udc0e\ud835\udc13\ud835\udc04\ud835\udc02\ud835\udc22 \ud835\udc02\ud835\udc1a\ud835\udc2c\ud835\udc1e \ud835\udc00\ud835\udc22\ud835\udc2b\ud835\udc29\ud835\udc28\ud835\udc1d\ud835\udc2c \ud835\udfd1 &#8211; Thi\u1ebft k\u1ebf c\u00f3 n\u00fat g\u00e0i n\u1eafp ch\u1ed1ng r\u01a1i c\u00e0 b\u1ea3o v\u1ec7 tai nghe \ud83d\udc4d\ud83c\udffb &#8211; Thi\u1ebft k\u1ebf v\u00e2n Carbon . &#8211; \u1ed0p v\u1ecf nh\u1ef1a ch\u1ed1ng tr\u00e0y x\u01b0\u1edbc va \u0111\u1eadp Airpods &#8211; k\u00e8m d\u00e2y treo \u1ed1p Airpod \ud83d\udcaf<\/p>\n","protected":false},"featured_media":6838,"comment_status":"closed","ping_status":"closed","template":"","meta":[],"product_brand":[],"product_cat":[19,540],"product_tag":[],"class_list":{"0":"post-6837","1":"product","2":"type-product","3":"status-publish","4":"has-post-thumbnail","6":"product_cat-phu-kien","7":"product_cat-phu-kien-airpods","9":"first","10":"instock","11":"shipping-taxable","12":"purchasable","13":"product-type-simple"},"_links":{"self":[{"href":"https:\/\/tanphulinhphukien.vn\/index.php?rest_route=\/wp\/v2\/product\/6837","targetHints":{"allow":["GET"]}}],"collection":[{"href":"https:\/\/tanphulinhphukien.vn\/index.php?rest_route=\/wp\/v2\/product"}],"about":[{"href":"https:\/\/tanphulinhphukien.vn\/index.php?rest_route=\/wp\/v2\/types\/product"}],"replies":[{"embeddable":true,"href":"https:\/\/tanphulinhphukien.vn\/index.php?rest_route=%2Fwp%2Fv2%2Fcomments&post=6837"}],"wp:featuredmedia":[{"embeddable":true,"href":"https:\/\/tanphulinhphukien.vn\/index.php?rest_route=\/wp\/v2\/media\/6838"}],"wp:attachment":[{"href":"https:\/\/tanphulinhphukien.vn\/index.php?rest_route=%2Fwp%2Fv2%2Fmedia&parent=6837"}],"wp:term":[{"taxonomy":"product_brand","embeddable":true,"href":"https:\/\/tanphulinhphukien.vn\/index.php?rest_route=%2Fwp%2Fv2%2Fproduct_brand&post=6837"},{"taxonomy":"product_cat","embeddable":true,"href":"https:\/\/tanphulinhphukien.vn\/index.php?rest_route=%2Fwp%2Fv2%2Fproduct_cat&post=6837"},{"taxonomy":"product_tag","embeddable":true,"href":"https:\/\/tanphulinhphukien.vn\/index.php?rest_route=%2Fwp%2Fv2%2Fproduct_tag&post=6837"}],"curies":[{"name":"wp","href":"https:\/\/api.w.org\/{rel}","templated":true}]}}