{"id":6794,"date":"2023-06-25T10:45:27","date_gmt":"2023-06-25T03:45:27","guid":{"rendered":"https:\/\/tanphulinhphukien.vn\/?post_type=product&#038;p=6794"},"modified":"2023-06-25T10:45:27","modified_gmt":"2023-06-25T03:45:27","slug":"op-leather-apple-fake-11-iphone-11pro","status":"publish","type":"product","link":"https:\/\/tanphulinhphukien.vn\/?product=op-leather-apple-fake-11-iphone-11pro","title":{"rendered":"\u1ed0p Leather Apple Fake 1:1 iPhone 11Pro"},"content":{"rendered":"<p>\u1ed0p Da Apple chu\u1ea9n SF 1:1<br \/>\n\uf8ff Leather case \ud835\uddf6\ud835\udde3\ud835\uddf5\ud835\uddfc\ud835\uddfb\ud835\uddf2 \ud835\udfed\ud835\udfed \/ \ud835\udfed\ud835\udfed \ud835\udde3\ud835\uddff\ud835\uddfc<br \/>\n\ud83d\udcb0\ud83d\udcb0\ud83d\udcb0 SALE 100k \ud83d\udcb0\ud83d\udcb0\ud83d\udcb0<\/p>\n<p>\ud83d\udc49\ud83c\udffb \u0110\u01b0\u1ee3c l\u00e0m t\u1eeb \ud835\uddd7\ud835\uddd4 \ud835\udde3\ud835\udde8 cao c\u1ea5p v\u00e0 ho\u00e0n thi\u1ec7n \u0111\u1eb7c bi\u1ec7t , cho c\u1ea3m gi\u00e1c m\u1ec1m m\u1ea1i khi c\u1ea7n tr\u00ean tay .<br \/>\nThi\u1ebft k\u1ebf v\u1eeba kh\u00edt , \u00f4m s\u00e1t v\u1edbi c\u00e1c \u0111\u01b0\u1eddng cong c\u1ee7a iPhone .<br \/>\n\ud83d\udc49\ud83c\udffb L\u1edbp l\u00f3t \ud835\ude48\ud835\ude5e\ud835\ude58\ud835\ude67\ud835\ude64\ud835\ude5b\ud835\ude5e\ud835\ude57\ud835\ude5a\ud835\ude67 m\u1ec1m b\u00ean trong gi\u00fap b\u1ea3o v\u1ec7 iPhone c\u1ee7a b\u1ea1n tr\u00e1nh tr\u1ea7y x\u01b0\u1edbc , ch\u1ed1ng b\u00e1m b\u1ee5i .<\/p>\n<p>\ud83d\udc49 4 \ud835\uddfa\ud835\uddee\u0300\ud835\ude02 : N\u00e2u \u2022 Xanh Navy \u2022 \u0110\u1ecf Product \u2022 \u0110en<\/p>\n<p>#LeatherCase #\u1ed0p_Da #iPhone11 #iPhone11Pro<\/p>\n","protected":false},"excerpt":{"rendered":"<p>\u1ed0p Da Apple chu\u1ea9n SF 1:1 \uf8ff Leather case \ud835\uddf6\ud835\udde3\ud835\uddf5\ud835\uddfc\ud835\uddfb\ud835\uddf2 \ud835\udfed\ud835\udfed \/ \ud835\udfed\ud835\udfed \ud835\udde3\ud835\uddff\ud835\uddfc \ud83d\udcb0\ud83d\udcb0\ud83d\udcb0 SALE 100k \ud83d\udcb0\ud83d\udcb0\ud83d\udcb0 \ud83d\udc49\ud83c\udffb \u0110\u01b0\u1ee3c l\u00e0m t\u1eeb \ud835\uddd7\ud835\uddd4 \ud835\udde3\ud835\udde8 cao c\u1ea5p v\u00e0 ho\u00e0n thi\u1ec7n \u0111\u1eb7c bi\u1ec7t , cho c\u1ea3m gi\u00e1c m\u1ec1m m\u1ea1i khi c\u1ea7n tr\u00ean tay . Thi\u1ebft k\u1ebf v\u1eeba kh\u00edt , \u00f4m s\u00e1t v\u1edbi c\u00e1c \u0111\u01b0\u1eddng cong c\u1ee7a iPhone &#8230; <a title=\"\u1ed0p Leather Apple Fake 1:1 iPhone 11Pro\" class=\"read-more\" href=\"https:\/\/tanphulinhphukien.vn\/?product=op-leather-apple-fake-11-iphone-11pro\" aria-label=\"More on \u1ed0p Leather Apple Fake 1:1 iPhone 11Pro\">\u0110\u1ecdc ti\u1ebfp<\/a><\/p>\n","protected":false},"featured_media":6795,"comment_status":"closed","ping_status":"closed","template":"","meta":[],"product_brand":[],"product_cat":[50,19],"product_tag":[],"class_list":{"0":"post-6794","1":"product","2":"type-product","3":"status-publish","4":"has-post-thumbnail","6":"product_cat-op-lung-iphone","7":"product_cat-phu-kien","9":"first","10":"instock","11":"sale","12":"shipping-taxable","13":"purchasable","14":"product-type-simple"},"_links":{"self":[{"href":"https:\/\/tanphulinhphukien.vn\/index.php?rest_route=\/wp\/v2\/product\/6794","targetHints":{"allow":["GET"]}}],"collection":[{"href":"https:\/\/tanphulinhphukien.vn\/index.php?rest_route=\/wp\/v2\/product"}],"about":[{"href":"https:\/\/tanphulinhphukien.vn\/index.php?rest_route=\/wp\/v2\/types\/product"}],"replies":[{"embeddable":true,"href":"https:\/\/tanphulinhphukien.vn\/index.php?rest_route=%2Fwp%2Fv2%2Fcomments&post=6794"}],"wp:featuredmedia":[{"embeddable":true,"href":"https:\/\/tanphulinhphukien.vn\/index.php?rest_route=\/wp\/v2\/media\/6795"}],"wp:attachment":[{"href":"https:\/\/tanphulinhphukien.vn\/index.php?rest_route=%2Fwp%2Fv2%2Fmedia&parent=6794"}],"wp:term":[{"taxonomy":"product_brand","embeddable":true,"href":"https:\/\/tanphulinhphukien.vn\/index.php?rest_route=%2Fwp%2Fv2%2Fproduct_brand&post=6794"},{"taxonomy":"product_cat","embeddable":true,"href":"https:\/\/tanphulinhphukien.vn\/index.php?rest_route=%2Fwp%2Fv2%2Fproduct_cat&post=6794"},{"taxonomy":"product_tag","embeddable":true,"href":"https:\/\/tanphulinhphukien.vn\/index.php?rest_route=%2Fwp%2Fv2%2Fproduct_tag&post=6794"}],"curies":[{"name":"wp","href":"https:\/\/api.w.org\/{rel}","templated":true}]}}