{"id":6754,"date":"2023-06-25T10:18:52","date_gmt":"2023-06-25T03:18:52","guid":{"rendered":"https:\/\/tanphulinhphukien.vn\/?post_type=product&#038;p=6754"},"modified":"2023-06-25T10:18:52","modified_gmt":"2023-06-25T03:18:52","slug":"op-lung-trong-deo-hang-j-case","status":"publish","type":"product","link":"https:\/\/tanphulinhphukien.vn\/?product=op-lung-trong-deo-hang-j-case","title":{"rendered":"\u1ed0p L\u01b0ng Trong D\u1ebbo H\u00e3ng J-Case"},"content":{"rendered":"<p>\u2014 \u1ed0p l\u01b0ng trong d\u1ebbo cao c\u1ea5p d\u00e0nh cho \uf8ff #iPhone14ProMax \u1ea1<\/p>\n<p>h\u00e0ng ch\u00ednh h\u00e3ng #J_CASE<\/p>\n","protected":false},"excerpt":{"rendered":"<p>\u2014 \u1ed0p l\u01b0ng trong d\u1ebbo cao c\u1ea5p d\u00e0nh cho \uf8ff #iPhone14ProMax \u1ea1 h\u00e0ng ch\u00ednh h\u00e3ng #J_CASE<\/p>\n","protected":false},"featured_media":0,"comment_status":"closed","ping_status":"closed","template":"","meta":[],"product_brand":[],"product_cat":[50,19],"product_tag":[],"class_list":{"0":"post-6754","1":"product","2":"type-product","3":"status-publish","5":"product_cat-op-lung-iphone","6":"product_cat-phu-kien","8":"first","9":"instock","10":"shipping-taxable","11":"purchasable","12":"product-type-simple"},"_links":{"self":[{"href":"https:\/\/tanphulinhphukien.vn\/index.php?rest_route=\/wp\/v2\/product\/6754","targetHints":{"allow":["GET"]}}],"collection":[{"href":"https:\/\/tanphulinhphukien.vn\/index.php?rest_route=\/wp\/v2\/product"}],"about":[{"href":"https:\/\/tanphulinhphukien.vn\/index.php?rest_route=\/wp\/v2\/types\/product"}],"replies":[{"embeddable":true,"href":"https:\/\/tanphulinhphukien.vn\/index.php?rest_route=%2Fwp%2Fv2%2Fcomments&post=6754"}],"wp:attachment":[{"href":"https:\/\/tanphulinhphukien.vn\/index.php?rest_route=%2Fwp%2Fv2%2Fmedia&parent=6754"}],"wp:term":[{"taxonomy":"product_brand","embeddable":true,"href":"https:\/\/tanphulinhphukien.vn\/index.php?rest_route=%2Fwp%2Fv2%2Fproduct_brand&post=6754"},{"taxonomy":"product_cat","embeddable":true,"href":"https:\/\/tanphulinhphukien.vn\/index.php?rest_route=%2Fwp%2Fv2%2Fproduct_cat&post=6754"},{"taxonomy":"product_tag","embeddable":true,"href":"https:\/\/tanphulinhphukien.vn\/index.php?rest_route=%2Fwp%2Fv2%2Fproduct_tag&post=6754"}],"curies":[{"name":"wp","href":"https:\/\/api.w.org\/{rel}","templated":true}]}}