{"id":6645,"date":"2023-06-24T17:11:11","date_gmt":"2023-06-24T10:11:11","guid":{"rendered":"https:\/\/tanphulinhphukien.vn\/?post_type=product&#038;p=6645"},"modified":"2023-06-24T17:11:11","modified_gmt":"2023-06-24T10:11:11","slug":"loa-bluetooth-mini-chinh-hang-joyroom-jr-ml02","status":"publish","type":"product","link":"https:\/\/tanphulinhphukien.vn\/?product=loa-bluetooth-mini-chinh-hang-joyroom-jr-ml02","title":{"rendered":"Loa Bluetooth Mini ch\u00ednh h\u00e3ng Joyroom JR-ML02"},"content":{"rendered":"<p>Em m\u1edbi v\u1ec1 Loa Bluetooth mini ch\u1ed1ng n\u01b0\u1edbc<br \/>\nJOYROOM JR-ML02<br \/>\nWaterproof bass wireless speaker<\/p>\n<p>\ud83d\udc49\ud83c\udffb Thi\u1ebft k\u1ebf nh\u1ecf g\u1ecdn , ch\u1ea5t li\u1ec7u ABS + PC cao c\u1ea5p , ch\u1ec9 n\u1eb7ng 320g , n\u1eb1m g\u1ecdn trong l\u00f2ng b\u00e0n tay<br \/>\n\ud83d\udc49\ud83c\udffbK\u1ebft n\u1ed1i Bluetooth V5.0 nhanh ch\u00f3ng , ph\u1ea1m vi 10m<\/p>\n<p>\ud83d\udd0b Pin 1.200mAh cho th\u1eddi l\u01b0\u1ee3ng nghe nh\u1ea1c li\u00ean t\u1ee5c 10 gi\u1edd &#8211; s\u1ea1c \u0111\u1ea7y pin ch\u1ec9 2,5 gi\u1edd , th\u1eddi gian ch\u1edd l\u00ean \u0111\u1ebfn 120 gi\u1edd<\/p>\n<p>\ud83d\udd0a C\u00f4ng su\u1ea5t \u00e2m thanh 5W v\u1eeba \u0111\u1ee7 nghe , \u0111\u00e1p \u1ee9ng nhu c\u1ea7u mang theo \u0111\u1ebfn b\u1ea5t c\u1ee9 \u0111\u00e2u \u0111\u1ec3 nghe nh\u1ea1c<br \/>\n\u274c\ud83d\udca6 Kh\u1ea3 n\u0103ng ch\u1ed1ng n\u01b0\u1edbc , ch\u1ed1ng b\u1ee5i IPX7<\/p>\n","protected":false},"excerpt":{"rendered":"<p>Em m\u1edbi v\u1ec1 Loa Bluetooth mini ch\u1ed1ng n\u01b0\u1edbc JOYROOM JR-ML02 Waterproof bass wireless speaker \ud83d\udc49\ud83c\udffb Thi\u1ebft k\u1ebf nh\u1ecf g\u1ecdn , ch\u1ea5t li\u1ec7u ABS + PC cao c\u1ea5p , ch\u1ec9 n\u1eb7ng 320g , n\u1eb1m g\u1ecdn trong l\u00f2ng b\u00e0n tay \ud83d\udc49\ud83c\udffbK\u1ebft n\u1ed1i Bluetooth V5.0 nhanh ch\u00f3ng , ph\u1ea1m vi 10m \ud83d\udd0b Pin 1.200mAh cho th\u1eddi l\u01b0\u1ee3ng nghe &#8230; <a title=\"Loa Bluetooth Mini ch\u00ednh h\u00e3ng Joyroom JR-ML02\" class=\"read-more\" href=\"https:\/\/tanphulinhphukien.vn\/?product=loa-bluetooth-mini-chinh-hang-joyroom-jr-ml02\" aria-label=\"More on Loa Bluetooth Mini ch\u00ednh h\u00e3ng Joyroom JR-ML02\">\u0110\u1ecdc ti\u1ebfp<\/a><\/p>\n","protected":false},"featured_media":6646,"comment_status":"closed","ping_status":"closed","template":"","meta":[],"product_brand":[],"product_cat":[537,19],"product_tag":[],"class_list":{"0":"post-6645","1":"product","2":"type-product","3":"status-publish","4":"has-post-thumbnail","6":"product_cat-loa-nghe-nhac","7":"product_cat-phu-kien","9":"first","10":"instock","11":"shipping-taxable","12":"purchasable","13":"product-type-simple"},"_links":{"self":[{"href":"https:\/\/tanphulinhphukien.vn\/index.php?rest_route=\/wp\/v2\/product\/6645","targetHints":{"allow":["GET"]}}],"collection":[{"href":"https:\/\/tanphulinhphukien.vn\/index.php?rest_route=\/wp\/v2\/product"}],"about":[{"href":"https:\/\/tanphulinhphukien.vn\/index.php?rest_route=\/wp\/v2\/types\/product"}],"replies":[{"embeddable":true,"href":"https:\/\/tanphulinhphukien.vn\/index.php?rest_route=%2Fwp%2Fv2%2Fcomments&post=6645"}],"wp:featuredmedia":[{"embeddable":true,"href":"https:\/\/tanphulinhphukien.vn\/index.php?rest_route=\/wp\/v2\/media\/6646"}],"wp:attachment":[{"href":"https:\/\/tanphulinhphukien.vn\/index.php?rest_route=%2Fwp%2Fv2%2Fmedia&parent=6645"}],"wp:term":[{"taxonomy":"product_brand","embeddable":true,"href":"https:\/\/tanphulinhphukien.vn\/index.php?rest_route=%2Fwp%2Fv2%2Fproduct_brand&post=6645"},{"taxonomy":"product_cat","embeddable":true,"href":"https:\/\/tanphulinhphukien.vn\/index.php?rest_route=%2Fwp%2Fv2%2Fproduct_cat&post=6645"},{"taxonomy":"product_tag","embeddable":true,"href":"https:\/\/tanphulinhphukien.vn\/index.php?rest_route=%2Fwp%2Fv2%2Fproduct_tag&post=6645"}],"curies":[{"name":"wp","href":"https:\/\/api.w.org\/{rel}","templated":true}]}}