{"id":6636,"date":"2023-06-24T17:03:44","date_gmt":"2023-06-24T10:03:44","guid":{"rendered":"https:\/\/tanphulinhphukien.vn\/?post_type=product&#038;p=6636"},"modified":"2023-06-24T17:03:44","modified_gmt":"2023-06-24T10:03:44","slug":"cuong-luc-apple-watch-utrall-chinh-hang-anank-titanium-alloy","status":"publish","type":"product","link":"https:\/\/tanphulinhphukien.vn\/?product=cuong-luc-apple-watch-utrall-chinh-hang-anank-titanium-alloy","title":{"rendered":"C\u01b0\u1eddng l\u1ef1c Apple Watch Utrall ch\u00ednh h\u00e3ng Anank Titanium Alloy"},"content":{"rendered":"<p>Mi\u1ebfng d\u00e1n c\u01b0\u1eddng l\u1ef1c ch\u00ednh h\u00e3ng Anank d\u00e0nh cho \uf8ff\ud835\udc16\ud835\udc00\ud835\udc13\ud835\udc02\ud835\udc07 \ud835\udc14\ud835\udc13\ud835\udc11\ud835\udc00\ud835\udc0b\ud835\udc0b<\/p>\n<p>\u231a\ufe0f \ud835\udc00\ud835\udc29\ud835\udc29\ud835\udc25\ud835\udc1e\ud835\udc16\ud835\udc00\ud835\udc13\ud835\udc02\ud835\udc07 \ud835\udc14\ud835\udc13\ud835\udc11\ud835\udc00\ud835\udc0b\ud835\udc0b TITANIUM ALLOY \ud835\udfd2\ud835\udfd7\ud835\udc26\ud835\udc26<\/p>\n<p>\ud83d\udc49\ud83c\udffb \u0110\u00e2y l\u00e0 t\u1ea5m d\u00e1n \ud835\ude41\ud835\ude50\ud835\ude47\ud835\ude47 \ud835\ude62\ud835\ude56\u0300\ud835\ude63 \ud835\ude5d\ud835\ude5e\u0300\ud835\ude63\ud835\ude5d \u00e1p d\u1ee5ng c\u00f4ng ngh\u1ec7 m\u1edbi nh\u1ea5t c\u1ee7a Anank<br \/>\nPh\u1ea7n vi\u1ec1n c\u1ee7a t\u1ea5m d\u00e1n \u0111\u01b0\u1ee3c l\u00e0m li\u1ec1n v\u1edbi ph\u1ea7n k\u00ednh c\u01b0\u1eddng l\u1ef1c 100% full m\u00e0n h\u00ecnh, c\u00e1c lo\u1ea1i tr\u00ean th\u1ecb tr\u01b0\u1eddng \u0111a ph\u1ea7n ch\u1ec9 full \u0111\u01b0\u1ee3c 75%<br \/>\n\ud83d\udc49\ud83c\udffb Ph\u1ea7n vi\u1ec1n nh\u00f4m c\u1ee7a m\u00e1y, gi\u00fap khi d\u00e1n l\u00ean t\u1ea1o c\u1ea3m gi\u00e1c li\u1ec1n m\u1ea1ch nh\u01b0 ch\u01b0a d\u00e1n<\/p>\n<p>\u25aa\ufe0f Chu\u1ea9n k\u00ednh \ud835\udff5\ud835\udddb \/ c\u00f4ng ngh\u1ec7 k\u00ednh \ud835\uddd4\ud835\uddda\ud835\uddd6 \ud835\udde1\ud835\uddf5\ud835\uddee\u0323\u0302\ud835\ude01 \ud835\uddd5\ud835\uddee\u0309\ud835\uddfb \ud83c\uddef\ud83c\uddf5<br \/>\n\u25aa\ufe0f L\u1edbp ph\u1ee7 \ud835\udc75\ud835\udc68\ud835\udc75\ud835\udc76 tr\u00ean b\u1ec1 m\u1eb7t b\u1ec1n v\u00e0 d\u00e0y h\u01a1n t\u0103ng kh\u1ea3 n\u0103ng ch\u1ed1ng x\u01b0\u1edbc, ch\u1ed1ng va \u0111\u1eadp . L\u1edbp ph\u1ee7 ch\u1ed1ng v\u00e2n tay t\u1ed1t h\u01a1n r\u1ea5t nhi\u1ec1u so v\u1edbi c\u00e1c lo\u1ea1i k\u00ednh kh\u00e1c gi\u00fap duy tr\u00ec \u0111\u01b0\u1ee3c th\u1eddi gian l\u00e2u h\u01a1n, gi\u1ea3m thi\u1ec3u kh\u1ea3 n\u0103ng b\u00e1m v\u00e2n tay b\u1ec1 m\u1eb7t k\u00ednh m\u1ecbn m\u00e0ng nh\u01b0 ch\u01b0a h\u1ec1 d\u00e1n<\/p>\n","protected":false},"excerpt":{"rendered":"<p>Mi\u1ebfng d\u00e1n c\u01b0\u1eddng l\u1ef1c ch\u00ednh h\u00e3ng Anank d\u00e0nh cho \uf8ff\ud835\udc16\ud835\udc00\ud835\udc13\ud835\udc02\ud835\udc07 \ud835\udc14\ud835\udc13\ud835\udc11\ud835\udc00\ud835\udc0b\ud835\udc0b \u231a\ufe0f \ud835\udc00\ud835\udc29\ud835\udc29\ud835\udc25\ud835\udc1e\ud835\udc16\ud835\udc00\ud835\udc13\ud835\udc02\ud835\udc07 \ud835\udc14\ud835\udc13\ud835\udc11\ud835\udc00\ud835\udc0b\ud835\udc0b TITANIUM ALLOY \ud835\udfd2\ud835\udfd7\ud835\udc26\ud835\udc26 \ud83d\udc49\ud83c\udffb \u0110\u00e2y l\u00e0 t\u1ea5m d\u00e1n \ud835\ude41\ud835\ude50\ud835\ude47\ud835\ude47 \ud835\ude62\ud835\ude56\u0300\ud835\ude63 \ud835\ude5d\ud835\ude5e\u0300\ud835\ude63\ud835\ude5d \u00e1p d\u1ee5ng c\u00f4ng ngh\u1ec7 m\u1edbi nh\u1ea5t c\u1ee7a Anank Ph\u1ea7n vi\u1ec1n c\u1ee7a t\u1ea5m d\u00e1n \u0111\u01b0\u1ee3c l\u00e0m li\u1ec1n v\u1edbi ph\u1ea7n k\u00ednh c\u01b0\u1eddng l\u1ef1c 100% full m\u00e0n h\u00ecnh, c\u00e1c lo\u1ea1i tr\u00ean th\u1ecb tr\u01b0\u1eddng &#8230; <a title=\"C\u01b0\u1eddng l\u1ef1c Apple Watch Utrall ch\u00ednh h\u00e3ng Anank Titanium Alloy\" class=\"read-more\" href=\"https:\/\/tanphulinhphukien.vn\/?product=cuong-luc-apple-watch-utrall-chinh-hang-anank-titanium-alloy\" aria-label=\"More on C\u01b0\u1eddng l\u1ef1c Apple Watch Utrall ch\u00ednh h\u00e3ng Anank Titanium Alloy\">\u0110\u1ecdc ti\u1ebfp<\/a><\/p>\n","protected":false},"featured_media":6637,"comment_status":"closed","ping_status":"closed","template":"","meta":[],"product_brand":[],"product_cat":[19,58],"product_tag":[],"class_list":{"0":"post-6636","1":"product","2":"type-product","3":"status-publish","4":"has-post-thumbnail","6":"product_cat-phu-kien","7":"product_cat-phu-kien-applewatch","9":"first","10":"instock","11":"shipping-taxable","12":"purchasable","13":"product-type-simple"},"_links":{"self":[{"href":"https:\/\/tanphulinhphukien.vn\/index.php?rest_route=\/wp\/v2\/product\/6636","targetHints":{"allow":["GET"]}}],"collection":[{"href":"https:\/\/tanphulinhphukien.vn\/index.php?rest_route=\/wp\/v2\/product"}],"about":[{"href":"https:\/\/tanphulinhphukien.vn\/index.php?rest_route=\/wp\/v2\/types\/product"}],"replies":[{"embeddable":true,"href":"https:\/\/tanphulinhphukien.vn\/index.php?rest_route=%2Fwp%2Fv2%2Fcomments&post=6636"}],"wp:featuredmedia":[{"embeddable":true,"href":"https:\/\/tanphulinhphukien.vn\/index.php?rest_route=\/wp\/v2\/media\/6637"}],"wp:attachment":[{"href":"https:\/\/tanphulinhphukien.vn\/index.php?rest_route=%2Fwp%2Fv2%2Fmedia&parent=6636"}],"wp:term":[{"taxonomy":"product_brand","embeddable":true,"href":"https:\/\/tanphulinhphukien.vn\/index.php?rest_route=%2Fwp%2Fv2%2Fproduct_brand&post=6636"},{"taxonomy":"product_cat","embeddable":true,"href":"https:\/\/tanphulinhphukien.vn\/index.php?rest_route=%2Fwp%2Fv2%2Fproduct_cat&post=6636"},{"taxonomy":"product_tag","embeddable":true,"href":"https:\/\/tanphulinhphukien.vn\/index.php?rest_route=%2Fwp%2Fv2%2Fproduct_tag&post=6636"}],"curies":[{"name":"wp","href":"https:\/\/api.w.org\/{rel}","templated":true}]}}