{"id":6618,"date":"2023-06-24T16:59:08","date_gmt":"2023-06-24T09:59:08","guid":{"rendered":"https:\/\/tanphulinhphukien.vn\/?post_type=product&#038;p=6618"},"modified":"2023-06-24T16:59:08","modified_gmt":"2023-06-24T09:59:08","slug":"bao-da-ipad-gen-10-hang-mutural-jianshang","status":"publish","type":"product","link":"https:\/\/tanphulinhphukien.vn\/?product=bao-da-ipad-gen-10-hang-mutural-jianshang","title":{"rendered":"Bao da iPad Gen 10 h\u00e3ng Mutural Jianshang"},"content":{"rendered":"<ol>\n<li>Bao da #MUTURAL Design JIANSHANG cho #iPad \uf8ff iPad Gen 10(10.9inch )<\/li>\n<\/ol>\n<p>\ud83d\udea9 Case \u0111\u01b0\u1ee3c t\u1ea1o n\u00ean t\u1eeb ch\u1ea5t li\u1ec7u TPU m\u1ec1m d\u1ebbo n\u00ean s\u1ea3n ph\u1ea9m \u00f4m kh\u00edt iPad c\u1ee7a b\u1ea1n nh\u01b0ng b\u1ea1n v\u1eabn c\u00f3 th\u1ec3 d\u1ec5 d\u00e0ng th\u00e1o l\u1eafp khi c\u1ea7n thi\u1ebft, \u0111\u1ed3ng th\u1eddi mang \u0111\u1ebfn cho b\u1ea1n c\u1ea3m gi\u00e1c c\u1ea7m n\u1eafm d\u1ec5 ch\u1ecbu v\u00e0 tho\u1ea3i m\u00e1i.<br \/>\n\ud83d\udea9 Mutural Design JIANSHANG Case c\u00f2n c\u00f3 nhi\u1ec1u m\u00e0u s\u1eafc \u0111\u1ec3 b\u1ea1n c\u00f3 th\u1ec3 l\u1ef1a ch\u1ecdn t\u00f9y theo nhu c\u1ea7u, s\u1edf th\u00edch v\u00e0 phong c\u00e1ch c\u1ee7a b\u1ea1n.<\/p>\n<p>\ud83d\udc49 M\u1eb7t l\u01b0ng k\u00ednh PC trong su\u1ed1t khoe tr\u1ecdn v\u1ebb \u0111\u1eb9p l\u01b0ng<\/p>\n<p>\ud83d\udc49 Thi\u1ebft k\u1ebf l\u01b0ng nh\u1ef1a trong c\u1ee9ng c\u00e1p, tr\u00ean l\u01b0ng c\u00f3 tr\u1ee5 tr\u00f2n gh\u00e9p n\u1ed1i v\u1edbi ph\u1ea7n bao da gi\u00fap m\u00e1y xoay 360\u00b0 khi d\u00f9ng \u0111\u1ec3 \u0111\u1ef1ng m\u00e1y theo c\u00e1c g\u00f3c kh\u00e1c nhau.<\/p>\n<p>\ud83d\udc49 C\u00f3 ng\u0103n \u0111\u1ef1ng b\u00fat \uf8ffPencil ti\u1ec7n l\u1ee3i , n\u1eafp g\u1eadp l\u00e0m ch\u00e2n \u0111\u1ee9ng , n\u1eb1m \u0111\u1ec3 xem phim , r\u1ea3nh tay<\/p>\n","protected":false},"excerpt":{"rendered":"<p>Bao da #MUTURAL Design JIANSHANG cho #iPad \uf8ff iPad Gen 10(10.9inch ) \ud83d\udea9 Case \u0111\u01b0\u1ee3c t\u1ea1o n\u00ean t\u1eeb ch\u1ea5t li\u1ec7u TPU m\u1ec1m d\u1ebbo n\u00ean s\u1ea3n ph\u1ea9m \u00f4m kh\u00edt iPad c\u1ee7a b\u1ea1n nh\u01b0ng b\u1ea1n v\u1eabn c\u00f3 th\u1ec3 d\u1ec5 d\u00e0ng th\u00e1o l\u1eafp khi c\u1ea7n thi\u1ebft, \u0111\u1ed3ng th\u1eddi mang \u0111\u1ebfn cho b\u1ea1n c\u1ea3m gi\u00e1c c\u1ea7m n\u1eafm d\u1ec5 ch\u1ecbu &#8230; <a title=\"Bao da iPad Gen 10 h\u00e3ng Mutural Jianshang\" class=\"read-more\" href=\"https:\/\/tanphulinhphukien.vn\/?product=bao-da-ipad-gen-10-hang-mutural-jianshang\" aria-label=\"More on Bao da iPad Gen 10 h\u00e3ng Mutural Jianshang\">\u0110\u1ecdc ti\u1ebfp<\/a><\/p>\n","protected":false},"featured_media":6621,"comment_status":"closed","ping_status":"closed","template":"","meta":[],"product_brand":[],"product_cat":[19,48],"product_tag":[],"class_list":{"0":"post-6618","1":"product","2":"type-product","3":"status-publish","4":"has-post-thumbnail","6":"product_cat-phu-kien","7":"product_cat-phu-kien-ipad","9":"first","10":"instock","11":"shipping-taxable","12":"purchasable","13":"product-type-simple"},"_links":{"self":[{"href":"https:\/\/tanphulinhphukien.vn\/index.php?rest_route=\/wp\/v2\/product\/6618","targetHints":{"allow":["GET"]}}],"collection":[{"href":"https:\/\/tanphulinhphukien.vn\/index.php?rest_route=\/wp\/v2\/product"}],"about":[{"href":"https:\/\/tanphulinhphukien.vn\/index.php?rest_route=\/wp\/v2\/types\/product"}],"replies":[{"embeddable":true,"href":"https:\/\/tanphulinhphukien.vn\/index.php?rest_route=%2Fwp%2Fv2%2Fcomments&post=6618"}],"wp:featuredmedia":[{"embeddable":true,"href":"https:\/\/tanphulinhphukien.vn\/index.php?rest_route=\/wp\/v2\/media\/6621"}],"wp:attachment":[{"href":"https:\/\/tanphulinhphukien.vn\/index.php?rest_route=%2Fwp%2Fv2%2Fmedia&parent=6618"}],"wp:term":[{"taxonomy":"product_brand","embeddable":true,"href":"https:\/\/tanphulinhphukien.vn\/index.php?rest_route=%2Fwp%2Fv2%2Fproduct_brand&post=6618"},{"taxonomy":"product_cat","embeddable":true,"href":"https:\/\/tanphulinhphukien.vn\/index.php?rest_route=%2Fwp%2Fv2%2Fproduct_cat&post=6618"},{"taxonomy":"product_tag","embeddable":true,"href":"https:\/\/tanphulinhphukien.vn\/index.php?rest_route=%2Fwp%2Fv2%2Fproduct_tag&post=6618"}],"curies":[{"name":"wp","href":"https:\/\/api.w.org\/{rel}","templated":true}]}}