{"id":6588,"date":"2023-06-24T16:48:54","date_gmt":"2023-06-24T09:48:54","guid":{"rendered":"https:\/\/tanphulinhphukien.vn\/?post_type=product&#038;p=6588"},"modified":"2023-06-24T16:48:55","modified_gmt":"2023-06-24T09:48:55","slug":"op-pc-trong-suot-khong-o-vang-vafa","status":"publish","type":"product","link":"https:\/\/tanphulinhphukien.vn\/?product=op-pc-trong-suot-khong-o-vang-vafa","title":{"rendered":"\u1ed0p PC trong su\u1ed1t kh\u00f4ng \u1ed1 v\u00e0ng VAFA"},"content":{"rendered":"<p>\u1ed0p PC trong su\u1ed1t c\u1ee9ng KH\u00d4NG \u1ed0 V\u00c0NG \ud83d\udcaf<\/p>\n<p>\ud83d\udc49\ud83c\udffbD\u00e0nh cho iPhone : 14Pro \u2022 14Pro Max<\/p>\n<p>\ud83d\udc49\ud83c\udffb Thi\u1ebft k\u1ebf trong su\u1ed1t c\u1ee9ng ph\u1ed1i vi\u1ec1n nh\u00f4m<\/p>\n<ol>\n<li>\ud83d\udc49\ud83c\udffb Camera sau cao 4cm \u0111\u1ec3 b\u1ea3o v\u1ec7 Camera iPhone \u2618\ufe0f\n<p>\ud83d\udc49\ud83c\udffb Ph\u1ed1i l\u01b0\u1edbi loa b\u1ea3o v\u1ec7 h\u1ea1n ch\u1ebf b\u1ee5i b\u1ea9n b\u00e1m<\/p>\n<p>\ud83e\udd0d\ud83d\udc9c\ud83d\udda4 C\u00f3 3 M\u00e0u theo m\u00e1y<\/p>\n<blockquote><p>TRONG SU\u1ed0T \ud83e\udd0d T\u00edm \ud83d\udc9c \u0110en \ud83d\udda4<\/p><\/blockquote>\n<\/li>\n<\/ol>\n","protected":false},"excerpt":{"rendered":"<p>\u1ed0p PC trong su\u1ed1t c\u1ee9ng KH\u00d4NG \u1ed0 V\u00c0NG \ud83d\udcaf \ud83d\udc49\ud83c\udffbD\u00e0nh cho iPhone : 14Pro \u2022 14Pro Max \ud83d\udc49\ud83c\udffb Thi\u1ebft k\u1ebf trong su\u1ed1t c\u1ee9ng ph\u1ed1i vi\u1ec1n nh\u00f4m \ud83d\udc49\ud83c\udffb Camera sau cao 4cm \u0111\u1ec3 b\u1ea3o v\u1ec7 Camera iPhone \u2618\ufe0f \ud83d\udc49\ud83c\udffb Ph\u1ed1i l\u01b0\u1edbi loa b\u1ea3o v\u1ec7 h\u1ea1n ch\u1ebf b\u1ee5i b\u1ea9n b\u00e1m \ud83e\udd0d\ud83d\udc9c\ud83d\udda4 C\u00f3 3 M\u00e0u theo m\u00e1y TRONG &#8230; <a title=\"\u1ed0p PC trong su\u1ed1t kh\u00f4ng \u1ed1 v\u00e0ng VAFA\" class=\"read-more\" href=\"https:\/\/tanphulinhphukien.vn\/?product=op-pc-trong-suot-khong-o-vang-vafa\" aria-label=\"More on \u1ed0p PC trong su\u1ed1t kh\u00f4ng \u1ed1 v\u00e0ng VAFA\">\u0110\u1ecdc ti\u1ebfp<\/a><\/p>\n","protected":false},"featured_media":6599,"comment_status":"closed","ping_status":"closed","template":"","meta":[],"product_brand":[],"product_cat":[15],"product_tag":[],"class_list":{"0":"post-6588","1":"product","2":"type-product","3":"status-publish","4":"has-post-thumbnail","6":"product_cat-linh-kien-dien-thoai","8":"first","9":"instock","10":"shipping-taxable","11":"purchasable","12":"product-type-simple"},"_links":{"self":[{"href":"https:\/\/tanphulinhphukien.vn\/index.php?rest_route=\/wp\/v2\/product\/6588","targetHints":{"allow":["GET"]}}],"collection":[{"href":"https:\/\/tanphulinhphukien.vn\/index.php?rest_route=\/wp\/v2\/product"}],"about":[{"href":"https:\/\/tanphulinhphukien.vn\/index.php?rest_route=\/wp\/v2\/types\/product"}],"replies":[{"embeddable":true,"href":"https:\/\/tanphulinhphukien.vn\/index.php?rest_route=%2Fwp%2Fv2%2Fcomments&post=6588"}],"wp:featuredmedia":[{"embeddable":true,"href":"https:\/\/tanphulinhphukien.vn\/index.php?rest_route=\/wp\/v2\/media\/6599"}],"wp:attachment":[{"href":"https:\/\/tanphulinhphukien.vn\/index.php?rest_route=%2Fwp%2Fv2%2Fmedia&parent=6588"}],"wp:term":[{"taxonomy":"product_brand","embeddable":true,"href":"https:\/\/tanphulinhphukien.vn\/index.php?rest_route=%2Fwp%2Fv2%2Fproduct_brand&post=6588"},{"taxonomy":"product_cat","embeddable":true,"href":"https:\/\/tanphulinhphukien.vn\/index.php?rest_route=%2Fwp%2Fv2%2Fproduct_cat&post=6588"},{"taxonomy":"product_tag","embeddable":true,"href":"https:\/\/tanphulinhphukien.vn\/index.php?rest_route=%2Fwp%2Fv2%2Fproduct_tag&post=6588"}],"curies":[{"name":"wp","href":"https:\/\/api.w.org\/{rel}","templated":true}]}}