{"id":6553,"date":"2023-06-24T15:59:19","date_gmt":"2023-06-24T08:59:19","guid":{"rendered":"https:\/\/tanphulinhphukien.vn\/?post_type=product&#038;p=6553"},"modified":"2023-06-24T15:59:19","modified_gmt":"2023-06-24T08:59:19","slug":"memumi-op-trong-pc-trong-cung","status":"publish","type":"product","link":"https:\/\/tanphulinhphukien.vn\/?product=memumi-op-trong-pc-trong-cung","title":{"rendered":"Memumi \u1ed1p trong PC trong c\u1ee9ng"},"content":{"rendered":"<p>\u1ed0p PC trong su\u1ed1t ch\u00ednh h\u00e3ng #MEMUMI<br \/>\nKH\u00d4NG B\u1eca \u1ed0 V\u00c0NG !<\/p>\n<p>\uf8ff #iPhone 14ProMax<br \/>\n\uf8ff 13ProMax -12Mini<\/p>\n<p>\ud83d\udc8e Thi\u1ebft k\u1ebf \u0111\u01a1n gi\u1ea3n , trong su\u1ed1t khoe tr\u1ecdn vi\u1ec1n l\u01b0ng m\u00e1y<br \/>\n\ud83d\udc8e Ch\u1ea5t li\u1ec7u PC cao c\u1ea5p b\u1ea3o v\u1ec7 vi\u1ec1n , l\u01b0ng m\u00e1y ch\u1ed1ng tr\u1ea7y x\u01b0\u1edbc , ch\u1ed1ng b\u00e1m v\u00e2n tay , ch\u1ed1ng th\u1ea5m n\u01b0\u1edbc v\u00e0 b\u1ee5i b\u1ea9n &#8230; \ud83d\udcaf<\/p>\n","protected":false},"excerpt":{"rendered":"<p>\u1ed0p PC trong su\u1ed1t ch\u00ednh h\u00e3ng #MEMUMI KH\u00d4NG B\u1eca \u1ed0 V\u00c0NG ! \uf8ff #iPhone 14ProMax \uf8ff 13ProMax -12Mini \ud83d\udc8e Thi\u1ebft k\u1ebf \u0111\u01a1n gi\u1ea3n , trong su\u1ed1t khoe tr\u1ecdn vi\u1ec1n l\u01b0ng m\u00e1y \ud83d\udc8e Ch\u1ea5t li\u1ec7u PC cao c\u1ea5p b\u1ea3o v\u1ec7 vi\u1ec1n , l\u01b0ng m\u00e1y ch\u1ed1ng tr\u1ea7y x\u01b0\u1edbc , ch\u1ed1ng b\u00e1m v\u00e2n tay , ch\u1ed1ng th\u1ea5m n\u01b0\u1edbc &#8230; <a title=\"Memumi \u1ed1p trong PC trong c\u1ee9ng\" class=\"read-more\" href=\"https:\/\/tanphulinhphukien.vn\/?product=memumi-op-trong-pc-trong-cung\" aria-label=\"More on Memumi \u1ed1p trong PC trong c\u1ee9ng\">\u0110\u1ecdc ti\u1ebfp<\/a><\/p>\n","protected":false},"featured_media":6558,"comment_status":"closed","ping_status":"closed","template":"","meta":[],"product_brand":[],"product_cat":[50,19],"product_tag":[],"class_list":{"0":"post-6553","1":"product","2":"type-product","3":"status-publish","4":"has-post-thumbnail","6":"product_cat-op-lung-iphone","7":"product_cat-phu-kien","9":"first","10":"instock","11":"shipping-taxable","12":"purchasable","13":"product-type-simple"},"_links":{"self":[{"href":"https:\/\/tanphulinhphukien.vn\/index.php?rest_route=\/wp\/v2\/product\/6553","targetHints":{"allow":["GET"]}}],"collection":[{"href":"https:\/\/tanphulinhphukien.vn\/index.php?rest_route=\/wp\/v2\/product"}],"about":[{"href":"https:\/\/tanphulinhphukien.vn\/index.php?rest_route=\/wp\/v2\/types\/product"}],"replies":[{"embeddable":true,"href":"https:\/\/tanphulinhphukien.vn\/index.php?rest_route=%2Fwp%2Fv2%2Fcomments&post=6553"}],"wp:featuredmedia":[{"embeddable":true,"href":"https:\/\/tanphulinhphukien.vn\/index.php?rest_route=\/wp\/v2\/media\/6558"}],"wp:attachment":[{"href":"https:\/\/tanphulinhphukien.vn\/index.php?rest_route=%2Fwp%2Fv2%2Fmedia&parent=6553"}],"wp:term":[{"taxonomy":"product_brand","embeddable":true,"href":"https:\/\/tanphulinhphukien.vn\/index.php?rest_route=%2Fwp%2Fv2%2Fproduct_brand&post=6553"},{"taxonomy":"product_cat","embeddable":true,"href":"https:\/\/tanphulinhphukien.vn\/index.php?rest_route=%2Fwp%2Fv2%2Fproduct_cat&post=6553"},{"taxonomy":"product_tag","embeddable":true,"href":"https:\/\/tanphulinhphukien.vn\/index.php?rest_route=%2Fwp%2Fv2%2Fproduct_tag&post=6553"}],"curies":[{"name":"wp","href":"https:\/\/api.w.org\/{rel}","templated":true}]}}