{"id":6496,"date":"2023-06-24T15:21:31","date_gmt":"2023-06-24T08:21:31","guid":{"rendered":"https:\/\/tanphulinhphukien.vn\/?post_type=product&#038;p=6496"},"modified":"2023-06-24T15:21:31","modified_gmt":"2023-06-24T08:21:31","slug":"bao-da-ban-phim-ipad-9-7-chinh-hang-duxducis","status":"publish","type":"product","link":"https:\/\/tanphulinhphukien.vn\/?product=bao-da-ban-phim-ipad-9-7-chinh-hang-duxducis","title":{"rendered":"Bao da b\u00e0n ph\u00edm iPad 9.7 ch\u00ednh h\u00e3ng Duxducis"},"content":{"rendered":"<p>CASE iPad t\u00edch h\u1ee3p b\u00e0n ph\u00edm #Dux_Ducis<br \/>\n#Wireless_Keyboard &#8211; Phi\u00ean b\u1ea3n c\u00f3 #TrackPad s\u1eed d\u1ee5ng c\u1ea3m \u1ee9ng nh\u01b0 Laptop \ud83d\udcbb<\/p>\n<p>\uf8ff iPad Air 2\/ Gen 6 (9.7inch)<\/p>\n<p>\u2328 #\ud835\ude41\ud835\ude6a\ud835\ude61\ud835\ude61_\ud835\ude4a\ud835\ude65\ud835\ude69\ud835\ude5e\ud835\ude64\ud835\ude63 v\u00e0 \u0111\u1ea7y \u0111\u1ee7 t\u00ednh n\u0103ng tu\u1ef3 ch\u1ec9nh tr\u00ean ph\u00edm<br \/>\n\u26a1K\u1ebft n\u1ed1i #\ud835\ude3d\ud835\ude61\ud835\ude6a\ud835\ude5a\ud835\ude69\ud835\ude64\ud835\ude64\ud835\ude69\ud835\ude5d nhanh ch\u00f3ng , d\u1ec5 d\u00e0ng<br \/>\n\u2328\ufe0f B\u00e0n ph\u00edm c\u00f3 th\u1ec3 ho\u1ea1t \u0111\u1ed9ng 100 \ud835\udc20\ud835\udc22\ud835\udc28\u031b\u0300 m\u00e0 kh\u00f4ng b\u1ecb gi\u00e1n \u0111o\u1ea1n khi \u0111\u00e3 \u0111\u01b0\u1ee3c s\u1ea1c \u0111\u1ea7y<\/p>\n<p>\u25aa\ufe0f \u0110\u01b0\u1ee3c l\u00e0m t\u1eeb ch\u1ea5t li\u1ec7u \ud835\uddfb\ud835\uddf5\ud835\ude02\u031b\u0323\ud835\uddee \ud835\udde3\ud835\uddd6 cao c\u1ea5p bao ph\u1ee7 b\u1edfi \ud835\uddf1\ud835\uddee \ud835\udde3\ud835\udde8 ch\u1ed1ng tr\u01b0\u1ee3t v\u00e0 ch\u1ed1ng tr\u1ea7y x\u01b0\u1edbc<br \/>\n\u2022 Thi\u1ebft k\u1ebf tinh t\u1ebf , \u0111\u01a1n gi\u1ea3n .<br \/>\n\u25aa\ufe0f M\u1eb7t l\u01b0ng \u1ed1p thi\u1ebft k\u1ebf ch\u00e2n \u0111\u1ee9ng x\u1ebfp g\u1ea5p ti\u1ec7n l\u1ee3i d\u00f9ng \u0111\u1ec3 m\u00e1y #iPad nghi\u00eang<\/p>\n<p>\ud83d\udd39 #\ud835\ude4e\ud835\ude62\ud835\ude56\ud835\ude67\ud835\ude69_\ud835\ude3e\ud835\ude64\ud835\ude6b\ud835\ude5a\ud835\ude67 : T\u1ef1 \u0111\u1ed9ng T\u1eaft\/M\u1edf m\u00e0n h\u00ecnh khi \u0110\u00f3ng\/M\u1edf n\u1eafp \u0111\u1eady<br \/>\n\ud83d\udd39 T\u00edch h\u1ee3p ng\u0103n \u0111\u1ef1ng b\u00fat \uf8ff\ud835\udde3\ud835\uddf2\ud835\uddfb\ud835\uddf0\ud835\uddf6\ud835\uddf9 1\/2 ti\u1ec7n l\u1ee3i\u2666<\/p>\n","protected":false},"excerpt":{"rendered":"<p>CASE iPad t\u00edch h\u1ee3p b\u00e0n ph\u00edm #Dux_Ducis #Wireless_Keyboard &#8211; Phi\u00ean b\u1ea3n c\u00f3 #TrackPad s\u1eed d\u1ee5ng c\u1ea3m \u1ee9ng nh\u01b0 Laptop \ud83d\udcbb \uf8ff iPad Air 2\/ Gen 6 (9.7inch) \u2328 #\ud835\ude41\ud835\ude6a\ud835\ude61\ud835\ude61_\ud835\ude4a\ud835\ude65\ud835\ude69\ud835\ude5e\ud835\ude64\ud835\ude63 v\u00e0 \u0111\u1ea7y \u0111\u1ee7 t\u00ednh n\u0103ng tu\u1ef3 ch\u1ec9nh tr\u00ean ph\u00edm \u26a1K\u1ebft n\u1ed1i #\ud835\ude3d\ud835\ude61\ud835\ude6a\ud835\ude5a\ud835\ude69\ud835\ude64\ud835\ude64\ud835\ude69\ud835\ude5d nhanh ch\u00f3ng , d\u1ec5 d\u00e0ng \u2328\ufe0f B\u00e0n ph\u00edm c\u00f3 th\u1ec3 ho\u1ea1t \u0111\u1ed9ng 100 \ud835\udc20\ud835\udc22\ud835\udc28\u031b\u0300 &#8230; <a title=\"Bao da b\u00e0n ph\u00edm iPad 9.7 ch\u00ednh h\u00e3ng Duxducis\" class=\"read-more\" href=\"https:\/\/tanphulinhphukien.vn\/?product=bao-da-ban-phim-ipad-9-7-chinh-hang-duxducis\" aria-label=\"More on Bao da b\u00e0n ph\u00edm iPad 9.7 ch\u00ednh h\u00e3ng Duxducis\">\u0110\u1ecdc ti\u1ebfp<\/a><\/p>\n","protected":false},"featured_media":6497,"comment_status":"closed","ping_status":"closed","template":"","meta":[],"product_brand":[],"product_cat":[19,48],"product_tag":[],"class_list":{"0":"post-6496","1":"product","2":"type-product","3":"status-publish","4":"has-post-thumbnail","6":"product_cat-phu-kien","7":"product_cat-phu-kien-ipad","9":"first","10":"instock","11":"shipping-taxable","12":"purchasable","13":"product-type-simple"},"_links":{"self":[{"href":"https:\/\/tanphulinhphukien.vn\/index.php?rest_route=\/wp\/v2\/product\/6496","targetHints":{"allow":["GET"]}}],"collection":[{"href":"https:\/\/tanphulinhphukien.vn\/index.php?rest_route=\/wp\/v2\/product"}],"about":[{"href":"https:\/\/tanphulinhphukien.vn\/index.php?rest_route=\/wp\/v2\/types\/product"}],"replies":[{"embeddable":true,"href":"https:\/\/tanphulinhphukien.vn\/index.php?rest_route=%2Fwp%2Fv2%2Fcomments&post=6496"}],"wp:featuredmedia":[{"embeddable":true,"href":"https:\/\/tanphulinhphukien.vn\/index.php?rest_route=\/wp\/v2\/media\/6497"}],"wp:attachment":[{"href":"https:\/\/tanphulinhphukien.vn\/index.php?rest_route=%2Fwp%2Fv2%2Fmedia&parent=6496"}],"wp:term":[{"taxonomy":"product_brand","embeddable":true,"href":"https:\/\/tanphulinhphukien.vn\/index.php?rest_route=%2Fwp%2Fv2%2Fproduct_brand&post=6496"},{"taxonomy":"product_cat","embeddable":true,"href":"https:\/\/tanphulinhphukien.vn\/index.php?rest_route=%2Fwp%2Fv2%2Fproduct_cat&post=6496"},{"taxonomy":"product_tag","embeddable":true,"href":"https:\/\/tanphulinhphukien.vn\/index.php?rest_route=%2Fwp%2Fv2%2Fproduct_tag&post=6496"}],"curies":[{"name":"wp","href":"https:\/\/api.w.org\/{rel}","templated":true}]}}