{"id":6490,"date":"2023-06-24T15:12:02","date_gmt":"2023-06-24T08:12:02","guid":{"rendered":"https:\/\/tanphulinhphukien.vn\/?post_type=product&#038;p=6490"},"modified":"2023-06-24T15:12:02","modified_gmt":"2023-06-24T08:12:02","slug":"tai-nghe-bowie-chinh-hang-baseus","status":"publish","type":"product","link":"https:\/\/tanphulinhphukien.vn\/?product=tai-nghe-bowie-chinh-hang-baseus","title":{"rendered":"Tai nghe Bowie ch\u00ednh h\u00e3ng Baseus"},"content":{"rendered":"<p>Tai nghe kh\u00f4ng d\u00e2y #Baseus BOWIE #E2<br \/>\n\ud83e\udd0d\ud83d\udda4<br \/>\nThu\u1ed9c d\u00f2ng #Bowie cao c\u1ea5p c\u1ee7a Baseus , s\u1ea3n ph\u1ea9m c\u00f3 thi\u1ebft k\u1ebf nh\u1ecf g\u1ecdn , ki\u1ec3u d\u00e1ng\/ m\u00e0u s\u1eafc th\u1eddi trang v\u00e0 c\u00e1 t\u00ednh .<\/p>\n<p>\ud83d\udc49\ud83c\udffb K\u1ebft n\u1ed1i kh\u00f4ng d\u00e2y qua #Bluetooth V5.2 cho t\u00ednh hi\u1ec7u k\u1ebft n\u1ed1i \u1ed5n \u0111\u1ecbnh, nhanh ch\u00f3ng v\u00e0 ti\u1ebft ki\u1ec7m pin.<br \/>\n\ud83d\udc49\ud83c\udffb Thi\u1ebft k\u1ebf v\u1edbi Case s\u1ea1c thon g\u1ecdn, earbuds d\u1ea1ng #in_ear n\u1eb1m g\u1ecdn trong v\u00e0nh tai khi \u0111eo . Thi\u1ebft k\u1ebf hi\u1ec7n \u0111\u1ea1i c\u00f9ng v\u1edbi m\u00e0u s\u1eafc tr\u1ebb trung, c\u00e1 t\u00ednh g\u00e2y \u1ea5n t\u01b0\u1ee3ng m\u1ea1nh m\u1ebd cho c\u00e1c b\u1ea1n tr\u1ebb ngay t\u1eeb c\u00e1i nh\u00ecn \u0111\u1ea7u ti\u00ean .<\/p>\n<p>\u2796 Th\u1eddi gian nghe: 5 gi\u1edd (70% \u00e2m l\u01b0\u1ee3ng) , th\u1eddi gian s\u1ea1c: 1.5 gi\u1edd , kh\u00f4ng k\u00e9n thi\u1ebft b\u1ecb , t\u01b0\u01a1ng th\u00edch v\u1edbi t\u1ea5t c\u1ea3 c\u00e1c smartphone\/ Tablet Android\/ cho \u0111\u1ebfn iPhone\/iPad&#8230;.<br \/>\n\u2796 \u0110\u01b0\u1ee3c trang b\u1ecb chip gi\u1ea3i m\u00e3 \u00e2m thanh m\u1edbi nh\u1ea5t thu\u1ed9c d\u00f2ng Bowie \u0111\u1ed9c quy\u1ec1n c\u1ee7a Baseus (D\u1ea3i t\u1ea7n s\u1ed1 \u0111\u00e1p \u1ee9ng: #20Hz &#8211; #20KHz) gi\u1ea3m thi\u1ec3u hi\u1ec7n t\u01b0\u1ee3ng tr\u1ec5\/ nhi\u1ec3u &#8230; mang \u0111\u1ebfn cho b\u1ea1n ch\u1ea5t l\u01b0\u1ee3ng \u00e2m thanh to r\u1ecf khi \u0111\u00e0m tho\u1ea1i c\u00f9ng v\u1edbi m\u1ed9t kh\u00f4ng gian \u00e2m nh\u1ea1c s\u1ed1ng \u0111\u1ed9ng \u0111\u1ebfn b\u1ea5t ng\u1edd .<\/p>\n<p>\u2714\ufe0f Earbud c\u1ea3m \u1ee9ng cho ph\u00e9p b\u1ea1n d\u1ec5 d\u00e0ng \u0111i\u1ec1u khi\u1ec3n nh\u1eadn\/ t\u1eeb ch\u1ed1i cu\u1ed9c g\u1ecdi ho\u1eb7c c\u00e1c ch\u1ee9c n\u0103ng ch\u01a1i nh\u1ea1c ch\u1ec9 v\u1edbi c\u00e1c thao t\u00e1c ch\u1ea1m tr\u00ean tai nghe . Ngo\u00e0i ra b\u1ea1n c\u00f2n c\u00f3 th\u1ec3 th\u1ef1c hi\u1ec7n c\u00e1c thao t\u00e1c c\u00e0i \u0111\u1eb7t, tinh ch\u1ec9nh cao c\u1ea5p h\u01a1n th\u00f4ng qua #App_Baseus tr\u00ean \u0111i\u1ec7n tho\u1ea1i . B\u1ea1n c\u1ee7ng c\u00f3 th\u1ec3 \u0111\u1ecbnh v\u1ecb, t\u00ecm v\u1ecb tr\u00ed c\u1ee7a tai nghe (l\u1ea7n k\u1ebft n\u1ed1i cu\u1ed1i c\u00f9ng c\u1ee7a tai nghe v\u00e0 APP) th\u00f4ng qua App Baseus .<\/p>\n<p>\u2714\ufe0f Tai nghe c\u00f3 kh\u1ed1i l\u01b0\u1ee3ng c\u1ef1c k\u00ec nh\u1eb9 v\u00e0 \u0111\u01b0\u1ee3c trang b\u1ecb nhi\u1ec1u #ear_tips v\u1edbi c\u00e1c size S\/M\/XL ph\u00f9 h\u1ee3p v\u1edbi t\u1eebng ng\u01b0\u1eddi. \u0110i\u1ec1u n\u00e0y s\u1ebd ph\u1ea7n n\u00e0o \u0111\u00f3 gi\u1ea3m \u00e1p l\u1ef1c cho tai khi s\u1eed d\u1ee5ng trong th\u1eddi gian l\u00e2u, kh\u00f4ng g\u00e2y \u0111au nh\u1ee9t tai .<\/p>\n<ol>\n<li>\u274c\ud83d\udca6 S\u1ea3n ph\u1ea9m h\u1ed7 tr\u1ee3 kh\u00e1ng n\u01b0\u1edbc chu\u1ea9n #iP55 cho ph\u00e9p b\u1ea1n c\u00f3 th\u1ec3 s\u1eed d\u1ee5ng khi \u0111i ngo\u00e0i m\u01b0a hay luy\u1ec7n t\u1eadp th\u1ec3 thao .<\/li>\n<\/ol>\n","protected":false},"excerpt":{"rendered":"<p>Tai nghe kh\u00f4ng d\u00e2y #Baseus BOWIE #E2 \ud83e\udd0d\ud83d\udda4 Thu\u1ed9c d\u00f2ng #Bowie cao c\u1ea5p c\u1ee7a Baseus , s\u1ea3n ph\u1ea9m c\u00f3 thi\u1ebft k\u1ebf nh\u1ecf g\u1ecdn , ki\u1ec3u d\u00e1ng\/ m\u00e0u s\u1eafc th\u1eddi trang v\u00e0 c\u00e1 t\u00ednh . \ud83d\udc49\ud83c\udffb K\u1ebft n\u1ed1i kh\u00f4ng d\u00e2y qua #Bluetooth V5.2 cho t\u00ednh hi\u1ec7u k\u1ebft n\u1ed1i \u1ed5n \u0111\u1ecbnh, nhanh ch\u00f3ng v\u00e0 ti\u1ebft ki\u1ec7m pin. &#8230; <a title=\"Tai nghe Bowie ch\u00ednh h\u00e3ng Baseus\" class=\"read-more\" href=\"https:\/\/tanphulinhphukien.vn\/?product=tai-nghe-bowie-chinh-hang-baseus\" aria-label=\"More on Tai nghe Bowie ch\u00ednh h\u00e3ng Baseus\">\u0110\u1ecdc ti\u1ebfp<\/a><\/p>\n","protected":false},"featured_media":6491,"comment_status":"closed","ping_status":"closed","template":"","meta":[],"product_brand":[],"product_cat":[19,534],"product_tag":[],"class_list":{"0":"post-6490","1":"product","2":"type-product","3":"status-publish","4":"has-post-thumbnail","6":"product_cat-phu-kien","7":"product_cat-tai-nghe-bluetooth","9":"first","10":"instock","11":"shipping-taxable","12":"purchasable","13":"product-type-simple"},"_links":{"self":[{"href":"https:\/\/tanphulinhphukien.vn\/index.php?rest_route=\/wp\/v2\/product\/6490","targetHints":{"allow":["GET"]}}],"collection":[{"href":"https:\/\/tanphulinhphukien.vn\/index.php?rest_route=\/wp\/v2\/product"}],"about":[{"href":"https:\/\/tanphulinhphukien.vn\/index.php?rest_route=\/wp\/v2\/types\/product"}],"replies":[{"embeddable":true,"href":"https:\/\/tanphulinhphukien.vn\/index.php?rest_route=%2Fwp%2Fv2%2Fcomments&post=6490"}],"wp:featuredmedia":[{"embeddable":true,"href":"https:\/\/tanphulinhphukien.vn\/index.php?rest_route=\/wp\/v2\/media\/6491"}],"wp:attachment":[{"href":"https:\/\/tanphulinhphukien.vn\/index.php?rest_route=%2Fwp%2Fv2%2Fmedia&parent=6490"}],"wp:term":[{"taxonomy":"product_brand","embeddable":true,"href":"https:\/\/tanphulinhphukien.vn\/index.php?rest_route=%2Fwp%2Fv2%2Fproduct_brand&post=6490"},{"taxonomy":"product_cat","embeddable":true,"href":"https:\/\/tanphulinhphukien.vn\/index.php?rest_route=%2Fwp%2Fv2%2Fproduct_cat&post=6490"},{"taxonomy":"product_tag","embeddable":true,"href":"https:\/\/tanphulinhphukien.vn\/index.php?rest_route=%2Fwp%2Fv2%2Fproduct_tag&post=6490"}],"curies":[{"name":"wp","href":"https:\/\/api.w.org\/{rel}","templated":true}]}}