{"id":6282,"date":"2023-06-24T11:43:48","date_gmt":"2023-06-24T04:43:48","guid":{"rendered":"https:\/\/tanphulinhphukien.vn\/?post_type=product&#038;p=6282"},"modified":"2023-06-24T11:44:56","modified_gmt":"2023-06-24T04:44:56","slug":"op-iphone-mutural-magsafe-wallet","status":"publish","type":"product","link":"https:\/\/tanphulinhphukien.vn\/?product=op-iphone-mutural-magsafe-wallet","title":{"rendered":"\u1ed0p iPhone Mutural Magsafe Wallet"},"content":{"rendered":"<p>\u1ed0p Da 2 in 1 Magsafe Wallet ch\u00ednh h\u00e3ng #Mutural<br \/>\n\uf8ff #iPhone 13 \u2022 13Pro \u2022 13Pro Max<\/p>\n<p>\ud83d\udc49 Thi\u1ebft k\u1ebf \u0111a n\u0103ng , ti\u1ec7n l\u1ee3i . V\u1edbi ph\u1ea7n m\u1eb7t l\u01b0ng \u1ed1p c\u00f3 nam ch\u00e2m h\u00edt v\u00edt \u0111\u1ec3 th\u1ebb , card &#8230;<br \/>\n&#8211; Ngo\u00e0i ra m\u1eb7t l\u01b0ng \u1ed1p h\u00edt nam ch\u00e2m h\u1ed7 tr\u1ee3 s\u1ea1c kh\u00f4ng d\u00e2y cho dock \uf8ff #Magsafe<br \/>\n\ud83d\udc49 Ch\u1ea5t li\u1ec7u #DA_PU t\u1ed5ng h\u1ee3p cao c\u1ea5p . 3 m\u00e0u : \u0110en \/ N\u00e2u \/ Xanh Pacific<\/p>\n","protected":false},"excerpt":{"rendered":"<p>\u1ed0p Da 2 in 1 Magsafe Wallet ch\u00ednh h\u00e3ng #Mutural \uf8ff #iPhone 13 \u2022 13Pro \u2022 13Pro Max \ud83d\udc49 Thi\u1ebft k\u1ebf \u0111a n\u0103ng , ti\u1ec7n l\u1ee3i . V\u1edbi ph\u1ea7n m\u1eb7t l\u01b0ng \u1ed1p c\u00f3 nam ch\u00e2m h\u00edt v\u00edt \u0111\u1ec3 th\u1ebb , card &#8230; &#8211; Ngo\u00e0i ra m\u1eb7t l\u01b0ng \u1ed1p h\u00edt nam ch\u00e2m h\u1ed7 tr\u1ee3 s\u1ea1c kh\u00f4ng &#8230; <a title=\"\u1ed0p iPhone Mutural Magsafe Wallet\" class=\"read-more\" href=\"https:\/\/tanphulinhphukien.vn\/?product=op-iphone-mutural-magsafe-wallet\" aria-label=\"More on \u1ed0p iPhone Mutural Magsafe Wallet\">\u0110\u1ecdc ti\u1ebfp<\/a><\/p>\n","protected":false},"featured_media":6286,"comment_status":"closed","ping_status":"closed","template":"","meta":[],"product_brand":[],"product_cat":[50,19],"product_tag":[],"class_list":{"0":"post-6282","1":"product","2":"type-product","3":"status-publish","4":"has-post-thumbnail","6":"product_cat-op-lung-iphone","7":"product_cat-phu-kien","9":"first","10":"instock","11":"shipping-taxable","12":"purchasable","13":"product-type-simple"},"_links":{"self":[{"href":"https:\/\/tanphulinhphukien.vn\/index.php?rest_route=\/wp\/v2\/product\/6282","targetHints":{"allow":["GET"]}}],"collection":[{"href":"https:\/\/tanphulinhphukien.vn\/index.php?rest_route=\/wp\/v2\/product"}],"about":[{"href":"https:\/\/tanphulinhphukien.vn\/index.php?rest_route=\/wp\/v2\/types\/product"}],"replies":[{"embeddable":true,"href":"https:\/\/tanphulinhphukien.vn\/index.php?rest_route=%2Fwp%2Fv2%2Fcomments&post=6282"}],"wp:featuredmedia":[{"embeddable":true,"href":"https:\/\/tanphulinhphukien.vn\/index.php?rest_route=\/wp\/v2\/media\/6286"}],"wp:attachment":[{"href":"https:\/\/tanphulinhphukien.vn\/index.php?rest_route=%2Fwp%2Fv2%2Fmedia&parent=6282"}],"wp:term":[{"taxonomy":"product_brand","embeddable":true,"href":"https:\/\/tanphulinhphukien.vn\/index.php?rest_route=%2Fwp%2Fv2%2Fproduct_brand&post=6282"},{"taxonomy":"product_cat","embeddable":true,"href":"https:\/\/tanphulinhphukien.vn\/index.php?rest_route=%2Fwp%2Fv2%2Fproduct_cat&post=6282"},{"taxonomy":"product_tag","embeddable":true,"href":"https:\/\/tanphulinhphukien.vn\/index.php?rest_route=%2Fwp%2Fv2%2Fproduct_tag&post=6282"}],"curies":[{"name":"wp","href":"https:\/\/api.w.org\/{rel}","templated":true}]}}