{"id":6207,"date":"2023-06-23T19:29:21","date_gmt":"2023-06-23T12:29:21","guid":{"rendered":"https:\/\/tanphulinhphukien.vn\/?post_type=product&#038;p=6207"},"modified":"2023-06-23T19:29:21","modified_gmt":"2023-06-23T12:29:21","slug":"op-trong-vien-mau-gradient-chinh-hang-likgus","status":"publish","type":"product","link":"https:\/\/tanphulinhphukien.vn\/?product=op-trong-vien-mau-gradient-chinh-hang-likgus","title":{"rendered":"\u1ed0p trong vi\u1ec1n m\u00e0u Gradient ch\u00ednh h\u00e3ng Likgus"},"content":{"rendered":"<p>\u1ed0p trong vi\u1ec1n m\u00e0u Gradient ph\u1ed1i vi\u1ec1n 2 m\u00e0u<\/p>\n<p>iPhone 13ProMax \u2022 14ProMax<\/p>\n","protected":false},"excerpt":{"rendered":"<p>\u1ed0p trong vi\u1ec1n m\u00e0u Gradient ph\u1ed1i vi\u1ec1n 2 m\u00e0u iPhone 13ProMax \u2022 14ProMax<\/p>\n","protected":false},"featured_media":6208,"comment_status":"closed","ping_status":"closed","template":"","meta":[],"product_brand":[],"product_cat":[50,19],"product_tag":[],"class_list":{"0":"post-6207","1":"product","2":"type-product","3":"status-publish","4":"has-post-thumbnail","6":"product_cat-op-lung-iphone","7":"product_cat-phu-kien","9":"first","10":"instock","11":"shipping-taxable","12":"purchasable","13":"product-type-simple"},"_links":{"self":[{"href":"https:\/\/tanphulinhphukien.vn\/index.php?rest_route=\/wp\/v2\/product\/6207","targetHints":{"allow":["GET"]}}],"collection":[{"href":"https:\/\/tanphulinhphukien.vn\/index.php?rest_route=\/wp\/v2\/product"}],"about":[{"href":"https:\/\/tanphulinhphukien.vn\/index.php?rest_route=\/wp\/v2\/types\/product"}],"replies":[{"embeddable":true,"href":"https:\/\/tanphulinhphukien.vn\/index.php?rest_route=%2Fwp%2Fv2%2Fcomments&post=6207"}],"wp:featuredmedia":[{"embeddable":true,"href":"https:\/\/tanphulinhphukien.vn\/index.php?rest_route=\/wp\/v2\/media\/6208"}],"wp:attachment":[{"href":"https:\/\/tanphulinhphukien.vn\/index.php?rest_route=%2Fwp%2Fv2%2Fmedia&parent=6207"}],"wp:term":[{"taxonomy":"product_brand","embeddable":true,"href":"https:\/\/tanphulinhphukien.vn\/index.php?rest_route=%2Fwp%2Fv2%2Fproduct_brand&post=6207"},{"taxonomy":"product_cat","embeddable":true,"href":"https:\/\/tanphulinhphukien.vn\/index.php?rest_route=%2Fwp%2Fv2%2Fproduct_cat&post=6207"},{"taxonomy":"product_tag","embeddable":true,"href":"https:\/\/tanphulinhphukien.vn\/index.php?rest_route=%2Fwp%2Fv2%2Fproduct_tag&post=6207"}],"curies":[{"name":"wp","href":"https:\/\/api.w.org\/{rel}","templated":true}]}}