{"id":6172,"date":"2023-06-23T19:12:31","date_gmt":"2023-06-23T12:12:31","guid":{"rendered":"https:\/\/tanphulinhphukien.vn\/?post_type=product&#038;p=6172"},"modified":"2023-06-23T19:12:31","modified_gmt":"2023-06-23T12:12:31","slug":"vi-lam-chan-o-cung-ipad-iphone-mechanic","status":"publish","type":"product","link":"https:\/\/tanphulinhphukien.vn\/?product=vi-lam-chan-o-cung-ipad-iphone-mechanic","title":{"rendered":"v\u0129 l\u00e0m ch\u00e2n \u1ed5 c\u00fang ipad- iphone  mechanic"},"content":{"rendered":"","protected":false},"excerpt":{"rendered":"","protected":false},"featured_media":6173,"comment_status":"closed","ping_status":"closed","template":"","meta":[],"product_brand":[],"product_cat":[517],"product_tag":[],"class_list":{"0":"post-6172","1":"product","2":"type-product","3":"status-publish","4":"has-post-thumbnail","6":"product_cat-dung-cu-sua-chua","8":"first","9":"instock","10":"shipping-taxable","11":"purchasable","12":"product-type-simple"},"_links":{"self":[{"href":"https:\/\/tanphulinhphukien.vn\/index.php?rest_route=\/wp\/v2\/product\/6172","targetHints":{"allow":["GET"]}}],"collection":[{"href":"https:\/\/tanphulinhphukien.vn\/index.php?rest_route=\/wp\/v2\/product"}],"about":[{"href":"https:\/\/tanphulinhphukien.vn\/index.php?rest_route=\/wp\/v2\/types\/product"}],"replies":[{"embeddable":true,"href":"https:\/\/tanphulinhphukien.vn\/index.php?rest_route=%2Fwp%2Fv2%2Fcomments&post=6172"}],"wp:featuredmedia":[{"embeddable":true,"href":"https:\/\/tanphulinhphukien.vn\/index.php?rest_route=\/wp\/v2\/media\/6173"}],"wp:attachment":[{"href":"https:\/\/tanphulinhphukien.vn\/index.php?rest_route=%2Fwp%2Fv2%2Fmedia&parent=6172"}],"wp:term":[{"taxonomy":"product_brand","embeddable":true,"href":"https:\/\/tanphulinhphukien.vn\/index.php?rest_route=%2Fwp%2Fv2%2Fproduct_brand&post=6172"},{"taxonomy":"product_cat","embeddable":true,"href":"https:\/\/tanphulinhphukien.vn\/index.php?rest_route=%2Fwp%2Fv2%2Fproduct_cat&post=6172"},{"taxonomy":"product_tag","embeddable":true,"href":"https:\/\/tanphulinhphukien.vn\/index.php?rest_route=%2Fwp%2Fv2%2Fproduct_tag&post=6172"}],"curies":[{"name":"wp","href":"https:\/\/api.w.org\/{rel}","templated":true}]}}