{"id":6168,"date":"2023-06-23T19:17:43","date_gmt":"2023-06-23T12:17:43","guid":{"rendered":"https:\/\/tanphulinhphukien.vn\/?post_type=product&#038;p=6168"},"modified":"2023-06-23T19:17:43","modified_gmt":"2023-06-23T12:17:43","slug":"bo-ve-sinh-cac-thiet-bi-dien-tu-coteetci-7in1","status":"publish","type":"product","link":"https:\/\/tanphulinhphukien.vn\/?product=bo-ve-sinh-cac-thiet-bi-dien-tu-coteetci-7in1","title":{"rendered":"B\u1ed9 v\u1ec7 sinh c\u00e1c thi\u1ebft b\u1ecb \u0111i\u1ec7n t\u1eed Coteetci 7in1"},"content":{"rendered":"<p>B\u1ed9 v\u1ec7 sinh c\u00e1c thi\u1ebft b\u1ecb \u0111i\u1ec7n t\u1eed<br \/>\n#COTEetCI \ud835\udfd5-\ud835\udc22\ud835\udc27-\ud835\udfcf \ud835\udc03\ud835\udc08\ud835\udc06\ud835\udc08\ud835\udc13\ud835\udc00\ud835\udc0b \ud835\udc02\ud835\udc25\ud835\udc1e\ud835\udc1a\ud835\udc27\ud835\udc22\ud835\udc27\ud835\udc20 \ud835\udc0a\ud835\udc08\ud835\udc13<\/p>\n<p>\ud83d\udd30 B\u1ed9 7 m\u00f3n g\u1ed3m :<br \/>\n1. Kh\u0103n lau m\u1ec1m<br \/>\n2. C\u1ecd qu\u00e9t b\u1ee5i<br \/>\n3. Dung d\u1ecbch v\u1ec7 sinh m\u00e0n h\u00ecnh<br \/>\n4. M\u00e1y th\u1ed5i kh\u00ed<br \/>\n5. B\u00f4ng t\u0103m chuy\u00ean d\u1ee5ng<br \/>\n6. B\u00f4ng t\u0103m \u0111\u1ea7u nh\u1ecdn<br \/>\n7. C\u1ecd ch\u1ea3i v\u1ec7 sinh<\/p>\n<p>\ud83d\udccc H\u1ed7 tr\u1ee3 v\u1ec7 sinh c\u00e1c thi\u1ebft b\u1ecb \u0111i\u1ec7n t\u1eed : \ud835\ude3c\ud835\ude5e\ud835\ude67\ud835\ude4b\ud835\ude64\ud835\ude59\ud835\ude68 , \ud835\ude4e\ud835\ude62\ud835\ude56\ud835\ude67\ud835\ude69\ud835\ude4b\ud835\ude5d\ud835\ude64\ud835\ude63\ud835\ude5a , \ud835\ude47\ud835\ude56\ud835\ude65\ud835\ude69\ud835\ude64\ud835\ude65 , \ud835\ude48\ud835\ude56\ud835\ude58\ud835\ude57\ud835\ude64\ud835\ude64\ud835\ude60 , \ud835\ude47\ud835\ude5a\ud835\ude63\ud835\ude68 M\u00e1y \u1ea2nh , \ud835\ude3d\ud835\ude64\ud835\ude59\ud835\ude6e m\u00e1y \u1ea3nh , b\u00e0n ph\u00edm , chu\u1ed9t vi t\u00ednh &#8230;<br \/>\n\ud83d\udccc D\u1ec5 d\u00e0ng v\u1ec7 sinh , kh\u1eed b\u1ee5i , l\u00e0m m\u1edbi c\u00e1c thi\u1ebft b\u1ecb nh\u1edd b\u1ed9 v\u1ec7 sinh chuy\u00ean d\u1ee5ng<\/p>\n","protected":false},"excerpt":{"rendered":"<p>B\u1ed9 v\u1ec7 sinh c\u00e1c thi\u1ebft b\u1ecb \u0111i\u1ec7n t\u1eed #COTEetCI \ud835\udfd5-\ud835\udc22\ud835\udc27-\ud835\udfcf \ud835\udc03\ud835\udc08\ud835\udc06\ud835\udc08\ud835\udc13\ud835\udc00\ud835\udc0b \ud835\udc02\ud835\udc25\ud835\udc1e\ud835\udc1a\ud835\udc27\ud835\udc22\ud835\udc27\ud835\udc20 \ud835\udc0a\ud835\udc08\ud835\udc13 \ud83d\udd30 B\u1ed9 7 m\u00f3n g\u1ed3m : 1. Kh\u0103n lau m\u1ec1m 2. C\u1ecd qu\u00e9t b\u1ee5i 3. Dung d\u1ecbch v\u1ec7 sinh m\u00e0n h\u00ecnh 4. M\u00e1y th\u1ed5i kh\u00ed 5. B\u00f4ng t\u0103m chuy\u00ean d\u1ee5ng 6. B\u00f4ng t\u0103m \u0111\u1ea7u nh\u1ecdn 7. C\u1ecd ch\u1ea3i v\u1ec7 sinh \ud83d\udccc H\u1ed7 &#8230; <a title=\"B\u1ed9 v\u1ec7 sinh c\u00e1c thi\u1ebft b\u1ecb \u0111i\u1ec7n t\u1eed Coteetci 7in1\" class=\"read-more\" href=\"https:\/\/tanphulinhphukien.vn\/?product=bo-ve-sinh-cac-thiet-bi-dien-tu-coteetci-7in1\" aria-label=\"More on B\u1ed9 v\u1ec7 sinh c\u00e1c thi\u1ebft b\u1ecb \u0111i\u1ec7n t\u1eed Coteetci 7in1\">\u0110\u1ecdc ti\u1ebfp<\/a><\/p>\n","protected":false},"featured_media":6179,"comment_status":"closed","ping_status":"closed","template":"","meta":[],"product_brand":[],"product_cat":[19],"product_tag":[531],"class_list":{"0":"post-6168","1":"product","2":"type-product","3":"status-publish","4":"has-post-thumbnail","6":"product_cat-phu-kien","7":"product_tag-bo-ve-sinh-coteetci-7in1","9":"first","10":"instock","11":"shipping-taxable","12":"purchasable","13":"product-type-simple"},"_links":{"self":[{"href":"https:\/\/tanphulinhphukien.vn\/index.php?rest_route=\/wp\/v2\/product\/6168","targetHints":{"allow":["GET"]}}],"collection":[{"href":"https:\/\/tanphulinhphukien.vn\/index.php?rest_route=\/wp\/v2\/product"}],"about":[{"href":"https:\/\/tanphulinhphukien.vn\/index.php?rest_route=\/wp\/v2\/types\/product"}],"replies":[{"embeddable":true,"href":"https:\/\/tanphulinhphukien.vn\/index.php?rest_route=%2Fwp%2Fv2%2Fcomments&post=6168"}],"wp:featuredmedia":[{"embeddable":true,"href":"https:\/\/tanphulinhphukien.vn\/index.php?rest_route=\/wp\/v2\/media\/6179"}],"wp:attachment":[{"href":"https:\/\/tanphulinhphukien.vn\/index.php?rest_route=%2Fwp%2Fv2%2Fmedia&parent=6168"}],"wp:term":[{"taxonomy":"product_brand","embeddable":true,"href":"https:\/\/tanphulinhphukien.vn\/index.php?rest_route=%2Fwp%2Fv2%2Fproduct_brand&post=6168"},{"taxonomy":"product_cat","embeddable":true,"href":"https:\/\/tanphulinhphukien.vn\/index.php?rest_route=%2Fwp%2Fv2%2Fproduct_cat&post=6168"},{"taxonomy":"product_tag","embeddable":true,"href":"https:\/\/tanphulinhphukien.vn\/index.php?rest_route=%2Fwp%2Fv2%2Fproduct_tag&post=6168"}],"curies":[{"name":"wp","href":"https:\/\/api.w.org\/{rel}","templated":true}]}}