{"id":6144,"date":"2023-06-23T18:57:37","date_gmt":"2023-06-23T11:57:37","guid":{"rendered":"https:\/\/tanphulinhphukien.vn\/?post_type=product&#038;p=6144"},"modified":"2023-06-23T19:01:50","modified_gmt":"2023-06-23T12:01:50","slug":"sac-du-phong-momax-q-mag-power9-5-000mah","status":"publish","type":"product","link":"https:\/\/tanphulinhphukien.vn\/?product=sac-du-phong-momax-q-mag-power9-5-000mah","title":{"rendered":"S\u1ea1c D\u1ef1 Ph\u00f2ng Momax Q.Mag Power9 5.000mAh"},"content":{"rendered":"<p><img loading=\"lazy\" decoding=\"async\" class=\"alignnone size-medium wp-image-6152\" src=\"https:\/\/tanphulinhphukien.vn\/wp-content\/uploads\/2023\/06\/IMG_0018-300x214.jpeg\" alt=\"\" width=\"300\" height=\"214\" srcset=\"https:\/\/tanphulinhphukien.vn\/wp-content\/uploads\/2023\/06\/IMG_0018-300x214.jpeg 300w, https:\/\/tanphulinhphukien.vn\/wp-content\/uploads\/2023\/06\/IMG_0018-1024x731.jpeg 1024w, https:\/\/tanphulinhphukien.vn\/wp-content\/uploads\/2023\/06\/IMG_0018-768x548.jpeg 768w, https:\/\/tanphulinhphukien.vn\/wp-content\/uploads\/2023\/06\/IMG_0018-24x17.jpeg 24w, https:\/\/tanphulinhphukien.vn\/wp-content\/uploads\/2023\/06\/IMG_0018-36x26.jpeg 36w, https:\/\/tanphulinhphukien.vn\/wp-content\/uploads\/2023\/06\/IMG_0018-48x34.jpeg 48w, https:\/\/tanphulinhphukien.vn\/wp-content\/uploads\/2023\/06\/IMG_0018-600x428.jpeg 600w, https:\/\/tanphulinhphukien.vn\/wp-content\/uploads\/2023\/06\/IMG_0018.jpeg 1280w\" sizes=\"auto, (max-width: 300px) 100vw, 300px\" \/><img loading=\"lazy\" decoding=\"async\" class=\"alignnone size-medium wp-image-6153\" src=\"https:\/\/tanphulinhphukien.vn\/wp-content\/uploads\/2023\/06\/IMG_0019-300x300.jpeg\" alt=\"\" width=\"300\" height=\"300\" srcset=\"https:\/\/tanphulinhphukien.vn\/wp-content\/uploads\/2023\/06\/IMG_0019-300x300.jpeg 300w, https:\/\/tanphulinhphukien.vn\/wp-content\/uploads\/2023\/06\/IMG_0019-1024x1024.jpeg 1024w, https:\/\/tanphulinhphukien.vn\/wp-content\/uploads\/2023\/06\/IMG_0019-150x150.jpeg 150w, https:\/\/tanphulinhphukien.vn\/wp-content\/uploads\/2023\/06\/IMG_0019-768x768.jpeg 768w, https:\/\/tanphulinhphukien.vn\/wp-content\/uploads\/2023\/06\/IMG_0019-24x24.jpeg 24w, https:\/\/tanphulinhphukien.vn\/wp-content\/uploads\/2023\/06\/IMG_0019-36x36.jpeg 36w, https:\/\/tanphulinhphukien.vn\/wp-content\/uploads\/2023\/06\/IMG_0019-48x48.jpeg 48w, https:\/\/tanphulinhphukien.vn\/wp-content\/uploads\/2023\/06\/IMG_0019-600x600.jpeg 600w, https:\/\/tanphulinhphukien.vn\/wp-content\/uploads\/2023\/06\/IMG_0019.jpeg 1280w\" sizes=\"auto, (max-width: 300px) 100vw, 300px\" \/>S\u1ea1c d\u1ef1 ph\u00f2ng kh\u00f4ng d\u00e2y h\u1ed7 tr\u1ee3 h\u00edt nam ch\u00e2m Magsafe<br \/>\n#\ud835\udc74\ud835\udc76\ud835\udc74\ud835\udc68\ud835\udc7f \ud835\udde4.\ud835\udde0\ud835\uddd4\ud835\uddda \ud835\udde3\ud835\udde2\ud835\uddea\ud835\uddd8\ud835\udde5 \ud835\udff5 &#8211; \ud835\udff1.\ud835\udfec\ud835\udfec\ud835\udfec\ud835\uddfa\ud835\uddd4\ud835\uddf5<\/p>\n<p>\ud83d\udc49\ud83c\udffb Thi\u1ebft k\u1ebf nh\u1ecf g\u1ecdn , th\u00f4ng minh v\u1edbi #Smart_Stand l\u00e0m gi\u00e1 \u0111\u1ee1 ti\u1ec7n l\u1ee3i<br \/>\n\ud83d\udc49\ud83c\udffb T\u00edch h\u1ee3p c\u00f4ng ngh\u1ec7 s\u1ea1c nhanh kh\u00f4ng d\u00e2y #15W chu\u1ea9n Qi . H\u1ed7 tr\u1ee3 h\u00edt nam ch\u00e2m #Magsafe v\u00e0o l\u01b0ng m\u00e1y c\u00e1c d\u00f2ng #iPhone 12,13 Series<\/p>\n<p>\u2795 C\u1ed5ng s\u1ea1c USB-C PD s\u1ea1c nhanh 2 chi\u1ec1u (out\/in) #20W m\u1ea1nh m\u1ebd<br \/>\n\u2795 T\u1eb7ng k\u00e8m 1 c\u00e1p s\u1ea1c C to C<\/p>\n<p>\u2796 3 m\u00e0u : X\u00e1m \/ Xanh Serria Blue \/ T\u00edm<\/p>\n","protected":false},"excerpt":{"rendered":"<p>S\u1ea1c d\u1ef1 ph\u00f2ng kh\u00f4ng d\u00e2y h\u1ed7 tr\u1ee3 h\u00edt nam ch\u00e2m Magsafe #\ud835\udc74\ud835\udc76\ud835\udc74\ud835\udc68\ud835\udc7f \ud835\udde4.\ud835\udde0\ud835\uddd4\ud835\uddda \ud835\udde3\ud835\udde2\ud835\uddea\ud835\uddd8\ud835\udde5 \ud835\udff5 &#8211; \ud835\udff1.\ud835\udfec\ud835\udfec\ud835\udfec\ud835\uddfa\ud835\uddd4\ud835\uddf5 \ud83d\udc49\ud83c\udffb Thi\u1ebft k\u1ebf nh\u1ecf g\u1ecdn , th\u00f4ng minh v\u1edbi #Smart_Stand l\u00e0m gi\u00e1 \u0111\u1ee1 ti\u1ec7n l\u1ee3i \ud83d\udc49\ud83c\udffb T\u00edch h\u1ee3p c\u00f4ng ngh\u1ec7 s\u1ea1c nhanh kh\u00f4ng d\u00e2y #15W chu\u1ea9n Qi . H\u1ed7 tr\u1ee3 h\u00edt nam ch\u00e2m #Magsafe v\u00e0o l\u01b0ng m\u00e1y c\u00e1c &#8230; <a title=\"S\u1ea1c D\u1ef1 Ph\u00f2ng Momax Q.Mag Power9 5.000mAh\" class=\"read-more\" href=\"https:\/\/tanphulinhphukien.vn\/?product=sac-du-phong-momax-q-mag-power9-5-000mah\" aria-label=\"More on S\u1ea1c D\u1ef1 Ph\u00f2ng Momax Q.Mag Power9 5.000mAh\">\u0110\u1ecdc ti\u1ebfp<\/a><\/p>\n","protected":false},"featured_media":6151,"comment_status":"closed","ping_status":"closed","template":"","meta":[],"product_brand":[],"product_cat":[19,526],"product_tag":[],"class_list":{"0":"post-6144","1":"product","2":"type-product","3":"status-publish","4":"has-post-thumbnail","6":"product_cat-phu-kien","7":"product_cat-sac-du-phong-phu-kien","9":"first","10":"instock","11":"shipping-taxable","12":"purchasable","13":"product-type-simple"},"_links":{"self":[{"href":"https:\/\/tanphulinhphukien.vn\/index.php?rest_route=\/wp\/v2\/product\/6144","targetHints":{"allow":["GET"]}}],"collection":[{"href":"https:\/\/tanphulinhphukien.vn\/index.php?rest_route=\/wp\/v2\/product"}],"about":[{"href":"https:\/\/tanphulinhphukien.vn\/index.php?rest_route=\/wp\/v2\/types\/product"}],"replies":[{"embeddable":true,"href":"https:\/\/tanphulinhphukien.vn\/index.php?rest_route=%2Fwp%2Fv2%2Fcomments&post=6144"}],"wp:featuredmedia":[{"embeddable":true,"href":"https:\/\/tanphulinhphukien.vn\/index.php?rest_route=\/wp\/v2\/media\/6151"}],"wp:attachment":[{"href":"https:\/\/tanphulinhphukien.vn\/index.php?rest_route=%2Fwp%2Fv2%2Fmedia&parent=6144"}],"wp:term":[{"taxonomy":"product_brand","embeddable":true,"href":"https:\/\/tanphulinhphukien.vn\/index.php?rest_route=%2Fwp%2Fv2%2Fproduct_brand&post=6144"},{"taxonomy":"product_cat","embeddable":true,"href":"https:\/\/tanphulinhphukien.vn\/index.php?rest_route=%2Fwp%2Fv2%2Fproduct_cat&post=6144"},{"taxonomy":"product_tag","embeddable":true,"href":"https:\/\/tanphulinhphukien.vn\/index.php?rest_route=%2Fwp%2Fv2%2Fproduct_tag&post=6144"}],"curies":[{"name":"wp","href":"https:\/\/api.w.org\/{rel}","templated":true}]}}