{"id":6115,"date":"2023-06-23T18:37:11","date_gmt":"2023-06-23T11:37:11","guid":{"rendered":"https:\/\/tanphulinhphukien.vn\/?post_type=product&#038;p=6115"},"modified":"2023-06-23T18:48:16","modified_gmt":"2023-06-23T11:48:16","slug":"cay-day-keo-mo-han-p08-mechanic","status":"publish","type":"product","link":"https:\/\/tanphulinhphukien.vn\/?product=cay-day-keo-mo-han-p08-mechanic","title":{"rendered":"C\u00e2y \u0111\u1ea9y keo, m\u1ee1 h\u00e0n P08  Mechanic"},"content":{"rendered":"<div dir=\"auto\">C\u00e2y \u0111\u1ea9y keo, m\u1ee1 h\u00e0n P08 | Mechanic<\/div>\n<div dir=\"auto\">&#8211; C\u00e2y \u0111\u1ea9y keo h\u1ed7 tr\u1ee3 \u0111\u1ea9y keo, m\u1ee1 h\u00e0n d\u1ea1ng \u1ed1ng ti\u00eam 10cc<\/div>\n","protected":false},"excerpt":{"rendered":"<p>C\u00e2y \u0111\u1ea9y keo, m\u1ee1 h\u00e0n P08 | Mechanic &#8211; C\u00e2y \u0111\u1ea9y keo h\u1ed7 tr\u1ee3 \u0111\u1ea9y keo, m\u1ee1 h\u00e0n d\u1ea1ng \u1ed1ng ti\u00eam 10cc<\/p>\n","protected":false},"featured_media":6116,"comment_status":"closed","ping_status":"closed","template":"","meta":[],"product_brand":[],"product_cat":[15,517],"product_tag":[],"class_list":{"0":"post-6115","1":"product","2":"type-product","3":"status-publish","4":"has-post-thumbnail","6":"product_cat-linh-kien-dien-thoai","7":"product_cat-dung-cu-sua-chua","9":"first","10":"instock","11":"shipping-taxable","12":"purchasable","13":"product-type-simple"},"_links":{"self":[{"href":"https:\/\/tanphulinhphukien.vn\/index.php?rest_route=\/wp\/v2\/product\/6115","targetHints":{"allow":["GET"]}}],"collection":[{"href":"https:\/\/tanphulinhphukien.vn\/index.php?rest_route=\/wp\/v2\/product"}],"about":[{"href":"https:\/\/tanphulinhphukien.vn\/index.php?rest_route=\/wp\/v2\/types\/product"}],"replies":[{"embeddable":true,"href":"https:\/\/tanphulinhphukien.vn\/index.php?rest_route=%2Fwp%2Fv2%2Fcomments&post=6115"}],"wp:featuredmedia":[{"embeddable":true,"href":"https:\/\/tanphulinhphukien.vn\/index.php?rest_route=\/wp\/v2\/media\/6116"}],"wp:attachment":[{"href":"https:\/\/tanphulinhphukien.vn\/index.php?rest_route=%2Fwp%2Fv2%2Fmedia&parent=6115"}],"wp:term":[{"taxonomy":"product_brand","embeddable":true,"href":"https:\/\/tanphulinhphukien.vn\/index.php?rest_route=%2Fwp%2Fv2%2Fproduct_brand&post=6115"},{"taxonomy":"product_cat","embeddable":true,"href":"https:\/\/tanphulinhphukien.vn\/index.php?rest_route=%2Fwp%2Fv2%2Fproduct_cat&post=6115"},{"taxonomy":"product_tag","embeddable":true,"href":"https:\/\/tanphulinhphukien.vn\/index.php?rest_route=%2Fwp%2Fv2%2Fproduct_tag&post=6115"}],"curies":[{"name":"wp","href":"https:\/\/api.w.org\/{rel}","templated":true}]}}